{"id":70384,"date":"2026-04-02T15:33:16","date_gmt":"2026-04-02T12:33:16","guid":{"rendered":"https:\/\/www.solino.gr\/?post_type=product&#038;p=70384"},"modified":"2026-04-02T15:40:16","modified_gmt":"2026-04-02T12:40:16","slug":"wmf-tassenschrank-breit","status":"publish","type":"product","link":"https:\/\/www.solino.gr\/de\/shop\/wmf-tassenschrank-breit\/","title":{"rendered":"WMF Tassenschrank (breit)"},"content":{"rendered":"<div class=\"wmf-product-description\">\n<h3>Perfekt vorgew\u00e4rmte Tassen f\u00fcr vollendeten Kaffeegenuss<\/h3>\n<p>Greifen Sie f\u00fcr eine perfekt vorgew\u00e4rmte Tasse oder ein Glas einfach in den Tassenschrank direkt neben der Kaffeemaschine. Die breite Ausf\u00fchrung des WMF Tassenschranks bietet maximale Kapazit\u00e4t bei gleichzeitig elegantem Design und sorgt daf\u00fcr, dass Ihre Tassen immer die ideale Temperatur haben, um das volle Aroma Ihres Kaffees zu bewahren.<\/p>\n<h4>Ihre Vorteile auf einen Blick:<\/h4>\n<ul>\n<li><strong>Hohe Kapazit\u00e4t:<\/strong> Platz f\u00fcr ca. 88 bis 320 Tassen, Becher oder Gl\u00e4ser (je nach Gr\u00f6\u00dfe und Stapelung).<\/li>\n<li><strong>Beheizbare Regalb\u00f6den:<\/strong> 4 beheizbare Etagen aus hochwertigem Edelstahl f\u00fcr eine konstante W\u00e4rme.<\/li>\n<li><strong>Premium-Design:<\/strong> Edle Optik mit schwarzer R\u00fcckseite, perfekt passend zu den WMF &#8220;New Generation&#8221; Kaffeemaschinen.<\/li>\n<li><strong>Ambiente-Beleuchtung:<\/strong> Integrierte LED-Beleuchtung mit individuell einstellbaren Farben f\u00fcr die passende Atmosph\u00e4re.<\/li>\n<li><strong>SB-Optimiert:<\/strong> Einfacher Zugriff, ideal geeignet f\u00fcr den Einsatz in Selbstbedienungsbereichen.<\/li>\n<\/ul>\n<hr \/>\n<h4>Technische Daten:<\/h4>\n<table style=\"width: 100%; border-collapse: collapse;\">\n<tbody>\n<tr>\n<td style=\"padding: 8px; border-bottom: 1px solid #eee;\"><strong>Nennleistung:<\/strong><\/td>\n<td style=\"padding: 8px; border-bottom: 1px solid #eee;\">0,2 kW<\/td>\n<\/tr>\n<tr>\n<td style=\"padding: 8px; border-bottom: 1px solid #eee;\"><strong>Netzanschluss:<\/strong><\/td>\n<td style=\"padding: 8px; border-bottom: 1px solid #eee;\">220 \u2013 240 V<\/td>\n<\/tr>\n<tr>\n<td style=\"padding: 8px; border-bottom: 1px solid #eee;\"><strong>Au\u00dfenma\u00dfe (B\/H\/T):<\/strong><\/td>\n<td style=\"padding: 8px; border-bottom: 1px solid #eee;\">368 \/ 530 \/ 539 mm<\/td>\n<\/tr>\n<tr>\n<td style=\"padding: 8px; border-bottom: 1px solid #eee;\"><strong>Leergewicht:<\/strong><\/td>\n<td style=\"padding: 8px; border-bottom: 1px solid #eee;\">ca. 28 kg<\/td>\n<\/tr>\n<\/tbody>\n<\/table>\n<\/div>\n<p>&nbsp;<\/p>\n","protected":false},"excerpt":{"rendered":"<p>Greifen Sie einfach nach dem Tassenschrank direkt neben der Kaffeemaschine, um eine perfekt vorgew\u00e4rmte Tasse oder ein Glas zu erhalten. Die breite Version des Tassenschranks spart Platz und bietet dennoch Platz f\u00fcr 320 Tassen.<\/p>\n","protected":false},"featured_media":70380,"comment_status":"closed","ping_status":"closed","template":"","meta":{"inline_featured_image":false},"pwb-brand":[],"product_brand":[],"product_cat":[16961],"product_tag":[],"class_list":{"0":"post-70384","1":"product","2":"type-product","3":"status-publish","4":"has-post-thumbnail","6":"product_cat-beistellgeraete-und-zubehoer","8":"first","9":"instock","10":"taxable","11":"shipping-taxable","12":"purchasable","13":"product-type-simple"},"group_of_quantity":0,"min_quantity":0,"max_quantity":"","exclude_order_quantity_value_rules":"no","exclude_category_quantity_rules":"no","combine_variations":"no","yoast_head":"<!-- This site is optimized with the Yoast SEO Premium plugin v27.3 (Yoast SEO v27.3) - https:\/\/yoast.com\/product\/yoast-seo-premium-wordpress\/ -->\n<title>WMF Tassenschrank (breit) - Solino<\/title>\n<meta name=\"robots\" content=\"index, follow, max-snippet:-1, max-image-preview:large, max-video-preview:-1\" \/>\n<link rel=\"canonical\" href=\"https:\/\/www.solino.gr\/de\/shop\/wmf-tassenschrank-breit\/\" \/>\n<meta property=\"og:locale\" content=\"de_DE\" \/>\n<meta property=\"og:type\" content=\"article\" \/>\n<meta property=\"og:title\" content=\"WMF Tassenschrank (breit)\" \/>\n<meta property=\"og:description\" content=\"Greifen Sie einfach nach dem Tassenschrank direkt neben der Kaffeemaschine, um eine perfekt vorgew\u00e4rmte Tasse oder ein Glas zu erhalten. Die breite Version des Tassenschranks spart Platz und bietet dennoch Platz f\u00fcr 320 Tassen.\" \/>\n<meta property=\"og:url\" content=\"https:\/\/www.solino.gr\/de\/shop\/wmf-tassenschrank-breit\/\" \/>\n<meta property=\"og:site_name\" content=\"Solino\" \/>\n<meta property=\"article:publisher\" content=\"https:\/\/www.facebook.com\/coffeepartnerforyourbusiness\" \/>\n<meta property=\"article:modified_time\" content=\"2026-04-02T12:40:16+00:00\" \/>\n<meta property=\"og:image\" content=\"https:\/\/www.solino.gr\/wp-content\/uploads\/2026\/04\/948x0-2.webp\" \/>\n\t<meta property=\"og:image:width\" content=\"948\" \/>\n\t<meta property=\"og:image:height\" content=\"948\" \/>\n\t<meta property=\"og:image:type\" content=\"image\/webp\" \/>\n<meta name=\"twitter:card\" content=\"summary_large_image\" \/>\n<meta name=\"twitter:label1\" content=\"Preis\" \/>\n\t<meta name=\"twitter:data1\" content=\"2.399,00&euro;\" \/>\n\t<meta name=\"twitter:label2\" content=\"Verf\u00fcgbarkeit\" \/>\n\t<meta name=\"twitter:data2\" content=\"Auf Lager\" \/>\n<script type=\"application\/ld+json\" class=\"yoast-schema-graph\">{\"@context\":\"https:\\\/\\\/schema.org\",\"@graph\":[{\"@type\":\"WebPage\",\"@id\":\"https:\\\/\\\/www.solino.gr\\\/de\\\/shop\\\/wmf-tassenschrank-breit\\\/\",\"url\":\"https:\\\/\\\/www.solino.gr\\\/de\\\/shop\\\/wmf-tassenschrank-breit\\\/\",\"name\":\"WMF Tassenschrank (breit) - Solino\",\"isPartOf\":{\"@id\":\"https:\\\/\\\/www.solino.gr\\\/de\\\/#website\"},\"primaryImageOfPage\":{\"@id\":\"https:\\\/\\\/www.solino.gr\\\/de\\\/shop\\\/wmf-tassenschrank-breit\\\/#primaryimage\"},\"image\":{\"@id\":\"https:\\\/\\\/www.solino.gr\\\/de\\\/shop\\\/wmf-tassenschrank-breit\\\/#primaryimage\"},\"thumbnailUrl\":\"https:\\\/\\\/www.solino.gr\\\/wp-content\\\/uploads\\\/2026\\\/04\\\/948x0-2.webp\",\"datePublished\":\"2026-04-02T12:33:16+00:00\",\"dateModified\":\"2026-04-02T12:40:16+00:00\",\"breadcrumb\":{\"@id\":\"https:\\\/\\\/www.solino.gr\\\/de\\\/shop\\\/wmf-tassenschrank-breit\\\/#breadcrumb\"},\"inLanguage\":\"de\",\"potentialAction\":[{\"@type\":\"ReadAction\",\"target\":[\"https:\\\/\\\/www.solino.gr\\\/de\\\/shop\\\/wmf-tassenschrank-breit\\\/\"]}]},{\"@type\":\"ImageObject\",\"inLanguage\":\"de\",\"@id\":\"https:\\\/\\\/www.solino.gr\\\/de\\\/shop\\\/wmf-tassenschrank-breit\\\/#primaryimage\",\"url\":\"https:\\\/\\\/www.solino.gr\\\/wp-content\\\/uploads\\\/2026\\\/04\\\/948x0-2.webp\",\"contentUrl\":\"https:\\\/\\\/www.solino.gr\\\/wp-content\\\/uploads\\\/2026\\\/04\\\/948x0-2.webp\",\"width\":948,\"height\":948,\"caption\":\"WMF Cup Rack wide\"},{\"@type\":\"BreadcrumbList\",\"@id\":\"https:\\\/\\\/www.solino.gr\\\/de\\\/shop\\\/wmf-tassenschrank-breit\\\/#breadcrumb\",\"itemListElement\":[{\"@type\":\"ListItem\",\"position\":1,\"name\":\"Home\",\"item\":\"https:\\\/\\\/www.solino.gr\\\/de\\\/\"},{\"@type\":\"ListItem\",\"position\":2,\"name\":\"Unsere Produkte\",\"item\":\"https:\\\/\\\/www.solino.gr\\\/de\\\/shop\\\/\"},{\"@type\":\"ListItem\",\"position\":3,\"name\":\"WMF Tassenschrank (breit)\"}]},{\"@type\":\"WebSite\",\"@id\":\"https:\\\/\\\/www.solino.gr\\\/de\\\/#website\",\"url\":\"https:\\\/\\\/www.solino.gr\\\/de\\\/\",\"name\":\"Solino\",\"description\":\"\u039f\u03b9 \u0395\u03c0\u03b1\u03b3\u03b3\u03b5\u03bb\u03bc\u03b1\u03c4\u03b9\u03ba\u03ad\u03c2 \u039b\u03cd\u03c3\u03b5\u03b9\u03c2 \u03c3\u03c4\u03b9\u03c2 \u039c\u03b7\u03c7\u03b1\u03bd\u03ad\u03c2 \u039a\u03b1\u03c6\u03ad &amp; \u0395\u03c3\u03c0\u03c1\u03ad\u03c3\u03bf\",\"publisher\":{\"@id\":\"https:\\\/\\\/www.solino.gr\\\/de\\\/#organization\"},\"potentialAction\":[{\"@type\":\"SearchAction\",\"target\":{\"@type\":\"EntryPoint\",\"urlTemplate\":\"https:\\\/\\\/www.solino.gr\\\/de\\\/?s={search_term_string}\"},\"query-input\":{\"@type\":\"PropertyValueSpecification\",\"valueRequired\":true,\"valueName\":\"search_term_string\"}}],\"inLanguage\":\"de\"},{\"@type\":\"Organization\",\"@id\":\"https:\\\/\\\/www.solino.gr\\\/de\\\/#organization\",\"name\":\"Solino\",\"url\":\"https:\\\/\\\/www.solino.gr\\\/de\\\/\",\"logo\":{\"@type\":\"ImageObject\",\"inLanguage\":\"de\",\"@id\":\"https:\\\/\\\/www.solino.gr\\\/de\\\/#\\\/schema\\\/logo\\\/image\\\/\",\"url\":\"https:\\\/\\\/www.solino.gr\\\/wp-content\\\/uploads\\\/2021\\\/04\\\/Solino-Weis-.jpg\",\"contentUrl\":\"https:\\\/\\\/www.solino.gr\\\/wp-content\\\/uploads\\\/2021\\\/04\\\/Solino-Weis-.jpg\",\"width\":1156,\"height\":429,\"caption\":\"Solino\"},\"image\":{\"@id\":\"https:\\\/\\\/www.solino.gr\\\/de\\\/#\\\/schema\\\/logo\\\/image\\\/\"},\"sameAs\":[\"https:\\\/\\\/www.facebook.com\\\/coffeepartnerforyourbusiness\",\"https:\\\/\\\/www.instagram.com\\\/the_complete_coffeepartner\\\/\",\"https:\\\/\\\/www.linkedin.com\\\/company\\\/5267982\\\/admin\\\/\",\"https:\\\/\\\/www.pinterest.de\\\/tcharpantidis\\\/\",\"https:\\\/\\\/www.youtube.com\\\/channel\\\/UCQxbxyAKpQX142Zlz0VBNww\"],\"email\":\"info@solino.gr\",\"telephone\":\"+30 210 4173201\",\"legalName\":\"SOLINO IKE\",\"vatID\":\"EL802133107\",\"taxID\":\"EL802133107\",\"numberOfEmployees\":{\"@type\":\"QuantitativeValue\",\"minValue\":\"1\",\"maxValue\":\"10\"}}]}<\/script>\n<meta property=\"product:price:amount\" content=\"2399.00\" \/>\n<meta property=\"product:price:currency\" content=\"EUR\" \/>\n<meta property=\"og:availability\" content=\"instock\" \/>\n<meta property=\"product:availability\" content=\"instock\" \/>\n<meta property=\"product:retailer_item_id\" content=\"WMFZ03.9020.0002\" \/>\n<meta property=\"product:condition\" content=\"new\" \/>\n<!-- \/ Yoast SEO Premium plugin. -->","yoast_head_json":{"title":"WMF Tassenschrank (breit) - Solino","robots":{"index":"index","follow":"follow","max-snippet":"max-snippet:-1","max-image-preview":"max-image-preview:large","max-video-preview":"max-video-preview:-1"},"canonical":"https:\/\/www.solino.gr\/de\/shop\/wmf-tassenschrank-breit\/","og_locale":"de_DE","og_type":"article","og_title":"WMF Tassenschrank (breit)","og_description":"Greifen Sie einfach nach dem Tassenschrank direkt neben der Kaffeemaschine, um eine perfekt vorgew\u00e4rmte Tasse oder ein Glas zu erhalten. Die breite Version des Tassenschranks spart Platz und bietet dennoch Platz f\u00fcr 320 Tassen.","og_url":"https:\/\/www.solino.gr\/de\/shop\/wmf-tassenschrank-breit\/","og_site_name":"Solino","article_publisher":"https:\/\/www.facebook.com\/coffeepartnerforyourbusiness","article_modified_time":"2026-04-02T12:40:16+00:00","og_image":[{"width":948,"height":948,"url":"https:\/\/www.solino.gr\/wp-content\/uploads\/2026\/04\/948x0-2.webp","type":"image\/webp"}],"twitter_card":"summary_large_image","twitter_misc":{"Preis":"2.399,00&euro;","Verf\u00fcgbarkeit":"Auf Lager"},"schema":{"@context":"https:\/\/schema.org","@graph":[{"@type":"WebPage","@id":"https:\/\/www.solino.gr\/de\/shop\/wmf-tassenschrank-breit\/","url":"https:\/\/www.solino.gr\/de\/shop\/wmf-tassenschrank-breit\/","name":"WMF Tassenschrank (breit) - Solino","isPartOf":{"@id":"https:\/\/www.solino.gr\/de\/#website"},"primaryImageOfPage":{"@id":"https:\/\/www.solino.gr\/de\/shop\/wmf-tassenschrank-breit\/#primaryimage"},"image":{"@id":"https:\/\/www.solino.gr\/de\/shop\/wmf-tassenschrank-breit\/#primaryimage"},"thumbnailUrl":"https:\/\/www.solino.gr\/wp-content\/uploads\/2026\/04\/948x0-2.webp","datePublished":"2026-04-02T12:33:16+00:00","dateModified":"2026-04-02T12:40:16+00:00","breadcrumb":{"@id":"https:\/\/www.solino.gr\/de\/shop\/wmf-tassenschrank-breit\/#breadcrumb"},"inLanguage":"de","potentialAction":[{"@type":"ReadAction","target":["https:\/\/www.solino.gr\/de\/shop\/wmf-tassenschrank-breit\/"]}]},{"@type":"ImageObject","inLanguage":"de","@id":"https:\/\/www.solino.gr\/de\/shop\/wmf-tassenschrank-breit\/#primaryimage","url":"https:\/\/www.solino.gr\/wp-content\/uploads\/2026\/04\/948x0-2.webp","contentUrl":"https:\/\/www.solino.gr\/wp-content\/uploads\/2026\/04\/948x0-2.webp","width":948,"height":948,"caption":"WMF Cup Rack wide"},{"@type":"BreadcrumbList","@id":"https:\/\/www.solino.gr\/de\/shop\/wmf-tassenschrank-breit\/#breadcrumb","itemListElement":[{"@type":"ListItem","position":1,"name":"Home","item":"https:\/\/www.solino.gr\/de\/"},{"@type":"ListItem","position":2,"name":"Unsere Produkte","item":"https:\/\/www.solino.gr\/de\/shop\/"},{"@type":"ListItem","position":3,"name":"WMF Tassenschrank (breit)"}]},{"@type":"WebSite","@id":"https:\/\/www.solino.gr\/de\/#website","url":"https:\/\/www.solino.gr\/de\/","name":"Solino","description":"\u039f\u03b9 \u0395\u03c0\u03b1\u03b3\u03b3\u03b5\u03bb\u03bc\u03b1\u03c4\u03b9\u03ba\u03ad\u03c2 \u039b\u03cd\u03c3\u03b5\u03b9\u03c2 \u03c3\u03c4\u03b9\u03c2 \u039c\u03b7\u03c7\u03b1\u03bd\u03ad\u03c2 \u039a\u03b1\u03c6\u03ad &amp; \u0395\u03c3\u03c0\u03c1\u03ad\u03c3\u03bf","publisher":{"@id":"https:\/\/www.solino.gr\/de\/#organization"},"potentialAction":[{"@type":"SearchAction","target":{"@type":"EntryPoint","urlTemplate":"https:\/\/www.solino.gr\/de\/?s={search_term_string}"},"query-input":{"@type":"PropertyValueSpecification","valueRequired":true,"valueName":"search_term_string"}}],"inLanguage":"de"},{"@type":"Organization","@id":"https:\/\/www.solino.gr\/de\/#organization","name":"Solino","url":"https:\/\/www.solino.gr\/de\/","logo":{"@type":"ImageObject","inLanguage":"de","@id":"https:\/\/www.solino.gr\/de\/#\/schema\/logo\/image\/","url":"https:\/\/www.solino.gr\/wp-content\/uploads\/2021\/04\/Solino-Weis-.jpg","contentUrl":"https:\/\/www.solino.gr\/wp-content\/uploads\/2021\/04\/Solino-Weis-.jpg","width":1156,"height":429,"caption":"Solino"},"image":{"@id":"https:\/\/www.solino.gr\/de\/#\/schema\/logo\/image\/"},"sameAs":["https:\/\/www.facebook.com\/coffeepartnerforyourbusiness","https:\/\/www.instagram.com\/the_complete_coffeepartner\/","https:\/\/www.linkedin.com\/company\/5267982\/admin\/","https:\/\/www.pinterest.de\/tcharpantidis\/","https:\/\/www.youtube.com\/channel\/UCQxbxyAKpQX142Zlz0VBNww"],"email":"info@solino.gr","telephone":"+30 210 4173201","legalName":"SOLINO IKE","vatID":"EL802133107","taxID":"EL802133107","numberOfEmployees":{"@type":"QuantitativeValue","minValue":"1","maxValue":"10"}}]},"product_price_amount":"2399.00","product_price_currency":"EUR","og_availability":"instock","product_availability":"instock","product_retailer_item_id":"WMFZ03.9020.0002","product_condition":"new"},"brands":[],"_links":{"self":[{"href":"https:\/\/www.solino.gr\/de\/wp-json\/wp\/v2\/product\/70384","targetHints":{"allow":["GET"]}}],"collection":[{"href":"https:\/\/www.solino.gr\/de\/wp-json\/wp\/v2\/product"}],"about":[{"href":"https:\/\/www.solino.gr\/de\/wp-json\/wp\/v2\/types\/product"}],"replies":[{"embeddable":true,"href":"https:\/\/www.solino.gr\/de\/wp-json\/wp\/v2\/comments?post=70384"}],"version-history":[{"count":1,"href":"https:\/\/www.solino.gr\/de\/wp-json\/wp\/v2\/product\/70384\/revisions"}],"predecessor-version":[{"id":70385,"href":"https:\/\/www.solino.gr\/de\/wp-json\/wp\/v2\/product\/70384\/revisions\/70385"}],"wp:featuredmedia":[{"embeddable":true,"href":"https:\/\/www.solino.gr\/de\/wp-json\/wp\/v2\/media\/70380"}],"wp:attachment":[{"href":"https:\/\/www.solino.gr\/de\/wp-json\/wp\/v2\/media?parent=70384"}],"wp:term":[{"taxonomy":"pwb-brand","embeddable":true,"href":"https:\/\/www.solino.gr\/de\/wp-json\/wp\/v2\/pwb-brand?post=70384"},{"taxonomy":"product_brand","embeddable":true,"href":"https:\/\/www.solino.gr\/de\/wp-json\/wp\/v2\/product_brand?post=70384"},{"taxonomy":"product_cat","embeddable":true,"href":"https:\/\/www.solino.gr\/de\/wp-json\/wp\/v2\/product_cat?post=70384"},{"taxonomy":"product_tag","embeddable":true,"href":"https:\/\/www.solino.gr\/de\/wp-json\/wp\/v2\/product_tag?post=70384"}],"curies":[{"name":"wp","href":"https:\/\/api.w.org\/{rel}","templated":true}]}}