{"id":70354,"date":"2026-04-02T15:01:17","date_gmt":"2026-04-02T12:01:17","guid":{"rendered":"https:\/\/www.solino.gr\/?post_type=product&#038;p=70354"},"modified":"2026-04-02T18:04:48","modified_gmt":"2026-04-02T15:04:48","slug":"tassenschrank-schmal","status":"publish","type":"product","link":"https:\/\/www.solino.gr\/de\/shop\/tassenschrank-schmal\/","title":{"rendered":"WMF Tassenschrank (schmal)"},"content":{"rendered":"<div class=\"wmf-product-description\">\n<h3>Perfekt vorgew\u00e4rmte Tassen f\u00fcr vollendeten Kaffeegenuss<\/h3>\n<p>Der schmale WMF Tassenschrank ist die ideale Erg\u00e4nzung f\u00fcr jede professionelle Kaffeemaschine. Wohl temperierte Tassen sind ein absolutes Must-have, um die Temperatur und das Aroma Ihrer Kaffeespezialit\u00e4ten vom ersten Schluck an zu bewahren.<\/p>\n<h4>Ihre Vorteile auf einen Blick:<\/h4>\n<ul>\n<li><strong>Optimale Kapazit\u00e4t:<\/strong> Platz f\u00fcr ca. 60 bis 260 Tassen, Becher oder Gl\u00e4ser (je nach Gr\u00f6\u00dfe und Stapelung).<\/li>\n<li><strong>Beheizbare Regalb\u00f6den:<\/strong> 4 Etagen aus geb\u00fcrstetem Edelstahl sorgen f\u00fcr eine gleichm\u00e4\u00dfige W\u00e4rmeverteilung.<\/li>\n<li><strong>Elegantes Design:<\/strong> Hochwertige Glasoptik mit schwarzer R\u00fcckseite, passend zur WMF &#8220;New Generation&#8221;.<\/li>\n<li><strong>Ambiente-Beleuchtung:<\/strong> Integrierte LED-Beleuchtung mit verschiedenen, individuell einstellbaren Farben.<\/li>\n<li><strong>SB-Geeignet:<\/strong> Durch das intuitive Design ideal f\u00fcr den Selbstbedienungsbereich geeignet.<\/li>\n<\/ul>\n<hr \/>\n<h4>Technische Daten:<\/h4>\n<table style=\"width: 100%; border-collapse: collapse;\">\n<tbody>\n<tr>\n<td style=\"padding: 8px; border-bottom: 1px solid #eee;\"><strong>Nennleistung:<\/strong><\/td>\n<td style=\"padding: 8px; border-bottom: 1px solid #eee;\">0,15 kW<\/td>\n<\/tr>\n<tr>\n<td style=\"padding: 8px; border-bottom: 1px solid #eee;\"><strong>Netzanschluss:<\/strong><\/td>\n<td style=\"padding: 8px; border-bottom: 1px solid #eee;\">220 \u2013 240 V<\/td>\n<\/tr>\n<tr>\n<td style=\"padding: 8px; border-bottom: 1px solid #eee;\"><strong>Au\u00dfenma\u00dfe (B\/H\/T):<\/strong><\/td>\n<td style=\"padding: 8px; border-bottom: 1px solid #eee;\">286 \/ 530 \/ 539 mm<\/td>\n<\/tr>\n<tr>\n<td style=\"padding: 8px; border-bottom: 1px solid #eee;\"><strong>Leergewicht:<\/strong><\/td>\n<td style=\"padding: 8px; border-bottom: 1px solid #eee;\">ca. 27 kg<\/td>\n<\/tr>\n<\/tbody>\n<\/table>\n<\/div>\n<p>&nbsp;<\/p>\n","protected":false},"excerpt":{"rendered":"<p>Greifen Sie einfach nach dem Tassenschrank direkt neben der Kaffeemaschine, um eine perfekt vorgew\u00e4rmte Tasse oder ein Glas zu erhalten. Die schmale Version des Tassenschranks spart Platz und bietet dennoch Platz f\u00fcr 260 Tassen.<\/p>\n","protected":false},"featured_media":70359,"comment_status":"closed","ping_status":"closed","template":"","meta":{"inline_featured_image":false},"pwb-brand":[11836],"product_brand":[],"product_cat":[16961],"product_tag":[],"class_list":{"0":"post-70354","1":"product","2":"type-product","3":"status-publish","4":"has-post-thumbnail","6":"pwb-brand-wmf","7":"product_cat-beistellgeraete-und-zubehoer","9":"first","10":"instock","11":"taxable","12":"shipping-taxable","13":"purchasable","14":"product-type-simple"},"group_of_quantity":0,"min_quantity":0,"max_quantity":"","exclude_order_quantity_value_rules":"no","exclude_category_quantity_rules":"no","combine_variations":"no","yoast_head":"<!-- This site is optimized with the Yoast SEO Premium plugin v27.3 (Yoast SEO v27.3) - https:\/\/yoast.com\/product\/yoast-seo-premium-wordpress\/ -->\n<title>WMF Tassenschrank (schmal) - Solino<\/title>\n<meta name=\"robots\" content=\"index, follow, max-snippet:-1, max-image-preview:large, max-video-preview:-1\" \/>\n<link rel=\"canonical\" href=\"https:\/\/www.solino.gr\/de\/shop\/tassenschrank-schmal\/\" \/>\n<meta property=\"og:locale\" content=\"de_DE\" \/>\n<meta property=\"og:type\" content=\"article\" \/>\n<meta property=\"og:title\" content=\"WMF Tassenschrank (schmal)\" \/>\n<meta property=\"og:description\" content=\"Greifen Sie einfach nach dem Tassenschrank direkt neben der Kaffeemaschine, um eine perfekt vorgew\u00e4rmte Tasse oder ein Glas zu erhalten. Die schmale Version des Tassenschranks spart Platz und bietet dennoch Platz f\u00fcr 260 Tassen.\" \/>\n<meta property=\"og:url\" content=\"https:\/\/www.solino.gr\/de\/shop\/tassenschrank-schmal\/\" \/>\n<meta property=\"og:site_name\" content=\"Solino\" \/>\n<meta property=\"article:publisher\" content=\"https:\/\/www.facebook.com\/coffeepartnerforyourbusiness\" \/>\n<meta property=\"article:modified_time\" content=\"2026-04-02T15:04:48+00:00\" \/>\n<meta property=\"og:image\" content=\"https:\/\/www.solino.gr\/wp-content\/uploads\/2026\/04\/948x0.webp\" \/>\n\t<meta property=\"og:image:width\" content=\"948\" \/>\n\t<meta property=\"og:image:height\" content=\"948\" \/>\n\t<meta property=\"og:image:type\" content=\"image\/webp\" \/>\n<meta name=\"twitter:card\" content=\"summary_large_image\" \/>\n<meta name=\"twitter:label1\" content=\"Preis\" \/>\n\t<meta name=\"twitter:data1\" content=\"1.499,00&euro;\" \/>\n\t<meta name=\"twitter:label2\" content=\"Verf\u00fcgbarkeit\" \/>\n\t<meta name=\"twitter:data2\" content=\"Auf Lager\" \/>\n<script type=\"application\/ld+json\" class=\"yoast-schema-graph\">{\"@context\":\"https:\\\/\\\/schema.org\",\"@graph\":[{\"@type\":\"WebPage\",\"@id\":\"https:\\\/\\\/www.solino.gr\\\/de\\\/shop\\\/tassenschrank-schmal\\\/\",\"url\":\"https:\\\/\\\/www.solino.gr\\\/de\\\/shop\\\/tassenschrank-schmal\\\/\",\"name\":\"WMF Tassenschrank (schmal) - Solino\",\"isPartOf\":{\"@id\":\"https:\\\/\\\/www.solino.gr\\\/de\\\/#website\"},\"primaryImageOfPage\":{\"@id\":\"https:\\\/\\\/www.solino.gr\\\/de\\\/shop\\\/tassenschrank-schmal\\\/#primaryimage\"},\"image\":{\"@id\":\"https:\\\/\\\/www.solino.gr\\\/de\\\/shop\\\/tassenschrank-schmal\\\/#primaryimage\"},\"thumbnailUrl\":\"https:\\\/\\\/www.solino.gr\\\/wp-content\\\/uploads\\\/2026\\\/04\\\/948x0.webp\",\"datePublished\":\"2026-04-02T12:01:17+00:00\",\"dateModified\":\"2026-04-02T15:04:48+00:00\",\"breadcrumb\":{\"@id\":\"https:\\\/\\\/www.solino.gr\\\/de\\\/shop\\\/tassenschrank-schmal\\\/#breadcrumb\"},\"inLanguage\":\"de\",\"potentialAction\":[{\"@type\":\"ReadAction\",\"target\":[\"https:\\\/\\\/www.solino.gr\\\/de\\\/shop\\\/tassenschrank-schmal\\\/\"]}]},{\"@type\":\"ImageObject\",\"inLanguage\":\"de\",\"@id\":\"https:\\\/\\\/www.solino.gr\\\/de\\\/shop\\\/tassenschrank-schmal\\\/#primaryimage\",\"url\":\"https:\\\/\\\/www.solino.gr\\\/wp-content\\\/uploads\\\/2026\\\/04\\\/948x0.webp\",\"contentUrl\":\"https:\\\/\\\/www.solino.gr\\\/wp-content\\\/uploads\\\/2026\\\/04\\\/948x0.webp\",\"width\":948,\"height\":948,\"caption\":\"WMF Tassenschrank (schmal)\"},{\"@type\":\"BreadcrumbList\",\"@id\":\"https:\\\/\\\/www.solino.gr\\\/de\\\/shop\\\/tassenschrank-schmal\\\/#breadcrumb\",\"itemListElement\":[{\"@type\":\"ListItem\",\"position\":1,\"name\":\"Home\",\"item\":\"https:\\\/\\\/www.solino.gr\\\/de\\\/\"},{\"@type\":\"ListItem\",\"position\":2,\"name\":\"Unsere Produkte\",\"item\":\"https:\\\/\\\/www.solino.gr\\\/de\\\/shop\\\/\"},{\"@type\":\"ListItem\",\"position\":3,\"name\":\"WMF Tassenschrank (schmal)\"}]},{\"@type\":\"WebSite\",\"@id\":\"https:\\\/\\\/www.solino.gr\\\/de\\\/#website\",\"url\":\"https:\\\/\\\/www.solino.gr\\\/de\\\/\",\"name\":\"Solino\",\"description\":\"\u039f\u03b9 \u0395\u03c0\u03b1\u03b3\u03b3\u03b5\u03bb\u03bc\u03b1\u03c4\u03b9\u03ba\u03ad\u03c2 \u039b\u03cd\u03c3\u03b5\u03b9\u03c2 \u03c3\u03c4\u03b9\u03c2 \u039c\u03b7\u03c7\u03b1\u03bd\u03ad\u03c2 \u039a\u03b1\u03c6\u03ad &amp; \u0395\u03c3\u03c0\u03c1\u03ad\u03c3\u03bf\",\"publisher\":{\"@id\":\"https:\\\/\\\/www.solino.gr\\\/de\\\/#organization\"},\"potentialAction\":[{\"@type\":\"SearchAction\",\"target\":{\"@type\":\"EntryPoint\",\"urlTemplate\":\"https:\\\/\\\/www.solino.gr\\\/de\\\/?s={search_term_string}\"},\"query-input\":{\"@type\":\"PropertyValueSpecification\",\"valueRequired\":true,\"valueName\":\"search_term_string\"}}],\"inLanguage\":\"de\"},{\"@type\":\"Organization\",\"@id\":\"https:\\\/\\\/www.solino.gr\\\/de\\\/#organization\",\"name\":\"Solino\",\"url\":\"https:\\\/\\\/www.solino.gr\\\/de\\\/\",\"logo\":{\"@type\":\"ImageObject\",\"inLanguage\":\"de\",\"@id\":\"https:\\\/\\\/www.solino.gr\\\/de\\\/#\\\/schema\\\/logo\\\/image\\\/\",\"url\":\"https:\\\/\\\/www.solino.gr\\\/wp-content\\\/uploads\\\/2021\\\/04\\\/Solino-Weis-.jpg\",\"contentUrl\":\"https:\\\/\\\/www.solino.gr\\\/wp-content\\\/uploads\\\/2021\\\/04\\\/Solino-Weis-.jpg\",\"width\":1156,\"height\":429,\"caption\":\"Solino\"},\"image\":{\"@id\":\"https:\\\/\\\/www.solino.gr\\\/de\\\/#\\\/schema\\\/logo\\\/image\\\/\"},\"sameAs\":[\"https:\\\/\\\/www.facebook.com\\\/coffeepartnerforyourbusiness\",\"https:\\\/\\\/www.instagram.com\\\/the_complete_coffeepartner\\\/\",\"https:\\\/\\\/www.linkedin.com\\\/company\\\/5267982\\\/admin\\\/\",\"https:\\\/\\\/www.pinterest.de\\\/tcharpantidis\\\/\",\"https:\\\/\\\/www.youtube.com\\\/channel\\\/UCQxbxyAKpQX142Zlz0VBNww\"],\"email\":\"info@solino.gr\",\"telephone\":\"+30 210 4173201\",\"legalName\":\"SOLINO IKE\",\"vatID\":\"EL802133107\",\"taxID\":\"EL802133107\",\"numberOfEmployees\":{\"@type\":\"QuantitativeValue\",\"minValue\":\"1\",\"maxValue\":\"10\"}}]}<\/script>\n<meta property=\"product:brand\" content=\"WMF\" \/>\n<meta property=\"product:price:amount\" content=\"1499.00\" \/>\n<meta property=\"product:price:currency\" content=\"EUR\" \/>\n<meta property=\"og:availability\" content=\"instock\" \/>\n<meta property=\"product:availability\" content=\"instock\" \/>\n<meta property=\"product:retailer_item_id\" content=\"WMFZ03.9020.0102\" \/>\n<meta property=\"product:condition\" content=\"new\" \/>\n<!-- \/ Yoast SEO Premium plugin. -->","yoast_head_json":{"title":"WMF Tassenschrank (schmal) - Solino","robots":{"index":"index","follow":"follow","max-snippet":"max-snippet:-1","max-image-preview":"max-image-preview:large","max-video-preview":"max-video-preview:-1"},"canonical":"https:\/\/www.solino.gr\/de\/shop\/tassenschrank-schmal\/","og_locale":"de_DE","og_type":"article","og_title":"WMF Tassenschrank (schmal)","og_description":"Greifen Sie einfach nach dem Tassenschrank direkt neben der Kaffeemaschine, um eine perfekt vorgew\u00e4rmte Tasse oder ein Glas zu erhalten. Die schmale Version des Tassenschranks spart Platz und bietet dennoch Platz f\u00fcr 260 Tassen.","og_url":"https:\/\/www.solino.gr\/de\/shop\/tassenschrank-schmal\/","og_site_name":"Solino","article_publisher":"https:\/\/www.facebook.com\/coffeepartnerforyourbusiness","article_modified_time":"2026-04-02T15:04:48+00:00","og_image":[{"width":948,"height":948,"url":"https:\/\/www.solino.gr\/wp-content\/uploads\/2026\/04\/948x0.webp","type":"image\/webp"}],"twitter_card":"summary_large_image","twitter_misc":{"Preis":"1.499,00&euro;","Verf\u00fcgbarkeit":"Auf Lager"},"schema":{"@context":"https:\/\/schema.org","@graph":[{"@type":"WebPage","@id":"https:\/\/www.solino.gr\/de\/shop\/tassenschrank-schmal\/","url":"https:\/\/www.solino.gr\/de\/shop\/tassenschrank-schmal\/","name":"WMF Tassenschrank (schmal) - Solino","isPartOf":{"@id":"https:\/\/www.solino.gr\/de\/#website"},"primaryImageOfPage":{"@id":"https:\/\/www.solino.gr\/de\/shop\/tassenschrank-schmal\/#primaryimage"},"image":{"@id":"https:\/\/www.solino.gr\/de\/shop\/tassenschrank-schmal\/#primaryimage"},"thumbnailUrl":"https:\/\/www.solino.gr\/wp-content\/uploads\/2026\/04\/948x0.webp","datePublished":"2026-04-02T12:01:17+00:00","dateModified":"2026-04-02T15:04:48+00:00","breadcrumb":{"@id":"https:\/\/www.solino.gr\/de\/shop\/tassenschrank-schmal\/#breadcrumb"},"inLanguage":"de","potentialAction":[{"@type":"ReadAction","target":["https:\/\/www.solino.gr\/de\/shop\/tassenschrank-schmal\/"]}]},{"@type":"ImageObject","inLanguage":"de","@id":"https:\/\/www.solino.gr\/de\/shop\/tassenschrank-schmal\/#primaryimage","url":"https:\/\/www.solino.gr\/wp-content\/uploads\/2026\/04\/948x0.webp","contentUrl":"https:\/\/www.solino.gr\/wp-content\/uploads\/2026\/04\/948x0.webp","width":948,"height":948,"caption":"WMF Tassenschrank (schmal)"},{"@type":"BreadcrumbList","@id":"https:\/\/www.solino.gr\/de\/shop\/tassenschrank-schmal\/#breadcrumb","itemListElement":[{"@type":"ListItem","position":1,"name":"Home","item":"https:\/\/www.solino.gr\/de\/"},{"@type":"ListItem","position":2,"name":"Unsere Produkte","item":"https:\/\/www.solino.gr\/de\/shop\/"},{"@type":"ListItem","position":3,"name":"WMF Tassenschrank (schmal)"}]},{"@type":"WebSite","@id":"https:\/\/www.solino.gr\/de\/#website","url":"https:\/\/www.solino.gr\/de\/","name":"Solino","description":"\u039f\u03b9 \u0395\u03c0\u03b1\u03b3\u03b3\u03b5\u03bb\u03bc\u03b1\u03c4\u03b9\u03ba\u03ad\u03c2 \u039b\u03cd\u03c3\u03b5\u03b9\u03c2 \u03c3\u03c4\u03b9\u03c2 \u039c\u03b7\u03c7\u03b1\u03bd\u03ad\u03c2 \u039a\u03b1\u03c6\u03ad &amp; \u0395\u03c3\u03c0\u03c1\u03ad\u03c3\u03bf","publisher":{"@id":"https:\/\/www.solino.gr\/de\/#organization"},"potentialAction":[{"@type":"SearchAction","target":{"@type":"EntryPoint","urlTemplate":"https:\/\/www.solino.gr\/de\/?s={search_term_string}"},"query-input":{"@type":"PropertyValueSpecification","valueRequired":true,"valueName":"search_term_string"}}],"inLanguage":"de"},{"@type":"Organization","@id":"https:\/\/www.solino.gr\/de\/#organization","name":"Solino","url":"https:\/\/www.solino.gr\/de\/","logo":{"@type":"ImageObject","inLanguage":"de","@id":"https:\/\/www.solino.gr\/de\/#\/schema\/logo\/image\/","url":"https:\/\/www.solino.gr\/wp-content\/uploads\/2021\/04\/Solino-Weis-.jpg","contentUrl":"https:\/\/www.solino.gr\/wp-content\/uploads\/2021\/04\/Solino-Weis-.jpg","width":1156,"height":429,"caption":"Solino"},"image":{"@id":"https:\/\/www.solino.gr\/de\/#\/schema\/logo\/image\/"},"sameAs":["https:\/\/www.facebook.com\/coffeepartnerforyourbusiness","https:\/\/www.instagram.com\/the_complete_coffeepartner\/","https:\/\/www.linkedin.com\/company\/5267982\/admin\/","https:\/\/www.pinterest.de\/tcharpantidis\/","https:\/\/www.youtube.com\/channel\/UCQxbxyAKpQX142Zlz0VBNww"],"email":"info@solino.gr","telephone":"+30 210 4173201","legalName":"SOLINO IKE","vatID":"EL802133107","taxID":"EL802133107","numberOfEmployees":{"@type":"QuantitativeValue","minValue":"1","maxValue":"10"}}]},"product_brand":"WMF","product_price_amount":"1499.00","product_price_currency":"EUR","og_availability":"instock","product_availability":"instock","product_retailer_item_id":"WMFZ03.9020.0102","product_condition":"new"},"brands":[{"id":11836,"name":"WMF","slug":"wmf"}],"_links":{"self":[{"href":"https:\/\/www.solino.gr\/de\/wp-json\/wp\/v2\/product\/70354","targetHints":{"allow":["GET"]}}],"collection":[{"href":"https:\/\/www.solino.gr\/de\/wp-json\/wp\/v2\/product"}],"about":[{"href":"https:\/\/www.solino.gr\/de\/wp-json\/wp\/v2\/types\/product"}],"replies":[{"embeddable":true,"href":"https:\/\/www.solino.gr\/de\/wp-json\/wp\/v2\/comments?post=70354"}],"version-history":[{"count":5,"href":"https:\/\/www.solino.gr\/de\/wp-json\/wp\/v2\/product\/70354\/revisions"}],"predecessor-version":[{"id":70373,"href":"https:\/\/www.solino.gr\/de\/wp-json\/wp\/v2\/product\/70354\/revisions\/70373"}],"wp:featuredmedia":[{"embeddable":true,"href":"https:\/\/www.solino.gr\/de\/wp-json\/wp\/v2\/media\/70359"}],"wp:attachment":[{"href":"https:\/\/www.solino.gr\/de\/wp-json\/wp\/v2\/media?parent=70354"}],"wp:term":[{"taxonomy":"pwb-brand","embeddable":true,"href":"https:\/\/www.solino.gr\/de\/wp-json\/wp\/v2\/pwb-brand?post=70354"},{"taxonomy":"product_brand","embeddable":true,"href":"https:\/\/www.solino.gr\/de\/wp-json\/wp\/v2\/product_brand?post=70354"},{"taxonomy":"product_cat","embeddable":true,"href":"https:\/\/www.solino.gr\/de\/wp-json\/wp\/v2\/product_cat?post=70354"},{"taxonomy":"product_tag","embeddable":true,"href":"https:\/\/www.solino.gr\/de\/wp-json\/wp\/v2\/product_tag?post=70354"}],"curies":[{"name":"wp","href":"https:\/\/api.w.org\/{rel}","templated":true}]}}