{"id":67919,"date":"2025-11-24T15:16:56","date_gmt":"2025-11-24T13:16:56","guid":{"rendered":"https:\/\/www.solino.gr\/?post_type=product&#038;p=67919"},"modified":"2025-11-24T15:22:43","modified_gmt":"2025-11-24T13:22:43","slug":"brita-aquaaroma-crema","status":"publish","type":"product","link":"https:\/\/www.solino.gr\/de\/shop\/brita-aquaaroma-crema\/","title":{"rendered":"BRITA AquaAroma Crema"},"content":{"rendered":"<p style=\"text-align: center;\">Ihre Vorteile mit der AquaAroma CREMA Kartusche: Wasserqualit\u00e4t \u00fcber Aroma-Ring einstellbar \u2013 entsprechend lokaler Wasserqualit\u00e4t, reduzierte Servicekosten, Geschmack, Aroma und Crema werden verbessert<br \/>\nKonstanter Wasserdruck und Temperatur w\u00e4hrend des gesamten Br\u00fchvorgangs, direkt im Wassertank einsetzbar, auch horizontal, frische Filtration f\u00fcr jeden Br\u00fchvorgang\/jede Einzeltasse, einfachste Montage ohne Hilfsmittel<\/p>\n","protected":false},"excerpt":{"rendered":"<p>Anwendungsgebiete: Kaffeemaschinen, Tank-System<br \/>\nGeeignet f\u00fcr die Entkalkung zb des Kaffeevollautomatens Cino iC Pronto<br \/>\nAquaAroma CREMA Filterkartuschen sind f\u00fcr den Einsatz in Kaffeeautomaten geeignet, die ein daf\u00fcr konzipiertes integriertes Wassertank-System besitzen. Das Wasser wird durch die Kartusche hindurchgesaugt. Um die Kartusche im Tank zu befestigen, ist keine zus\u00e4tzliche B\u00fcgelhalterung erforderlich<\/p>\n","protected":false},"featured_media":67914,"comment_status":"closed","ping_status":"closed","template":"","meta":{"inline_featured_image":false},"pwb-brand":[16941],"product_brand":[],"product_cat":[620],"product_tag":[],"class_list":{"0":"post-67919","1":"product","2":"type-product","3":"status-publish","4":"has-post-thumbnail","6":"pwb-brand-brita","7":"product_cat-wasserfilter","9":"first","10":"instock","11":"taxable","12":"shipping-taxable","13":"purchasable","14":"product-type-simple"},"group_of_quantity":0,"min_quantity":0,"max_quantity":"","exclude_order_quantity_value_rules":"no","exclude_category_quantity_rules":"no","combine_variations":"no","yoast_head":"<!-- This site is optimized with the Yoast SEO Premium plugin v27.3 (Yoast SEO v27.3) - https:\/\/yoast.com\/product\/yoast-seo-premium-wordpress\/ -->\n<title>BRITA AquaAroma Crema - Solino<\/title>\n<meta name=\"robots\" content=\"index, follow, max-snippet:-1, max-image-preview:large, max-video-preview:-1\" \/>\n<link rel=\"canonical\" href=\"https:\/\/www.solino.gr\/de\/shop\/brita-aquaaroma-crema\/\" \/>\n<meta property=\"og:locale\" content=\"de_DE\" \/>\n<meta property=\"og:type\" content=\"article\" \/>\n<meta property=\"og:title\" content=\"BRITA AquaAroma Crema\" \/>\n<meta property=\"og:description\" content=\"Anwendungsgebiete: Kaffeemaschinen, Tank-System Geeignet f\u00fcr die Entkalkung zb des Kaffeevollautomatens Cino iC Pronto AquaAroma CREMA Filterkartuschen sind f\u00fcr den Einsatz in Kaffeeautomaten geeignet, die ein daf\u00fcr konzipiertes integriertes Wassertank-System besitzen. Das Wasser wird durch die Kartusche hindurchgesaugt. Um die Kartusche im Tank zu befestigen, ist keine zus\u00e4tzliche B\u00fcgelhalterung erforderlich\" \/>\n<meta property=\"og:url\" content=\"https:\/\/www.solino.gr\/de\/shop\/brita-aquaaroma-crema\/\" \/>\n<meta property=\"og:site_name\" content=\"Solino\" \/>\n<meta property=\"article:publisher\" content=\"https:\/\/www.facebook.com\/coffeepartnerforyourbusiness\" \/>\n<meta property=\"article:modified_time\" content=\"2025-11-24T13:22:43+00:00\" \/>\n<meta property=\"og:image\" content=\"https:\/\/www.solino.gr\/wp-content\/uploads\/2025\/11\/BRITA-AquaAroma-Crema.jpg\" \/>\n\t<meta property=\"og:image:width\" content=\"872\" \/>\n\t<meta property=\"og:image:height\" content=\"872\" \/>\n\t<meta property=\"og:image:type\" content=\"image\/jpeg\" \/>\n<meta name=\"twitter:card\" content=\"summary_large_image\" \/>\n<meta name=\"twitter:label1\" content=\"Preis\" \/>\n\t<meta name=\"twitter:data1\" content=\"16,00&euro;\" \/>\n\t<meta name=\"twitter:label2\" content=\"Verf\u00fcgbarkeit\" \/>\n\t<meta name=\"twitter:data2\" content=\"Auf Lager\" \/>\n<script type=\"application\/ld+json\" class=\"yoast-schema-graph\">{\"@context\":\"https:\\\/\\\/schema.org\",\"@graph\":[{\"@type\":\"WebPage\",\"@id\":\"https:\\\/\\\/www.solino.gr\\\/de\\\/shop\\\/brita-aquaaroma-crema\\\/\",\"url\":\"https:\\\/\\\/www.solino.gr\\\/de\\\/shop\\\/brita-aquaaroma-crema\\\/\",\"name\":\"BRITA AquaAroma Crema - Solino\",\"isPartOf\":{\"@id\":\"https:\\\/\\\/www.solino.gr\\\/de\\\/#website\"},\"primaryImageOfPage\":{\"@id\":\"https:\\\/\\\/www.solino.gr\\\/de\\\/shop\\\/brita-aquaaroma-crema\\\/#primaryimage\"},\"image\":{\"@id\":\"https:\\\/\\\/www.solino.gr\\\/de\\\/shop\\\/brita-aquaaroma-crema\\\/#primaryimage\"},\"thumbnailUrl\":\"https:\\\/\\\/www.solino.gr\\\/wp-content\\\/uploads\\\/2025\\\/11\\\/BRITA-AquaAroma-Crema.jpg\",\"datePublished\":\"2025-11-24T13:16:56+00:00\",\"dateModified\":\"2025-11-24T13:22:43+00:00\",\"breadcrumb\":{\"@id\":\"https:\\\/\\\/www.solino.gr\\\/de\\\/shop\\\/brita-aquaaroma-crema\\\/#breadcrumb\"},\"inLanguage\":\"de\",\"potentialAction\":[{\"@type\":\"ReadAction\",\"target\":[\"https:\\\/\\\/www.solino.gr\\\/de\\\/shop\\\/brita-aquaaroma-crema\\\/\"]}]},{\"@type\":\"ImageObject\",\"inLanguage\":\"de\",\"@id\":\"https:\\\/\\\/www.solino.gr\\\/de\\\/shop\\\/brita-aquaaroma-crema\\\/#primaryimage\",\"url\":\"https:\\\/\\\/www.solino.gr\\\/wp-content\\\/uploads\\\/2025\\\/11\\\/BRITA-AquaAroma-Crema.jpg\",\"contentUrl\":\"https:\\\/\\\/www.solino.gr\\\/wp-content\\\/uploads\\\/2025\\\/11\\\/BRITA-AquaAroma-Crema.jpg\",\"width\":872,\"height\":872,\"caption\":\"BRITA AquaAroma Crema\"},{\"@type\":\"BreadcrumbList\",\"@id\":\"https:\\\/\\\/www.solino.gr\\\/de\\\/shop\\\/brita-aquaaroma-crema\\\/#breadcrumb\",\"itemListElement\":[{\"@type\":\"ListItem\",\"position\":1,\"name\":\"Home\",\"item\":\"https:\\\/\\\/www.solino.gr\\\/de\\\/\"},{\"@type\":\"ListItem\",\"position\":2,\"name\":\"Unsere Produkte\",\"item\":\"https:\\\/\\\/www.solino.gr\\\/de\\\/shop\\\/\"},{\"@type\":\"ListItem\",\"position\":3,\"name\":\"BRITA AquaAroma Crema\"}]},{\"@type\":\"WebSite\",\"@id\":\"https:\\\/\\\/www.solino.gr\\\/de\\\/#website\",\"url\":\"https:\\\/\\\/www.solino.gr\\\/de\\\/\",\"name\":\"Solino\",\"description\":\"\u039f\u03b9 \u0395\u03c0\u03b1\u03b3\u03b3\u03b5\u03bb\u03bc\u03b1\u03c4\u03b9\u03ba\u03ad\u03c2 \u039b\u03cd\u03c3\u03b5\u03b9\u03c2 \u03c3\u03c4\u03b9\u03c2 \u039c\u03b7\u03c7\u03b1\u03bd\u03ad\u03c2 \u039a\u03b1\u03c6\u03ad &amp; \u0395\u03c3\u03c0\u03c1\u03ad\u03c3\u03bf\",\"publisher\":{\"@id\":\"https:\\\/\\\/www.solino.gr\\\/de\\\/#organization\"},\"potentialAction\":[{\"@type\":\"SearchAction\",\"target\":{\"@type\":\"EntryPoint\",\"urlTemplate\":\"https:\\\/\\\/www.solino.gr\\\/de\\\/?s={search_term_string}\"},\"query-input\":{\"@type\":\"PropertyValueSpecification\",\"valueRequired\":true,\"valueName\":\"search_term_string\"}}],\"inLanguage\":\"de\"},{\"@type\":\"Organization\",\"@id\":\"https:\\\/\\\/www.solino.gr\\\/de\\\/#organization\",\"name\":\"Solino\",\"url\":\"https:\\\/\\\/www.solino.gr\\\/de\\\/\",\"logo\":{\"@type\":\"ImageObject\",\"inLanguage\":\"de\",\"@id\":\"https:\\\/\\\/www.solino.gr\\\/de\\\/#\\\/schema\\\/logo\\\/image\\\/\",\"url\":\"https:\\\/\\\/www.solino.gr\\\/wp-content\\\/uploads\\\/2021\\\/04\\\/Solino-Weis-.jpg\",\"contentUrl\":\"https:\\\/\\\/www.solino.gr\\\/wp-content\\\/uploads\\\/2021\\\/04\\\/Solino-Weis-.jpg\",\"width\":1156,\"height\":429,\"caption\":\"Solino\"},\"image\":{\"@id\":\"https:\\\/\\\/www.solino.gr\\\/de\\\/#\\\/schema\\\/logo\\\/image\\\/\"},\"sameAs\":[\"https:\\\/\\\/www.facebook.com\\\/coffeepartnerforyourbusiness\",\"https:\\\/\\\/www.instagram.com\\\/the_complete_coffeepartner\\\/\",\"https:\\\/\\\/www.linkedin.com\\\/company\\\/5267982\\\/admin\\\/\",\"https:\\\/\\\/www.pinterest.de\\\/tcharpantidis\\\/\",\"https:\\\/\\\/www.youtube.com\\\/channel\\\/UCQxbxyAKpQX142Zlz0VBNww\"],\"email\":\"info@solino.gr\",\"telephone\":\"+30 210 4173201\",\"legalName\":\"SOLINO IKE\",\"vatID\":\"EL802133107\",\"taxID\":\"EL802133107\",\"numberOfEmployees\":{\"@type\":\"QuantitativeValue\",\"minValue\":\"1\",\"maxValue\":\"10\"}}]}<\/script>\n<meta property=\"product:brand\" content=\"BRITA\" \/>\n<meta property=\"product:price:amount\" content=\"16.00\" \/>\n<meta property=\"product:price:currency\" content=\"EUR\" \/>\n<meta property=\"og:availability\" content=\"instock\" \/>\n<meta property=\"product:availability\" content=\"instock\" \/>\n<meta property=\"product:retailer_item_id\" content=\"BRITA521841946\" \/>\n<meta property=\"product:condition\" content=\"new\" \/>\n<!-- \/ Yoast SEO Premium plugin. -->","yoast_head_json":{"title":"BRITA AquaAroma Crema - Solino","robots":{"index":"index","follow":"follow","max-snippet":"max-snippet:-1","max-image-preview":"max-image-preview:large","max-video-preview":"max-video-preview:-1"},"canonical":"https:\/\/www.solino.gr\/de\/shop\/brita-aquaaroma-crema\/","og_locale":"de_DE","og_type":"article","og_title":"BRITA AquaAroma Crema","og_description":"Anwendungsgebiete: Kaffeemaschinen, Tank-System Geeignet f\u00fcr die Entkalkung zb des Kaffeevollautomatens Cino iC Pronto AquaAroma CREMA Filterkartuschen sind f\u00fcr den Einsatz in Kaffeeautomaten geeignet, die ein daf\u00fcr konzipiertes integriertes Wassertank-System besitzen. Das Wasser wird durch die Kartusche hindurchgesaugt. Um die Kartusche im Tank zu befestigen, ist keine zus\u00e4tzliche B\u00fcgelhalterung erforderlich","og_url":"https:\/\/www.solino.gr\/de\/shop\/brita-aquaaroma-crema\/","og_site_name":"Solino","article_publisher":"https:\/\/www.facebook.com\/coffeepartnerforyourbusiness","article_modified_time":"2025-11-24T13:22:43+00:00","og_image":[{"width":872,"height":872,"url":"https:\/\/www.solino.gr\/wp-content\/uploads\/2025\/11\/BRITA-AquaAroma-Crema.jpg","type":"image\/jpeg"}],"twitter_card":"summary_large_image","twitter_misc":{"Preis":"16,00&euro;","Verf\u00fcgbarkeit":"Auf Lager"},"schema":{"@context":"https:\/\/schema.org","@graph":[{"@type":"WebPage","@id":"https:\/\/www.solino.gr\/de\/shop\/brita-aquaaroma-crema\/","url":"https:\/\/www.solino.gr\/de\/shop\/brita-aquaaroma-crema\/","name":"BRITA AquaAroma Crema - Solino","isPartOf":{"@id":"https:\/\/www.solino.gr\/de\/#website"},"primaryImageOfPage":{"@id":"https:\/\/www.solino.gr\/de\/shop\/brita-aquaaroma-crema\/#primaryimage"},"image":{"@id":"https:\/\/www.solino.gr\/de\/shop\/brita-aquaaroma-crema\/#primaryimage"},"thumbnailUrl":"https:\/\/www.solino.gr\/wp-content\/uploads\/2025\/11\/BRITA-AquaAroma-Crema.jpg","datePublished":"2025-11-24T13:16:56+00:00","dateModified":"2025-11-24T13:22:43+00:00","breadcrumb":{"@id":"https:\/\/www.solino.gr\/de\/shop\/brita-aquaaroma-crema\/#breadcrumb"},"inLanguage":"de","potentialAction":[{"@type":"ReadAction","target":["https:\/\/www.solino.gr\/de\/shop\/brita-aquaaroma-crema\/"]}]},{"@type":"ImageObject","inLanguage":"de","@id":"https:\/\/www.solino.gr\/de\/shop\/brita-aquaaroma-crema\/#primaryimage","url":"https:\/\/www.solino.gr\/wp-content\/uploads\/2025\/11\/BRITA-AquaAroma-Crema.jpg","contentUrl":"https:\/\/www.solino.gr\/wp-content\/uploads\/2025\/11\/BRITA-AquaAroma-Crema.jpg","width":872,"height":872,"caption":"BRITA AquaAroma Crema"},{"@type":"BreadcrumbList","@id":"https:\/\/www.solino.gr\/de\/shop\/brita-aquaaroma-crema\/#breadcrumb","itemListElement":[{"@type":"ListItem","position":1,"name":"Home","item":"https:\/\/www.solino.gr\/de\/"},{"@type":"ListItem","position":2,"name":"Unsere Produkte","item":"https:\/\/www.solino.gr\/de\/shop\/"},{"@type":"ListItem","position":3,"name":"BRITA AquaAroma Crema"}]},{"@type":"WebSite","@id":"https:\/\/www.solino.gr\/de\/#website","url":"https:\/\/www.solino.gr\/de\/","name":"Solino","description":"\u039f\u03b9 \u0395\u03c0\u03b1\u03b3\u03b3\u03b5\u03bb\u03bc\u03b1\u03c4\u03b9\u03ba\u03ad\u03c2 \u039b\u03cd\u03c3\u03b5\u03b9\u03c2 \u03c3\u03c4\u03b9\u03c2 \u039c\u03b7\u03c7\u03b1\u03bd\u03ad\u03c2 \u039a\u03b1\u03c6\u03ad &amp; \u0395\u03c3\u03c0\u03c1\u03ad\u03c3\u03bf","publisher":{"@id":"https:\/\/www.solino.gr\/de\/#organization"},"potentialAction":[{"@type":"SearchAction","target":{"@type":"EntryPoint","urlTemplate":"https:\/\/www.solino.gr\/de\/?s={search_term_string}"},"query-input":{"@type":"PropertyValueSpecification","valueRequired":true,"valueName":"search_term_string"}}],"inLanguage":"de"},{"@type":"Organization","@id":"https:\/\/www.solino.gr\/de\/#organization","name":"Solino","url":"https:\/\/www.solino.gr\/de\/","logo":{"@type":"ImageObject","inLanguage":"de","@id":"https:\/\/www.solino.gr\/de\/#\/schema\/logo\/image\/","url":"https:\/\/www.solino.gr\/wp-content\/uploads\/2021\/04\/Solino-Weis-.jpg","contentUrl":"https:\/\/www.solino.gr\/wp-content\/uploads\/2021\/04\/Solino-Weis-.jpg","width":1156,"height":429,"caption":"Solino"},"image":{"@id":"https:\/\/www.solino.gr\/de\/#\/schema\/logo\/image\/"},"sameAs":["https:\/\/www.facebook.com\/coffeepartnerforyourbusiness","https:\/\/www.instagram.com\/the_complete_coffeepartner\/","https:\/\/www.linkedin.com\/company\/5267982\/admin\/","https:\/\/www.pinterest.de\/tcharpantidis\/","https:\/\/www.youtube.com\/channel\/UCQxbxyAKpQX142Zlz0VBNww"],"email":"info@solino.gr","telephone":"+30 210 4173201","legalName":"SOLINO IKE","vatID":"EL802133107","taxID":"EL802133107","numberOfEmployees":{"@type":"QuantitativeValue","minValue":"1","maxValue":"10"}}]},"product_brand":"BRITA","product_price_amount":"16.00","product_price_currency":"EUR","og_availability":"instock","product_availability":"instock","product_retailer_item_id":"BRITA521841946","product_condition":"new"},"brands":[{"id":16941,"name":"BRITA","slug":"brita"}],"_links":{"self":[{"href":"https:\/\/www.solino.gr\/de\/wp-json\/wp\/v2\/product\/67919","targetHints":{"allow":["GET"]}}],"collection":[{"href":"https:\/\/www.solino.gr\/de\/wp-json\/wp\/v2\/product"}],"about":[{"href":"https:\/\/www.solino.gr\/de\/wp-json\/wp\/v2\/types\/product"}],"replies":[{"embeddable":true,"href":"https:\/\/www.solino.gr\/de\/wp-json\/wp\/v2\/comments?post=67919"}],"version-history":[{"count":2,"href":"https:\/\/www.solino.gr\/de\/wp-json\/wp\/v2\/product\/67919\/revisions"}],"predecessor-version":[{"id":67921,"href":"https:\/\/www.solino.gr\/de\/wp-json\/wp\/v2\/product\/67919\/revisions\/67921"}],"wp:featuredmedia":[{"embeddable":true,"href":"https:\/\/www.solino.gr\/de\/wp-json\/wp\/v2\/media\/67914"}],"wp:attachment":[{"href":"https:\/\/www.solino.gr\/de\/wp-json\/wp\/v2\/media?parent=67919"}],"wp:term":[{"taxonomy":"pwb-brand","embeddable":true,"href":"https:\/\/www.solino.gr\/de\/wp-json\/wp\/v2\/pwb-brand?post=67919"},{"taxonomy":"product_brand","embeddable":true,"href":"https:\/\/www.solino.gr\/de\/wp-json\/wp\/v2\/product_brand?post=67919"},{"taxonomy":"product_cat","embeddable":true,"href":"https:\/\/www.solino.gr\/de\/wp-json\/wp\/v2\/product_cat?post=67919"},{"taxonomy":"product_tag","embeddable":true,"href":"https:\/\/www.solino.gr\/de\/wp-json\/wp\/v2\/product_tag?post=67919"}],"curies":[{"name":"wp","href":"https:\/\/api.w.org\/{rel}","templated":true}]}}