{"id":64954,"date":"2025-01-07T11:19:52","date_gmt":"2025-01-07T09:19:52","guid":{"rendered":"https:\/\/www.solino.gr\/?post_type=product&#038;p=64954"},"modified":"2026-02-06T10:02:56","modified_gmt":"2026-02-06T08:02:56","slug":"eureka-mignon-silenzio-55-15bl-white","status":"publish","type":"product","link":"https:\/\/www.solino.gr\/de\/shop\/eureka-mignon-silenzio-55-15bl-white\/","title":{"rendered":"EUREKA MIGNON SILENZIO 55 15BL WHITE"},"content":{"rendered":"<div class=\"wpb-content-wrapper\"><p>[vc_row][vc_column width=&#8221;1\/6&#8243;][\/vc_column][vc_column width=&#8221;2\/3&#8243;][vc_row_inner][vc_column_inner width=&#8221;1\/2&#8243;][vc_column_text]<\/p>\n<div class=\"div-medio-width-texto txt-descrip-izquierda\" style=\"text-align: center;\">\n<h3 class=\"scheda_title\">Silent Technologie<\/h3>\n<div class=\"scheda_s_title\">Leises Mahlen \u00fcberall egal ob Coffee Shop oder Zuhause<\/div>\n<div><\/div>\n<div>\n<p>Die exklusive Anti-Vibrations L\u00f6sung reduziert das Mahlger\u00e4usch um ca. 20 dB im Vergleich zu den herk\u00f6mmlichen M\u00fchlen und ebnet den Weg f\u00fcr eine neue Art des Kaffeemahlens: pr\u00e4zise und leise.<\/p>\n<\/div>\n<\/div>\n<p>[\/vc_column_text][\/vc_column_inner][vc_column_inner width=&#8221;1\/2&#8243;][vc_column_text]<\/p>\n<div class=\"div-medio-width-texto txt-descrip-izquierda\" style=\"text-align: center;\">\n<h3>ACE System<\/h3>\n<div>\n<div class=\"scheda_s_title\">Anti-Klumpen und -elektrostatische Aufladung System<\/div>\n<div><\/div>\n<div>\n<p>Entwickelt, um die Bildung von Kl\u00fcmpchen zu verhindern und der elektrostatischen Aufladungn des gemahlenen Kaffees entgegen zu wirken, ist das ACE-System der gemeinsame Nenner aller Eureka Kaffeem\u00fchlen. Durch seine regulierende Wirkung \u00fcber den Kaffeeauslauf gew\u00e4hrleistet das ACE-System eine unvergleichliche Sauberkeit und Dosierkonstanz.<\/p>\n<\/div>\n<\/div>\n<\/div>\n<p>[\/vc_column_text][\/vc_column_inner][\/vc_row_inner][vc_separator][vc_row_inner][vc_column_inner width=&#8221;1\/2&#8243;][vc_column_text]<\/p>\n<div class=\"div-medio-width-texto txt-descrip-izquierda\" style=\"text-align: center;\">\n<div class=\"div_cat_title\">\n<h3 class=\"scheda_title\">Espresso &amp; Brew<\/h3>\n<div class=\"scheda_s_title\">Spezielles Mahlscheibendesign, das sowohl f\u00fcr Espresso als auch f\u00fcr jeden Typ von Filterkaffee geeignet ist.<\/div>\n<div><\/div>\n<div>\n<p>Das von unseren Ingenieuren konzipierte Mahlscheibendesign bietet eine Mahltechnik, die sowohl f\u00fcr die Zubereitung von Espresso als auch f\u00fcr alle Filterkaffeesorten geeignet ist.<\/p>\n<div id=\"gtx-trans\">\n<div class=\"gtx-trans-icon\"><\/div>\n<\/div>\n<\/div>\n<\/div>\n<\/div>\n<p>[\/vc_column_text][\/vc_column_inner][vc_column_inner width=&#8221;1\/2&#8243;][vc_column_text]<\/p>\n<div class=\"div-medio-width-texto txt-descrip-izquierda\" style=\"text-align: center;\">\n<div class=\"div_cat_title\">\n<h3 class=\"scheda_title\">Mikrometrische und stufenlose Mahlgradeinstellung (Eureka patentiert)<\/h3>\n<div class=\"scheda_s_title\">Dieses System (Eureka patentiert) gew\u00e4hrleistet eine unvergleichliche Genauigkeit und spart beide Zeit und Kaffee.<\/div>\n<div><\/div>\n<div>\n<p>Unser mikrometrisches und stufenlose System ist das einzige, dass auf der Bewegung der\u00a0<strong>unteren Mahlscheiben<\/strong>\u00a0basiert. Es gew\u00e4hrleistet eine unvergleichliche Mahlleistung und erm\u00f6glicht die Durchf\u00fchrung von Wartungsarbeiten, ohne Verlust der Mahlgradeinstellung.<\/p>\n<\/div>\n<\/div>\n<\/div>\n<p>[\/vc_column_text][\/vc_column_inner][\/vc_row_inner][vc_separator][vc_row_inner][vc_column_inner width=&#8221;1\/2&#8243;][vc_column_text]<\/p>\n<div class=\"div-medio-width-texto txt-descrip-izquierda\" style=\"text-align: center;\">\n<div class=\"div_cat_title\">\n<h3 class=\"scheda_title\">&#8220;High-Speed&#8221; Wartung<\/h3>\n<div class=\"scheda_s_title\">Einfache und schnelle Wartung<\/div>\n<div><\/div>\n<div>\n<p>Der typische mechanische Aufbau unseres Mahlscheibentr\u00e4gers, der mit nur 9 Schrauben demontiert werden kann, erm\u00f6glicht einen schnellen Ersatz und Reinigung der Mahlscheiben sowie eine Zeit- und Kaffeeersparnis.<\/p>\n<\/div>\n<\/div>\n<\/div>\n<p>[\/vc_column_text][\/vc_column_inner][vc_column_inner width=&#8221;1\/2&#8243;][vc_column_text]<\/p>\n<div class=\"div_cat_title\">\n<h3 class=\"scheda_title\" style=\"text-align: center;\">Universelle h\u00f6henverstellbare &#8220;Hands-Free&#8221; Siebtr\u00e4gergabel<\/h3>\n<div class=\"scheda_s_title\" style=\"text-align: center;\">N\u00fctzlich, robust und leicht zu regulieren.<\/div>\n<div style=\"text-align: center;\"><\/div>\n<div>\n<p style=\"text-align: center;\">Dank einer spezifischen Geometrie und der einstellbaren Gabel ist die Eureka-Siebtr\u00e4gergabel ideal f\u00fcr jede Art von Siebtr\u00e4ger und erm\u00f6glicht es dem Barista, w\u00e4hrend des Mahlens, andere T\u00e4tigkeiten auszuf\u00fchren.<\/p>\n<\/div>\n<\/div>\n<p>[\/vc_column_text][\/vc_column_inner][\/vc_row_inner][vc_separator border_width=&#8221;10&#8243;][\/vc_column][vc_column width=&#8221;1\/6&#8243;][\/vc_column][\/vc_row][vc_row][vc_column width=&#8221;1\/6&#8243;][\/vc_column][vc_column width=&#8221;2\/3&#8243;][vc_row_inner][vc_column_inner width=&#8221;1\/5&#8243;][vc_column_text]<\/p>\n<div class=\"item\">\n<h3 class=\"head\" style=\"text-align: center;\">MAHLSCHEIBEN<\/h3>\n<div class=\"head\" style=\"text-align: center;\">Typ: Flach<\/div>\n<div class=\"values\" style=\"text-align: center;\">Durchmesser: 55 mm<\/div>\n<div class=\"values\" style=\"text-align: center;\">Material: Geh\u00e4rteter Stahl<\/div>\n<\/div>\n<p>[\/vc_column_text][\/vc_column_inner][vc_column_inner width=&#8221;1\/5&#8243;][vc_column_text]<\/p>\n<div class=\"item\">\n<h3 class=\"head\" style=\"text-align: center;\">MAHLUNGSSYSTEM<\/h3>\n<div class=\"values\" style=\"text-align: center;\">Display: No<\/div>\n<div class=\"values\" style=\"text-align: center;\">Dosisz\u00e4hler: No<\/div>\n<\/div>\n<p>[\/vc_column_text][\/vc_column_inner][vc_column_inner width=&#8221;1\/5&#8243;][vc_column_text]<\/p>\n<h3 class=\"head\" style=\"text-align: center;\">MOTOR<\/h3>\n<div class=\"values\" style=\"text-align: center;\">Traktion: Direkt<\/div>\n<div class=\"values\" style=\"text-align: center;\">UpM: 1350<\/div>\n<div class=\"values\" style=\"text-align: center;\">Leistungsaufnahme: 310 watt<\/div>\n<div class=\"values\" style=\"text-align: center;\">Stromversorgung: Einphasig<\/div>\n<p>[\/vc_column_text][\/vc_column_inner][vc_column_inner width=&#8221;1\/5&#8243;][vc_column_text]<\/p>\n<div class=\"item\">\n<h3 class=\"head\" style=\"text-align: center;\">SONSTIGE<\/h3>\n<div class=\"values\" style=\"text-align: center;\">Verf\u00fcgbare Versionen: Manuell und Timer<\/div>\n<div class=\"values\" style=\"text-align: center;\">Mikrometrische und stufenlose Mahlgradinestellung: Ja<\/div>\n<div class=\"values\" style=\"text-align: center;\">Kapazit\u00e4t des Bohnenbeh\u00e4lters: 300 gr<\/div>\n<div class=\"values\" style=\"text-align: center;\">Mahlgeschwindigkeit (g\/s): 1,0 &#8211; 1,6 Espresso<br \/>\n1,7 &#8211; 2,3 Brew,2<\/div>\n<\/div>\n<p>[\/vc_column_text][\/vc_column_inner][vc_column_inner width=&#8221;1\/5&#8243;][vc_column_text]<\/p>\n<h3 class=\"head\" style=\"text-align: center;\">ABMESSUNGEN<\/h3>\n<div class=\"values\" style=\"text-align: center;\">H\u00f6he: 350 mm<\/div>\n<div class=\"values\" style=\"text-align: center;\">Breite: 120 mm<\/div>\n<div class=\"values\" style=\"text-align: center;\">Tiefe: 180 mm<\/div>\n<div class=\"values\" style=\"text-align: center;\">Gewicht: 5,6 kg<\/div>\n<p>[\/vc_column_text][\/vc_column_inner][\/vc_row_inner][\/vc_column][vc_column width=&#8221;1\/6&#8243;][\/vc_column][\/vc_row]<\/p>\n<\/div>","protected":false},"excerpt":{"rendered":"<p>[vc_row][vc_column width=&#8221;1\/6&#8243;][\/vc_column][vc_column width=&#8221;2\/3&#8243;][vc_row_inner][vc_column_inner width=&#8221;1\/2&#8243;][vc_column_text] Silent Technologie Leises Mahlen \u00fcberall egal ob Coffee Shop oder Zuhause Die exklusive Anti-Vibrations L\u00f6sung reduziert das Mahlger\u00e4usch um ca. 20 dB im Vergleich zu den herk\u00f6mmlichen M\u00fchlen und ebnet den Weg f\u00fcr eine neue Art des Kaffeemahlens: pr\u00e4zise und leise. [\/vc_column_text][\/vc_column_inner][vc_column_inner width=&#8221;1\/2&#8243;][vc_column_text] ACE System Anti-Klumpen und -elektrostatische Aufladung System Entwickelt, [&hellip;]<\/p>\n","protected":false},"featured_media":64963,"comment_status":"open","ping_status":"closed","template":"","meta":{"inline_featured_image":false},"pwb-brand":[11839],"product_brand":[],"product_cat":[416,648],"product_tag":[11759,16758,13908],"class_list":{"0":"post-64954","1":"product","2":"type-product","3":"status-publish","4":"has-post-thumbnail","6":"pwb-brand-eureka","7":"product_cat-on-demand-grinders-de","8":"product_cat-kaffeemuehlen-de","9":"product_tag-kaffeemuehle","10":"product_tag-16758","11":"product_tag---eureka","13":"first","14":"outofstock","15":"sale","16":"taxable","17":"shipping-taxable","18":"purchasable","19":"product-type-simple"},"group_of_quantity":0,"min_quantity":0,"max_quantity":"","exclude_order_quantity_value_rules":"no","exclude_category_quantity_rules":"no","combine_variations":"no","yoast_head":"<!-- This site is optimized with the Yoast SEO Premium plugin v27.4 (Yoast SEO v27.4) - https:\/\/yoast.com\/product\/yoast-seo-premium-wordpress\/ -->\n<title>EUREKA MIGNON SILENZIO 55 15BL WHITE - Solino<\/title>\n<meta name=\"robots\" content=\"index, follow, max-snippet:-1, max-image-preview:large, max-video-preview:-1\" \/>\n<link rel=\"canonical\" href=\"https:\/\/www.solino.gr\/de\/shop\/eureka-mignon-silenzio-55-15bl-white\/\" \/>\n<meta property=\"og:locale\" content=\"de_DE\" \/>\n<meta property=\"og:type\" content=\"article\" \/>\n<meta property=\"og:title\" content=\"EUREKA MIGNON SILENZIO 55 15BL WHITE\" \/>\n<meta property=\"og:description\" content=\"Silent Technologie Leises Mahlen \u00fcberall egal ob Coffee Shop oder Zuhause Die exklusive Anti-Vibrations L\u00f6sung reduziert das Mahlger\u00e4usch um ca. 20 dB im\" \/>\n<meta property=\"og:url\" content=\"https:\/\/www.solino.gr\/de\/shop\/eureka-mignon-silenzio-55-15bl-white\/\" \/>\n<meta property=\"og:site_name\" content=\"Solino\" \/>\n<meta property=\"article:publisher\" content=\"https:\/\/www.facebook.com\/coffeepartnerforyourbusiness\" \/>\n<meta property=\"article:modified_time\" content=\"2026-02-06T08:02:56+00:00\" \/>\n<meta property=\"og:image\" content=\"https:\/\/www.solino.gr\/wp-content\/uploads\/2025\/01\/MIGNON-SILENZIO-55-15BL-WHITE.png\" \/>\n\t<meta property=\"og:image:width\" content=\"900\" \/>\n\t<meta property=\"og:image:height\" content=\"990\" \/>\n\t<meta property=\"og:image:type\" content=\"image\/png\" \/>\n<meta name=\"twitter:card\" content=\"summary_large_image\" \/>\n<meta name=\"twitter:label1\" content=\"Preis\" \/>\n\t<meta name=\"twitter:data1\" content=\"339,00&euro;\" \/>\n\t<meta name=\"twitter:label2\" content=\"Verf\u00fcgbarkeit\" \/>\n\t<meta name=\"twitter:data2\" content=\"ausverkauft\" \/>\n<script type=\"application\/ld+json\" class=\"yoast-schema-graph\">{\"@context\":\"https:\\\/\\\/schema.org\",\"@graph\":[{\"@type\":\"WebPage\",\"@id\":\"https:\\\/\\\/www.solino.gr\\\/de\\\/shop\\\/eureka-mignon-silenzio-55-15bl-white\\\/\",\"url\":\"https:\\\/\\\/www.solino.gr\\\/de\\\/shop\\\/eureka-mignon-silenzio-55-15bl-white\\\/\",\"name\":\"EUREKA MIGNON SILENZIO 55 15BL WHITE - Solino\",\"isPartOf\":{\"@id\":\"https:\\\/\\\/www.solino.gr\\\/de\\\/#website\"},\"primaryImageOfPage\":{\"@id\":\"https:\\\/\\\/www.solino.gr\\\/de\\\/shop\\\/eureka-mignon-silenzio-55-15bl-white\\\/#primaryimage\"},\"image\":{\"@id\":\"https:\\\/\\\/www.solino.gr\\\/de\\\/shop\\\/eureka-mignon-silenzio-55-15bl-white\\\/#primaryimage\"},\"thumbnailUrl\":\"https:\\\/\\\/www.solino.gr\\\/wp-content\\\/uploads\\\/2025\\\/01\\\/MIGNON-SILENZIO-55-15BL-WHITE.png\",\"datePublished\":\"2025-01-07T09:19:52+00:00\",\"dateModified\":\"2026-02-06T08:02:56+00:00\",\"breadcrumb\":{\"@id\":\"https:\\\/\\\/www.solino.gr\\\/de\\\/shop\\\/eureka-mignon-silenzio-55-15bl-white\\\/#breadcrumb\"},\"inLanguage\":\"de\",\"potentialAction\":[{\"@type\":\"ReadAction\",\"target\":[\"https:\\\/\\\/www.solino.gr\\\/de\\\/shop\\\/eureka-mignon-silenzio-55-15bl-white\\\/\"]}]},{\"@type\":\"ImageObject\",\"inLanguage\":\"de\",\"@id\":\"https:\\\/\\\/www.solino.gr\\\/de\\\/shop\\\/eureka-mignon-silenzio-55-15bl-white\\\/#primaryimage\",\"url\":\"https:\\\/\\\/www.solino.gr\\\/wp-content\\\/uploads\\\/2025\\\/01\\\/MIGNON-SILENZIO-55-15BL-WHITE.png\",\"contentUrl\":\"https:\\\/\\\/www.solino.gr\\\/wp-content\\\/uploads\\\/2025\\\/01\\\/MIGNON-SILENZIO-55-15BL-WHITE.png\",\"width\":900,\"height\":990,\"caption\":\"EUREKA - MIGNON SILENZIO 55 15BL WHITE\"},{\"@type\":\"BreadcrumbList\",\"@id\":\"https:\\\/\\\/www.solino.gr\\\/de\\\/shop\\\/eureka-mignon-silenzio-55-15bl-white\\\/#breadcrumb\",\"itemListElement\":[{\"@type\":\"ListItem\",\"position\":1,\"name\":\"Home\",\"item\":\"https:\\\/\\\/www.solino.gr\\\/de\\\/\"},{\"@type\":\"ListItem\",\"position\":2,\"name\":\"Unsere Produkte\",\"item\":\"https:\\\/\\\/www.solino.gr\\\/de\\\/shop\\\/\"},{\"@type\":\"ListItem\",\"position\":3,\"name\":\"EUREKA MIGNON SILENZIO 55 15BL WHITE\"}]},{\"@type\":\"WebSite\",\"@id\":\"https:\\\/\\\/www.solino.gr\\\/de\\\/#website\",\"url\":\"https:\\\/\\\/www.solino.gr\\\/de\\\/\",\"name\":\"Solino\",\"description\":\"\u039f\u03b9 \u0395\u03c0\u03b1\u03b3\u03b3\u03b5\u03bb\u03bc\u03b1\u03c4\u03b9\u03ba\u03ad\u03c2 \u039b\u03cd\u03c3\u03b5\u03b9\u03c2 \u03c3\u03c4\u03b9\u03c2 \u039c\u03b7\u03c7\u03b1\u03bd\u03ad\u03c2 \u039a\u03b1\u03c6\u03ad &amp; \u0395\u03c3\u03c0\u03c1\u03ad\u03c3\u03bf\",\"publisher\":{\"@id\":\"https:\\\/\\\/www.solino.gr\\\/de\\\/#organization\"},\"potentialAction\":[{\"@type\":\"SearchAction\",\"target\":{\"@type\":\"EntryPoint\",\"urlTemplate\":\"https:\\\/\\\/www.solino.gr\\\/de\\\/?s={search_term_string}\"},\"query-input\":{\"@type\":\"PropertyValueSpecification\",\"valueRequired\":true,\"valueName\":\"search_term_string\"}}],\"inLanguage\":\"de\"},{\"@type\":\"Organization\",\"@id\":\"https:\\\/\\\/www.solino.gr\\\/de\\\/#organization\",\"name\":\"Solino\",\"url\":\"https:\\\/\\\/www.solino.gr\\\/de\\\/\",\"logo\":{\"@type\":\"ImageObject\",\"inLanguage\":\"de\",\"@id\":\"https:\\\/\\\/www.solino.gr\\\/de\\\/#\\\/schema\\\/logo\\\/image\\\/\",\"url\":\"https:\\\/\\\/www.solino.gr\\\/wp-content\\\/uploads\\\/2021\\\/04\\\/Solino-Weis-.jpg\",\"contentUrl\":\"https:\\\/\\\/www.solino.gr\\\/wp-content\\\/uploads\\\/2021\\\/04\\\/Solino-Weis-.jpg\",\"width\":1156,\"height\":429,\"caption\":\"Solino\"},\"image\":{\"@id\":\"https:\\\/\\\/www.solino.gr\\\/de\\\/#\\\/schema\\\/logo\\\/image\\\/\"},\"sameAs\":[\"https:\\\/\\\/www.facebook.com\\\/coffeepartnerforyourbusiness\",\"https:\\\/\\\/www.instagram.com\\\/the_complete_coffeepartner\\\/\",\"https:\\\/\\\/www.linkedin.com\\\/company\\\/5267982\\\/admin\\\/\",\"https:\\\/\\\/www.pinterest.de\\\/tcharpantidis\\\/\",\"https:\\\/\\\/www.youtube.com\\\/channel\\\/UCQxbxyAKpQX142Zlz0VBNww\"],\"email\":\"info@solino.gr\",\"telephone\":\"+30 210 4173201\",\"legalName\":\"SOLINO IKE\",\"vatID\":\"EL802133107\",\"taxID\":\"EL802133107\",\"numberOfEmployees\":{\"@type\":\"QuantitativeValue\",\"minValue\":\"1\",\"maxValue\":\"10\"}}]}<\/script>\n<meta property=\"product:brand\" content=\"EUREKA\" \/>\n<meta property=\"product:price:amount\" content=\"339.00\" \/>\n<meta property=\"product:price:currency\" content=\"EUR\" \/>\n<meta property=\"og:availability\" content=\"out of stock\" \/>\n<meta property=\"product:availability\" content=\"out of stock\" \/>\n<meta property=\"product:retailer_item_id\" content=\"EURESN55E23M20T00N00101\" \/>\n<meta property=\"product:condition\" content=\"new\" \/>\n<!-- \/ Yoast SEO Premium plugin. -->","yoast_head_json":{"title":"EUREKA MIGNON SILENZIO 55 15BL WHITE - Solino","robots":{"index":"index","follow":"follow","max-snippet":"max-snippet:-1","max-image-preview":"max-image-preview:large","max-video-preview":"max-video-preview:-1"},"canonical":"https:\/\/www.solino.gr\/de\/shop\/eureka-mignon-silenzio-55-15bl-white\/","og_locale":"de_DE","og_type":"article","og_title":"EUREKA MIGNON SILENZIO 55 15BL WHITE","og_description":"Silent Technologie Leises Mahlen \u00fcberall egal ob Coffee Shop oder Zuhause Die exklusive Anti-Vibrations L\u00f6sung reduziert das Mahlger\u00e4usch um ca. 20 dB im","og_url":"https:\/\/www.solino.gr\/de\/shop\/eureka-mignon-silenzio-55-15bl-white\/","og_site_name":"Solino","article_publisher":"https:\/\/www.facebook.com\/coffeepartnerforyourbusiness","article_modified_time":"2026-02-06T08:02:56+00:00","og_image":[{"width":900,"height":990,"url":"https:\/\/www.solino.gr\/wp-content\/uploads\/2025\/01\/MIGNON-SILENZIO-55-15BL-WHITE.png","type":"image\/png"}],"twitter_card":"summary_large_image","twitter_misc":{"Preis":"339,00&euro;","Verf\u00fcgbarkeit":"ausverkauft"},"schema":{"@context":"https:\/\/schema.org","@graph":[{"@type":"WebPage","@id":"https:\/\/www.solino.gr\/de\/shop\/eureka-mignon-silenzio-55-15bl-white\/","url":"https:\/\/www.solino.gr\/de\/shop\/eureka-mignon-silenzio-55-15bl-white\/","name":"EUREKA MIGNON SILENZIO 55 15BL WHITE - Solino","isPartOf":{"@id":"https:\/\/www.solino.gr\/de\/#website"},"primaryImageOfPage":{"@id":"https:\/\/www.solino.gr\/de\/shop\/eureka-mignon-silenzio-55-15bl-white\/#primaryimage"},"image":{"@id":"https:\/\/www.solino.gr\/de\/shop\/eureka-mignon-silenzio-55-15bl-white\/#primaryimage"},"thumbnailUrl":"https:\/\/www.solino.gr\/wp-content\/uploads\/2025\/01\/MIGNON-SILENZIO-55-15BL-WHITE.png","datePublished":"2025-01-07T09:19:52+00:00","dateModified":"2026-02-06T08:02:56+00:00","breadcrumb":{"@id":"https:\/\/www.solino.gr\/de\/shop\/eureka-mignon-silenzio-55-15bl-white\/#breadcrumb"},"inLanguage":"de","potentialAction":[{"@type":"ReadAction","target":["https:\/\/www.solino.gr\/de\/shop\/eureka-mignon-silenzio-55-15bl-white\/"]}]},{"@type":"ImageObject","inLanguage":"de","@id":"https:\/\/www.solino.gr\/de\/shop\/eureka-mignon-silenzio-55-15bl-white\/#primaryimage","url":"https:\/\/www.solino.gr\/wp-content\/uploads\/2025\/01\/MIGNON-SILENZIO-55-15BL-WHITE.png","contentUrl":"https:\/\/www.solino.gr\/wp-content\/uploads\/2025\/01\/MIGNON-SILENZIO-55-15BL-WHITE.png","width":900,"height":990,"caption":"EUREKA - MIGNON SILENZIO 55 15BL WHITE"},{"@type":"BreadcrumbList","@id":"https:\/\/www.solino.gr\/de\/shop\/eureka-mignon-silenzio-55-15bl-white\/#breadcrumb","itemListElement":[{"@type":"ListItem","position":1,"name":"Home","item":"https:\/\/www.solino.gr\/de\/"},{"@type":"ListItem","position":2,"name":"Unsere Produkte","item":"https:\/\/www.solino.gr\/de\/shop\/"},{"@type":"ListItem","position":3,"name":"EUREKA MIGNON SILENZIO 55 15BL WHITE"}]},{"@type":"WebSite","@id":"https:\/\/www.solino.gr\/de\/#website","url":"https:\/\/www.solino.gr\/de\/","name":"Solino","description":"\u039f\u03b9 \u0395\u03c0\u03b1\u03b3\u03b3\u03b5\u03bb\u03bc\u03b1\u03c4\u03b9\u03ba\u03ad\u03c2 \u039b\u03cd\u03c3\u03b5\u03b9\u03c2 \u03c3\u03c4\u03b9\u03c2 \u039c\u03b7\u03c7\u03b1\u03bd\u03ad\u03c2 \u039a\u03b1\u03c6\u03ad &amp; \u0395\u03c3\u03c0\u03c1\u03ad\u03c3\u03bf","publisher":{"@id":"https:\/\/www.solino.gr\/de\/#organization"},"potentialAction":[{"@type":"SearchAction","target":{"@type":"EntryPoint","urlTemplate":"https:\/\/www.solino.gr\/de\/?s={search_term_string}"},"query-input":{"@type":"PropertyValueSpecification","valueRequired":true,"valueName":"search_term_string"}}],"inLanguage":"de"},{"@type":"Organization","@id":"https:\/\/www.solino.gr\/de\/#organization","name":"Solino","url":"https:\/\/www.solino.gr\/de\/","logo":{"@type":"ImageObject","inLanguage":"de","@id":"https:\/\/www.solino.gr\/de\/#\/schema\/logo\/image\/","url":"https:\/\/www.solino.gr\/wp-content\/uploads\/2021\/04\/Solino-Weis-.jpg","contentUrl":"https:\/\/www.solino.gr\/wp-content\/uploads\/2021\/04\/Solino-Weis-.jpg","width":1156,"height":429,"caption":"Solino"},"image":{"@id":"https:\/\/www.solino.gr\/de\/#\/schema\/logo\/image\/"},"sameAs":["https:\/\/www.facebook.com\/coffeepartnerforyourbusiness","https:\/\/www.instagram.com\/the_complete_coffeepartner\/","https:\/\/www.linkedin.com\/company\/5267982\/admin\/","https:\/\/www.pinterest.de\/tcharpantidis\/","https:\/\/www.youtube.com\/channel\/UCQxbxyAKpQX142Zlz0VBNww"],"email":"info@solino.gr","telephone":"+30 210 4173201","legalName":"SOLINO IKE","vatID":"EL802133107","taxID":"EL802133107","numberOfEmployees":{"@type":"QuantitativeValue","minValue":"1","maxValue":"10"}}]},"product_brand":"EUREKA","product_price_amount":"339.00","product_price_currency":"EUR","og_availability":"out of stock","product_availability":"out of stock","product_retailer_item_id":"EURESN55E23M20T00N00101","product_condition":"new"},"brands":[{"id":11839,"name":"EUREKA","slug":"eureka"}],"_links":{"self":[{"href":"https:\/\/www.solino.gr\/de\/wp-json\/wp\/v2\/product\/64954","targetHints":{"allow":["GET"]}}],"collection":[{"href":"https:\/\/www.solino.gr\/de\/wp-json\/wp\/v2\/product"}],"about":[{"href":"https:\/\/www.solino.gr\/de\/wp-json\/wp\/v2\/types\/product"}],"replies":[{"embeddable":true,"href":"https:\/\/www.solino.gr\/de\/wp-json\/wp\/v2\/comments?post=64954"}],"version-history":[{"count":2,"href":"https:\/\/www.solino.gr\/de\/wp-json\/wp\/v2\/product\/64954\/revisions"}],"predecessor-version":[{"id":64958,"href":"https:\/\/www.solino.gr\/de\/wp-json\/wp\/v2\/product\/64954\/revisions\/64958"}],"wp:featuredmedia":[{"embeddable":true,"href":"https:\/\/www.solino.gr\/de\/wp-json\/wp\/v2\/media\/64963"}],"wp:attachment":[{"href":"https:\/\/www.solino.gr\/de\/wp-json\/wp\/v2\/media?parent=64954"}],"wp:term":[{"taxonomy":"pwb-brand","embeddable":true,"href":"https:\/\/www.solino.gr\/de\/wp-json\/wp\/v2\/pwb-brand?post=64954"},{"taxonomy":"product_brand","embeddable":true,"href":"https:\/\/www.solino.gr\/de\/wp-json\/wp\/v2\/product_brand?post=64954"},{"taxonomy":"product_cat","embeddable":true,"href":"https:\/\/www.solino.gr\/de\/wp-json\/wp\/v2\/product_cat?post=64954"},{"taxonomy":"product_tag","embeddable":true,"href":"https:\/\/www.solino.gr\/de\/wp-json\/wp\/v2\/product_tag?post=64954"}],"curies":[{"name":"wp","href":"https:\/\/api.w.org\/{rel}","templated":true}]}}