{"id":60112,"date":"2024-12-04T17:35:45","date_gmt":"2024-12-04T15:35:45","guid":{"rendered":"https:\/\/www.solino.gr\/?post_type=product&#038;p=60112"},"modified":"2025-02-04T15:33:55","modified_gmt":"2025-02-04T13:33:55","slug":"eureka-mignon-zero-65-ap-16cr-matt-black","status":"publish","type":"product","link":"https:\/\/www.solino.gr\/de\/shop\/eureka-mignon-zero-65-ap-16cr-matt-black\/","title":{"rendered":"EUREKA &#8211; MIGNON ZERO 65 AP 16CR MATT BLACK"},"content":{"rendered":"\t\t<div data-elementor-type=\"product-post\" data-elementor-id=\"60112\" class=\"elementor elementor-60112 elementor-60111\" data-elementor-post-type=\"product\">\n\t\t\t\t<div class=\"elementor-element elementor-element-095c617 e-flex e-con-boxed e-con e-parent\" data-id=\"095c617\" data-element_type=\"container\" data-e-type=\"container\">\n\t\t\t\t\t<div class=\"e-con-inner\">\n\t\t\t\t<div class=\"elementor-element elementor-element-67dabdf elementor-widget elementor-widget-text-editor\" data-id=\"67dabdf\" data-element_type=\"widget\" data-e-type=\"widget\" data-widget_type=\"text-editor.default\">\n\t\t\t\t<div class=\"elementor-widget-container\">\n\t\t\t\t\t\t\t\t\t<p><span style=\"color: #000000;\">M\u00f6glichst niedrige Retention f\u00fcr alle Kaffeesorten und Zubereitungsmethoden.<\/span><\/p><p><span style=\"color: #000000;\"><strong>DIE ZERO RETENTION MINIMIERT KAFFEEVERSCHWENDUNG UND -KONTAMINATION<\/strong><\/span><\/p><p><span style=\"color: #000000;\">\u2022 DIE OBERE MAHLSCHEIBE MIT DURCHMESSER 65mm IN DER VERSION BLIND. Innovatives System ohne Schraubenl\u00f6cher entwickelt, um eine m\u00f6glichst niedrige Retention und eine bessere Mahlkonsistenz dank einer erweiterten Mahlscheibenfl\u00e4che zu bekommen.\u00a0 \u00a0 \u00a0<\/span><\/p><ul><li><span style=\"color: #000000;\">ZERO RETENTION-MAHLKAMMER. Eine neue Art der Mahlkammer, um die Retention zu minimieren.<\/span><\/li><li><span style=\"color: #000000;\">BLOW UP-SYSTEM. Bereiten Sie Ihren n\u00e4chsten Shot mit einer sauberen Mahlkammer vor.\u00a0<\/span><\/li><li><span style=\"color: #000000;\">EIN SICH UM 5\u00b0 NEIGENDER K\u00d6RPER. Entworfen, um den Kaffeeausfluss zu unterst\u00fctzen.<\/span><\/li><\/ul><p><span style=\"color: #000000;\"><strong>KOMPROMISSLOS BEI DER MAHLQUALIT\u00c4T\u00a0<\/strong><\/span><\/p><ul><li><span style=\"color: #000000;\">ALL PURPOSE MAHLSCHEIBEN. Die Geometrie der Mahlscheiben wurde entworfen, um eine ausgezeichnete Performance bei jeder Zubereitungsmethode unabh\u00e4ngig von der Kaffeesorte und der R\u00f6stung zu bieten.\u00a0<\/span><\/li><li><span style=\"color: #000000;\">EUREKA MOTOR. Die einzige M\u00fchle in seiner Kategorie mit AC-Motor, der normalerweise von professionellen Baristas aufgrund seiner h\u00f6heren Leistung, seiner Widerstandsf\u00e4higkeit und seiner Best\u00e4ndigkeit angefragt wird.<\/span><\/li><li><span style=\"color: #000000;\">SILENT TECHNOLOGY. Ein ger\u00e4uscharmes Mahlen dank der f\u00fcr Eureka exklusiven Anti-Vibrations-L\u00f6sung.<\/span><\/li><li><span style=\"color: #000000;\">STUFENLOSE MIKROMETRISCHE MAHLGRADEINSTELLUNG (zum Patent angemeldet). Unendliche Kontrolle des Mahlgrades dank des von Eureka zum Patent angemeldeten Systems, optimiert durch das neue King Size Dial.<\/span><\/li><\/ul><p><span style=\"color: #000000;\"><strong>SORGENFREI \u00dcBER IHREN ARBEITSABLAUF<\/strong><\/span><\/p><ul><li><span style=\"color: #000000;\">KING SIZE GRIND DIAL MIT DREHZ\u00c4HLER (zum Patent angemeldet). Neues XL-Einstellrad mit Drehz\u00e4hler entwickelt f\u00fcr h\u00f6chsten Komfort und ein einfaches Einstellen f\u00fcr jede Kaffeezubereitung.<\/span><\/li><li><span style=\"color: #000000;\">\u00a0ANTI-CHAFT FUNNEL. Neues System, um Kaffeeverschwendung w\u00e4hrend des Mahlens zu vermeiden.<\/span><\/li><li><span style=\"color: #000000;\">ANTI-POPCORN-SYSTEM. Bruchfester Bohnenbeh\u00e4lter (45g) versehen mit Anti-Popcorn-System.<\/span><\/li><li><span style=\"color: #000000;\">STABILER K\u00d6RPER. Absolute Zuverl\u00e4ssigkeit \u00fcber die Zeit dank feinster Materialien und der feinsten Qualit\u00e4t des Made in Florence.<\/span><\/li><\/ul>\t\t\t\t\t\t\t\t<\/div>\n\t\t\t\t<\/div>\n\t\t\t\t\t<\/div>\n\t\t\t\t<\/div>\n\t\t<div class=\"elementor-element elementor-element-c381cc0 e-flex e-con-boxed e-con e-parent\" data-id=\"c381cc0\" data-element_type=\"container\" data-e-type=\"container\">\n\t\t\t\t\t<div class=\"e-con-inner\">\n\t\t\t\t<div class=\"elementor-element elementor-element-953b576 elementor-widget elementor-widget-image\" data-id=\"953b576\" data-element_type=\"widget\" data-e-type=\"widget\" data-widget_type=\"image.default\">\n\t\t\t\t<div class=\"elementor-widget-container\">\n\t\t\t\t\t\t\t\t\t\t\t\t\t\t\t<img fetchpriority=\"high\" decoding=\"async\" width=\"900\" height=\"416\" src=\"https:\/\/www.solino.gr\/wp-content\/uploads\/2024\/12\/Bildschirmfoto-2024-12-05-um-5.24.52\u202fPM.png\" class=\"attachment-large size-large wp-image-60223\" alt=\"\" srcset=\"https:\/\/www.solino.gr\/wp-content\/uploads\/2024\/12\/Bildschirmfoto-2024-12-05-um-5.24.52\u202fPM.png 937w, https:\/\/www.solino.gr\/wp-content\/uploads\/2024\/12\/Bildschirmfoto-2024-12-05-um-5.24.52\u202fPM-300x139.png 300w, https:\/\/www.solino.gr\/wp-content\/uploads\/2024\/12\/Bildschirmfoto-2024-12-05-um-5.24.52\u202fPM-768x355.png 768w, https:\/\/www.solino.gr\/wp-content\/uploads\/2024\/12\/Bildschirmfoto-2024-12-05-um-5.24.52\u202fPM-920x425.png 920w\" sizes=\"(max-width: 900px) 100vw, 900px\" \/>\t\t\t\t\t\t\t\t\t\t\t\t\t\t\t<\/div>\n\t\t\t\t<\/div>\n\t\t\t\t\t<\/div>\n\t\t\t\t<\/div>\n\t\t\t\t<\/div>\n\t\t","protected":false},"excerpt":{"rendered":"<p>ACE System<\/p>\n<p>Stufenlose mikrometrische Mahlgradeinstellung (Eureka patentiert)<\/p>\n<p>&#8220;High-Speed&#8221; Wartung<\/p>\n<p>Silent Technologie<\/p>\n<p>Espresso &amp; Brew<\/p>\n<p>Universelle h\u00f6henverstellbare &#8220;Hands-Free&#8221; Siebtr\u00e4gergabel<\/p>\n<p>Blow Up System<\/p>\n<p>Obere Mahlscheibe mit Durchmesser von 65mm in der Version blind<\/p>\n","protected":false},"featured_media":69591,"comment_status":"open","ping_status":"closed","template":"","meta":{"inline_featured_image":false},"pwb-brand":[11839],"product_brand":[],"product_cat":[416,648],"product_tag":[11759],"class_list":{"0":"post-60112","1":"product","2":"type-product","3":"status-publish","4":"has-post-thumbnail","6":"pwb-brand-eureka","7":"product_cat-on-demand-grinders-de","8":"product_cat-kaffeemuehlen-de","9":"product_tag-kaffeemuehle","11":"first","12":"instock","13":"sale","14":"taxable","15":"shipping-taxable","16":"purchasable","17":"product-type-simple"},"group_of_quantity":0,"min_quantity":0,"max_quantity":"","exclude_order_quantity_value_rules":"no","exclude_category_quantity_rules":"no","combine_variations":"no","yoast_head":"<!-- This site is optimized with the Yoast SEO Premium plugin v27.4 (Yoast SEO v27.4) - https:\/\/yoast.com\/product\/yoast-seo-premium-wordpress\/ -->\n<title>EUREKA - MIGNON ZERO 65 AP 16CR MATT BLACK - Solino<\/title>\n<meta name=\"robots\" content=\"index, follow, max-snippet:-1, max-image-preview:large, max-video-preview:-1\" \/>\n<link rel=\"canonical\" href=\"https:\/\/www.solino.gr\/de\/shop\/eureka-mignon-zero-65-ap-16cr-matt-black\/\" \/>\n<meta property=\"og:locale\" content=\"de_DE\" \/>\n<meta property=\"og:type\" content=\"article\" \/>\n<meta property=\"og:title\" content=\"EUREKA - MIGNON ZERO 65 AP 16CR MATT BLACK\" \/>\n<meta property=\"og:description\" content=\"ACE System  Stufenlose mikrometrische Mahlgradeinstellung (Eureka patentiert)  &quot;High-Speed&quot; Wartung  Silent Technologie  Espresso &amp; Brew  Universelle h\u00f6henverstellbare &quot;Hands-Free&quot; Siebtr\u00e4gergabel  Blow Up System  Obere Mahlscheibe mit Durchmesser von 65mm in der Version blind\" \/>\n<meta property=\"og:url\" content=\"https:\/\/www.solino.gr\/de\/shop\/eureka-mignon-zero-65-ap-16cr-matt-black\/\" \/>\n<meta property=\"og:site_name\" content=\"Solino\" \/>\n<meta property=\"article:publisher\" content=\"https:\/\/www.facebook.com\/coffeepartnerforyourbusiness\" \/>\n<meta property=\"article:modified_time\" content=\"2025-02-04T13:33:55+00:00\" \/>\n<meta property=\"og:image\" content=\"https:\/\/www.solino.gr\/wp-content\/uploads\/2024\/12\/EUREKA-\u2013-MIGNON-ZERO-65-AP-16CR-MATT-BLACK-\u2013-\u039c\u03cd\u03bb\u03bf\u03c2-\u0386\u03bb\u03b5\u03c3\u03b7\u03c2-\u039a\u03b1\u03c6\u03ad.png\" \/>\n\t<meta property=\"og:image:width\" content=\"900\" \/>\n\t<meta property=\"og:image:height\" content=\"990\" \/>\n\t<meta property=\"og:image:type\" content=\"image\/png\" \/>\n<meta name=\"twitter:card\" content=\"summary_large_image\" \/>\n<meta name=\"twitter:label1\" content=\"Preis\" \/>\n\t<meta name=\"twitter:data1\" content=\"449,00&euro;\" \/>\n\t<meta name=\"twitter:label2\" content=\"Verf\u00fcgbarkeit\" \/>\n\t<meta name=\"twitter:data2\" content=\"Auf Lager\" \/>\n<script type=\"application\/ld+json\" class=\"yoast-schema-graph\">{\"@context\":\"https:\\\/\\\/schema.org\",\"@graph\":[{\"@type\":\"WebPage\",\"@id\":\"https:\\\/\\\/www.solino.gr\\\/de\\\/shop\\\/eureka-mignon-zero-65-ap-16cr-matt-black\\\/\",\"url\":\"https:\\\/\\\/www.solino.gr\\\/de\\\/shop\\\/eureka-mignon-zero-65-ap-16cr-matt-black\\\/\",\"name\":\"EUREKA - MIGNON ZERO 65 AP 16CR MATT BLACK - Solino\",\"isPartOf\":{\"@id\":\"https:\\\/\\\/www.solino.gr\\\/de\\\/#website\"},\"primaryImageOfPage\":{\"@id\":\"https:\\\/\\\/www.solino.gr\\\/de\\\/shop\\\/eureka-mignon-zero-65-ap-16cr-matt-black\\\/#primaryimage\"},\"image\":{\"@id\":\"https:\\\/\\\/www.solino.gr\\\/de\\\/shop\\\/eureka-mignon-zero-65-ap-16cr-matt-black\\\/#primaryimage\"},\"thumbnailUrl\":\"https:\\\/\\\/www.solino.gr\\\/wp-content\\\/uploads\\\/2024\\\/12\\\/EUREKA-\u2013-MIGNON-ZERO-65-AP-16CR-MATT-BLACK-\u2013-\u039c\u03cd\u03bb\u03bf\u03c2-\u0386\u03bb\u03b5\u03c3\u03b7\u03c2-\u039a\u03b1\u03c6\u03ad.png\",\"datePublished\":\"2024-12-04T15:35:45+00:00\",\"dateModified\":\"2025-02-04T13:33:55+00:00\",\"breadcrumb\":{\"@id\":\"https:\\\/\\\/www.solino.gr\\\/de\\\/shop\\\/eureka-mignon-zero-65-ap-16cr-matt-black\\\/#breadcrumb\"},\"inLanguage\":\"de\",\"potentialAction\":[{\"@type\":\"ReadAction\",\"target\":[\"https:\\\/\\\/www.solino.gr\\\/de\\\/shop\\\/eureka-mignon-zero-65-ap-16cr-matt-black\\\/\"]}]},{\"@type\":\"ImageObject\",\"inLanguage\":\"de\",\"@id\":\"https:\\\/\\\/www.solino.gr\\\/de\\\/shop\\\/eureka-mignon-zero-65-ap-16cr-matt-black\\\/#primaryimage\",\"url\":\"https:\\\/\\\/www.solino.gr\\\/wp-content\\\/uploads\\\/2024\\\/12\\\/EUREKA-\u2013-MIGNON-ZERO-65-AP-16CR-MATT-BLACK-\u2013-\u039c\u03cd\u03bb\u03bf\u03c2-\u0386\u03bb\u03b5\u03c3\u03b7\u03c2-\u039a\u03b1\u03c6\u03ad.png\",\"contentUrl\":\"https:\\\/\\\/www.solino.gr\\\/wp-content\\\/uploads\\\/2024\\\/12\\\/EUREKA-\u2013-MIGNON-ZERO-65-AP-16CR-MATT-BLACK-\u2013-\u039c\u03cd\u03bb\u03bf\u03c2-\u0386\u03bb\u03b5\u03c3\u03b7\u03c2-\u039a\u03b1\u03c6\u03ad.png\",\"width\":900,\"height\":990},{\"@type\":\"BreadcrumbList\",\"@id\":\"https:\\\/\\\/www.solino.gr\\\/de\\\/shop\\\/eureka-mignon-zero-65-ap-16cr-matt-black\\\/#breadcrumb\",\"itemListElement\":[{\"@type\":\"ListItem\",\"position\":1,\"name\":\"Home\",\"item\":\"https:\\\/\\\/www.solino.gr\\\/de\\\/\"},{\"@type\":\"ListItem\",\"position\":2,\"name\":\"Unsere Produkte\",\"item\":\"https:\\\/\\\/www.solino.gr\\\/de\\\/shop\\\/\"},{\"@type\":\"ListItem\",\"position\":3,\"name\":\"EUREKA &#8211; MIGNON ZERO 65 AP 16CR MATT BLACK\"}]},{\"@type\":\"WebSite\",\"@id\":\"https:\\\/\\\/www.solino.gr\\\/de\\\/#website\",\"url\":\"https:\\\/\\\/www.solino.gr\\\/de\\\/\",\"name\":\"Solino\",\"description\":\"\u039f\u03b9 \u0395\u03c0\u03b1\u03b3\u03b3\u03b5\u03bb\u03bc\u03b1\u03c4\u03b9\u03ba\u03ad\u03c2 \u039b\u03cd\u03c3\u03b5\u03b9\u03c2 \u03c3\u03c4\u03b9\u03c2 \u039c\u03b7\u03c7\u03b1\u03bd\u03ad\u03c2 \u039a\u03b1\u03c6\u03ad &amp; \u0395\u03c3\u03c0\u03c1\u03ad\u03c3\u03bf\",\"publisher\":{\"@id\":\"https:\\\/\\\/www.solino.gr\\\/de\\\/#organization\"},\"potentialAction\":[{\"@type\":\"SearchAction\",\"target\":{\"@type\":\"EntryPoint\",\"urlTemplate\":\"https:\\\/\\\/www.solino.gr\\\/de\\\/?s={search_term_string}\"},\"query-input\":{\"@type\":\"PropertyValueSpecification\",\"valueRequired\":true,\"valueName\":\"search_term_string\"}}],\"inLanguage\":\"de\"},{\"@type\":\"Organization\",\"@id\":\"https:\\\/\\\/www.solino.gr\\\/de\\\/#organization\",\"name\":\"Solino\",\"url\":\"https:\\\/\\\/www.solino.gr\\\/de\\\/\",\"logo\":{\"@type\":\"ImageObject\",\"inLanguage\":\"de\",\"@id\":\"https:\\\/\\\/www.solino.gr\\\/de\\\/#\\\/schema\\\/logo\\\/image\\\/\",\"url\":\"https:\\\/\\\/www.solino.gr\\\/wp-content\\\/uploads\\\/2021\\\/04\\\/Solino-Weis-.jpg\",\"contentUrl\":\"https:\\\/\\\/www.solino.gr\\\/wp-content\\\/uploads\\\/2021\\\/04\\\/Solino-Weis-.jpg\",\"width\":1156,\"height\":429,\"caption\":\"Solino\"},\"image\":{\"@id\":\"https:\\\/\\\/www.solino.gr\\\/de\\\/#\\\/schema\\\/logo\\\/image\\\/\"},\"sameAs\":[\"https:\\\/\\\/www.facebook.com\\\/coffeepartnerforyourbusiness\",\"https:\\\/\\\/www.instagram.com\\\/the_complete_coffeepartner\\\/\",\"https:\\\/\\\/www.linkedin.com\\\/company\\\/5267982\\\/admin\\\/\",\"https:\\\/\\\/www.pinterest.de\\\/tcharpantidis\\\/\",\"https:\\\/\\\/www.youtube.com\\\/channel\\\/UCQxbxyAKpQX142Zlz0VBNww\"],\"email\":\"info@solino.gr\",\"telephone\":\"+30 210 4173201\",\"legalName\":\"SOLINO IKE\",\"vatID\":\"EL802133107\",\"taxID\":\"EL802133107\",\"numberOfEmployees\":{\"@type\":\"QuantitativeValue\",\"minValue\":\"1\",\"maxValue\":\"10\"}}]}<\/script>\n<meta property=\"product:brand\" content=\"EUREKA\" \/>\n<meta property=\"product:price:amount\" content=\"449.00\" \/>\n<meta property=\"product:price:currency\" content=\"EUR\" \/>\n<meta property=\"og:availability\" content=\"instock\" \/>\n<meta property=\"product:availability\" content=\"instock\" \/>\n<meta property=\"product:retailer_item_id\" content=\"EUREZA6PM23MSIZ00000001\" \/>\n<meta property=\"product:condition\" content=\"new\" \/>\n<!-- \/ Yoast SEO Premium plugin. -->","yoast_head_json":{"title":"EUREKA - MIGNON ZERO 65 AP 16CR MATT BLACK - Solino","robots":{"index":"index","follow":"follow","max-snippet":"max-snippet:-1","max-image-preview":"max-image-preview:large","max-video-preview":"max-video-preview:-1"},"canonical":"https:\/\/www.solino.gr\/de\/shop\/eureka-mignon-zero-65-ap-16cr-matt-black\/","og_locale":"de_DE","og_type":"article","og_title":"EUREKA - MIGNON ZERO 65 AP 16CR MATT BLACK","og_description":"ACE System  Stufenlose mikrometrische Mahlgradeinstellung (Eureka patentiert)  \"High-Speed\" Wartung  Silent Technologie  Espresso &amp; Brew  Universelle h\u00f6henverstellbare \"Hands-Free\" Siebtr\u00e4gergabel  Blow Up System  Obere Mahlscheibe mit Durchmesser von 65mm in der Version blind","og_url":"https:\/\/www.solino.gr\/de\/shop\/eureka-mignon-zero-65-ap-16cr-matt-black\/","og_site_name":"Solino","article_publisher":"https:\/\/www.facebook.com\/coffeepartnerforyourbusiness","article_modified_time":"2025-02-04T13:33:55+00:00","og_image":[{"width":900,"height":990,"url":"https:\/\/www.solino.gr\/wp-content\/uploads\/2024\/12\/EUREKA-\u2013-MIGNON-ZERO-65-AP-16CR-MATT-BLACK-\u2013-\u039c\u03cd\u03bb\u03bf\u03c2-\u0386\u03bb\u03b5\u03c3\u03b7\u03c2-\u039a\u03b1\u03c6\u03ad.png","type":"image\/png"}],"twitter_card":"summary_large_image","twitter_misc":{"Preis":"449,00&euro;","Verf\u00fcgbarkeit":"Auf Lager"},"schema":{"@context":"https:\/\/schema.org","@graph":[{"@type":"WebPage","@id":"https:\/\/www.solino.gr\/de\/shop\/eureka-mignon-zero-65-ap-16cr-matt-black\/","url":"https:\/\/www.solino.gr\/de\/shop\/eureka-mignon-zero-65-ap-16cr-matt-black\/","name":"EUREKA - MIGNON ZERO 65 AP 16CR MATT BLACK - Solino","isPartOf":{"@id":"https:\/\/www.solino.gr\/de\/#website"},"primaryImageOfPage":{"@id":"https:\/\/www.solino.gr\/de\/shop\/eureka-mignon-zero-65-ap-16cr-matt-black\/#primaryimage"},"image":{"@id":"https:\/\/www.solino.gr\/de\/shop\/eureka-mignon-zero-65-ap-16cr-matt-black\/#primaryimage"},"thumbnailUrl":"https:\/\/www.solino.gr\/wp-content\/uploads\/2024\/12\/EUREKA-\u2013-MIGNON-ZERO-65-AP-16CR-MATT-BLACK-\u2013-\u039c\u03cd\u03bb\u03bf\u03c2-\u0386\u03bb\u03b5\u03c3\u03b7\u03c2-\u039a\u03b1\u03c6\u03ad.png","datePublished":"2024-12-04T15:35:45+00:00","dateModified":"2025-02-04T13:33:55+00:00","breadcrumb":{"@id":"https:\/\/www.solino.gr\/de\/shop\/eureka-mignon-zero-65-ap-16cr-matt-black\/#breadcrumb"},"inLanguage":"de","potentialAction":[{"@type":"ReadAction","target":["https:\/\/www.solino.gr\/de\/shop\/eureka-mignon-zero-65-ap-16cr-matt-black\/"]}]},{"@type":"ImageObject","inLanguage":"de","@id":"https:\/\/www.solino.gr\/de\/shop\/eureka-mignon-zero-65-ap-16cr-matt-black\/#primaryimage","url":"https:\/\/www.solino.gr\/wp-content\/uploads\/2024\/12\/EUREKA-\u2013-MIGNON-ZERO-65-AP-16CR-MATT-BLACK-\u2013-\u039c\u03cd\u03bb\u03bf\u03c2-\u0386\u03bb\u03b5\u03c3\u03b7\u03c2-\u039a\u03b1\u03c6\u03ad.png","contentUrl":"https:\/\/www.solino.gr\/wp-content\/uploads\/2024\/12\/EUREKA-\u2013-MIGNON-ZERO-65-AP-16CR-MATT-BLACK-\u2013-\u039c\u03cd\u03bb\u03bf\u03c2-\u0386\u03bb\u03b5\u03c3\u03b7\u03c2-\u039a\u03b1\u03c6\u03ad.png","width":900,"height":990},{"@type":"BreadcrumbList","@id":"https:\/\/www.solino.gr\/de\/shop\/eureka-mignon-zero-65-ap-16cr-matt-black\/#breadcrumb","itemListElement":[{"@type":"ListItem","position":1,"name":"Home","item":"https:\/\/www.solino.gr\/de\/"},{"@type":"ListItem","position":2,"name":"Unsere Produkte","item":"https:\/\/www.solino.gr\/de\/shop\/"},{"@type":"ListItem","position":3,"name":"EUREKA &#8211; MIGNON ZERO 65 AP 16CR MATT BLACK"}]},{"@type":"WebSite","@id":"https:\/\/www.solino.gr\/de\/#website","url":"https:\/\/www.solino.gr\/de\/","name":"Solino","description":"\u039f\u03b9 \u0395\u03c0\u03b1\u03b3\u03b3\u03b5\u03bb\u03bc\u03b1\u03c4\u03b9\u03ba\u03ad\u03c2 \u039b\u03cd\u03c3\u03b5\u03b9\u03c2 \u03c3\u03c4\u03b9\u03c2 \u039c\u03b7\u03c7\u03b1\u03bd\u03ad\u03c2 \u039a\u03b1\u03c6\u03ad &amp; \u0395\u03c3\u03c0\u03c1\u03ad\u03c3\u03bf","publisher":{"@id":"https:\/\/www.solino.gr\/de\/#organization"},"potentialAction":[{"@type":"SearchAction","target":{"@type":"EntryPoint","urlTemplate":"https:\/\/www.solino.gr\/de\/?s={search_term_string}"},"query-input":{"@type":"PropertyValueSpecification","valueRequired":true,"valueName":"search_term_string"}}],"inLanguage":"de"},{"@type":"Organization","@id":"https:\/\/www.solino.gr\/de\/#organization","name":"Solino","url":"https:\/\/www.solino.gr\/de\/","logo":{"@type":"ImageObject","inLanguage":"de","@id":"https:\/\/www.solino.gr\/de\/#\/schema\/logo\/image\/","url":"https:\/\/www.solino.gr\/wp-content\/uploads\/2021\/04\/Solino-Weis-.jpg","contentUrl":"https:\/\/www.solino.gr\/wp-content\/uploads\/2021\/04\/Solino-Weis-.jpg","width":1156,"height":429,"caption":"Solino"},"image":{"@id":"https:\/\/www.solino.gr\/de\/#\/schema\/logo\/image\/"},"sameAs":["https:\/\/www.facebook.com\/coffeepartnerforyourbusiness","https:\/\/www.instagram.com\/the_complete_coffeepartner\/","https:\/\/www.linkedin.com\/company\/5267982\/admin\/","https:\/\/www.pinterest.de\/tcharpantidis\/","https:\/\/www.youtube.com\/channel\/UCQxbxyAKpQX142Zlz0VBNww"],"email":"info@solino.gr","telephone":"+30 210 4173201","legalName":"SOLINO IKE","vatID":"EL802133107","taxID":"EL802133107","numberOfEmployees":{"@type":"QuantitativeValue","minValue":"1","maxValue":"10"}}]},"product_brand":"EUREKA","product_price_amount":"449.00","product_price_currency":"EUR","og_availability":"instock","product_availability":"instock","product_retailer_item_id":"EUREZA6PM23MSIZ00000001","product_condition":"new"},"brands":[{"id":11839,"name":"EUREKA","slug":"eureka"}],"_links":{"self":[{"href":"https:\/\/www.solino.gr\/de\/wp-json\/wp\/v2\/product\/60112","targetHints":{"allow":["GET"]}}],"collection":[{"href":"https:\/\/www.solino.gr\/de\/wp-json\/wp\/v2\/product"}],"about":[{"href":"https:\/\/www.solino.gr\/de\/wp-json\/wp\/v2\/types\/product"}],"replies":[{"embeddable":true,"href":"https:\/\/www.solino.gr\/de\/wp-json\/wp\/v2\/comments?post=60112"}],"version-history":[{"count":2,"href":"https:\/\/www.solino.gr\/de\/wp-json\/wp\/v2\/product\/60112\/revisions"}],"predecessor-version":[{"id":65780,"href":"https:\/\/www.solino.gr\/de\/wp-json\/wp\/v2\/product\/60112\/revisions\/65780"}],"wp:featuredmedia":[{"embeddable":true,"href":"https:\/\/www.solino.gr\/de\/wp-json\/wp\/v2\/media\/69591"}],"wp:attachment":[{"href":"https:\/\/www.solino.gr\/de\/wp-json\/wp\/v2\/media?parent=60112"}],"wp:term":[{"taxonomy":"pwb-brand","embeddable":true,"href":"https:\/\/www.solino.gr\/de\/wp-json\/wp\/v2\/pwb-brand?post=60112"},{"taxonomy":"product_brand","embeddable":true,"href":"https:\/\/www.solino.gr\/de\/wp-json\/wp\/v2\/product_brand?post=60112"},{"taxonomy":"product_cat","embeddable":true,"href":"https:\/\/www.solino.gr\/de\/wp-json\/wp\/v2\/product_cat?post=60112"},{"taxonomy":"product_tag","embeddable":true,"href":"https:\/\/www.solino.gr\/de\/wp-json\/wp\/v2\/product_tag?post=60112"}],"curies":[{"name":"wp","href":"https:\/\/api.w.org\/{rel}","templated":true}]}}