{"id":59447,"date":"2024-11-14T17:22:55","date_gmt":"2024-11-14T15:22:55","guid":{"rendered":"https:\/\/www.solino.gr\/?post_type=product&#038;p=59447"},"modified":"2025-01-29T09:36:15","modified_gmt":"2025-01-29T07:36:15","slug":"saeco-m50-kaffeemuehle","status":"publish","type":"product","link":"https:\/\/www.solino.gr\/de\/shop\/saeco-m50-kaffeemuehle\/","title":{"rendered":"Saeco M50 &#8211; Kaffeem\u00fchle"},"content":{"rendered":"<div class=\"wpb-content-wrapper\"><p>[vc_row][vc_column width=&#8221;1\/4&#8243;][\/vc_column][vc_column width=&#8221;1\/2&#8243;][vc_single_image image=&#8221;59355&#8243; img_size=&#8221;medium&#8221;][vc_column_text css=&#8221;.vc_custom_1731597762491{border-radius: 35px !important;}&#8221;]<strong>TECHNISCHE DATEN<br \/>\n<\/strong><\/p>\n<table>\n<tbody>\n<tr>\n<td>Ma\u00dfe (B x H x T)<\/td>\n<td>(L x H x P) 150 x 420 x 240 mm<\/td>\n<\/tr>\n<tr>\n<td>Gewicht<\/td>\n<td>3,2 kg<\/td>\n<\/tr>\n<tr>\n<td>Material der Struktur<\/td>\n<td>Edelstahl<\/td>\n<\/tr>\n<tr>\n<td>Stromversorgung<\/td>\n<td>220-240 V\/50-60 Hz<\/td>\n<\/tr>\n<tr>\n<td>Motor<\/td>\n<td>120-140 W<\/td>\n<\/tr>\n<tr>\n<td>Kapazit\u00e4t &#8211; Kaffeebohnenbeh\u00e4lters<\/td>\n<td>450 gr<\/td>\n<\/tr>\n<tr>\n<td>Konische M\u00fchlen<\/td>\n<td>Ja<\/td>\n<\/tr>\n<tr>\n<td>Anzahl der Schleifstufen<\/td>\n<td>30<\/td>\n<\/tr>\n<tr>\n<td>LED-Beleuchtung<\/td>\n<td>Ja<\/td>\n<\/tr>\n<tr>\n<td>Reinigungsb\u00fcrste<\/td>\n<td>Ja<\/td>\n<\/tr>\n<tr>\n<td>Durchmesser M\u00fchlen<\/td>\n<td>50mm<\/td>\n<\/tr>\n<\/tbody>\n<\/table>\n<p>[\/vc_column_text][\/vc_column][vc_column width=&#8221;1\/4&#8243;][\/vc_column][\/vc_row]<\/p>\n<\/div>","protected":false},"excerpt":{"rendered":"<p>Die M50 ist der ideale Begleiter in jeder K\u00fcche. Sie bietet ein modernes Design mit LED-Beleuchtung, einen robusten Edelstahlrahmen und garantiert hohe Leistung auf kleinem Raum.<\/p>\n<ul>\n<li>Kaffeebohnenbeh\u00e4lter (450 g), auch im vollen Zustand leicht herausnehmbar<\/li>\n<li>30 verschiedene Mahlgrade, einfach \u00fcber das vordere Einstellrad einstellbar<\/li>\n<li>Metall-Auslaufbereich (58 und 50 mm) mit LED-Beleuchtung und elektronischem Br\u00fchsystem<\/li>\n<\/ul>\n","protected":false},"featured_media":59350,"comment_status":"open","ping_status":"closed","template":"","meta":{"inline_featured_image":false},"pwb-brand":[],"product_brand":[],"product_cat":[152,648],"product_tag":[11759,12097],"class_list":{"0":"post-59447","1":"product","2":"type-product","3":"status-publish","4":"has-post-thumbnail","6":"product_cat-coffee-grinders","7":"product_cat-kaffeemuehlen-de","8":"product_tag-kaffeemuehle","9":"product_tag-professionelle-kaffeemuehle","11":"first","12":"instock","13":"sale","14":"sold-individually","15":"taxable","16":"shipping-taxable","17":"purchasable","18":"product-type-simple"},"group_of_quantity":0,"min_quantity":0,"max_quantity":"","exclude_order_quantity_value_rules":"no","exclude_category_quantity_rules":"no","combine_variations":"no","yoast_head":"<!-- This site is optimized with the Yoast SEO Premium plugin v27.4 (Yoast SEO v27.4) - https:\/\/yoast.com\/product\/yoast-seo-premium-wordpress\/ -->\n<title>Saeco M50 - Kaffeem\u00fchle - Solino<\/title>\n<meta name=\"robots\" content=\"index, follow, max-snippet:-1, max-image-preview:large, max-video-preview:-1\" \/>\n<link rel=\"canonical\" href=\"https:\/\/www.solino.gr\/de\/shop\/saeco-m50-kaffeemuehle\/\" \/>\n<meta property=\"og:locale\" content=\"de_DE\" \/>\n<meta property=\"og:type\" content=\"article\" \/>\n<meta property=\"og:title\" content=\"Saeco M50 - Kaffeem\u00fchle\" \/>\n<meta property=\"og:description\" content=\"Die M50 ist der ideale Begleiter in jeder K\u00fcche. Sie bietet ein modernes Design mit LED-Beleuchtung, einen robusten Edelstahlrahmen und garantiert hohe Leistung auf kleinem Raum.   Kaffeebohnenbeh\u00e4lter (450 g), auch im vollen Zustand leicht herausnehmbar  30 verschiedene Mahlgrade, einfach \u00fcber das vordere Einstellrad einstellbar  Metall-Auslaufbereich (58 und 50 mm) mit LED-Beleuchtung und elektronischem Br\u00fchsystem\" \/>\n<meta property=\"og:url\" content=\"https:\/\/www.solino.gr\/de\/shop\/saeco-m50-kaffeemuehle\/\" \/>\n<meta property=\"og:site_name\" content=\"Solino\" \/>\n<meta property=\"article:publisher\" content=\"https:\/\/www.facebook.com\/coffeepartnerforyourbusiness\" \/>\n<meta property=\"article:modified_time\" content=\"2025-01-29T07:36:15+00:00\" \/>\n<meta property=\"og:image\" content=\"https:\/\/www.solino.gr\/wp-content\/uploads\/2024\/11\/M50_Grinder-e1731586196344.jpg\" \/>\n\t<meta property=\"og:image:width\" content=\"473\" \/>\n\t<meta property=\"og:image:height\" content=\"633\" \/>\n\t<meta property=\"og:image:type\" content=\"image\/jpeg\" \/>\n<meta name=\"twitter:card\" content=\"summary_large_image\" \/>\n<meta name=\"twitter:label1\" content=\"Preis\" \/>\n\t<meta name=\"twitter:data1\" content=\"489,00&euro;\" \/>\n\t<meta name=\"twitter:label2\" content=\"Verf\u00fcgbarkeit\" \/>\n\t<meta name=\"twitter:data2\" content=\"Auf Lager\" \/>\n<script type=\"application\/ld+json\" class=\"yoast-schema-graph\">{\"@context\":\"https:\\\/\\\/schema.org\",\"@graph\":[{\"@type\":\"WebPage\",\"@id\":\"https:\\\/\\\/www.solino.gr\\\/de\\\/shop\\\/saeco-m50-kaffeemuehle\\\/\",\"url\":\"https:\\\/\\\/www.solino.gr\\\/de\\\/shop\\\/saeco-m50-kaffeemuehle\\\/\",\"name\":\"Saeco M50 - Kaffeem\u00fchle - Solino\",\"isPartOf\":{\"@id\":\"https:\\\/\\\/www.solino.gr\\\/de\\\/#website\"},\"primaryImageOfPage\":{\"@id\":\"https:\\\/\\\/www.solino.gr\\\/de\\\/shop\\\/saeco-m50-kaffeemuehle\\\/#primaryimage\"},\"image\":{\"@id\":\"https:\\\/\\\/www.solino.gr\\\/de\\\/shop\\\/saeco-m50-kaffeemuehle\\\/#primaryimage\"},\"thumbnailUrl\":\"https:\\\/\\\/www.solino.gr\\\/wp-content\\\/uploads\\\/2024\\\/11\\\/M50_Grinder-e1731586196344.jpg\",\"datePublished\":\"2024-11-14T15:22:55+00:00\",\"dateModified\":\"2025-01-29T07:36:15+00:00\",\"breadcrumb\":{\"@id\":\"https:\\\/\\\/www.solino.gr\\\/de\\\/shop\\\/saeco-m50-kaffeemuehle\\\/#breadcrumb\"},\"inLanguage\":\"de\",\"potentialAction\":[{\"@type\":\"ReadAction\",\"target\":[\"https:\\\/\\\/www.solino.gr\\\/de\\\/shop\\\/saeco-m50-kaffeemuehle\\\/\"]}]},{\"@type\":\"ImageObject\",\"inLanguage\":\"de\",\"@id\":\"https:\\\/\\\/www.solino.gr\\\/de\\\/shop\\\/saeco-m50-kaffeemuehle\\\/#primaryimage\",\"url\":\"https:\\\/\\\/www.solino.gr\\\/wp-content\\\/uploads\\\/2024\\\/11\\\/M50_Grinder-e1731586196344.jpg\",\"contentUrl\":\"https:\\\/\\\/www.solino.gr\\\/wp-content\\\/uploads\\\/2024\\\/11\\\/M50_Grinder-e1731586196344.jpg\",\"width\":473,\"height\":633},{\"@type\":\"BreadcrumbList\",\"@id\":\"https:\\\/\\\/www.solino.gr\\\/de\\\/shop\\\/saeco-m50-kaffeemuehle\\\/#breadcrumb\",\"itemListElement\":[{\"@type\":\"ListItem\",\"position\":1,\"name\":\"Home\",\"item\":\"https:\\\/\\\/www.solino.gr\\\/de\\\/\"},{\"@type\":\"ListItem\",\"position\":2,\"name\":\"Unsere Produkte\",\"item\":\"https:\\\/\\\/www.solino.gr\\\/de\\\/shop\\\/\"},{\"@type\":\"ListItem\",\"position\":3,\"name\":\"Saeco M50 &#8211; Kaffeem\u00fchle\"}]},{\"@type\":\"WebSite\",\"@id\":\"https:\\\/\\\/www.solino.gr\\\/de\\\/#website\",\"url\":\"https:\\\/\\\/www.solino.gr\\\/de\\\/\",\"name\":\"Solino\",\"description\":\"\u039f\u03b9 \u0395\u03c0\u03b1\u03b3\u03b3\u03b5\u03bb\u03bc\u03b1\u03c4\u03b9\u03ba\u03ad\u03c2 \u039b\u03cd\u03c3\u03b5\u03b9\u03c2 \u03c3\u03c4\u03b9\u03c2 \u039c\u03b7\u03c7\u03b1\u03bd\u03ad\u03c2 \u039a\u03b1\u03c6\u03ad &amp; \u0395\u03c3\u03c0\u03c1\u03ad\u03c3\u03bf\",\"publisher\":{\"@id\":\"https:\\\/\\\/www.solino.gr\\\/de\\\/#organization\"},\"potentialAction\":[{\"@type\":\"SearchAction\",\"target\":{\"@type\":\"EntryPoint\",\"urlTemplate\":\"https:\\\/\\\/www.solino.gr\\\/de\\\/?s={search_term_string}\"},\"query-input\":{\"@type\":\"PropertyValueSpecification\",\"valueRequired\":true,\"valueName\":\"search_term_string\"}}],\"inLanguage\":\"de\"},{\"@type\":\"Organization\",\"@id\":\"https:\\\/\\\/www.solino.gr\\\/de\\\/#organization\",\"name\":\"Solino\",\"url\":\"https:\\\/\\\/www.solino.gr\\\/de\\\/\",\"logo\":{\"@type\":\"ImageObject\",\"inLanguage\":\"de\",\"@id\":\"https:\\\/\\\/www.solino.gr\\\/de\\\/#\\\/schema\\\/logo\\\/image\\\/\",\"url\":\"https:\\\/\\\/www.solino.gr\\\/wp-content\\\/uploads\\\/2021\\\/04\\\/Solino-Weis-.jpg\",\"contentUrl\":\"https:\\\/\\\/www.solino.gr\\\/wp-content\\\/uploads\\\/2021\\\/04\\\/Solino-Weis-.jpg\",\"width\":1156,\"height\":429,\"caption\":\"Solino\"},\"image\":{\"@id\":\"https:\\\/\\\/www.solino.gr\\\/de\\\/#\\\/schema\\\/logo\\\/image\\\/\"},\"sameAs\":[\"https:\\\/\\\/www.facebook.com\\\/coffeepartnerforyourbusiness\",\"https:\\\/\\\/www.instagram.com\\\/the_complete_coffeepartner\\\/\",\"https:\\\/\\\/www.linkedin.com\\\/company\\\/5267982\\\/admin\\\/\",\"https:\\\/\\\/www.pinterest.de\\\/tcharpantidis\\\/\",\"https:\\\/\\\/www.youtube.com\\\/channel\\\/UCQxbxyAKpQX142Zlz0VBNww\"],\"email\":\"info@solino.gr\",\"telephone\":\"+30 210 4173201\",\"legalName\":\"SOLINO IKE\",\"vatID\":\"EL802133107\",\"taxID\":\"EL802133107\",\"numberOfEmployees\":{\"@type\":\"QuantitativeValue\",\"minValue\":\"1\",\"maxValue\":\"10\"}}]}<\/script>\n<meta property=\"product:price:amount\" content=\"489.00\" \/>\n<meta property=\"product:price:currency\" content=\"EUR\" \/>\n<meta property=\"og:availability\" content=\"instock\" \/>\n<meta property=\"product:availability\" content=\"instock\" \/>\n<meta property=\"product:retailer_item_id\" content=\"SAEM9017MCA\" \/>\n<meta property=\"product:condition\" content=\"new\" \/>\n<!-- \/ Yoast SEO Premium plugin. -->","yoast_head_json":{"title":"Saeco M50 - Kaffeem\u00fchle - Solino","robots":{"index":"index","follow":"follow","max-snippet":"max-snippet:-1","max-image-preview":"max-image-preview:large","max-video-preview":"max-video-preview:-1"},"canonical":"https:\/\/www.solino.gr\/de\/shop\/saeco-m50-kaffeemuehle\/","og_locale":"de_DE","og_type":"article","og_title":"Saeco M50 - Kaffeem\u00fchle","og_description":"Die M50 ist der ideale Begleiter in jeder K\u00fcche. Sie bietet ein modernes Design mit LED-Beleuchtung, einen robusten Edelstahlrahmen und garantiert hohe Leistung auf kleinem Raum.   Kaffeebohnenbeh\u00e4lter (450 g), auch im vollen Zustand leicht herausnehmbar  30 verschiedene Mahlgrade, einfach \u00fcber das vordere Einstellrad einstellbar  Metall-Auslaufbereich (58 und 50 mm) mit LED-Beleuchtung und elektronischem Br\u00fchsystem","og_url":"https:\/\/www.solino.gr\/de\/shop\/saeco-m50-kaffeemuehle\/","og_site_name":"Solino","article_publisher":"https:\/\/www.facebook.com\/coffeepartnerforyourbusiness","article_modified_time":"2025-01-29T07:36:15+00:00","og_image":[{"width":473,"height":633,"url":"https:\/\/www.solino.gr\/wp-content\/uploads\/2024\/11\/M50_Grinder-e1731586196344.jpg","type":"image\/jpeg"}],"twitter_card":"summary_large_image","twitter_misc":{"Preis":"489,00&euro;","Verf\u00fcgbarkeit":"Auf Lager"},"schema":{"@context":"https:\/\/schema.org","@graph":[{"@type":"WebPage","@id":"https:\/\/www.solino.gr\/de\/shop\/saeco-m50-kaffeemuehle\/","url":"https:\/\/www.solino.gr\/de\/shop\/saeco-m50-kaffeemuehle\/","name":"Saeco M50 - Kaffeem\u00fchle - Solino","isPartOf":{"@id":"https:\/\/www.solino.gr\/de\/#website"},"primaryImageOfPage":{"@id":"https:\/\/www.solino.gr\/de\/shop\/saeco-m50-kaffeemuehle\/#primaryimage"},"image":{"@id":"https:\/\/www.solino.gr\/de\/shop\/saeco-m50-kaffeemuehle\/#primaryimage"},"thumbnailUrl":"https:\/\/www.solino.gr\/wp-content\/uploads\/2024\/11\/M50_Grinder-e1731586196344.jpg","datePublished":"2024-11-14T15:22:55+00:00","dateModified":"2025-01-29T07:36:15+00:00","breadcrumb":{"@id":"https:\/\/www.solino.gr\/de\/shop\/saeco-m50-kaffeemuehle\/#breadcrumb"},"inLanguage":"de","potentialAction":[{"@type":"ReadAction","target":["https:\/\/www.solino.gr\/de\/shop\/saeco-m50-kaffeemuehle\/"]}]},{"@type":"ImageObject","inLanguage":"de","@id":"https:\/\/www.solino.gr\/de\/shop\/saeco-m50-kaffeemuehle\/#primaryimage","url":"https:\/\/www.solino.gr\/wp-content\/uploads\/2024\/11\/M50_Grinder-e1731586196344.jpg","contentUrl":"https:\/\/www.solino.gr\/wp-content\/uploads\/2024\/11\/M50_Grinder-e1731586196344.jpg","width":473,"height":633},{"@type":"BreadcrumbList","@id":"https:\/\/www.solino.gr\/de\/shop\/saeco-m50-kaffeemuehle\/#breadcrumb","itemListElement":[{"@type":"ListItem","position":1,"name":"Home","item":"https:\/\/www.solino.gr\/de\/"},{"@type":"ListItem","position":2,"name":"Unsere Produkte","item":"https:\/\/www.solino.gr\/de\/shop\/"},{"@type":"ListItem","position":3,"name":"Saeco M50 &#8211; Kaffeem\u00fchle"}]},{"@type":"WebSite","@id":"https:\/\/www.solino.gr\/de\/#website","url":"https:\/\/www.solino.gr\/de\/","name":"Solino","description":"\u039f\u03b9 \u0395\u03c0\u03b1\u03b3\u03b3\u03b5\u03bb\u03bc\u03b1\u03c4\u03b9\u03ba\u03ad\u03c2 \u039b\u03cd\u03c3\u03b5\u03b9\u03c2 \u03c3\u03c4\u03b9\u03c2 \u039c\u03b7\u03c7\u03b1\u03bd\u03ad\u03c2 \u039a\u03b1\u03c6\u03ad &amp; \u0395\u03c3\u03c0\u03c1\u03ad\u03c3\u03bf","publisher":{"@id":"https:\/\/www.solino.gr\/de\/#organization"},"potentialAction":[{"@type":"SearchAction","target":{"@type":"EntryPoint","urlTemplate":"https:\/\/www.solino.gr\/de\/?s={search_term_string}"},"query-input":{"@type":"PropertyValueSpecification","valueRequired":true,"valueName":"search_term_string"}}],"inLanguage":"de"},{"@type":"Organization","@id":"https:\/\/www.solino.gr\/de\/#organization","name":"Solino","url":"https:\/\/www.solino.gr\/de\/","logo":{"@type":"ImageObject","inLanguage":"de","@id":"https:\/\/www.solino.gr\/de\/#\/schema\/logo\/image\/","url":"https:\/\/www.solino.gr\/wp-content\/uploads\/2021\/04\/Solino-Weis-.jpg","contentUrl":"https:\/\/www.solino.gr\/wp-content\/uploads\/2021\/04\/Solino-Weis-.jpg","width":1156,"height":429,"caption":"Solino"},"image":{"@id":"https:\/\/www.solino.gr\/de\/#\/schema\/logo\/image\/"},"sameAs":["https:\/\/www.facebook.com\/coffeepartnerforyourbusiness","https:\/\/www.instagram.com\/the_complete_coffeepartner\/","https:\/\/www.linkedin.com\/company\/5267982\/admin\/","https:\/\/www.pinterest.de\/tcharpantidis\/","https:\/\/www.youtube.com\/channel\/UCQxbxyAKpQX142Zlz0VBNww"],"email":"info@solino.gr","telephone":"+30 210 4173201","legalName":"SOLINO IKE","vatID":"EL802133107","taxID":"EL802133107","numberOfEmployees":{"@type":"QuantitativeValue","minValue":"1","maxValue":"10"}}]},"product_price_amount":"489.00","product_price_currency":"EUR","og_availability":"instock","product_availability":"instock","product_retailer_item_id":"SAEM9017MCA","product_condition":"new"},"brands":[],"_links":{"self":[{"href":"https:\/\/www.solino.gr\/de\/wp-json\/wp\/v2\/product\/59447","targetHints":{"allow":["GET"]}}],"collection":[{"href":"https:\/\/www.solino.gr\/de\/wp-json\/wp\/v2\/product"}],"about":[{"href":"https:\/\/www.solino.gr\/de\/wp-json\/wp\/v2\/types\/product"}],"replies":[{"embeddable":true,"href":"https:\/\/www.solino.gr\/de\/wp-json\/wp\/v2\/comments?post=59447"}],"version-history":[{"count":1,"href":"https:\/\/www.solino.gr\/de\/wp-json\/wp\/v2\/product\/59447\/revisions"}],"predecessor-version":[{"id":66033,"href":"https:\/\/www.solino.gr\/de\/wp-json\/wp\/v2\/product\/59447\/revisions\/66033"}],"wp:featuredmedia":[{"embeddable":true,"href":"https:\/\/www.solino.gr\/de\/wp-json\/wp\/v2\/media\/59350"}],"wp:attachment":[{"href":"https:\/\/www.solino.gr\/de\/wp-json\/wp\/v2\/media?parent=59447"}],"wp:term":[{"taxonomy":"pwb-brand","embeddable":true,"href":"https:\/\/www.solino.gr\/de\/wp-json\/wp\/v2\/pwb-brand?post=59447"},{"taxonomy":"product_brand","embeddable":true,"href":"https:\/\/www.solino.gr\/de\/wp-json\/wp\/v2\/product_brand?post=59447"},{"taxonomy":"product_cat","embeddable":true,"href":"https:\/\/www.solino.gr\/de\/wp-json\/wp\/v2\/product_cat?post=59447"},{"taxonomy":"product_tag","embeddable":true,"href":"https:\/\/www.solino.gr\/de\/wp-json\/wp\/v2\/product_tag?post=59447"}],"curies":[{"name":"wp","href":"https:\/\/api.w.org\/{rel}","templated":true}]}}