{"id":59332,"date":"2024-11-14T12:01:37","date_gmt":"2024-11-14T10:01:37","guid":{"rendered":"https:\/\/www.solino.gr\/?post_type=product&#038;p=59332"},"modified":"2026-03-03T11:04:34","modified_gmt":"2026-03-03T09:04:34","slug":"tchibo-cafe-espresso-classico-ganze-bohne-1x500g","status":"publish","type":"product","link":"https:\/\/www.solino.gr\/de\/shop\/tchibo-cafe-espresso-classico-ganze-bohne-1x500g\/","title":{"rendered":"Tchibo Cafe Espresso Classico Ganze Bohne (1x500g)"},"content":{"rendered":"\t\t<div data-elementor-type=\"product-post\" data-elementor-id=\"59332\" class=\"elementor elementor-59332\" data-elementor-post-type=\"product\">\n\t\t\t\t<div class=\"elementor-element elementor-element-960c484 e-flex e-con-boxed e-con e-parent\" data-id=\"960c484\" data-element_type=\"container\" data-e-type=\"container\">\n\t\t\t\t\t<div class=\"e-con-inner\">\n\t\t\t\t<div class=\"elementor-element elementor-element-b7203f3 elementor-widget elementor-widget-text-editor\" data-id=\"b7203f3\" data-element_type=\"widget\" data-e-type=\"widget\" data-widget_type=\"text-editor.default\">\n\t\t\t\t<div class=\"elementor-widget-container\">\n\t\t\t\t\t\t\t\t\t<blockquote><h2 style=\"text-align: center;\"><strong>Ein echter Klassiker im Geschmack mit feiner Mandelnote f\u00fcr das gewisse Etwas<\/strong><\/h2><\/blockquote><p>Die Espressomischung Tchibo Espresso Classico, mit ihrem intensiven kraftvollen Aroma und einem vollmundigem Charakter, ist wie der Name schon sagt ein best\u00e4ndiger Klassiker.<\/p><p>Eine Kaffeekomposition aus feinen Arabicas und ausdrucksvollen Robustas, von den Kaffeeplantagen Mittel- und S\u00fcdamericas und Asiens. F\u00fcr Tchibo Arabicas werden nur die besten reifen Kaffeebohne-Qualit\u00e4ten verwendet.<\/p><p>Um ein gleichbleibendes Geschmacksbild zu erreichen werden die Rohkaffees sortenrein ger\u00f6stet und dann erst vollendend gemischt. Nutzen Sie die professionelle Tchibo Espresso Classico Qualit\u00e4t in gewerblichen Maschinen aber nat\u00fcrlich auch in Einmahlwerk-Kaffeevollautomaten oder Siebtr\u00e4gern.<\/p><p>\u00a0<\/p>\t\t\t\t\t\t\t\t<\/div>\n\t\t\t\t<\/div>\n\t\t\t\t\t<\/div>\n\t\t\t\t<\/div>\n\t\t<div class=\"elementor-element elementor-element-e757171 e-grid e-con-boxed e-con e-parent\" data-id=\"e757171\" data-element_type=\"container\" data-e-type=\"container\">\n\t\t\t\t\t<div class=\"e-con-inner\">\n\t\t\t\t<div class=\"elementor-element elementor-element-2962f3a elementor-widget elementor-widget-text-editor\" data-id=\"2962f3a\" data-element_type=\"widget\" data-e-type=\"widget\" data-widget_type=\"text-editor.default\">\n\t\t\t\t<div class=\"elementor-widget-container\">\n\t\t\t\t\t\t\t\t\t<p style=\"text-align: right;\">Lagerung:<\/p><p style=\"text-align: right;\">Produktbeschreibung:<br \/>N\u00e4hrwert<br \/>Energie [kcal]:<br \/>Protein[g]:<br \/>Fett [g]:<br \/>Kohlenhydrate [g]:<br \/>Energie in [kJ]:<br \/>Salz [g]:<\/p>\t\t\t\t\t\t\t\t<\/div>\n\t\t\t\t<\/div>\n\t\t\t\t<div class=\"elementor-element elementor-element-4df7288 elementor-widget elementor-widget-text-editor\" data-id=\"4df7288\" data-element_type=\"widget\" data-e-type=\"widget\" data-widget_type=\"text-editor.default\">\n\t\t\t\t<div class=\"elementor-widget-container\">\n\t\t\t\t\t\t\t\t\t<p>In einer trockenen und k\u00fchlen Umgebung lagern<br \/>Espressokaffee, Kaffeebohnen<br \/>15 g pro 100 ml<br \/>3<br \/>0.5<br \/>&lt;0.1<br \/>&lt;0.1<br \/>14<br \/>&lt;0.1<\/p>\t\t\t\t\t\t\t\t<\/div>\n\t\t\t\t<\/div>\n\t\t\t\t\t<\/div>\n\t\t\t\t<\/div>\n\t\t\t\t<\/div>\n\t\t","protected":false},"excerpt":{"rendered":"<p>500g Ganze Bohnen<\/p>\n<p>\u2013 Trommelger\u00f6stet<\/p>\n<p>\u2013 F\u00fcr Espresso und Kaffeespezialit\u00e4ten!<\/p>\n","protected":false},"featured_media":59277,"comment_status":"closed","ping_status":"closed","template":"","meta":{"inline_featured_image":false},"pwb-brand":[11841],"product_brand":[],"product_cat":[192,205,190],"product_tag":[15717,15719,15711,15715,15713],"class_list":{"0":"post-59332","1":"product","2":"type-product","3":"status-publish","4":"has-post-thumbnail","6":"pwb-brand-tchibo","7":"product_cat-ganze-bohnen","8":"product_cat-tchibo-de","9":"product_cat-tchibo-eduscho","10":"product_tag-500g-kaffee","11":"product_tag-espresso","12":"product_tag-espresso-bohnen","13":"product_tag-kaffee","14":"product_tag-kaffee-espresso","16":"first","17":"outofstock","18":"sale","19":"taxable","20":"shipping-taxable","21":"purchasable","22":"product-type-simple"},"group_of_quantity":0,"min_quantity":0,"max_quantity":"","exclude_order_quantity_value_rules":"no","exclude_category_quantity_rules":"no","combine_variations":"no","yoast_head":"<!-- This site is optimized with the Yoast SEO Premium plugin v27.4 (Yoast SEO v27.4) - https:\/\/yoast.com\/product\/yoast-seo-premium-wordpress\/ -->\n<title>Tchibo Cafe Espresso Classico Ganze Bohne (1x500g) - Solino<\/title>\n<meta name=\"robots\" content=\"index, follow, max-snippet:-1, max-image-preview:large, max-video-preview:-1\" \/>\n<link rel=\"canonical\" href=\"https:\/\/www.solino.gr\/de\/shop\/tchibo-cafe-espresso-classico-ganze-bohne-1x500g\/\" \/>\n<meta property=\"og:locale\" content=\"de_DE\" \/>\n<meta property=\"og:type\" content=\"article\" \/>\n<meta property=\"og:title\" content=\"Tchibo Cafe Espresso Classico Ganze Bohne (1x500g)\" \/>\n<meta property=\"og:description\" content=\"500g Ganze Bohnen  \u2013 Trommelger\u00f6stet  \u2013 F\u00fcr Espresso und Kaffeespezialit\u00e4ten!\" \/>\n<meta property=\"og:url\" content=\"https:\/\/www.solino.gr\/de\/shop\/tchibo-cafe-espresso-classico-ganze-bohne-1x500g\/\" \/>\n<meta property=\"og:site_name\" content=\"Solino\" \/>\n<meta property=\"article:publisher\" content=\"https:\/\/www.facebook.com\/coffeepartnerforyourbusiness\" \/>\n<meta property=\"article:modified_time\" content=\"2026-03-03T09:04:34+00:00\" \/>\n<meta property=\"og:image\" content=\"https:\/\/www.solino.gr\/wp-content\/uploads\/2024\/11\/17638-TC-Espresso-Classico-No-8-GB-500g_VORNE-e1731573940746-1024x995.png\" \/>\n\t<meta property=\"og:image:width\" content=\"1024\" \/>\n\t<meta property=\"og:image:height\" content=\"995\" \/>\n\t<meta property=\"og:image:type\" content=\"image\/png\" \/>\n<meta name=\"twitter:card\" content=\"summary_large_image\" \/>\n<meta name=\"twitter:label1\" content=\"Preis\" \/>\n\t<meta name=\"twitter:data1\" content=\"9,98&euro;\" \/>\n\t<meta name=\"twitter:label2\" content=\"Verf\u00fcgbarkeit\" \/>\n\t<meta name=\"twitter:data2\" content=\"ausverkauft\" \/>\n<script type=\"application\/ld+json\" class=\"yoast-schema-graph\">{\"@context\":\"https:\\\/\\\/schema.org\",\"@graph\":[{\"@type\":\"WebPage\",\"@id\":\"https:\\\/\\\/www.solino.gr\\\/de\\\/shop\\\/tchibo-cafe-espresso-classico-ganze-bohne-1x500g\\\/\",\"url\":\"https:\\\/\\\/www.solino.gr\\\/de\\\/shop\\\/tchibo-cafe-espresso-classico-ganze-bohne-1x500g\\\/\",\"name\":\"Tchibo Cafe Espresso Classico Ganze Bohne (1x500g) - Solino\",\"isPartOf\":{\"@id\":\"https:\\\/\\\/www.solino.gr\\\/de\\\/#website\"},\"primaryImageOfPage\":{\"@id\":\"https:\\\/\\\/www.solino.gr\\\/de\\\/shop\\\/tchibo-cafe-espresso-classico-ganze-bohne-1x500g\\\/#primaryimage\"},\"image\":{\"@id\":\"https:\\\/\\\/www.solino.gr\\\/de\\\/shop\\\/tchibo-cafe-espresso-classico-ganze-bohne-1x500g\\\/#primaryimage\"},\"thumbnailUrl\":\"https:\\\/\\\/www.solino.gr\\\/wp-content\\\/uploads\\\/2024\\\/11\\\/17638-TC-Espresso-Classico-No-8-GB-500g_VORNE-e1731573940746.png\",\"datePublished\":\"2024-11-14T10:01:37+00:00\",\"dateModified\":\"2026-03-03T09:04:34+00:00\",\"breadcrumb\":{\"@id\":\"https:\\\/\\\/www.solino.gr\\\/de\\\/shop\\\/tchibo-cafe-espresso-classico-ganze-bohne-1x500g\\\/#breadcrumb\"},\"inLanguage\":\"de\",\"potentialAction\":[{\"@type\":\"ReadAction\",\"target\":[\"https:\\\/\\\/www.solino.gr\\\/de\\\/shop\\\/tchibo-cafe-espresso-classico-ganze-bohne-1x500g\\\/\"]}]},{\"@type\":\"ImageObject\",\"inLanguage\":\"de\",\"@id\":\"https:\\\/\\\/www.solino.gr\\\/de\\\/shop\\\/tchibo-cafe-espresso-classico-ganze-bohne-1x500g\\\/#primaryimage\",\"url\":\"https:\\\/\\\/www.solino.gr\\\/wp-content\\\/uploads\\\/2024\\\/11\\\/17638-TC-Espresso-Classico-No-8-GB-500g_VORNE-e1731573940746.png\",\"contentUrl\":\"https:\\\/\\\/www.solino.gr\\\/wp-content\\\/uploads\\\/2024\\\/11\\\/17638-TC-Espresso-Classico-No-8-GB-500g_VORNE-e1731573940746.png\",\"width\":3505,\"height\":3405,\"caption\":\"Tchibo Classico Espresso Beans Bag of 500g\"},{\"@type\":\"BreadcrumbList\",\"@id\":\"https:\\\/\\\/www.solino.gr\\\/de\\\/shop\\\/tchibo-cafe-espresso-classico-ganze-bohne-1x500g\\\/#breadcrumb\",\"itemListElement\":[{\"@type\":\"ListItem\",\"position\":1,\"name\":\"Home\",\"item\":\"https:\\\/\\\/www.solino.gr\\\/de\\\/\"},{\"@type\":\"ListItem\",\"position\":2,\"name\":\"Unsere Produkte\",\"item\":\"https:\\\/\\\/www.solino.gr\\\/de\\\/shop\\\/\"},{\"@type\":\"ListItem\",\"position\":3,\"name\":\"Tchibo Cafe Espresso Classico Ganze Bohne (1x500g)\"}]},{\"@type\":\"WebSite\",\"@id\":\"https:\\\/\\\/www.solino.gr\\\/de\\\/#website\",\"url\":\"https:\\\/\\\/www.solino.gr\\\/de\\\/\",\"name\":\"Solino\",\"description\":\"\u039f\u03b9 \u0395\u03c0\u03b1\u03b3\u03b3\u03b5\u03bb\u03bc\u03b1\u03c4\u03b9\u03ba\u03ad\u03c2 \u039b\u03cd\u03c3\u03b5\u03b9\u03c2 \u03c3\u03c4\u03b9\u03c2 \u039c\u03b7\u03c7\u03b1\u03bd\u03ad\u03c2 \u039a\u03b1\u03c6\u03ad &amp; \u0395\u03c3\u03c0\u03c1\u03ad\u03c3\u03bf\",\"publisher\":{\"@id\":\"https:\\\/\\\/www.solino.gr\\\/de\\\/#organization\"},\"potentialAction\":[{\"@type\":\"SearchAction\",\"target\":{\"@type\":\"EntryPoint\",\"urlTemplate\":\"https:\\\/\\\/www.solino.gr\\\/de\\\/?s={search_term_string}\"},\"query-input\":{\"@type\":\"PropertyValueSpecification\",\"valueRequired\":true,\"valueName\":\"search_term_string\"}}],\"inLanguage\":\"de\"},{\"@type\":\"Organization\",\"@id\":\"https:\\\/\\\/www.solino.gr\\\/de\\\/#organization\",\"name\":\"Solino\",\"url\":\"https:\\\/\\\/www.solino.gr\\\/de\\\/\",\"logo\":{\"@type\":\"ImageObject\",\"inLanguage\":\"de\",\"@id\":\"https:\\\/\\\/www.solino.gr\\\/de\\\/#\\\/schema\\\/logo\\\/image\\\/\",\"url\":\"https:\\\/\\\/www.solino.gr\\\/wp-content\\\/uploads\\\/2021\\\/04\\\/Solino-Weis-.jpg\",\"contentUrl\":\"https:\\\/\\\/www.solino.gr\\\/wp-content\\\/uploads\\\/2021\\\/04\\\/Solino-Weis-.jpg\",\"width\":1156,\"height\":429,\"caption\":\"Solino\"},\"image\":{\"@id\":\"https:\\\/\\\/www.solino.gr\\\/de\\\/#\\\/schema\\\/logo\\\/image\\\/\"},\"sameAs\":[\"https:\\\/\\\/www.facebook.com\\\/coffeepartnerforyourbusiness\",\"https:\\\/\\\/www.instagram.com\\\/the_complete_coffeepartner\\\/\",\"https:\\\/\\\/www.linkedin.com\\\/company\\\/5267982\\\/admin\\\/\",\"https:\\\/\\\/www.pinterest.de\\\/tcharpantidis\\\/\",\"https:\\\/\\\/www.youtube.com\\\/channel\\\/UCQxbxyAKpQX142Zlz0VBNww\"],\"email\":\"info@solino.gr\",\"telephone\":\"+30 210 4173201\",\"legalName\":\"SOLINO IKE\",\"vatID\":\"EL802133107\",\"taxID\":\"EL802133107\",\"numberOfEmployees\":{\"@type\":\"QuantitativeValue\",\"minValue\":\"1\",\"maxValue\":\"10\"}}]}<\/script>\n<meta property=\"product:brand\" content=\"TCHIBO\" \/>\n<meta property=\"product:price:amount\" content=\"9.98\" \/>\n<meta property=\"product:price:currency\" content=\"EUR\" \/>\n<meta property=\"og:availability\" content=\"out of stock\" \/>\n<meta property=\"product:availability\" content=\"out of stock\" \/>\n<meta property=\"product:retailer_item_id\" content=\"TCHIC17638\/1\" \/>\n<meta property=\"product:condition\" content=\"new\" \/>\n<!-- \/ Yoast SEO Premium plugin. -->","yoast_head_json":{"title":"Tchibo Cafe Espresso Classico Ganze Bohne (1x500g) - Solino","robots":{"index":"index","follow":"follow","max-snippet":"max-snippet:-1","max-image-preview":"max-image-preview:large","max-video-preview":"max-video-preview:-1"},"canonical":"https:\/\/www.solino.gr\/de\/shop\/tchibo-cafe-espresso-classico-ganze-bohne-1x500g\/","og_locale":"de_DE","og_type":"article","og_title":"Tchibo Cafe Espresso Classico Ganze Bohne (1x500g)","og_description":"500g Ganze Bohnen  \u2013 Trommelger\u00f6stet  \u2013 F\u00fcr Espresso und Kaffeespezialit\u00e4ten!","og_url":"https:\/\/www.solino.gr\/de\/shop\/tchibo-cafe-espresso-classico-ganze-bohne-1x500g\/","og_site_name":"Solino","article_publisher":"https:\/\/www.facebook.com\/coffeepartnerforyourbusiness","article_modified_time":"2026-03-03T09:04:34+00:00","og_image":[{"width":1024,"height":995,"url":"https:\/\/www.solino.gr\/wp-content\/uploads\/2024\/11\/17638-TC-Espresso-Classico-No-8-GB-500g_VORNE-e1731573940746-1024x995.png","type":"image\/png"}],"twitter_card":"summary_large_image","twitter_misc":{"Preis":"9,98&euro;","Verf\u00fcgbarkeit":"ausverkauft"},"schema":{"@context":"https:\/\/schema.org","@graph":[{"@type":"WebPage","@id":"https:\/\/www.solino.gr\/de\/shop\/tchibo-cafe-espresso-classico-ganze-bohne-1x500g\/","url":"https:\/\/www.solino.gr\/de\/shop\/tchibo-cafe-espresso-classico-ganze-bohne-1x500g\/","name":"Tchibo Cafe Espresso Classico Ganze Bohne (1x500g) - Solino","isPartOf":{"@id":"https:\/\/www.solino.gr\/de\/#website"},"primaryImageOfPage":{"@id":"https:\/\/www.solino.gr\/de\/shop\/tchibo-cafe-espresso-classico-ganze-bohne-1x500g\/#primaryimage"},"image":{"@id":"https:\/\/www.solino.gr\/de\/shop\/tchibo-cafe-espresso-classico-ganze-bohne-1x500g\/#primaryimage"},"thumbnailUrl":"https:\/\/www.solino.gr\/wp-content\/uploads\/2024\/11\/17638-TC-Espresso-Classico-No-8-GB-500g_VORNE-e1731573940746.png","datePublished":"2024-11-14T10:01:37+00:00","dateModified":"2026-03-03T09:04:34+00:00","breadcrumb":{"@id":"https:\/\/www.solino.gr\/de\/shop\/tchibo-cafe-espresso-classico-ganze-bohne-1x500g\/#breadcrumb"},"inLanguage":"de","potentialAction":[{"@type":"ReadAction","target":["https:\/\/www.solino.gr\/de\/shop\/tchibo-cafe-espresso-classico-ganze-bohne-1x500g\/"]}]},{"@type":"ImageObject","inLanguage":"de","@id":"https:\/\/www.solino.gr\/de\/shop\/tchibo-cafe-espresso-classico-ganze-bohne-1x500g\/#primaryimage","url":"https:\/\/www.solino.gr\/wp-content\/uploads\/2024\/11\/17638-TC-Espresso-Classico-No-8-GB-500g_VORNE-e1731573940746.png","contentUrl":"https:\/\/www.solino.gr\/wp-content\/uploads\/2024\/11\/17638-TC-Espresso-Classico-No-8-GB-500g_VORNE-e1731573940746.png","width":3505,"height":3405,"caption":"Tchibo Classico Espresso Beans Bag of 500g"},{"@type":"BreadcrumbList","@id":"https:\/\/www.solino.gr\/de\/shop\/tchibo-cafe-espresso-classico-ganze-bohne-1x500g\/#breadcrumb","itemListElement":[{"@type":"ListItem","position":1,"name":"Home","item":"https:\/\/www.solino.gr\/de\/"},{"@type":"ListItem","position":2,"name":"Unsere Produkte","item":"https:\/\/www.solino.gr\/de\/shop\/"},{"@type":"ListItem","position":3,"name":"Tchibo Cafe Espresso Classico Ganze Bohne (1x500g)"}]},{"@type":"WebSite","@id":"https:\/\/www.solino.gr\/de\/#website","url":"https:\/\/www.solino.gr\/de\/","name":"Solino","description":"\u039f\u03b9 \u0395\u03c0\u03b1\u03b3\u03b3\u03b5\u03bb\u03bc\u03b1\u03c4\u03b9\u03ba\u03ad\u03c2 \u039b\u03cd\u03c3\u03b5\u03b9\u03c2 \u03c3\u03c4\u03b9\u03c2 \u039c\u03b7\u03c7\u03b1\u03bd\u03ad\u03c2 \u039a\u03b1\u03c6\u03ad &amp; \u0395\u03c3\u03c0\u03c1\u03ad\u03c3\u03bf","publisher":{"@id":"https:\/\/www.solino.gr\/de\/#organization"},"potentialAction":[{"@type":"SearchAction","target":{"@type":"EntryPoint","urlTemplate":"https:\/\/www.solino.gr\/de\/?s={search_term_string}"},"query-input":{"@type":"PropertyValueSpecification","valueRequired":true,"valueName":"search_term_string"}}],"inLanguage":"de"},{"@type":"Organization","@id":"https:\/\/www.solino.gr\/de\/#organization","name":"Solino","url":"https:\/\/www.solino.gr\/de\/","logo":{"@type":"ImageObject","inLanguage":"de","@id":"https:\/\/www.solino.gr\/de\/#\/schema\/logo\/image\/","url":"https:\/\/www.solino.gr\/wp-content\/uploads\/2021\/04\/Solino-Weis-.jpg","contentUrl":"https:\/\/www.solino.gr\/wp-content\/uploads\/2021\/04\/Solino-Weis-.jpg","width":1156,"height":429,"caption":"Solino"},"image":{"@id":"https:\/\/www.solino.gr\/de\/#\/schema\/logo\/image\/"},"sameAs":["https:\/\/www.facebook.com\/coffeepartnerforyourbusiness","https:\/\/www.instagram.com\/the_complete_coffeepartner\/","https:\/\/www.linkedin.com\/company\/5267982\/admin\/","https:\/\/www.pinterest.de\/tcharpantidis\/","https:\/\/www.youtube.com\/channel\/UCQxbxyAKpQX142Zlz0VBNww"],"email":"info@solino.gr","telephone":"+30 210 4173201","legalName":"SOLINO IKE","vatID":"EL802133107","taxID":"EL802133107","numberOfEmployees":{"@type":"QuantitativeValue","minValue":"1","maxValue":"10"}}]},"product_brand":"TCHIBO","product_price_amount":"9.98","product_price_currency":"EUR","og_availability":"out of stock","product_availability":"out of stock","product_retailer_item_id":"TCHIC17638\/1","product_condition":"new"},"brands":[{"id":11841,"name":"TCHIBO","slug":"tchibo"}],"_links":{"self":[{"href":"https:\/\/www.solino.gr\/de\/wp-json\/wp\/v2\/product\/59332","targetHints":{"allow":["GET"]}}],"collection":[{"href":"https:\/\/www.solino.gr\/de\/wp-json\/wp\/v2\/product"}],"about":[{"href":"https:\/\/www.solino.gr\/de\/wp-json\/wp\/v2\/types\/product"}],"replies":[{"embeddable":true,"href":"https:\/\/www.solino.gr\/de\/wp-json\/wp\/v2\/comments?post=59332"}],"version-history":[{"count":1,"href":"https:\/\/www.solino.gr\/de\/wp-json\/wp\/v2\/product\/59332\/revisions"}],"predecessor-version":[{"id":67399,"href":"https:\/\/www.solino.gr\/de\/wp-json\/wp\/v2\/product\/59332\/revisions\/67399"}],"wp:featuredmedia":[{"embeddable":true,"href":"https:\/\/www.solino.gr\/de\/wp-json\/wp\/v2\/media\/59277"}],"wp:attachment":[{"href":"https:\/\/www.solino.gr\/de\/wp-json\/wp\/v2\/media?parent=59332"}],"wp:term":[{"taxonomy":"pwb-brand","embeddable":true,"href":"https:\/\/www.solino.gr\/de\/wp-json\/wp\/v2\/pwb-brand?post=59332"},{"taxonomy":"product_brand","embeddable":true,"href":"https:\/\/www.solino.gr\/de\/wp-json\/wp\/v2\/product_brand?post=59332"},{"taxonomy":"product_cat","embeddable":true,"href":"https:\/\/www.solino.gr\/de\/wp-json\/wp\/v2\/product_cat?post=59332"},{"taxonomy":"product_tag","embeddable":true,"href":"https:\/\/www.solino.gr\/de\/wp-json\/wp\/v2\/product_tag?post=59332"}],"curies":[{"name":"wp","href":"https:\/\/api.w.org\/{rel}","templated":true}]}}