{"id":54972,"date":"2024-06-18T16:09:44","date_gmt":"2024-06-18T13:09:44","guid":{"rendered":"https:\/\/www.solino.gr\/?post_type=product&#038;p=54972"},"modified":"2025-09-30T12:00:55","modified_gmt":"2025-09-30T09:00:55","slug":"solino-reiniger-fuer-milchaufschaeumer-1l-cappuccino-cleaner","status":"publish","type":"product","link":"https:\/\/www.solino.gr\/de\/shop\/solino-reiniger-fuer-milchaufschaeumer-1l-cappuccino-cleaner\/","title":{"rendered":"SOLINO &#8211; Reiniger f\u00fcr Milchaufsch\u00e4umer 1L \/ Cappuccino Cleaner"},"content":{"rendered":"","protected":false},"excerpt":{"rendered":"<div class=\"des_block\">\n<div class=\"description\">\n<p>Solino Reiniger f\u00fcr Milchaufsch\u00e4umer ist ein hochkonzentrierter Maschinenreiniger zur Entfernung von Milchfetten, Milchstein und hartn\u00e4ckigen bzw. sonstigen Verunreinigungen in Milchaufsch\u00e4umern und Sahneautomaten. Unangenehme Ger\u00fcche werden wirksam beseitigt. Das Produkt schafft hygienische Sauberkeit.<\/p>\n<p><strong>Produktvorteile:<\/strong><\/p>\n<ul>\n<li>Schnelle und einfache Reinigung aller milchf\u00fchrenden Teile<\/li>\n<li>Intensive Hygiene-Reinigung<\/li>\n<li>Wirkt antibakteriell<\/li>\n<li>F\u00fcr alle am Markt erh\u00e4ltlichen Maschinen und Aufsch\u00e4umer geeignet<\/li>\n<li>Auch Sahnemaschinen und Whipper-Ger\u00e4te k\u00f6nnen gereinigt werdenIntensive Reinigung<\/li>\n<li>Sparsame Anwendung<\/li>\n<li>Einfache Dosierung<\/li>\n<li>F\u00fcr alle Kaffeemaschinen geeignet<\/li>\n<\/ul>\n<\/div>\n<\/div>\n","protected":false},"featured_media":68379,"comment_status":"closed","ping_status":"closed","template":"","meta":{"inline_featured_image":false},"pwb-brand":[],"product_brand":[],"product_cat":[104],"product_tag":[15199],"class_list":{"0":"post-54972","1":"product","2":"type-product","3":"status-publish","4":"has-post-thumbnail","6":"product_cat-pflegeprodukte","7":"product_tag-reiniger-fuer-milchaufschaeumer","9":"first","10":"instock","11":"taxable","12":"shipping-taxable","13":"purchasable","14":"product-type-simple"},"group_of_quantity":0,"min_quantity":0,"max_quantity":"","exclude_order_quantity_value_rules":"no","exclude_category_quantity_rules":"no","combine_variations":"no","yoast_head":"<!-- This site is optimized with the Yoast SEO Premium plugin v27.3 (Yoast SEO v27.3) - https:\/\/yoast.com\/product\/yoast-seo-premium-wordpress\/ -->\n<title>SOLINO - Reiniger f\u00fcr Milchaufsch\u00e4umer 1L \/ Cappuccino Cleaner - Solino<\/title>\n<meta name=\"robots\" content=\"index, follow, max-snippet:-1, max-image-preview:large, max-video-preview:-1\" \/>\n<link rel=\"canonical\" href=\"https:\/\/www.solino.gr\/de\/shop\/solino-reiniger-fuer-milchaufschaeumer-1l-cappuccino-cleaner\/\" \/>\n<meta property=\"og:locale\" content=\"de_DE\" \/>\n<meta property=\"og:type\" content=\"article\" \/>\n<meta property=\"og:title\" content=\"SOLINO - Reiniger f\u00fcr Milchaufsch\u00e4umer 1L \/ Cappuccino Cleaner\" \/>\n<meta property=\"og:description\" content=\"Solino Reiniger f\u00fcr Milchaufsch\u00e4umer ist ein hochkonzentrierter Maschinenreiniger zur Entfernung von Milchfetten, Milchstein und hartn\u00e4ckigen bzw. sonstigen Verunreinigungen in Milchaufsch\u00e4umern und Sahneautomaten. Unangenehme Ger\u00fcche werden wirksam beseitigt. Das Produkt schafft hygienische Sauberkeit.  Produktvorteile:   Schnelle und einfache Reinigung aller milchf\u00fchrenden Teile  Intensive Hygiene-Reinigung  Wirkt antibakteriell  F\u00fcr alle am Markt erh\u00e4ltlichen Maschinen und Aufsch\u00e4umer geeignet  Auch Sahnemaschinen und Whipper-Ger\u00e4te k\u00f6nnen gereinigt werdenIntensive Reinigung  Sparsame Anwendung  Einfache Dosierung  F\u00fcr alle Kaffeemaschinen geeignet\" \/>\n<meta property=\"og:url\" content=\"https:\/\/www.solino.gr\/de\/shop\/solino-reiniger-fuer-milchaufschaeumer-1l-cappuccino-cleaner\/\" \/>\n<meta property=\"og:site_name\" content=\"Solino\" \/>\n<meta property=\"article:publisher\" content=\"https:\/\/www.facebook.com\/coffeepartnerforyourbusiness\" \/>\n<meta property=\"article:modified_time\" content=\"2025-09-30T09:00:55+00:00\" \/>\n<meta property=\"og:image\" content=\"https:\/\/www.solino.gr\/wp-content\/uploads\/2024\/06\/IMG_1103-2-1.png\" \/>\n\t<meta property=\"og:image:width\" content=\"1637\" \/>\n\t<meta property=\"og:image:height\" content=\"2780\" \/>\n\t<meta property=\"og:image:type\" content=\"image\/png\" \/>\n<meta name=\"twitter:card\" content=\"summary_large_image\" \/>\n<meta name=\"twitter:label1\" content=\"Preis\" \/>\n\t<meta name=\"twitter:data1\" content=\"29,90&euro;\" \/>\n\t<meta name=\"twitter:label2\" content=\"Verf\u00fcgbarkeit\" \/>\n\t<meta name=\"twitter:data2\" content=\"Auf Lager\" \/>\n<script type=\"application\/ld+json\" class=\"yoast-schema-graph\">{\"@context\":\"https:\\\/\\\/schema.org\",\"@graph\":[{\"@type\":\"WebPage\",\"@id\":\"https:\\\/\\\/www.solino.gr\\\/de\\\/shop\\\/solino-reiniger-fuer-milchaufschaeumer-1l-cappuccino-cleaner\\\/\",\"url\":\"https:\\\/\\\/www.solino.gr\\\/de\\\/shop\\\/solino-reiniger-fuer-milchaufschaeumer-1l-cappuccino-cleaner\\\/\",\"name\":\"SOLINO - Reiniger f\u00fcr Milchaufsch\u00e4umer 1L \\\/ Cappuccino Cleaner - Solino\",\"isPartOf\":{\"@id\":\"https:\\\/\\\/www.solino.gr\\\/de\\\/#website\"},\"primaryImageOfPage\":{\"@id\":\"https:\\\/\\\/www.solino.gr\\\/de\\\/shop\\\/solino-reiniger-fuer-milchaufschaeumer-1l-cappuccino-cleaner\\\/#primaryimage\"},\"image\":{\"@id\":\"https:\\\/\\\/www.solino.gr\\\/de\\\/shop\\\/solino-reiniger-fuer-milchaufschaeumer-1l-cappuccino-cleaner\\\/#primaryimage\"},\"thumbnailUrl\":\"https:\\\/\\\/www.solino.gr\\\/wp-content\\\/uploads\\\/2024\\\/06\\\/IMG_1103-2-1.png\",\"datePublished\":\"2024-06-18T13:09:44+00:00\",\"dateModified\":\"2025-09-30T09:00:55+00:00\",\"breadcrumb\":{\"@id\":\"https:\\\/\\\/www.solino.gr\\\/de\\\/shop\\\/solino-reiniger-fuer-milchaufschaeumer-1l-cappuccino-cleaner\\\/#breadcrumb\"},\"inLanguage\":\"de\",\"potentialAction\":[{\"@type\":\"ReadAction\",\"target\":[\"https:\\\/\\\/www.solino.gr\\\/de\\\/shop\\\/solino-reiniger-fuer-milchaufschaeumer-1l-cappuccino-cleaner\\\/\"]}]},{\"@type\":\"ImageObject\",\"inLanguage\":\"de\",\"@id\":\"https:\\\/\\\/www.solino.gr\\\/de\\\/shop\\\/solino-reiniger-fuer-milchaufschaeumer-1l-cappuccino-cleaner\\\/#primaryimage\",\"url\":\"https:\\\/\\\/www.solino.gr\\\/wp-content\\\/uploads\\\/2024\\\/06\\\/IMG_1103-2-1.png\",\"contentUrl\":\"https:\\\/\\\/www.solino.gr\\\/wp-content\\\/uploads\\\/2024\\\/06\\\/IMG_1103-2-1.png\",\"width\":1637,\"height\":2780},{\"@type\":\"BreadcrumbList\",\"@id\":\"https:\\\/\\\/www.solino.gr\\\/de\\\/shop\\\/solino-reiniger-fuer-milchaufschaeumer-1l-cappuccino-cleaner\\\/#breadcrumb\",\"itemListElement\":[{\"@type\":\"ListItem\",\"position\":1,\"name\":\"Home\",\"item\":\"https:\\\/\\\/www.solino.gr\\\/de\\\/\"},{\"@type\":\"ListItem\",\"position\":2,\"name\":\"Unsere Produkte\",\"item\":\"https:\\\/\\\/www.solino.gr\\\/de\\\/shop\\\/\"},{\"@type\":\"ListItem\",\"position\":3,\"name\":\"SOLINO &#8211; Reiniger f\u00fcr Milchaufsch\u00e4umer 1L \\\/ Cappuccino Cleaner\"}]},{\"@type\":\"WebSite\",\"@id\":\"https:\\\/\\\/www.solino.gr\\\/de\\\/#website\",\"url\":\"https:\\\/\\\/www.solino.gr\\\/de\\\/\",\"name\":\"Solino\",\"description\":\"\u039f\u03b9 \u0395\u03c0\u03b1\u03b3\u03b3\u03b5\u03bb\u03bc\u03b1\u03c4\u03b9\u03ba\u03ad\u03c2 \u039b\u03cd\u03c3\u03b5\u03b9\u03c2 \u03c3\u03c4\u03b9\u03c2 \u039c\u03b7\u03c7\u03b1\u03bd\u03ad\u03c2 \u039a\u03b1\u03c6\u03ad &amp; \u0395\u03c3\u03c0\u03c1\u03ad\u03c3\u03bf\",\"publisher\":{\"@id\":\"https:\\\/\\\/www.solino.gr\\\/de\\\/#organization\"},\"potentialAction\":[{\"@type\":\"SearchAction\",\"target\":{\"@type\":\"EntryPoint\",\"urlTemplate\":\"https:\\\/\\\/www.solino.gr\\\/de\\\/?s={search_term_string}\"},\"query-input\":{\"@type\":\"PropertyValueSpecification\",\"valueRequired\":true,\"valueName\":\"search_term_string\"}}],\"inLanguage\":\"de\"},{\"@type\":\"Organization\",\"@id\":\"https:\\\/\\\/www.solino.gr\\\/de\\\/#organization\",\"name\":\"Solino\",\"url\":\"https:\\\/\\\/www.solino.gr\\\/de\\\/\",\"logo\":{\"@type\":\"ImageObject\",\"inLanguage\":\"de\",\"@id\":\"https:\\\/\\\/www.solino.gr\\\/de\\\/#\\\/schema\\\/logo\\\/image\\\/\",\"url\":\"https:\\\/\\\/www.solino.gr\\\/wp-content\\\/uploads\\\/2021\\\/04\\\/Solino-Weis-.jpg\",\"contentUrl\":\"https:\\\/\\\/www.solino.gr\\\/wp-content\\\/uploads\\\/2021\\\/04\\\/Solino-Weis-.jpg\",\"width\":1156,\"height\":429,\"caption\":\"Solino\"},\"image\":{\"@id\":\"https:\\\/\\\/www.solino.gr\\\/de\\\/#\\\/schema\\\/logo\\\/image\\\/\"},\"sameAs\":[\"https:\\\/\\\/www.facebook.com\\\/coffeepartnerforyourbusiness\",\"https:\\\/\\\/www.instagram.com\\\/the_complete_coffeepartner\\\/\",\"https:\\\/\\\/www.linkedin.com\\\/company\\\/5267982\\\/admin\\\/\",\"https:\\\/\\\/www.pinterest.de\\\/tcharpantidis\\\/\",\"https:\\\/\\\/www.youtube.com\\\/channel\\\/UCQxbxyAKpQX142Zlz0VBNww\"],\"email\":\"info@solino.gr\",\"telephone\":\"+30 210 4173201\",\"legalName\":\"SOLINO IKE\",\"vatID\":\"EL802133107\",\"taxID\":\"EL802133107\",\"numberOfEmployees\":{\"@type\":\"QuantitativeValue\",\"minValue\":\"1\",\"maxValue\":\"10\"}}]}<\/script>\n<meta property=\"product:price:amount\" content=\"29.90\" \/>\n<meta property=\"product:price:currency\" content=\"EUR\" \/>\n<meta property=\"og:availability\" content=\"instock\" \/>\n<meta property=\"product:availability\" content=\"instock\" \/>\n<meta property=\"product:retailer_item_id\" content=\"SO40232\" \/>\n<meta property=\"product:condition\" content=\"new\" \/>\n<!-- \/ Yoast SEO Premium plugin. -->","yoast_head_json":{"title":"SOLINO - Reiniger f\u00fcr Milchaufsch\u00e4umer 1L \/ Cappuccino Cleaner - Solino","robots":{"index":"index","follow":"follow","max-snippet":"max-snippet:-1","max-image-preview":"max-image-preview:large","max-video-preview":"max-video-preview:-1"},"canonical":"https:\/\/www.solino.gr\/de\/shop\/solino-reiniger-fuer-milchaufschaeumer-1l-cappuccino-cleaner\/","og_locale":"de_DE","og_type":"article","og_title":"SOLINO - Reiniger f\u00fcr Milchaufsch\u00e4umer 1L \/ Cappuccino Cleaner","og_description":"Solino Reiniger f\u00fcr Milchaufsch\u00e4umer ist ein hochkonzentrierter Maschinenreiniger zur Entfernung von Milchfetten, Milchstein und hartn\u00e4ckigen bzw. sonstigen Verunreinigungen in Milchaufsch\u00e4umern und Sahneautomaten. Unangenehme Ger\u00fcche werden wirksam beseitigt. Das Produkt schafft hygienische Sauberkeit.  Produktvorteile:   Schnelle und einfache Reinigung aller milchf\u00fchrenden Teile  Intensive Hygiene-Reinigung  Wirkt antibakteriell  F\u00fcr alle am Markt erh\u00e4ltlichen Maschinen und Aufsch\u00e4umer geeignet  Auch Sahnemaschinen und Whipper-Ger\u00e4te k\u00f6nnen gereinigt werdenIntensive Reinigung  Sparsame Anwendung  Einfache Dosierung  F\u00fcr alle Kaffeemaschinen geeignet","og_url":"https:\/\/www.solino.gr\/de\/shop\/solino-reiniger-fuer-milchaufschaeumer-1l-cappuccino-cleaner\/","og_site_name":"Solino","article_publisher":"https:\/\/www.facebook.com\/coffeepartnerforyourbusiness","article_modified_time":"2025-09-30T09:00:55+00:00","og_image":[{"width":1637,"height":2780,"url":"https:\/\/www.solino.gr\/wp-content\/uploads\/2024\/06\/IMG_1103-2-1.png","type":"image\/png"}],"twitter_card":"summary_large_image","twitter_misc":{"Preis":"29,90&euro;","Verf\u00fcgbarkeit":"Auf Lager"},"schema":{"@context":"https:\/\/schema.org","@graph":[{"@type":"WebPage","@id":"https:\/\/www.solino.gr\/de\/shop\/solino-reiniger-fuer-milchaufschaeumer-1l-cappuccino-cleaner\/","url":"https:\/\/www.solino.gr\/de\/shop\/solino-reiniger-fuer-milchaufschaeumer-1l-cappuccino-cleaner\/","name":"SOLINO - Reiniger f\u00fcr Milchaufsch\u00e4umer 1L \/ Cappuccino Cleaner - Solino","isPartOf":{"@id":"https:\/\/www.solino.gr\/de\/#website"},"primaryImageOfPage":{"@id":"https:\/\/www.solino.gr\/de\/shop\/solino-reiniger-fuer-milchaufschaeumer-1l-cappuccino-cleaner\/#primaryimage"},"image":{"@id":"https:\/\/www.solino.gr\/de\/shop\/solino-reiniger-fuer-milchaufschaeumer-1l-cappuccino-cleaner\/#primaryimage"},"thumbnailUrl":"https:\/\/www.solino.gr\/wp-content\/uploads\/2024\/06\/IMG_1103-2-1.png","datePublished":"2024-06-18T13:09:44+00:00","dateModified":"2025-09-30T09:00:55+00:00","breadcrumb":{"@id":"https:\/\/www.solino.gr\/de\/shop\/solino-reiniger-fuer-milchaufschaeumer-1l-cappuccino-cleaner\/#breadcrumb"},"inLanguage":"de","potentialAction":[{"@type":"ReadAction","target":["https:\/\/www.solino.gr\/de\/shop\/solino-reiniger-fuer-milchaufschaeumer-1l-cappuccino-cleaner\/"]}]},{"@type":"ImageObject","inLanguage":"de","@id":"https:\/\/www.solino.gr\/de\/shop\/solino-reiniger-fuer-milchaufschaeumer-1l-cappuccino-cleaner\/#primaryimage","url":"https:\/\/www.solino.gr\/wp-content\/uploads\/2024\/06\/IMG_1103-2-1.png","contentUrl":"https:\/\/www.solino.gr\/wp-content\/uploads\/2024\/06\/IMG_1103-2-1.png","width":1637,"height":2780},{"@type":"BreadcrumbList","@id":"https:\/\/www.solino.gr\/de\/shop\/solino-reiniger-fuer-milchaufschaeumer-1l-cappuccino-cleaner\/#breadcrumb","itemListElement":[{"@type":"ListItem","position":1,"name":"Home","item":"https:\/\/www.solino.gr\/de\/"},{"@type":"ListItem","position":2,"name":"Unsere Produkte","item":"https:\/\/www.solino.gr\/de\/shop\/"},{"@type":"ListItem","position":3,"name":"SOLINO &#8211; Reiniger f\u00fcr Milchaufsch\u00e4umer 1L \/ Cappuccino Cleaner"}]},{"@type":"WebSite","@id":"https:\/\/www.solino.gr\/de\/#website","url":"https:\/\/www.solino.gr\/de\/","name":"Solino","description":"\u039f\u03b9 \u0395\u03c0\u03b1\u03b3\u03b3\u03b5\u03bb\u03bc\u03b1\u03c4\u03b9\u03ba\u03ad\u03c2 \u039b\u03cd\u03c3\u03b5\u03b9\u03c2 \u03c3\u03c4\u03b9\u03c2 \u039c\u03b7\u03c7\u03b1\u03bd\u03ad\u03c2 \u039a\u03b1\u03c6\u03ad &amp; \u0395\u03c3\u03c0\u03c1\u03ad\u03c3\u03bf","publisher":{"@id":"https:\/\/www.solino.gr\/de\/#organization"},"potentialAction":[{"@type":"SearchAction","target":{"@type":"EntryPoint","urlTemplate":"https:\/\/www.solino.gr\/de\/?s={search_term_string}"},"query-input":{"@type":"PropertyValueSpecification","valueRequired":true,"valueName":"search_term_string"}}],"inLanguage":"de"},{"@type":"Organization","@id":"https:\/\/www.solino.gr\/de\/#organization","name":"Solino","url":"https:\/\/www.solino.gr\/de\/","logo":{"@type":"ImageObject","inLanguage":"de","@id":"https:\/\/www.solino.gr\/de\/#\/schema\/logo\/image\/","url":"https:\/\/www.solino.gr\/wp-content\/uploads\/2021\/04\/Solino-Weis-.jpg","contentUrl":"https:\/\/www.solino.gr\/wp-content\/uploads\/2021\/04\/Solino-Weis-.jpg","width":1156,"height":429,"caption":"Solino"},"image":{"@id":"https:\/\/www.solino.gr\/de\/#\/schema\/logo\/image\/"},"sameAs":["https:\/\/www.facebook.com\/coffeepartnerforyourbusiness","https:\/\/www.instagram.com\/the_complete_coffeepartner\/","https:\/\/www.linkedin.com\/company\/5267982\/admin\/","https:\/\/www.pinterest.de\/tcharpantidis\/","https:\/\/www.youtube.com\/channel\/UCQxbxyAKpQX142Zlz0VBNww"],"email":"info@solino.gr","telephone":"+30 210 4173201","legalName":"SOLINO IKE","vatID":"EL802133107","taxID":"EL802133107","numberOfEmployees":{"@type":"QuantitativeValue","minValue":"1","maxValue":"10"}}]},"product_price_amount":"29.90","product_price_currency":"EUR","og_availability":"instock","product_availability":"instock","product_retailer_item_id":"SO40232","product_condition":"new"},"brands":[],"_links":{"self":[{"href":"https:\/\/www.solino.gr\/de\/wp-json\/wp\/v2\/product\/54972","targetHints":{"allow":["GET"]}}],"collection":[{"href":"https:\/\/www.solino.gr\/de\/wp-json\/wp\/v2\/product"}],"about":[{"href":"https:\/\/www.solino.gr\/de\/wp-json\/wp\/v2\/types\/product"}],"replies":[{"embeddable":true,"href":"https:\/\/www.solino.gr\/de\/wp-json\/wp\/v2\/comments?post=54972"}],"version-history":[{"count":0,"href":"https:\/\/www.solino.gr\/de\/wp-json\/wp\/v2\/product\/54972\/revisions"}],"wp:featuredmedia":[{"embeddable":true,"href":"https:\/\/www.solino.gr\/de\/wp-json\/wp\/v2\/media\/68379"}],"wp:attachment":[{"href":"https:\/\/www.solino.gr\/de\/wp-json\/wp\/v2\/media?parent=54972"}],"wp:term":[{"taxonomy":"pwb-brand","embeddable":true,"href":"https:\/\/www.solino.gr\/de\/wp-json\/wp\/v2\/pwb-brand?post=54972"},{"taxonomy":"product_brand","embeddable":true,"href":"https:\/\/www.solino.gr\/de\/wp-json\/wp\/v2\/product_brand?post=54972"},{"taxonomy":"product_cat","embeddable":true,"href":"https:\/\/www.solino.gr\/de\/wp-json\/wp\/v2\/product_cat?post=54972"},{"taxonomy":"product_tag","embeddable":true,"href":"https:\/\/www.solino.gr\/de\/wp-json\/wp\/v2\/product_tag?post=54972"}],"curies":[{"name":"wp","href":"https:\/\/api.w.org\/{rel}","templated":true}]}}