{"id":54886,"date":"2024-06-14T12:34:14","date_gmt":"2024-06-14T09:34:14","guid":{"rendered":"https:\/\/www.solino.gr\/?post_type=product&#038;p=54886"},"modified":"2024-10-03T11:50:13","modified_gmt":"2024-10-03T08:50:13","slug":"reinigungstabletten-fuer-kaffeemaschinen-2g-10-tabletten-blister","status":"publish","type":"product","link":"https:\/\/www.solino.gr\/de\/shop\/reinigungstabletten-fuer-kaffeemaschinen-2g-10-tabletten-blister\/","title":{"rendered":"SOLINO &#8211; Reinigungstabletten f\u00fcr Kaffeemaschinen 2g &#8211; 10 Tabletten (Blister)"},"content":{"rendered":"","protected":false},"excerpt":{"rendered":"<p>Die Solino Reinigungstabletten sind speziell konzipiert um sicher und vollst\u00e4ndig Kaffee\u00f6le und Fette aus den Br\u00fchgruppen von vollautomatischen Kaffee- und Espressomaschinen zu entfernen. Bei der Entwicklung wurde gr\u00f6\u00dfter Wert auf Stabilit\u00e4t der Tablette bei gleichzeitig idealer Aufl\u00f6sungszeit in der Br\u00fchgruppe gelegt. Durch die Verwendung hochwertigster Inhaltsstoffe und modernster Fertigungstechnologien wird eine tadellose Reinigungswirkung erzielt. Durch die st\u00e4ndige Kontrolle und Optimierung des Herstellungsprozesses k\u00f6nnen wir eine Qualit\u00e4t unserer Reinigungstabletten garantieren welche einzigartig in diesem Sektor ist.<\/p>\n<p>F\u00fcr eine lange Lebensdauer Ihrer Kaffeemaschine.<\/p>\n<ul>\n<li class=\"first\">Hochwirksam gegen Kaffeefette &amp; Kaffee\u00f6le<\/li>\n<li>Schnell l\u00f6slich<\/li>\n<li>R\u00fcckstandsfrei und Geruchsneutral<\/li>\n<li>Speziell entwickelt f\u00fcr die Reinigung von Br\u00fchgruppen<\/li>\n<li class=\"last\">Geeignet f\u00fcr viele Kaffeemaschinen<\/li>\n<\/ul>\n","protected":false},"featured_media":68378,"comment_status":"closed","ping_status":"closed","template":"","meta":{"inline_featured_image":false},"pwb-brand":[14297],"product_brand":[],"product_cat":[104],"product_tag":[],"class_list":{"0":"post-54886","1":"product","2":"type-product","3":"status-publish","4":"has-post-thumbnail","6":"pwb-brand-solino","7":"product_cat-pflegeprodukte","9":"first","10":"instock","11":"taxable","12":"shipping-taxable","13":"purchasable","14":"product-type-simple"},"group_of_quantity":0,"min_quantity":0,"max_quantity":"","exclude_order_quantity_value_rules":"no","exclude_category_quantity_rules":"no","combine_variations":"no","yoast_head":"<!-- This site is optimized with the Yoast SEO Premium plugin v27.3 (Yoast SEO v27.3) - https:\/\/yoast.com\/product\/yoast-seo-premium-wordpress\/ -->\n<title>SOLINO - Reinigungstabletten f\u00fcr Kaffeemaschinen 2g - 10 Tabletten (Blister) - Solino<\/title>\n<meta name=\"robots\" content=\"index, follow, max-snippet:-1, max-image-preview:large, max-video-preview:-1\" \/>\n<link rel=\"canonical\" href=\"https:\/\/www.solino.gr\/de\/shop\/reinigungstabletten-fuer-kaffeemaschinen-2g-10-tabletten-blister\/\" \/>\n<meta property=\"og:locale\" content=\"de_DE\" \/>\n<meta property=\"og:type\" content=\"article\" \/>\n<meta property=\"og:title\" content=\"SOLINO - Reinigungstabletten f\u00fcr Kaffeemaschinen 2g - 10 Tabletten (Blister)\" \/>\n<meta property=\"og:description\" content=\"Die Solino Reinigungstabletten sind speziell konzipiert um sicher und vollst\u00e4ndig Kaffee\u00f6le und Fette aus den Br\u00fchgruppen von vollautomatischen Kaffee- und Espressomaschinen zu entfernen. Bei der Entwicklung wurde gr\u00f6\u00dfter Wert auf Stabilit\u00e4t der Tablette bei gleichzeitig idealer Aufl\u00f6sungszeit in der Br\u00fchgruppe gelegt. Durch die Verwendung hochwertigster Inhaltsstoffe und modernster Fertigungstechnologien wird eine tadellose Reinigungswirkung erzielt. Durch die st\u00e4ndige Kontrolle und Optimierung des Herstellungsprozesses k\u00f6nnen wir eine Qualit\u00e4t unserer Reinigungstabletten garantieren welche einzigartig in diesem Sektor ist.  F\u00fcr eine lange Lebensdauer Ihrer Kaffeemaschine.   Hochwirksam gegen Kaffeefette &amp; Kaffee\u00f6le  Schnell l\u00f6slich  R\u00fcckstandsfrei und Geruchsneutral  Speziell entwickelt f\u00fcr die Reinigung von Br\u00fchgruppen  Geeignet f\u00fcr viele Kaffeemaschinen\" \/>\n<meta property=\"og:url\" content=\"https:\/\/www.solino.gr\/de\/shop\/reinigungstabletten-fuer-kaffeemaschinen-2g-10-tabletten-blister\/\" \/>\n<meta property=\"og:site_name\" content=\"Solino\" \/>\n<meta property=\"article:publisher\" content=\"https:\/\/www.facebook.com\/coffeepartnerforyourbusiness\" \/>\n<meta property=\"article:modified_time\" content=\"2024-10-03T08:50:13+00:00\" \/>\n<meta property=\"og:image\" content=\"https:\/\/www.solino.gr\/wp-content\/uploads\/2024\/06\/blister_reinigungstabletten_neu-1-e1718367048617.png\" \/>\n\t<meta property=\"og:image:width\" content=\"489\" \/>\n\t<meta property=\"og:image:height\" content=\"1052\" \/>\n\t<meta property=\"og:image:type\" content=\"image\/png\" \/>\n<meta name=\"twitter:card\" content=\"summary_large_image\" \/>\n<meta name=\"twitter:label1\" content=\"Preis\" \/>\n\t<meta name=\"twitter:data1\" content=\"8,90&euro;\" \/>\n\t<meta name=\"twitter:label2\" content=\"Verf\u00fcgbarkeit\" \/>\n\t<meta name=\"twitter:data2\" content=\"Auf Lager\" \/>\n<script type=\"application\/ld+json\" class=\"yoast-schema-graph\">{\"@context\":\"https:\\\/\\\/schema.org\",\"@graph\":[{\"@type\":\"WebPage\",\"@id\":\"https:\\\/\\\/www.solino.gr\\\/de\\\/shop\\\/reinigungstabletten-fuer-kaffeemaschinen-2g-10-tabletten-blister\\\/\",\"url\":\"https:\\\/\\\/www.solino.gr\\\/de\\\/shop\\\/reinigungstabletten-fuer-kaffeemaschinen-2g-10-tabletten-blister\\\/\",\"name\":\"SOLINO - Reinigungstabletten f\u00fcr Kaffeemaschinen 2g - 10 Tabletten (Blister) - Solino\",\"isPartOf\":{\"@id\":\"https:\\\/\\\/www.solino.gr\\\/de\\\/#website\"},\"primaryImageOfPage\":{\"@id\":\"https:\\\/\\\/www.solino.gr\\\/de\\\/shop\\\/reinigungstabletten-fuer-kaffeemaschinen-2g-10-tabletten-blister\\\/#primaryimage\"},\"image\":{\"@id\":\"https:\\\/\\\/www.solino.gr\\\/de\\\/shop\\\/reinigungstabletten-fuer-kaffeemaschinen-2g-10-tabletten-blister\\\/#primaryimage\"},\"thumbnailUrl\":\"https:\\\/\\\/www.solino.gr\\\/wp-content\\\/uploads\\\/2024\\\/06\\\/blister_reinigungstabletten_neu-1-e1718367048617.png\",\"datePublished\":\"2024-06-14T09:34:14+00:00\",\"dateModified\":\"2024-10-03T08:50:13+00:00\",\"breadcrumb\":{\"@id\":\"https:\\\/\\\/www.solino.gr\\\/de\\\/shop\\\/reinigungstabletten-fuer-kaffeemaschinen-2g-10-tabletten-blister\\\/#breadcrumb\"},\"inLanguage\":\"de\",\"potentialAction\":[{\"@type\":\"ReadAction\",\"target\":[\"https:\\\/\\\/www.solino.gr\\\/de\\\/shop\\\/reinigungstabletten-fuer-kaffeemaschinen-2g-10-tabletten-blister\\\/\"]}]},{\"@type\":\"ImageObject\",\"inLanguage\":\"de\",\"@id\":\"https:\\\/\\\/www.solino.gr\\\/de\\\/shop\\\/reinigungstabletten-fuer-kaffeemaschinen-2g-10-tabletten-blister\\\/#primaryimage\",\"url\":\"https:\\\/\\\/www.solino.gr\\\/wp-content\\\/uploads\\\/2024\\\/06\\\/blister_reinigungstabletten_neu-1-e1718367048617.png\",\"contentUrl\":\"https:\\\/\\\/www.solino.gr\\\/wp-content\\\/uploads\\\/2024\\\/06\\\/blister_reinigungstabletten_neu-1-e1718367048617.png\",\"width\":489,\"height\":1052},{\"@type\":\"BreadcrumbList\",\"@id\":\"https:\\\/\\\/www.solino.gr\\\/de\\\/shop\\\/reinigungstabletten-fuer-kaffeemaschinen-2g-10-tabletten-blister\\\/#breadcrumb\",\"itemListElement\":[{\"@type\":\"ListItem\",\"position\":1,\"name\":\"Home\",\"item\":\"https:\\\/\\\/www.solino.gr\\\/de\\\/\"},{\"@type\":\"ListItem\",\"position\":2,\"name\":\"Unsere Produkte\",\"item\":\"https:\\\/\\\/www.solino.gr\\\/de\\\/shop\\\/\"},{\"@type\":\"ListItem\",\"position\":3,\"name\":\"SOLINO &#8211; Reinigungstabletten f\u00fcr Kaffeemaschinen 2g &#8211; 10 Tabletten (Blister)\"}]},{\"@type\":\"WebSite\",\"@id\":\"https:\\\/\\\/www.solino.gr\\\/de\\\/#website\",\"url\":\"https:\\\/\\\/www.solino.gr\\\/de\\\/\",\"name\":\"Solino\",\"description\":\"\u039f\u03b9 \u0395\u03c0\u03b1\u03b3\u03b3\u03b5\u03bb\u03bc\u03b1\u03c4\u03b9\u03ba\u03ad\u03c2 \u039b\u03cd\u03c3\u03b5\u03b9\u03c2 \u03c3\u03c4\u03b9\u03c2 \u039c\u03b7\u03c7\u03b1\u03bd\u03ad\u03c2 \u039a\u03b1\u03c6\u03ad &amp; \u0395\u03c3\u03c0\u03c1\u03ad\u03c3\u03bf\",\"publisher\":{\"@id\":\"https:\\\/\\\/www.solino.gr\\\/de\\\/#organization\"},\"potentialAction\":[{\"@type\":\"SearchAction\",\"target\":{\"@type\":\"EntryPoint\",\"urlTemplate\":\"https:\\\/\\\/www.solino.gr\\\/de\\\/?s={search_term_string}\"},\"query-input\":{\"@type\":\"PropertyValueSpecification\",\"valueRequired\":true,\"valueName\":\"search_term_string\"}}],\"inLanguage\":\"de\"},{\"@type\":\"Organization\",\"@id\":\"https:\\\/\\\/www.solino.gr\\\/de\\\/#organization\",\"name\":\"Solino\",\"url\":\"https:\\\/\\\/www.solino.gr\\\/de\\\/\",\"logo\":{\"@type\":\"ImageObject\",\"inLanguage\":\"de\",\"@id\":\"https:\\\/\\\/www.solino.gr\\\/de\\\/#\\\/schema\\\/logo\\\/image\\\/\",\"url\":\"https:\\\/\\\/www.solino.gr\\\/wp-content\\\/uploads\\\/2021\\\/04\\\/Solino-Weis-.jpg\",\"contentUrl\":\"https:\\\/\\\/www.solino.gr\\\/wp-content\\\/uploads\\\/2021\\\/04\\\/Solino-Weis-.jpg\",\"width\":1156,\"height\":429,\"caption\":\"Solino\"},\"image\":{\"@id\":\"https:\\\/\\\/www.solino.gr\\\/de\\\/#\\\/schema\\\/logo\\\/image\\\/\"},\"sameAs\":[\"https:\\\/\\\/www.facebook.com\\\/coffeepartnerforyourbusiness\",\"https:\\\/\\\/www.instagram.com\\\/the_complete_coffeepartner\\\/\",\"https:\\\/\\\/www.linkedin.com\\\/company\\\/5267982\\\/admin\\\/\",\"https:\\\/\\\/www.pinterest.de\\\/tcharpantidis\\\/\",\"https:\\\/\\\/www.youtube.com\\\/channel\\\/UCQxbxyAKpQX142Zlz0VBNww\"],\"email\":\"info@solino.gr\",\"telephone\":\"+30 210 4173201\",\"legalName\":\"SOLINO IKE\",\"vatID\":\"EL802133107\",\"taxID\":\"EL802133107\",\"numberOfEmployees\":{\"@type\":\"QuantitativeValue\",\"minValue\":\"1\",\"maxValue\":\"10\"}}]}<\/script>\n<meta property=\"product:brand\" content=\"SOLINO\" \/>\n<meta property=\"product:price:amount\" content=\"8.90\" \/>\n<meta property=\"product:price:currency\" content=\"EUR\" \/>\n<meta property=\"og:availability\" content=\"instock\" \/>\n<meta property=\"product:availability\" content=\"instock\" \/>\n<meta property=\"product:retailer_item_id\" content=\"SO81077\" \/>\n<meta property=\"product:condition\" content=\"new\" \/>\n<!-- \/ Yoast SEO Premium plugin. -->","yoast_head_json":{"title":"SOLINO - Reinigungstabletten f\u00fcr Kaffeemaschinen 2g - 10 Tabletten (Blister) - Solino","robots":{"index":"index","follow":"follow","max-snippet":"max-snippet:-1","max-image-preview":"max-image-preview:large","max-video-preview":"max-video-preview:-1"},"canonical":"https:\/\/www.solino.gr\/de\/shop\/reinigungstabletten-fuer-kaffeemaschinen-2g-10-tabletten-blister\/","og_locale":"de_DE","og_type":"article","og_title":"SOLINO - Reinigungstabletten f\u00fcr Kaffeemaschinen 2g - 10 Tabletten (Blister)","og_description":"Die Solino Reinigungstabletten sind speziell konzipiert um sicher und vollst\u00e4ndig Kaffee\u00f6le und Fette aus den Br\u00fchgruppen von vollautomatischen Kaffee- und Espressomaschinen zu entfernen. Bei der Entwicklung wurde gr\u00f6\u00dfter Wert auf Stabilit\u00e4t der Tablette bei gleichzeitig idealer Aufl\u00f6sungszeit in der Br\u00fchgruppe gelegt. Durch die Verwendung hochwertigster Inhaltsstoffe und modernster Fertigungstechnologien wird eine tadellose Reinigungswirkung erzielt. Durch die st\u00e4ndige Kontrolle und Optimierung des Herstellungsprozesses k\u00f6nnen wir eine Qualit\u00e4t unserer Reinigungstabletten garantieren welche einzigartig in diesem Sektor ist.  F\u00fcr eine lange Lebensdauer Ihrer Kaffeemaschine.   Hochwirksam gegen Kaffeefette &amp; Kaffee\u00f6le  Schnell l\u00f6slich  R\u00fcckstandsfrei und Geruchsneutral  Speziell entwickelt f\u00fcr die Reinigung von Br\u00fchgruppen  Geeignet f\u00fcr viele Kaffeemaschinen","og_url":"https:\/\/www.solino.gr\/de\/shop\/reinigungstabletten-fuer-kaffeemaschinen-2g-10-tabletten-blister\/","og_site_name":"Solino","article_publisher":"https:\/\/www.facebook.com\/coffeepartnerforyourbusiness","article_modified_time":"2024-10-03T08:50:13+00:00","og_image":[{"width":489,"height":1052,"url":"https:\/\/www.solino.gr\/wp-content\/uploads\/2024\/06\/blister_reinigungstabletten_neu-1-e1718367048617.png","type":"image\/png"}],"twitter_card":"summary_large_image","twitter_misc":{"Preis":"8,90&euro;","Verf\u00fcgbarkeit":"Auf Lager"},"schema":{"@context":"https:\/\/schema.org","@graph":[{"@type":"WebPage","@id":"https:\/\/www.solino.gr\/de\/shop\/reinigungstabletten-fuer-kaffeemaschinen-2g-10-tabletten-blister\/","url":"https:\/\/www.solino.gr\/de\/shop\/reinigungstabletten-fuer-kaffeemaschinen-2g-10-tabletten-blister\/","name":"SOLINO - Reinigungstabletten f\u00fcr Kaffeemaschinen 2g - 10 Tabletten (Blister) - Solino","isPartOf":{"@id":"https:\/\/www.solino.gr\/de\/#website"},"primaryImageOfPage":{"@id":"https:\/\/www.solino.gr\/de\/shop\/reinigungstabletten-fuer-kaffeemaschinen-2g-10-tabletten-blister\/#primaryimage"},"image":{"@id":"https:\/\/www.solino.gr\/de\/shop\/reinigungstabletten-fuer-kaffeemaschinen-2g-10-tabletten-blister\/#primaryimage"},"thumbnailUrl":"https:\/\/www.solino.gr\/wp-content\/uploads\/2024\/06\/blister_reinigungstabletten_neu-1-e1718367048617.png","datePublished":"2024-06-14T09:34:14+00:00","dateModified":"2024-10-03T08:50:13+00:00","breadcrumb":{"@id":"https:\/\/www.solino.gr\/de\/shop\/reinigungstabletten-fuer-kaffeemaschinen-2g-10-tabletten-blister\/#breadcrumb"},"inLanguage":"de","potentialAction":[{"@type":"ReadAction","target":["https:\/\/www.solino.gr\/de\/shop\/reinigungstabletten-fuer-kaffeemaschinen-2g-10-tabletten-blister\/"]}]},{"@type":"ImageObject","inLanguage":"de","@id":"https:\/\/www.solino.gr\/de\/shop\/reinigungstabletten-fuer-kaffeemaschinen-2g-10-tabletten-blister\/#primaryimage","url":"https:\/\/www.solino.gr\/wp-content\/uploads\/2024\/06\/blister_reinigungstabletten_neu-1-e1718367048617.png","contentUrl":"https:\/\/www.solino.gr\/wp-content\/uploads\/2024\/06\/blister_reinigungstabletten_neu-1-e1718367048617.png","width":489,"height":1052},{"@type":"BreadcrumbList","@id":"https:\/\/www.solino.gr\/de\/shop\/reinigungstabletten-fuer-kaffeemaschinen-2g-10-tabletten-blister\/#breadcrumb","itemListElement":[{"@type":"ListItem","position":1,"name":"Home","item":"https:\/\/www.solino.gr\/de\/"},{"@type":"ListItem","position":2,"name":"Unsere Produkte","item":"https:\/\/www.solino.gr\/de\/shop\/"},{"@type":"ListItem","position":3,"name":"SOLINO &#8211; Reinigungstabletten f\u00fcr Kaffeemaschinen 2g &#8211; 10 Tabletten (Blister)"}]},{"@type":"WebSite","@id":"https:\/\/www.solino.gr\/de\/#website","url":"https:\/\/www.solino.gr\/de\/","name":"Solino","description":"\u039f\u03b9 \u0395\u03c0\u03b1\u03b3\u03b3\u03b5\u03bb\u03bc\u03b1\u03c4\u03b9\u03ba\u03ad\u03c2 \u039b\u03cd\u03c3\u03b5\u03b9\u03c2 \u03c3\u03c4\u03b9\u03c2 \u039c\u03b7\u03c7\u03b1\u03bd\u03ad\u03c2 \u039a\u03b1\u03c6\u03ad &amp; \u0395\u03c3\u03c0\u03c1\u03ad\u03c3\u03bf","publisher":{"@id":"https:\/\/www.solino.gr\/de\/#organization"},"potentialAction":[{"@type":"SearchAction","target":{"@type":"EntryPoint","urlTemplate":"https:\/\/www.solino.gr\/de\/?s={search_term_string}"},"query-input":{"@type":"PropertyValueSpecification","valueRequired":true,"valueName":"search_term_string"}}],"inLanguage":"de"},{"@type":"Organization","@id":"https:\/\/www.solino.gr\/de\/#organization","name":"Solino","url":"https:\/\/www.solino.gr\/de\/","logo":{"@type":"ImageObject","inLanguage":"de","@id":"https:\/\/www.solino.gr\/de\/#\/schema\/logo\/image\/","url":"https:\/\/www.solino.gr\/wp-content\/uploads\/2021\/04\/Solino-Weis-.jpg","contentUrl":"https:\/\/www.solino.gr\/wp-content\/uploads\/2021\/04\/Solino-Weis-.jpg","width":1156,"height":429,"caption":"Solino"},"image":{"@id":"https:\/\/www.solino.gr\/de\/#\/schema\/logo\/image\/"},"sameAs":["https:\/\/www.facebook.com\/coffeepartnerforyourbusiness","https:\/\/www.instagram.com\/the_complete_coffeepartner\/","https:\/\/www.linkedin.com\/company\/5267982\/admin\/","https:\/\/www.pinterest.de\/tcharpantidis\/","https:\/\/www.youtube.com\/channel\/UCQxbxyAKpQX142Zlz0VBNww"],"email":"info@solino.gr","telephone":"+30 210 4173201","legalName":"SOLINO IKE","vatID":"EL802133107","taxID":"EL802133107","numberOfEmployees":{"@type":"QuantitativeValue","minValue":"1","maxValue":"10"}}]},"product_brand":"SOLINO","product_price_amount":"8.90","product_price_currency":"EUR","og_availability":"instock","product_availability":"instock","product_retailer_item_id":"SO81077","product_condition":"new"},"brands":[{"id":14297,"name":"SOLINO","slug":"solino"}],"_links":{"self":[{"href":"https:\/\/www.solino.gr\/de\/wp-json\/wp\/v2\/product\/54886","targetHints":{"allow":["GET"]}}],"collection":[{"href":"https:\/\/www.solino.gr\/de\/wp-json\/wp\/v2\/product"}],"about":[{"href":"https:\/\/www.solino.gr\/de\/wp-json\/wp\/v2\/types\/product"}],"replies":[{"embeddable":true,"href":"https:\/\/www.solino.gr\/de\/wp-json\/wp\/v2\/comments?post=54886"}],"version-history":[{"count":0,"href":"https:\/\/www.solino.gr\/de\/wp-json\/wp\/v2\/product\/54886\/revisions"}],"wp:featuredmedia":[{"embeddable":true,"href":"https:\/\/www.solino.gr\/de\/wp-json\/wp\/v2\/media\/68378"}],"wp:attachment":[{"href":"https:\/\/www.solino.gr\/de\/wp-json\/wp\/v2\/media?parent=54886"}],"wp:term":[{"taxonomy":"pwb-brand","embeddable":true,"href":"https:\/\/www.solino.gr\/de\/wp-json\/wp\/v2\/pwb-brand?post=54886"},{"taxonomy":"product_brand","embeddable":true,"href":"https:\/\/www.solino.gr\/de\/wp-json\/wp\/v2\/product_brand?post=54886"},{"taxonomy":"product_cat","embeddable":true,"href":"https:\/\/www.solino.gr\/de\/wp-json\/wp\/v2\/product_cat?post=54886"},{"taxonomy":"product_tag","embeddable":true,"href":"https:\/\/www.solino.gr\/de\/wp-json\/wp\/v2\/product_tag?post=54886"}],"curies":[{"name":"wp","href":"https:\/\/api.w.org\/{rel}","templated":true}]}}