{"id":4712,"date":"2020-11-04T16:27:30","date_gmt":"2020-11-04T14:27:30","guid":{"rendered":"https:\/\/www.solino.gr\/wordpress\/?post_type=product&#038;p=4712"},"modified":"2024-10-22T14:26:39","modified_gmt":"2024-10-22T11:26:39","slug":"jura-wasserfiltersystem-f2300","status":"publish","type":"product","link":"https:\/\/www.solino.gr\/de\/shop\/jura-wasserfiltersystem-f2300\/","title":{"rendered":"Jura &#8211; Wasserfiltersystem F2300 &#8211; 24099"},"content":{"rendered":"<div class=\"wpb-content-wrapper\"><p>[vc_row][vc_column width=&#8221;1\/6&#8243;][\/vc_column][vc_column width=&#8221;2\/3&#8243;][vc_column_text]Mit dem Einsatz des JURA-Wasserfiltersystems gewinnen Sie stets frisch gefiltertes, wohltuendes Kaffee- und Teewasser. Es wurde f\u00fcr h\u00f6chste Qualit\u00e4t und Servicefreundlichkeit entwickelt und setzt einen neuen Standard in der Gastronomie- und Vendigbranche. Es wird direkt an Ihrem Wasseranschluss angeschlossen.<\/p>\n<div id=\"pagelayout_0_pagetype_0_pagecontent_0_panExpandable\" class=\"block-expandable state-expanded\" data-init=\"expandable\" data-expandable-options=\"{&quot;modal&quot;:true}\">\n<div class=\"content\" data-expandable=\"content\">\n<p>Das JURA-Wasserfiltersystem ist modular aufgebaut und besteht aus der Filterpatrone, dem Filterkopf, dem Anschlussschlauch sowie dem Flow Sensor. Das JURA-Wasserfiltersystem eignet sich ideal f\u00fcr die Verwendung bei allen Vollautomaten mit Festwasseranschluss von JURA.<\/p>\n<p><strong>JURA-Filterpatrone<\/strong><br \/>\nDamit erzielen Sie viele wertvolle Vorteile:<\/p>\n<ul>\n<li>Reduzierte Servicekosten durch Schutz vor Verkalkung<\/li>\n<li>Steigerung der Effizienz und der Lebensdauer der Ger\u00e4te<\/li>\n<li>Vermeidung von Maschinenausf\u00e4llen<\/li>\n<li>Kaffee mit perfekter Crema, vollem Aroma und angenehmem Duft<\/li>\n<li>Perfekt auf die JURA-Kaffeevollautomaten abgestimmt<\/li>\n<\/ul>\n<p><strong>Wichtig<\/strong><br \/>\nDamit der Hinweis auf den Filterwechsel nicht wie gewohnt bereits nach 50 Litern erscheint, ist beim ersten Einsatz des JURA-Wasserfiltersystems eine Anpassung der programmierbaren Einstellungen notwendig. Diese kann ausschlie\u00dflich von autorisierten JURA-Servicepartnern vorgenommen werden.<\/p>\n<p>Die Anwendung VENDING beschreibt die Zubereitung von Heisswassergetr\u00e4nken ohne Dampferzeugung. Die angegebenen Kapazit\u00e4ten sind Richtwerte und k\u00f6nnen je nach Maschinentyp variieren. Gerne geben wir spezielle Empfehlung f\u00fcr Ihren Maschinentyp. Beachten Sie, dass mit Dampferzeugung der Wasserfilter \u00fcber eine geringere Literkapazit\u00e4t verf\u00fcgt.<\/p>\n<\/div>\n<\/div>\n<p>[\/vc_column_text][\/vc_column][vc_column width=&#8221;1\/6&#8243;][\/vc_column][\/vc_row]<\/p>\n<\/div>","protected":false},"excerpt":{"rendered":"<p>[vc_row][vc_column width=&#8221;1\/6&#8243;][\/vc_column][vc_column width=&#8221;2\/3&#8243;][vc_column_text]Mit dem Einsatz des JURA-Wasserfiltersystems gewinnen Sie stets frisch gefiltertes, wohltuendes Kaffee- und Teewasser. Es wurde f\u00fcr h\u00f6chste Qualit\u00e4t und Servicefreundlichkeit entwickelt und setzt einen neuen Standard in der Gastronomie- und Vendigbranche. Es wird direkt an Ihrem Wasseranschluss angeschlossen. Das JURA-Wasserfiltersystem ist modular aufgebaut und besteht aus der Filterpatrone, dem Filterkopf, dem Anschlussschlauch [&hellip;]<\/p>\n","protected":false},"featured_media":4709,"comment_status":"closed","ping_status":"closed","template":"","meta":{"inline_featured_image":false},"pwb-brand":[11833],"product_brand":[],"product_cat":[104,620],"product_tag":[],"class_list":{"0":"post-4712","1":"product","2":"type-product","3":"status-publish","4":"has-post-thumbnail","6":"pwb-brand-jura","7":"product_cat-pflegeprodukte","8":"product_cat-wasserfilter","10":"first","11":"outofstock","12":"taxable","13":"shipping-taxable","14":"purchasable","15":"product-type-simple"},"group_of_quantity":0,"min_quantity":0,"max_quantity":"","exclude_order_quantity_value_rules":"no","exclude_category_quantity_rules":"no","combine_variations":"no","yoast_head":"<!-- This site is optimized with the Yoast SEO Premium plugin v27.3 (Yoast SEO v27.3) - https:\/\/yoast.com\/product\/yoast-seo-premium-wordpress\/ -->\n<title>Jura - Wasserfiltersystem F2300 - 24099 - Solino<\/title>\n<meta name=\"robots\" content=\"index, follow, max-snippet:-1, max-image-preview:large, max-video-preview:-1\" \/>\n<link rel=\"canonical\" href=\"https:\/\/www.solino.gr\/de\/shop\/jura-wasserfiltersystem-f2300\/\" \/>\n<meta property=\"og:locale\" content=\"de_DE\" \/>\n<meta property=\"og:type\" content=\"article\" \/>\n<meta property=\"og:title\" content=\"Jura - Wasserfiltersystem F2300 - 24099\" \/>\n<meta property=\"og:description\" content=\"Mit dem Einsatz des JURA-Wasserfiltersystems gewinnen Sie stets frisch gefiltertes, wohltuendes Kaffee- und Teewasser. Es wurde f\u00fcr h\u00f6chste Qualit\u00e4t und\" \/>\n<meta property=\"og:url\" content=\"https:\/\/www.solino.gr\/de\/shop\/jura-wasserfiltersystem-f2300\/\" \/>\n<meta property=\"og:site_name\" content=\"Solino\" \/>\n<meta property=\"article:publisher\" content=\"https:\/\/www.facebook.com\/coffeepartnerforyourbusiness\" \/>\n<meta property=\"article:modified_time\" content=\"2024-10-22T11:26:39+00:00\" \/>\n<meta property=\"og:image\" content=\"https:\/\/www.solino.gr\/wp-content\/uploads\/2020\/11\/f2300_image1.jpg\" \/>\n\t<meta property=\"og:image:width\" content=\"1620\" \/>\n\t<meta property=\"og:image:height\" content=\"1080\" \/>\n\t<meta property=\"og:image:type\" content=\"image\/jpeg\" \/>\n<meta name=\"twitter:card\" content=\"summary_large_image\" \/>\n<meta name=\"twitter:label1\" content=\"Preis\" \/>\n\t<meta name=\"twitter:data1\" content=\"149,00&euro;\" \/>\n\t<meta name=\"twitter:label2\" content=\"Verf\u00fcgbarkeit\" \/>\n\t<meta name=\"twitter:data2\" content=\"ausverkauft\" \/>\n<script type=\"application\/ld+json\" class=\"yoast-schema-graph\">{\"@context\":\"https:\\\/\\\/schema.org\",\"@graph\":[{\"@type\":\"WebPage\",\"@id\":\"https:\\\/\\\/www.solino.gr\\\/de\\\/shop\\\/jura-wasserfiltersystem-f2300\\\/\",\"url\":\"https:\\\/\\\/www.solino.gr\\\/de\\\/shop\\\/jura-wasserfiltersystem-f2300\\\/\",\"name\":\"Jura - Wasserfiltersystem F2300 - 24099 - Solino\",\"isPartOf\":{\"@id\":\"https:\\\/\\\/www.solino.gr\\\/de\\\/#website\"},\"primaryImageOfPage\":{\"@id\":\"https:\\\/\\\/www.solino.gr\\\/de\\\/shop\\\/jura-wasserfiltersystem-f2300\\\/#primaryimage\"},\"image\":{\"@id\":\"https:\\\/\\\/www.solino.gr\\\/de\\\/shop\\\/jura-wasserfiltersystem-f2300\\\/#primaryimage\"},\"thumbnailUrl\":\"https:\\\/\\\/www.solino.gr\\\/wp-content\\\/uploads\\\/2020\\\/11\\\/f2300_image1.jpg\",\"datePublished\":\"2020-11-04T14:27:30+00:00\",\"dateModified\":\"2024-10-22T11:26:39+00:00\",\"breadcrumb\":{\"@id\":\"https:\\\/\\\/www.solino.gr\\\/de\\\/shop\\\/jura-wasserfiltersystem-f2300\\\/#breadcrumb\"},\"inLanguage\":\"de\",\"potentialAction\":[{\"@type\":\"ReadAction\",\"target\":[\"https:\\\/\\\/www.solino.gr\\\/de\\\/shop\\\/jura-wasserfiltersystem-f2300\\\/\"]}]},{\"@type\":\"ImageObject\",\"inLanguage\":\"de\",\"@id\":\"https:\\\/\\\/www.solino.gr\\\/de\\\/shop\\\/jura-wasserfiltersystem-f2300\\\/#primaryimage\",\"url\":\"https:\\\/\\\/www.solino.gr\\\/wp-content\\\/uploads\\\/2020\\\/11\\\/f2300_image1.jpg\",\"contentUrl\":\"https:\\\/\\\/www.solino.gr\\\/wp-content\\\/uploads\\\/2020\\\/11\\\/f2300_image1.jpg\",\"width\":1620,\"height\":1080,\"caption\":\"JURA water filter system\"},{\"@type\":\"BreadcrumbList\",\"@id\":\"https:\\\/\\\/www.solino.gr\\\/de\\\/shop\\\/jura-wasserfiltersystem-f2300\\\/#breadcrumb\",\"itemListElement\":[{\"@type\":\"ListItem\",\"position\":1,\"name\":\"Home\",\"item\":\"https:\\\/\\\/www.solino.gr\\\/de\\\/\"},{\"@type\":\"ListItem\",\"position\":2,\"name\":\"Unsere Produkte\",\"item\":\"https:\\\/\\\/www.solino.gr\\\/de\\\/shop\\\/\"},{\"@type\":\"ListItem\",\"position\":3,\"name\":\"Jura &#8211; Wasserfiltersystem F2300 &#8211; 24099\"}]},{\"@type\":\"WebSite\",\"@id\":\"https:\\\/\\\/www.solino.gr\\\/de\\\/#website\",\"url\":\"https:\\\/\\\/www.solino.gr\\\/de\\\/\",\"name\":\"Solino\",\"description\":\"\u039f\u03b9 \u0395\u03c0\u03b1\u03b3\u03b3\u03b5\u03bb\u03bc\u03b1\u03c4\u03b9\u03ba\u03ad\u03c2 \u039b\u03cd\u03c3\u03b5\u03b9\u03c2 \u03c3\u03c4\u03b9\u03c2 \u039c\u03b7\u03c7\u03b1\u03bd\u03ad\u03c2 \u039a\u03b1\u03c6\u03ad &amp; \u0395\u03c3\u03c0\u03c1\u03ad\u03c3\u03bf\",\"publisher\":{\"@id\":\"https:\\\/\\\/www.solino.gr\\\/de\\\/#organization\"},\"potentialAction\":[{\"@type\":\"SearchAction\",\"target\":{\"@type\":\"EntryPoint\",\"urlTemplate\":\"https:\\\/\\\/www.solino.gr\\\/de\\\/?s={search_term_string}\"},\"query-input\":{\"@type\":\"PropertyValueSpecification\",\"valueRequired\":true,\"valueName\":\"search_term_string\"}}],\"inLanguage\":\"de\"},{\"@type\":\"Organization\",\"@id\":\"https:\\\/\\\/www.solino.gr\\\/de\\\/#organization\",\"name\":\"Solino\",\"url\":\"https:\\\/\\\/www.solino.gr\\\/de\\\/\",\"logo\":{\"@type\":\"ImageObject\",\"inLanguage\":\"de\",\"@id\":\"https:\\\/\\\/www.solino.gr\\\/de\\\/#\\\/schema\\\/logo\\\/image\\\/\",\"url\":\"https:\\\/\\\/www.solino.gr\\\/wp-content\\\/uploads\\\/2021\\\/04\\\/Solino-Weis-.jpg\",\"contentUrl\":\"https:\\\/\\\/www.solino.gr\\\/wp-content\\\/uploads\\\/2021\\\/04\\\/Solino-Weis-.jpg\",\"width\":1156,\"height\":429,\"caption\":\"Solino\"},\"image\":{\"@id\":\"https:\\\/\\\/www.solino.gr\\\/de\\\/#\\\/schema\\\/logo\\\/image\\\/\"},\"sameAs\":[\"https:\\\/\\\/www.facebook.com\\\/coffeepartnerforyourbusiness\",\"https:\\\/\\\/www.instagram.com\\\/the_complete_coffeepartner\\\/\",\"https:\\\/\\\/www.linkedin.com\\\/company\\\/5267982\\\/admin\\\/\",\"https:\\\/\\\/www.pinterest.de\\\/tcharpantidis\\\/\",\"https:\\\/\\\/www.youtube.com\\\/channel\\\/UCQxbxyAKpQX142Zlz0VBNww\"],\"email\":\"info@solino.gr\",\"telephone\":\"+30 210 4173201\",\"legalName\":\"SOLINO IKE\",\"vatID\":\"EL802133107\",\"taxID\":\"EL802133107\",\"numberOfEmployees\":{\"@type\":\"QuantitativeValue\",\"minValue\":\"1\",\"maxValue\":\"10\"}}]}<\/script>\n<meta property=\"product:brand\" content=\"JURA\" \/>\n<meta property=\"product:price:amount\" content=\"149.00\" \/>\n<meta property=\"product:price:currency\" content=\"EUR\" \/>\n<meta property=\"og:availability\" content=\"out of stock\" \/>\n<meta property=\"product:availability\" content=\"out of stock\" \/>\n<meta property=\"product:retailer_item_id\" content=\"JUZ24099\" \/>\n<meta property=\"product:condition\" content=\"new\" \/>\n<!-- \/ Yoast SEO Premium plugin. -->","yoast_head_json":{"title":"Jura - Wasserfiltersystem F2300 - 24099 - Solino","robots":{"index":"index","follow":"follow","max-snippet":"max-snippet:-1","max-image-preview":"max-image-preview:large","max-video-preview":"max-video-preview:-1"},"canonical":"https:\/\/www.solino.gr\/de\/shop\/jura-wasserfiltersystem-f2300\/","og_locale":"de_DE","og_type":"article","og_title":"Jura - Wasserfiltersystem F2300 - 24099","og_description":"Mit dem Einsatz des JURA-Wasserfiltersystems gewinnen Sie stets frisch gefiltertes, wohltuendes Kaffee- und Teewasser. Es wurde f\u00fcr h\u00f6chste Qualit\u00e4t und","og_url":"https:\/\/www.solino.gr\/de\/shop\/jura-wasserfiltersystem-f2300\/","og_site_name":"Solino","article_publisher":"https:\/\/www.facebook.com\/coffeepartnerforyourbusiness","article_modified_time":"2024-10-22T11:26:39+00:00","og_image":[{"width":1620,"height":1080,"url":"https:\/\/www.solino.gr\/wp-content\/uploads\/2020\/11\/f2300_image1.jpg","type":"image\/jpeg"}],"twitter_card":"summary_large_image","twitter_misc":{"Preis":"149,00&euro;","Verf\u00fcgbarkeit":"ausverkauft"},"schema":{"@context":"https:\/\/schema.org","@graph":[{"@type":"WebPage","@id":"https:\/\/www.solino.gr\/de\/shop\/jura-wasserfiltersystem-f2300\/","url":"https:\/\/www.solino.gr\/de\/shop\/jura-wasserfiltersystem-f2300\/","name":"Jura - Wasserfiltersystem F2300 - 24099 - Solino","isPartOf":{"@id":"https:\/\/www.solino.gr\/de\/#website"},"primaryImageOfPage":{"@id":"https:\/\/www.solino.gr\/de\/shop\/jura-wasserfiltersystem-f2300\/#primaryimage"},"image":{"@id":"https:\/\/www.solino.gr\/de\/shop\/jura-wasserfiltersystem-f2300\/#primaryimage"},"thumbnailUrl":"https:\/\/www.solino.gr\/wp-content\/uploads\/2020\/11\/f2300_image1.jpg","datePublished":"2020-11-04T14:27:30+00:00","dateModified":"2024-10-22T11:26:39+00:00","breadcrumb":{"@id":"https:\/\/www.solino.gr\/de\/shop\/jura-wasserfiltersystem-f2300\/#breadcrumb"},"inLanguage":"de","potentialAction":[{"@type":"ReadAction","target":["https:\/\/www.solino.gr\/de\/shop\/jura-wasserfiltersystem-f2300\/"]}]},{"@type":"ImageObject","inLanguage":"de","@id":"https:\/\/www.solino.gr\/de\/shop\/jura-wasserfiltersystem-f2300\/#primaryimage","url":"https:\/\/www.solino.gr\/wp-content\/uploads\/2020\/11\/f2300_image1.jpg","contentUrl":"https:\/\/www.solino.gr\/wp-content\/uploads\/2020\/11\/f2300_image1.jpg","width":1620,"height":1080,"caption":"JURA water filter system"},{"@type":"BreadcrumbList","@id":"https:\/\/www.solino.gr\/de\/shop\/jura-wasserfiltersystem-f2300\/#breadcrumb","itemListElement":[{"@type":"ListItem","position":1,"name":"Home","item":"https:\/\/www.solino.gr\/de\/"},{"@type":"ListItem","position":2,"name":"Unsere Produkte","item":"https:\/\/www.solino.gr\/de\/shop\/"},{"@type":"ListItem","position":3,"name":"Jura &#8211; Wasserfiltersystem F2300 &#8211; 24099"}]},{"@type":"WebSite","@id":"https:\/\/www.solino.gr\/de\/#website","url":"https:\/\/www.solino.gr\/de\/","name":"Solino","description":"\u039f\u03b9 \u0395\u03c0\u03b1\u03b3\u03b3\u03b5\u03bb\u03bc\u03b1\u03c4\u03b9\u03ba\u03ad\u03c2 \u039b\u03cd\u03c3\u03b5\u03b9\u03c2 \u03c3\u03c4\u03b9\u03c2 \u039c\u03b7\u03c7\u03b1\u03bd\u03ad\u03c2 \u039a\u03b1\u03c6\u03ad &amp; \u0395\u03c3\u03c0\u03c1\u03ad\u03c3\u03bf","publisher":{"@id":"https:\/\/www.solino.gr\/de\/#organization"},"potentialAction":[{"@type":"SearchAction","target":{"@type":"EntryPoint","urlTemplate":"https:\/\/www.solino.gr\/de\/?s={search_term_string}"},"query-input":{"@type":"PropertyValueSpecification","valueRequired":true,"valueName":"search_term_string"}}],"inLanguage":"de"},{"@type":"Organization","@id":"https:\/\/www.solino.gr\/de\/#organization","name":"Solino","url":"https:\/\/www.solino.gr\/de\/","logo":{"@type":"ImageObject","inLanguage":"de","@id":"https:\/\/www.solino.gr\/de\/#\/schema\/logo\/image\/","url":"https:\/\/www.solino.gr\/wp-content\/uploads\/2021\/04\/Solino-Weis-.jpg","contentUrl":"https:\/\/www.solino.gr\/wp-content\/uploads\/2021\/04\/Solino-Weis-.jpg","width":1156,"height":429,"caption":"Solino"},"image":{"@id":"https:\/\/www.solino.gr\/de\/#\/schema\/logo\/image\/"},"sameAs":["https:\/\/www.facebook.com\/coffeepartnerforyourbusiness","https:\/\/www.instagram.com\/the_complete_coffeepartner\/","https:\/\/www.linkedin.com\/company\/5267982\/admin\/","https:\/\/www.pinterest.de\/tcharpantidis\/","https:\/\/www.youtube.com\/channel\/UCQxbxyAKpQX142Zlz0VBNww"],"email":"info@solino.gr","telephone":"+30 210 4173201","legalName":"SOLINO IKE","vatID":"EL802133107","taxID":"EL802133107","numberOfEmployees":{"@type":"QuantitativeValue","minValue":"1","maxValue":"10"}}]},"product_brand":"JURA","product_price_amount":"149.00","product_price_currency":"EUR","og_availability":"out of stock","product_availability":"out of stock","product_retailer_item_id":"JUZ24099","product_condition":"new"},"brands":[{"id":11833,"name":"JURA","slug":"jura"}],"_links":{"self":[{"href":"https:\/\/www.solino.gr\/de\/wp-json\/wp\/v2\/product\/4712","targetHints":{"allow":["GET"]}}],"collection":[{"href":"https:\/\/www.solino.gr\/de\/wp-json\/wp\/v2\/product"}],"about":[{"href":"https:\/\/www.solino.gr\/de\/wp-json\/wp\/v2\/types\/product"}],"replies":[{"embeddable":true,"href":"https:\/\/www.solino.gr\/de\/wp-json\/wp\/v2\/comments?post=4712"}],"version-history":[{"count":0,"href":"https:\/\/www.solino.gr\/de\/wp-json\/wp\/v2\/product\/4712\/revisions"}],"wp:featuredmedia":[{"embeddable":true,"href":"https:\/\/www.solino.gr\/de\/wp-json\/wp\/v2\/media\/4709"}],"wp:attachment":[{"href":"https:\/\/www.solino.gr\/de\/wp-json\/wp\/v2\/media?parent=4712"}],"wp:term":[{"taxonomy":"pwb-brand","embeddable":true,"href":"https:\/\/www.solino.gr\/de\/wp-json\/wp\/v2\/pwb-brand?post=4712"},{"taxonomy":"product_brand","embeddable":true,"href":"https:\/\/www.solino.gr\/de\/wp-json\/wp\/v2\/product_brand?post=4712"},{"taxonomy":"product_cat","embeddable":true,"href":"https:\/\/www.solino.gr\/de\/wp-json\/wp\/v2\/product_cat?post=4712"},{"taxonomy":"product_tag","embeddable":true,"href":"https:\/\/www.solino.gr\/de\/wp-json\/wp\/v2\/product_tag?post=4712"}],"curies":[{"name":"wp","href":"https:\/\/api.w.org\/{rel}","templated":true}]}}