{"id":46596,"date":"2024-01-24T11:56:36","date_gmt":"2024-01-24T09:56:36","guid":{"rendered":"https:\/\/www.solino.gr\/?post_type=product&#038;p=46596"},"modified":"2025-09-05T12:13:13","modified_gmt":"2025-09-05T09:13:13","slug":"tchibo-professional-caffe-crema-coffee-beans-1x1kg","status":"publish","type":"product","link":"https:\/\/www.solino.gr\/de\/shop\/tchibo-professional-caffe-crema-coffee-beans-1x1kg\/","title":{"rendered":"Tchibo Professional Caffe Crema Coffee Beans (1x1kg Bag)"},"content":{"rendered":"<div class=\"wpb-content-wrapper\"><p>[vc_row][vc_column width=&#8221;2\/12&#8243;][\/vc_column][vc_column width=&#8221;8\/12&#8243;][vc_column_text][\/vc_column_text][\/vc_column][vc_column width=&#8221;2\/12&#8243;][\/vc_column][\/vc_row][vc_row][vc_column width=&#8221;1\/6&#8243;][\/vc_column][vc_column width=&#8221;1\/6&#8243;][\/vc_column][vc_column width=&#8221;2\/6&#8243;][vc_column_text]<\/p>\n<h2 style=\"text-align: center;\">NUTRITION<\/h2>\n<p>[\/vc_column_text][\/vc_column][vc_column width=&#8221;1\/6&#8243;][\/vc_column][vc_column width=&#8221;1\/6&#8243;][\/vc_column][\/vc_row][vc_row][vc_column width=&#8221;1\/6&#8243;][\/vc_column][vc_column width=&#8221;1\/6&#8243;][\/vc_column][vc_column width=&#8221;1\/6&#8243;][vc_column_text]<strong>Ingredients<\/strong><\/p>\n<p><strong>Dosage<\/strong><\/p>\n<p><strong>Energy [kcal]<\/strong><\/p>\n<p><strong>Energy [kJ]<\/strong><\/p>\n<p><strong>Fat<\/strong><br \/>\n\u2014 thereof sat. fatty acids<\/p>\n<p><strong>Carbohydrates<\/strong><br \/>\n\u2014 thereof sugar<\/p>\n<p><strong>Protein<\/strong><\/p>\n<p><strong>Salt<\/strong>[\/vc_column_text][\/vc_column][vc_column width=&#8221;1\/6&#8243;][vc_column_text]<\/p>\n<p style=\"text-align: right;\"><span style=\"vertical-align: inherit;\"><span style=\"vertical-align: inherit;\">100% roasted whole coffee beans<\/span><\/span><\/p>\n<p style=\"text-align: right;\"><span class=\"right\"><span style=\"vertical-align: inherit;\"><span style=\"vertical-align: inherit;\">6g per 100ml<\/span><\/span><\/span><\/p>\n<p style=\"text-align: right;\"><span class=\"right\"><span style=\"vertical-align: inherit;\"><span style=\"vertical-align: inherit;\">2<\/span><\/span><\/span><\/p>\n<p style=\"text-align: right;\"><span class=\"right\"><span style=\"vertical-align: inherit;\"><span style=\"vertical-align: inherit;\">7<\/span><\/span><\/span><\/p>\n<p style=\"text-align: right;\"><span class=\"right\"><span style=\"vertical-align: inherit;\"><span style=\"vertical-align: inherit;\">&lt;0.1g <\/span><\/span><\/span><br \/>\n<span class=\"right\"><span style=\"vertical-align: inherit;\"><span style=\"vertical-align: inherit;\">&lt;0.1g<\/span><\/span><\/span><\/p>\n<p style=\"text-align: right;\"><span class=\"right\"><span style=\"vertical-align: inherit;\"><span style=\"vertical-align: inherit;\">&lt;0.1g <\/span><\/span><\/span><br \/>\n<span class=\"right\"><span style=\"vertical-align: inherit;\"><span style=\"vertical-align: inherit;\">&lt;0.1g<\/span><\/span><\/span><\/p>\n<p style=\"text-align: right;\"><span class=\"right\"><span style=\"vertical-align: inherit;\"><span style=\"vertical-align: inherit;\">0.2g<\/span><\/span><\/span><\/p>\n<p style=\"text-align: right;\"><span class=\"right\"><span style=\"vertical-align: inherit;\"><span style=\"vertical-align: inherit;\">&lt;0.01g<\/span><\/span><\/span><\/p>\n<p>[\/vc_column_text][\/vc_column][vc_column width=&#8221;1\/6&#8243;][\/vc_column][vc_column width=&#8221;1\/6&#8243;][\/vc_column][\/vc_row]<\/p>\n<\/div>","protected":false},"excerpt":{"rendered":"<p>Eine Komposition aus 100 % Arabica-Kaffeebohnen f\u00fcr eine feine, milde Creme und vollen Geschmack. Caffe Crema wird nach den traditionellen Methoden von Tchibo in h\u00f6chster Qualit\u00e4t hergestellt. Konzipiert f\u00fcr den professionellen Einsatz in B\u00fcros, Hotels und Gastronomie.<\/p>\n","protected":false},"featured_media":46599,"comment_status":"closed","ping_status":"closed","template":"","meta":{"inline_featured_image":false},"pwb-brand":[11841],"product_brand":[],"product_cat":[192,205,190],"product_tag":[],"class_list":{"0":"post-46596","1":"product","2":"type-product","3":"status-publish","4":"has-post-thumbnail","6":"pwb-brand-tchibo","7":"product_cat-ganze-bohnen","8":"product_cat-tchibo-de","9":"product_cat-tchibo-eduscho","11":"first","12":"outofstock","13":"sale","14":"taxable","15":"shipping-taxable","16":"purchasable","17":"product-type-simple"},"group_of_quantity":0,"min_quantity":0,"max_quantity":"","exclude_order_quantity_value_rules":"no","exclude_category_quantity_rules":"no","combine_variations":"no","yoast_head":"<!-- This site is optimized with the Yoast SEO Premium plugin v27.4 (Yoast SEO v27.4) - https:\/\/yoast.com\/product\/yoast-seo-premium-wordpress\/ -->\n<title>Tchibo Professional Caffe Crema Coffee Beans (1x1kg Bag) - Solino<\/title>\n<meta name=\"robots\" content=\"index, follow, max-snippet:-1, max-image-preview:large, max-video-preview:-1\" \/>\n<link rel=\"canonical\" href=\"https:\/\/www.solino.gr\/de\/shop\/tchibo-professional-caffe-crema-coffee-beans-1x1kg\/\" \/>\n<meta property=\"og:locale\" content=\"de_DE\" \/>\n<meta property=\"og:type\" content=\"article\" \/>\n<meta property=\"og:title\" content=\"Tchibo Professional Caffe Crema Coffee Beans (1x1kg Bag)\" \/>\n<meta property=\"og:description\" content=\"Eine Komposition aus 100 % Arabica-Kaffeebohnen f\u00fcr eine feine, milde Creme und vollen Geschmack. Caffe Crema wird nach den traditionellen Methoden von Tchibo in h\u00f6chster Qualit\u00e4t hergestellt. Konzipiert f\u00fcr den professionellen Einsatz in B\u00fcros, Hotels und Gastronomie.\" \/>\n<meta property=\"og:url\" content=\"https:\/\/www.solino.gr\/de\/shop\/tchibo-professional-caffe-crema-coffee-beans-1x1kg\/\" \/>\n<meta property=\"og:site_name\" content=\"Solino\" \/>\n<meta property=\"article:publisher\" content=\"https:\/\/www.facebook.com\/coffeepartnerforyourbusiness\" \/>\n<meta property=\"article:modified_time\" content=\"2025-09-05T09:13:13+00:00\" \/>\n<meta property=\"og:image\" content=\"https:\/\/www.solino.gr\/wp-content\/uploads\/2024\/01\/Tchibo-Professional-Caffe-Crema-1000g-pack-shot.png\" \/>\n\t<meta property=\"og:image:width\" content=\"566\" \/>\n\t<meta property=\"og:image:height\" content=\"800\" \/>\n\t<meta property=\"og:image:type\" content=\"image\/png\" \/>\n<meta name=\"twitter:card\" content=\"summary_large_image\" \/>\n<meta name=\"twitter:label1\" content=\"Preis\" \/>\n\t<meta name=\"twitter:data1\" content=\"34,00&euro;\" \/>\n\t<meta name=\"twitter:label2\" content=\"Verf\u00fcgbarkeit\" \/>\n\t<meta name=\"twitter:data2\" content=\"ausverkauft\" \/>\n<script type=\"application\/ld+json\" class=\"yoast-schema-graph\">{\"@context\":\"https:\\\/\\\/schema.org\",\"@graph\":[{\"@type\":\"WebPage\",\"@id\":\"https:\\\/\\\/www.solino.gr\\\/de\\\/shop\\\/tchibo-professional-caffe-crema-coffee-beans-1x1kg\\\/\",\"url\":\"https:\\\/\\\/www.solino.gr\\\/de\\\/shop\\\/tchibo-professional-caffe-crema-coffee-beans-1x1kg\\\/\",\"name\":\"Tchibo Professional Caffe Crema Coffee Beans (1x1kg Bag) - Solino\",\"isPartOf\":{\"@id\":\"https:\\\/\\\/www.solino.gr\\\/de\\\/#website\"},\"primaryImageOfPage\":{\"@id\":\"https:\\\/\\\/www.solino.gr\\\/de\\\/shop\\\/tchibo-professional-caffe-crema-coffee-beans-1x1kg\\\/#primaryimage\"},\"image\":{\"@id\":\"https:\\\/\\\/www.solino.gr\\\/de\\\/shop\\\/tchibo-professional-caffe-crema-coffee-beans-1x1kg\\\/#primaryimage\"},\"thumbnailUrl\":\"https:\\\/\\\/www.solino.gr\\\/wp-content\\\/uploads\\\/2024\\\/01\\\/Tchibo-Professional-Caffe-Crema-1000g-pack-shot.png\",\"datePublished\":\"2024-01-24T09:56:36+00:00\",\"dateModified\":\"2025-09-05T09:13:13+00:00\",\"breadcrumb\":{\"@id\":\"https:\\\/\\\/www.solino.gr\\\/de\\\/shop\\\/tchibo-professional-caffe-crema-coffee-beans-1x1kg\\\/#breadcrumb\"},\"inLanguage\":\"de\",\"potentialAction\":[{\"@type\":\"ReadAction\",\"target\":[\"https:\\\/\\\/www.solino.gr\\\/de\\\/shop\\\/tchibo-professional-caffe-crema-coffee-beans-1x1kg\\\/\"]}]},{\"@type\":\"ImageObject\",\"inLanguage\":\"de\",\"@id\":\"https:\\\/\\\/www.solino.gr\\\/de\\\/shop\\\/tchibo-professional-caffe-crema-coffee-beans-1x1kg\\\/#primaryimage\",\"url\":\"https:\\\/\\\/www.solino.gr\\\/wp-content\\\/uploads\\\/2024\\\/01\\\/Tchibo-Professional-Caffe-Crema-1000g-pack-shot.png\",\"contentUrl\":\"https:\\\/\\\/www.solino.gr\\\/wp-content\\\/uploads\\\/2024\\\/01\\\/Tchibo-Professional-Caffe-Crema-1000g-pack-shot.png\",\"width\":566,\"height\":800},{\"@type\":\"BreadcrumbList\",\"@id\":\"https:\\\/\\\/www.solino.gr\\\/de\\\/shop\\\/tchibo-professional-caffe-crema-coffee-beans-1x1kg\\\/#breadcrumb\",\"itemListElement\":[{\"@type\":\"ListItem\",\"position\":1,\"name\":\"Home\",\"item\":\"https:\\\/\\\/www.solino.gr\\\/de\\\/\"},{\"@type\":\"ListItem\",\"position\":2,\"name\":\"Unsere Produkte\",\"item\":\"https:\\\/\\\/www.solino.gr\\\/de\\\/shop\\\/\"},{\"@type\":\"ListItem\",\"position\":3,\"name\":\"Tchibo Professional Caffe Crema Coffee Beans (1x1kg Bag)\"}]},{\"@type\":\"WebSite\",\"@id\":\"https:\\\/\\\/www.solino.gr\\\/de\\\/#website\",\"url\":\"https:\\\/\\\/www.solino.gr\\\/de\\\/\",\"name\":\"Solino\",\"description\":\"\u039f\u03b9 \u0395\u03c0\u03b1\u03b3\u03b3\u03b5\u03bb\u03bc\u03b1\u03c4\u03b9\u03ba\u03ad\u03c2 \u039b\u03cd\u03c3\u03b5\u03b9\u03c2 \u03c3\u03c4\u03b9\u03c2 \u039c\u03b7\u03c7\u03b1\u03bd\u03ad\u03c2 \u039a\u03b1\u03c6\u03ad &amp; \u0395\u03c3\u03c0\u03c1\u03ad\u03c3\u03bf\",\"publisher\":{\"@id\":\"https:\\\/\\\/www.solino.gr\\\/de\\\/#organization\"},\"potentialAction\":[{\"@type\":\"SearchAction\",\"target\":{\"@type\":\"EntryPoint\",\"urlTemplate\":\"https:\\\/\\\/www.solino.gr\\\/de\\\/?s={search_term_string}\"},\"query-input\":{\"@type\":\"PropertyValueSpecification\",\"valueRequired\":true,\"valueName\":\"search_term_string\"}}],\"inLanguage\":\"de\"},{\"@type\":\"Organization\",\"@id\":\"https:\\\/\\\/www.solino.gr\\\/de\\\/#organization\",\"name\":\"Solino\",\"url\":\"https:\\\/\\\/www.solino.gr\\\/de\\\/\",\"logo\":{\"@type\":\"ImageObject\",\"inLanguage\":\"de\",\"@id\":\"https:\\\/\\\/www.solino.gr\\\/de\\\/#\\\/schema\\\/logo\\\/image\\\/\",\"url\":\"https:\\\/\\\/www.solino.gr\\\/wp-content\\\/uploads\\\/2021\\\/04\\\/Solino-Weis-.jpg\",\"contentUrl\":\"https:\\\/\\\/www.solino.gr\\\/wp-content\\\/uploads\\\/2021\\\/04\\\/Solino-Weis-.jpg\",\"width\":1156,\"height\":429,\"caption\":\"Solino\"},\"image\":{\"@id\":\"https:\\\/\\\/www.solino.gr\\\/de\\\/#\\\/schema\\\/logo\\\/image\\\/\"},\"sameAs\":[\"https:\\\/\\\/www.facebook.com\\\/coffeepartnerforyourbusiness\",\"https:\\\/\\\/www.instagram.com\\\/the_complete_coffeepartner\\\/\",\"https:\\\/\\\/www.linkedin.com\\\/company\\\/5267982\\\/admin\\\/\",\"https:\\\/\\\/www.pinterest.de\\\/tcharpantidis\\\/\",\"https:\\\/\\\/www.youtube.com\\\/channel\\\/UCQxbxyAKpQX142Zlz0VBNww\"],\"email\":\"info@solino.gr\",\"telephone\":\"+30 210 4173201\",\"legalName\":\"SOLINO IKE\",\"vatID\":\"EL802133107\",\"taxID\":\"EL802133107\",\"numberOfEmployees\":{\"@type\":\"QuantitativeValue\",\"minValue\":\"1\",\"maxValue\":\"10\"}}]}<\/script>\n<meta property=\"product:brand\" content=\"TCHIBO\" \/>\n<meta property=\"product:price:amount\" content=\"34.00\" \/>\n<meta property=\"product:price:currency\" content=\"EUR\" \/>\n<meta property=\"og:availability\" content=\"out of stock\" \/>\n<meta property=\"product:availability\" content=\"out of stock\" \/>\n<meta property=\"product:retailer_item_id\" content=\"TCHIC493426\/1\" \/>\n<meta property=\"product:condition\" content=\"new\" \/>\n<!-- \/ Yoast SEO Premium plugin. -->","yoast_head_json":{"title":"Tchibo Professional Caffe Crema Coffee Beans (1x1kg Bag) - Solino","robots":{"index":"index","follow":"follow","max-snippet":"max-snippet:-1","max-image-preview":"max-image-preview:large","max-video-preview":"max-video-preview:-1"},"canonical":"https:\/\/www.solino.gr\/de\/shop\/tchibo-professional-caffe-crema-coffee-beans-1x1kg\/","og_locale":"de_DE","og_type":"article","og_title":"Tchibo Professional Caffe Crema Coffee Beans (1x1kg Bag)","og_description":"Eine Komposition aus 100 % Arabica-Kaffeebohnen f\u00fcr eine feine, milde Creme und vollen Geschmack. Caffe Crema wird nach den traditionellen Methoden von Tchibo in h\u00f6chster Qualit\u00e4t hergestellt. Konzipiert f\u00fcr den professionellen Einsatz in B\u00fcros, Hotels und Gastronomie.","og_url":"https:\/\/www.solino.gr\/de\/shop\/tchibo-professional-caffe-crema-coffee-beans-1x1kg\/","og_site_name":"Solino","article_publisher":"https:\/\/www.facebook.com\/coffeepartnerforyourbusiness","article_modified_time":"2025-09-05T09:13:13+00:00","og_image":[{"width":566,"height":800,"url":"https:\/\/www.solino.gr\/wp-content\/uploads\/2024\/01\/Tchibo-Professional-Caffe-Crema-1000g-pack-shot.png","type":"image\/png"}],"twitter_card":"summary_large_image","twitter_misc":{"Preis":"34,00&euro;","Verf\u00fcgbarkeit":"ausverkauft"},"schema":{"@context":"https:\/\/schema.org","@graph":[{"@type":"WebPage","@id":"https:\/\/www.solino.gr\/de\/shop\/tchibo-professional-caffe-crema-coffee-beans-1x1kg\/","url":"https:\/\/www.solino.gr\/de\/shop\/tchibo-professional-caffe-crema-coffee-beans-1x1kg\/","name":"Tchibo Professional Caffe Crema Coffee Beans (1x1kg Bag) - Solino","isPartOf":{"@id":"https:\/\/www.solino.gr\/de\/#website"},"primaryImageOfPage":{"@id":"https:\/\/www.solino.gr\/de\/shop\/tchibo-professional-caffe-crema-coffee-beans-1x1kg\/#primaryimage"},"image":{"@id":"https:\/\/www.solino.gr\/de\/shop\/tchibo-professional-caffe-crema-coffee-beans-1x1kg\/#primaryimage"},"thumbnailUrl":"https:\/\/www.solino.gr\/wp-content\/uploads\/2024\/01\/Tchibo-Professional-Caffe-Crema-1000g-pack-shot.png","datePublished":"2024-01-24T09:56:36+00:00","dateModified":"2025-09-05T09:13:13+00:00","breadcrumb":{"@id":"https:\/\/www.solino.gr\/de\/shop\/tchibo-professional-caffe-crema-coffee-beans-1x1kg\/#breadcrumb"},"inLanguage":"de","potentialAction":[{"@type":"ReadAction","target":["https:\/\/www.solino.gr\/de\/shop\/tchibo-professional-caffe-crema-coffee-beans-1x1kg\/"]}]},{"@type":"ImageObject","inLanguage":"de","@id":"https:\/\/www.solino.gr\/de\/shop\/tchibo-professional-caffe-crema-coffee-beans-1x1kg\/#primaryimage","url":"https:\/\/www.solino.gr\/wp-content\/uploads\/2024\/01\/Tchibo-Professional-Caffe-Crema-1000g-pack-shot.png","contentUrl":"https:\/\/www.solino.gr\/wp-content\/uploads\/2024\/01\/Tchibo-Professional-Caffe-Crema-1000g-pack-shot.png","width":566,"height":800},{"@type":"BreadcrumbList","@id":"https:\/\/www.solino.gr\/de\/shop\/tchibo-professional-caffe-crema-coffee-beans-1x1kg\/#breadcrumb","itemListElement":[{"@type":"ListItem","position":1,"name":"Home","item":"https:\/\/www.solino.gr\/de\/"},{"@type":"ListItem","position":2,"name":"Unsere Produkte","item":"https:\/\/www.solino.gr\/de\/shop\/"},{"@type":"ListItem","position":3,"name":"Tchibo Professional Caffe Crema Coffee Beans (1x1kg Bag)"}]},{"@type":"WebSite","@id":"https:\/\/www.solino.gr\/de\/#website","url":"https:\/\/www.solino.gr\/de\/","name":"Solino","description":"\u039f\u03b9 \u0395\u03c0\u03b1\u03b3\u03b3\u03b5\u03bb\u03bc\u03b1\u03c4\u03b9\u03ba\u03ad\u03c2 \u039b\u03cd\u03c3\u03b5\u03b9\u03c2 \u03c3\u03c4\u03b9\u03c2 \u039c\u03b7\u03c7\u03b1\u03bd\u03ad\u03c2 \u039a\u03b1\u03c6\u03ad &amp; \u0395\u03c3\u03c0\u03c1\u03ad\u03c3\u03bf","publisher":{"@id":"https:\/\/www.solino.gr\/de\/#organization"},"potentialAction":[{"@type":"SearchAction","target":{"@type":"EntryPoint","urlTemplate":"https:\/\/www.solino.gr\/de\/?s={search_term_string}"},"query-input":{"@type":"PropertyValueSpecification","valueRequired":true,"valueName":"search_term_string"}}],"inLanguage":"de"},{"@type":"Organization","@id":"https:\/\/www.solino.gr\/de\/#organization","name":"Solino","url":"https:\/\/www.solino.gr\/de\/","logo":{"@type":"ImageObject","inLanguage":"de","@id":"https:\/\/www.solino.gr\/de\/#\/schema\/logo\/image\/","url":"https:\/\/www.solino.gr\/wp-content\/uploads\/2021\/04\/Solino-Weis-.jpg","contentUrl":"https:\/\/www.solino.gr\/wp-content\/uploads\/2021\/04\/Solino-Weis-.jpg","width":1156,"height":429,"caption":"Solino"},"image":{"@id":"https:\/\/www.solino.gr\/de\/#\/schema\/logo\/image\/"},"sameAs":["https:\/\/www.facebook.com\/coffeepartnerforyourbusiness","https:\/\/www.instagram.com\/the_complete_coffeepartner\/","https:\/\/www.linkedin.com\/company\/5267982\/admin\/","https:\/\/www.pinterest.de\/tcharpantidis\/","https:\/\/www.youtube.com\/channel\/UCQxbxyAKpQX142Zlz0VBNww"],"email":"info@solino.gr","telephone":"+30 210 4173201","legalName":"SOLINO IKE","vatID":"EL802133107","taxID":"EL802133107","numberOfEmployees":{"@type":"QuantitativeValue","minValue":"1","maxValue":"10"}}]},"product_brand":"TCHIBO","product_price_amount":"34.00","product_price_currency":"EUR","og_availability":"out of stock","product_availability":"out of stock","product_retailer_item_id":"TCHIC493426\/1","product_condition":"new"},"brands":[{"id":11841,"name":"TCHIBO","slug":"tchibo"}],"_links":{"self":[{"href":"https:\/\/www.solino.gr\/de\/wp-json\/wp\/v2\/product\/46596","targetHints":{"allow":["GET"]}}],"collection":[{"href":"https:\/\/www.solino.gr\/de\/wp-json\/wp\/v2\/product"}],"about":[{"href":"https:\/\/www.solino.gr\/de\/wp-json\/wp\/v2\/types\/product"}],"replies":[{"embeddable":true,"href":"https:\/\/www.solino.gr\/de\/wp-json\/wp\/v2\/comments?post=46596"}],"version-history":[{"count":0,"href":"https:\/\/www.solino.gr\/de\/wp-json\/wp\/v2\/product\/46596\/revisions"}],"wp:featuredmedia":[{"embeddable":true,"href":"https:\/\/www.solino.gr\/de\/wp-json\/wp\/v2\/media\/46599"}],"wp:attachment":[{"href":"https:\/\/www.solino.gr\/de\/wp-json\/wp\/v2\/media?parent=46596"}],"wp:term":[{"taxonomy":"pwb-brand","embeddable":true,"href":"https:\/\/www.solino.gr\/de\/wp-json\/wp\/v2\/pwb-brand?post=46596"},{"taxonomy":"product_brand","embeddable":true,"href":"https:\/\/www.solino.gr\/de\/wp-json\/wp\/v2\/product_brand?post=46596"},{"taxonomy":"product_cat","embeddable":true,"href":"https:\/\/www.solino.gr\/de\/wp-json\/wp\/v2\/product_cat?post=46596"},{"taxonomy":"product_tag","embeddable":true,"href":"https:\/\/www.solino.gr\/de\/wp-json\/wp\/v2\/product_tag?post=46596"}],"curies":[{"name":"wp","href":"https:\/\/api.w.org\/{rel}","templated":true}]}}