{"id":34237,"date":"2022-10-16T00:03:30","date_gmt":"2022-10-15T21:03:30","guid":{"rendered":"https:\/\/www.solino.gr\/?post_type=product&#038;p=34237"},"modified":"2025-12-02T11:57:36","modified_gmt":"2025-12-02T09:57:36","slug":"clarissmartplus-24232","status":"publish","type":"product","link":"https:\/\/www.solino.gr\/de\/shop\/clarissmartplus-24232\/","title":{"rendered":"CLARIS Smart+ Filterpatrone &#8211; 24232"},"content":{"rendered":"<div class=\"wpb-content-wrapper\"><p>[vc_row][vc_column][vc_single_image image=&#8221;34255&#8243; img_size=&#8221;full&#8221;][\/vc_column][\/vc_row][vc_row][vc_column width=&#8221;1\/6&#8243;][\/vc_column][vc_column width=&#8221;2\/3&#8243;][vc_column_text]<\/p>\n<div class=\"mod_pagetitle page-inner load-hidden\" data-init=\"pagetitle\" data-animate=\"basic\" data-sr-id=\"2\">\n<div class=\"block-title\">\n<h2 class=\"title\" style=\"text-align: center;\"><span style=\"color: #9a7348;\">Filterpatrone CLARIS Smart+<\/span><\/h2>\n<div class=\"page-subtitle\" style=\"text-align: center;\"><strong>Der intelligente Wasserfilter mit dem Plus<\/strong><\/div>\n<div class=\"page-info\" style=\"text-align: center;\">\n<div class=\"mod_pagetitle page-inner load-hidden\" data-init=\"pagetitle\" data-animate=\"basic\" data-sr-id=\"2\">\n<div class=\"block-title\">\n<div class=\"page-info\">\n<div class=\"mod_pagetitle page-inner load-hidden\" data-init=\"pagetitle\" data-animate=\"basic\" data-sr-id=\"2\">\n<div class=\"block-title\">\n<div class=\"page-info\">\n<div class=\"mod_pagetitle page-inner load-hidden\" data-init=\"pagetitle\" data-animate=\"basic\" data-sr-id=\"2\">\n<div class=\"block-title\">\n<div class=\"page-info\">\n<p>Kaffee besteht zu 98 Prozent aus Wasser. Entsprechend elementar ist dessen perfekte Qualit\u00e4t f\u00fcr ein vollendetes Kaffeeergebnis. Mit CLARIS Smart<sup>+\u00a0<\/sup>revolutioniert JURA die Wasserfiltration weiter. Die Technologie des Wasserfilters sorgt f\u00fcr ein Plus an Hygiene im Kaffeevollautomaten \u2013 und zwar bereits im Wassertank. Mit CLARIS Smart<sup>+\u00a0<\/sup>erh\u00f6hen Sie den Schutz, die Produktesicherheit und die Lebensdauer Ihres Kaffeevollautomaten. F\u00fcr t\u00e4glich perfekten Kaffeegenuss.<\/p>\n<\/div>\n<\/div>\n<\/div>\n<div class=\"description\">\n<div id=\"pagelayout_0_pagetype_0_pagecontent_0_panExpandable\" class=\"block-expandable state-expanded\" data-init=\"expandable\" data-expandable-options=\"{&quot;modal&quot;:true}\">\n<div class=\"content\" data-expandable=\"content\">\n<p>Die Filterpatrone CLARIS verf\u00fcgt an seinem unteren Ende zus\u00e4tzlich \u00fcber ein Depot mit nat\u00fcrlichen Wirkstoffen, die das Wasser im Tank stabilisieren und damit Kalkablagerungen im Bereich des Tankbodens reduzieren. Dies funktioniert ganz ohne zus\u00e4tzliche Energie oder Einwirkung, nur durch die nat\u00fcrliche Bewegung des Wassers im Tank, durch die es das Depot stets leicht durchstr\u00f6mt. Nach wie vor filtert der obere Teil der Filterpatrone CLARIS f\u00fcr die Kaffeezubereitung mittels Ionenaustausch und Aktivkohle im Aufstromprinzip genau die ben\u00f6tigte Menge Wasser f\u00fcr eine perfekte Tasse Kaffee.<\/p>\n<p>Dank RFID-Technologie erkennt der Vollautomat au\u00dferdem, ob ein Filter eingesetzt ist, und aktiviert automatisch den entsprechenden Modus. Laufend sammelt er Informationen zur Filternutzung und meldet, wenn die Kapazit\u00e4t ersch\u00f6pft ist. Dadurch gestaltet sich nicht blo\u00df der Filterwechsel so einfach wie nie, CLARIS Smart<sup>+\u00a0<\/sup>kann auch seine Wirksamkeit ideal entfalten.<\/p>\n<p><strong>Das Plus an Hygiene und Sauberkeit<\/strong><br \/>\nCLARIS Smart<sup>+<\/sup>\u00a0erg\u00e4nzt das bew\u00e4hrte professionelle Aufstromprinzip, das bei jeder Kaffeezubereitung genau die ben\u00f6tigte Menge Wasser filtert, durch ein Depot mit nat\u00fcrlichen Wirkstoffen. Das Plus: Durch seine nat\u00fcrliche Bewegung durchstr\u00f6mt das Wasser dieses Depot immer leicht und wird durch den Kontakt stabilisiert. Dies f\u00fchrt zu weniger Kalkablagerungen und sorgt f\u00fcr maximale Sauberkeit im Wassertank.<\/p>\n<p><strong>F\u00fcr jedes Leitungswasser geeignet<\/strong><br \/>\nDank der innovativen Formel sind die Filterpatronen f\u00fcr jedes Leitungswasser weltweit geeignet. Das \u00e4u\u00dferst effektive Granulat filtert Kalk stets auf die optimale Menge (auch bei niedriger Wasserh\u00e4rte) und reduziert Schad- und geschmacksbeeintr\u00e4chtigende Stoffe wie Chlor so effizient wie noch nie. Mineralien und Fluoride, welche als wichtige Geschmackstr\u00e4ger fungieren, bleiben dabei erhalten. Die optimale Kalkstabilisation bereits im Wassertank und die effiziente Filterung bei der Kaffeezubereitung sorgen f\u00fcr beste Hygiene und optimale Wasserqualit\u00e4t f\u00fcr ein perfektes Kaffeearoma.<\/p>\n<p><strong>Automatische Filtererkennung<\/strong><br \/>\nUm einen Dialog zwischen Filter und Vollautomat zu erm\u00f6glichen, bedient sich JURA moderner RFID-Technologie. Automatisch erkennt jede Maschine mit dem intelligenten Wassersystem (I.W.S.<sup>\u00ae<\/sup>), wenn ein Filter eingesetzt wird, stellt selbstt\u00e4tig auf Filterbetrieb um und startet die Sp\u00fclung. Neigt sich die Filterleistung dem Ende entgegen, weist der Vollautomat auf den anstehenden Filterwechsel hin. Erfolgt dieser nicht, aktiviert das Ger\u00e4t den Entkalkungsmodus. Nach entsprechender Benutzung erscheint die Aufforderung zur Entkalkung. Und diese kann schlie\u00dflich nur bei entferntem Filter erfolgen. Aus Missverst\u00e4ndnissen resultierende Fehlmanipulationen geh\u00f6ren dadurch der Vergangenheit an.<\/p>\n<p>G\u00f6nnen Sie sich und Ihrem JURA-Vollautomaten den CLARIS Smart<sup>+<\/sup>\u00a0und \u00fcberzeugen Sie sich von den vielen Vorteilen. Das 3er-Set bieten wir Ihnen zum attraktiven Vorzugspreis an. Erleben Sie einzigartige Hygiene und vollendeten Kaffeegenuss in einer neuen Dimension.<\/p>\n<\/div>\n<\/div>\n<\/div>\n<\/div>\n<\/div>\n<\/div>\n<\/div>\n<\/div>\n<\/div>\n<\/div>\n<\/div>\n<\/div>\n<p>[\/vc_column_text][\/vc_column][vc_column width=&#8221;1\/6&#8243;][\/vc_column][\/vc_row][vc_row][vc_column width=&#8221;3\/12&#8243;][\/vc_column][vc_column width=&#8221;6\/12&#8243;][vc_gallery interval=&#8221;0&#8243; images=&#8221;34252,34240,34243,34246,34249&#8243; img_size=&#8221;full&#8221;][\/vc_column][vc_column width=&#8221;3\/12&#8243;][\/vc_column][\/vc_row][vc_row][vc_column width=&#8221;1\/12&#8243;][\/vc_column][vc_column width=&#8221;5\/12&#8243;][vc_empty_space height=&#8221;60px&#8221;][vc_column_text]<\/p>\n<h3 id=\"pagelayout_0_pagetype_0_pagecontent_0_tabcontent_0_repTabContentBlock_conContentBlock_0_genTitle_0\" class=\"title\">Filterkapazit\u00e4t<\/h3>\n<p>CLARIS liefert das ideale Wasser f\u00fcr perfekte Kaffeespezialit\u00e4ten. Die Kapazit\u00e4t einer Filterpatrone h\u00e4ngt dabei vom Wasserh\u00e4rtegrad ab.<\/p>\n<ul>\n<li>bei 1-5\u00b0 dH: bis\u00a065 l<\/li>\n<li>bei\u00a06-10\u00b0 dH: bis\u00a060 l<\/li>\n<li>bei\u00a011-15\u00b0 dH: bis\u00a055 l<\/li>\n<li>bei\u00a016-20\u00b0 dH: bis\u00a050 l<\/li>\n<li>bei\u00a021-25\u00b0 dH: bis\u00a045 l<\/li>\n<li>bei\u00a026-30\u00b0 dH: bis\u00a040 l<\/li>\n<\/ul>\n<p>[\/vc_column_text][\/vc_column][vc_column width=&#8221;5\/12&#8243;][vc_single_image image=&#8221;34224&#8243; img_size=&#8221;full&#8221; onclick=&#8221;custom_link&#8221; link=&#8221;https:\/\/www.youtube.com\/embed\/0WbmtYVaTYM?fs=1&amp;autoplay=1&amp;rel=0&amp;modestbranding=1&amp;loop=1&amp;playlist=0WbmtYVaTYM&amp;version=3&amp;hl=en_EN&amp;wmode=transparent&amp;cc_load_policy=1&#8243;][\/vc_column][vc_column width=&#8221;1\/12&#8243;][\/vc_column][\/vc_row][vc_row][vc_column width=&#8221;1\/12&#8243;][\/vc_column][vc_column width=&#8221;5\/12&#8243;][vc_single_image image=&#8221;29094&#8243; img_size=&#8221;full&#8221;][\/vc_column][vc_column width=&#8221;5\/12&#8243;][vc_empty_space height=&#8221;60px&#8221;][vc_column_text]<\/p>\n<h3 id=\"pagelayout_0_pagetype_0_pagecontent_0_tabcontent_0_repTabContentBlock_conContentBlock_1_genTitle_1\" class=\"title\">Stets perfekter Kaffeegenuss dank T\u00dcV-zertifizierter Hygiene<\/h3>\n<p>Die internationale, unabh\u00e4ngige Pr\u00fcforganisation T\u00dcV Rheinland hat JURA das nach strengsten Kriterien vergebene Zertifikat f\u00fcr mikrobiologisch einwandfreie Vollautomaten zugesprochen. Es beweist: Die exakt auf die elektronisch gesteuerten Programme abgestimmten Original-Pflegeprodukte garantieren T\u00dcV-zertifizierte Hygiene und Sauberkeit f\u00fcr jeden JURA-Vollautomaten.[\/vc_column_text][\/vc_column][vc_column width=&#8221;1\/12&#8243;][\/vc_column][\/vc_row][vc_row][vc_column width=&#8221;1\/12&#8243;][\/vc_column][vc_column width=&#8221;5\/12&#8243;][vc_empty_space height=&#8221;60px&#8221;][vc_column_text]<\/p>\n<h3 id=\"pagelayout_0_pagetype_0_pagecontent_0_tabcontent_0_repTabContentBlock_conContentBlock_2_genTitle_2\" class=\"title\">Kalk: Ursache f\u00fcr Geschmacksbeeintr\u00e4chtigung und St\u00f6rungen<\/h3>\n<p>Beim Erhitzen des Wassers setzt sich der Kalk ab. Durch Kalk verengte Leitungen f\u00fchren nicht nur zu l\u00e4ngeren Aufheizzeiten und damit zu erh\u00f6htem Stromverbrauch, es droht sogar der komplette Maschinenausfall. Doch Kalk schadet nicht nur Ihrem Vollautomaten, sondern beeinflusst auch den Kaffeegenuss negativ. Obwohl Kalk in geringer Menge als wichtiger Geschmackstr\u00e4ger fungiert, f\u00fchrt ein zu hoher Kalkanteil zu einem fahlen Beigeschmack des Wassers und verhindert \u2013 auch aufgrund der schwankenden Wassertemperaturen \u2013 eine optimale Entfaltung der Kaffeearomen.[\/vc_column_text][\/vc_column][vc_column width=&#8221;5\/12&#8243;][vc_single_image image=&#8221;34218&#8243; img_size=&#8221;full&#8221;][\/vc_column][vc_column width=&#8221;1\/12&#8243;][\/vc_column][\/vc_row][vc_row][vc_column width=&#8221;1\/6&#8243;][vc_column_text]<\/p>\n<p>[\/vc_column_text][\/vc_column][vc_column width=&#8221;2\/3&#8243;][vc_column_text]<\/p>\n<p style=\"text-align: center;\">Compatibility<\/p>\n<p style=\"text-align: center;\">D4<br \/>\nD6<br \/>\nD60<br \/>\nE4 (EA)<br \/>\nE6 (ab 2015)<br \/>\nE6 (EA)<br \/>\nE6 (EB)<br \/>\nE6 (EC)<br \/>\nE6 (SC)<br \/>\nE60 (ab 2015)<br \/>\nE8 (2015)<br \/>\nE8 (2018)<br \/>\nE8 (EA)<br \/>\nE8 (EB)<br \/>\nE80<br \/>\nENA 4 (EA)<br \/>\nENA 4 (EB)<br \/>\nENA 8<br \/>\nENA 8 (EC)<br \/>\nGIGA 10 (EA)<br \/>\nGIGA 6<br \/>\nIMPRESSA Z9<br \/>\nJ6<br \/>\nJ8 (EA)<br \/>\nS8<br \/>\nS8 (EA)<br \/>\nS80<br \/>\nWE6<br \/>\nZ10 (EA)<br \/>\nZ6<br \/>\nZ8<\/p>\n<p>[\/vc_column_text][\/vc_column][vc_column width=&#8221;1\/6&#8243;][\/vc_column][\/vc_row]<\/p>\n<\/div>","protected":false},"excerpt":{"rendered":"<p>Reinigung, Pflege und Schutz in einem<\/p>\n","protected":false},"featured_media":34252,"comment_status":"open","ping_status":"closed","template":"","meta":{"inline_featured_image":false},"pwb-brand":[11833],"product_brand":[],"product_cat":[104,620],"product_tag":[],"class_list":{"0":"post-34237","1":"product","2":"type-product","3":"status-publish","4":"has-post-thumbnail","6":"pwb-brand-jura","7":"product_cat-pflegeprodukte","8":"product_cat-wasserfilter","10":"first","11":"instock","12":"taxable","13":"shipping-taxable","14":"purchasable","15":"product-type-simple"},"group_of_quantity":0,"min_quantity":0,"max_quantity":"","exclude_order_quantity_value_rules":"no","exclude_category_quantity_rules":"no","combine_variations":"no","yoast_head":"<!-- This site is optimized with the Yoast SEO Premium plugin v27.3 (Yoast SEO v27.3) - https:\/\/yoast.com\/product\/yoast-seo-premium-wordpress\/ -->\n<title>CLARIS Smart+ Filterpatrone - 24232<\/title>\n<meta name=\"description\" content=\"Der Barista empfiehlt, Porzellantassen stets vorzuw\u00e4rmen. Grund: Flie\u00dft der frisch zubereitete Kaffee in eine kalte Tasse, entzieht dies dem Getr\u00e4nk sofort bis zu 10 Grad W\u00e4rme.\" \/>\n<meta name=\"robots\" content=\"index, follow, max-snippet:-1, max-image-preview:large, max-video-preview:-1\" \/>\n<link rel=\"canonical\" href=\"https:\/\/www.solino.gr\/de\/shop\/clarissmartplus-24232\/\" \/>\n<meta property=\"og:locale\" content=\"de_DE\" \/>\n<meta property=\"og:type\" content=\"article\" \/>\n<meta property=\"og:title\" content=\"CLARIS Smart+ Filterpatrone - 24232\" \/>\n<meta property=\"og:description\" content=\"Reinigung, Pflege und Schutz in einem\" \/>\n<meta property=\"og:url\" content=\"https:\/\/www.solino.gr\/de\/shop\/clarissmartplus-24232\/\" \/>\n<meta property=\"og:site_name\" content=\"Solino\" \/>\n<meta property=\"article:publisher\" content=\"https:\/\/www.facebook.com\/coffeepartnerforyourbusiness\" \/>\n<meta property=\"article:modified_time\" content=\"2025-12-02T09:57:36+00:00\" \/>\n<meta property=\"og:image\" content=\"https:\/\/www.solino.gr\/wp-content\/uploads\/2022\/10\/claris_smart_plus_overview.jpg\" \/>\n\t<meta property=\"og:image:width\" content=\"1000\" \/>\n\t<meta property=\"og:image:height\" content=\"751\" \/>\n\t<meta property=\"og:image:type\" content=\"image\/jpeg\" \/>\n<meta name=\"twitter:card\" content=\"summary_large_image\" \/>\n<meta name=\"twitter:label1\" content=\"Preis\" \/>\n\t<meta name=\"twitter:data1\" content=\"15,99&euro;\" \/>\n\t<meta name=\"twitter:label2\" content=\"Verf\u00fcgbarkeit\" \/>\n\t<meta name=\"twitter:data2\" content=\"Auf Lager\" \/>\n<script type=\"application\/ld+json\" class=\"yoast-schema-graph\">{\"@context\":\"https:\\\/\\\/schema.org\",\"@graph\":[{\"@type\":\"WebPage\",\"@id\":\"https:\\\/\\\/www.solino.gr\\\/de\\\/shop\\\/clarissmartplus-24232\\\/\",\"url\":\"https:\\\/\\\/www.solino.gr\\\/de\\\/shop\\\/clarissmartplus-24232\\\/\",\"name\":\"CLARIS Smart+ Filterpatrone - 24232\",\"isPartOf\":{\"@id\":\"https:\\\/\\\/www.solino.gr\\\/de\\\/#website\"},\"primaryImageOfPage\":{\"@id\":\"https:\\\/\\\/www.solino.gr\\\/de\\\/shop\\\/clarissmartplus-24232\\\/#primaryimage\"},\"image\":{\"@id\":\"https:\\\/\\\/www.solino.gr\\\/de\\\/shop\\\/clarissmartplus-24232\\\/#primaryimage\"},\"thumbnailUrl\":\"https:\\\/\\\/www.solino.gr\\\/wp-content\\\/uploads\\\/2022\\\/10\\\/claris_smart_plus_overview.jpg\",\"datePublished\":\"2022-10-15T21:03:30+00:00\",\"dateModified\":\"2025-12-02T09:57:36+00:00\",\"description\":\"Der Barista empfiehlt, Porzellantassen stets vorzuw\u00e4rmen. Grund: Flie\u00dft der frisch zubereitete Kaffee in eine kalte Tasse, entzieht dies dem Getr\u00e4nk sofort bis zu 10 Grad W\u00e4rme.\",\"breadcrumb\":{\"@id\":\"https:\\\/\\\/www.solino.gr\\\/de\\\/shop\\\/clarissmartplus-24232\\\/#breadcrumb\"},\"inLanguage\":\"de\",\"potentialAction\":[{\"@type\":\"ReadAction\",\"target\":[\"https:\\\/\\\/www.solino.gr\\\/de\\\/shop\\\/clarissmartplus-24232\\\/\"]}]},{\"@type\":\"ImageObject\",\"inLanguage\":\"de\",\"@id\":\"https:\\\/\\\/www.solino.gr\\\/de\\\/shop\\\/clarissmartplus-24232\\\/#primaryimage\",\"url\":\"https:\\\/\\\/www.solino.gr\\\/wp-content\\\/uploads\\\/2022\\\/10\\\/claris_smart_plus_overview.jpg\",\"contentUrl\":\"https:\\\/\\\/www.solino.gr\\\/wp-content\\\/uploads\\\/2022\\\/10\\\/claris_smart_plus_overview.jpg\",\"width\":1000,\"height\":751,\"caption\":\"ClarisSmartPlus-24232\"},{\"@type\":\"BreadcrumbList\",\"@id\":\"https:\\\/\\\/www.solino.gr\\\/de\\\/shop\\\/clarissmartplus-24232\\\/#breadcrumb\",\"itemListElement\":[{\"@type\":\"ListItem\",\"position\":1,\"name\":\"Home\",\"item\":\"https:\\\/\\\/www.solino.gr\\\/de\\\/\"},{\"@type\":\"ListItem\",\"position\":2,\"name\":\"Unsere Produkte\",\"item\":\"https:\\\/\\\/www.solino.gr\\\/de\\\/shop\\\/\"},{\"@type\":\"ListItem\",\"position\":3,\"name\":\"CLARIS Smart+ Filterpatrone &#8211; 24232\"}]},{\"@type\":\"WebSite\",\"@id\":\"https:\\\/\\\/www.solino.gr\\\/de\\\/#website\",\"url\":\"https:\\\/\\\/www.solino.gr\\\/de\\\/\",\"name\":\"Solino\",\"description\":\"\u039f\u03b9 \u0395\u03c0\u03b1\u03b3\u03b3\u03b5\u03bb\u03bc\u03b1\u03c4\u03b9\u03ba\u03ad\u03c2 \u039b\u03cd\u03c3\u03b5\u03b9\u03c2 \u03c3\u03c4\u03b9\u03c2 \u039c\u03b7\u03c7\u03b1\u03bd\u03ad\u03c2 \u039a\u03b1\u03c6\u03ad &amp; \u0395\u03c3\u03c0\u03c1\u03ad\u03c3\u03bf\",\"publisher\":{\"@id\":\"https:\\\/\\\/www.solino.gr\\\/de\\\/#organization\"},\"potentialAction\":[{\"@type\":\"SearchAction\",\"target\":{\"@type\":\"EntryPoint\",\"urlTemplate\":\"https:\\\/\\\/www.solino.gr\\\/de\\\/?s={search_term_string}\"},\"query-input\":{\"@type\":\"PropertyValueSpecification\",\"valueRequired\":true,\"valueName\":\"search_term_string\"}}],\"inLanguage\":\"de\"},{\"@type\":\"Organization\",\"@id\":\"https:\\\/\\\/www.solino.gr\\\/de\\\/#organization\",\"name\":\"Solino\",\"url\":\"https:\\\/\\\/www.solino.gr\\\/de\\\/\",\"logo\":{\"@type\":\"ImageObject\",\"inLanguage\":\"de\",\"@id\":\"https:\\\/\\\/www.solino.gr\\\/de\\\/#\\\/schema\\\/logo\\\/image\\\/\",\"url\":\"https:\\\/\\\/www.solino.gr\\\/wp-content\\\/uploads\\\/2021\\\/04\\\/Solino-Weis-.jpg\",\"contentUrl\":\"https:\\\/\\\/www.solino.gr\\\/wp-content\\\/uploads\\\/2021\\\/04\\\/Solino-Weis-.jpg\",\"width\":1156,\"height\":429,\"caption\":\"Solino\"},\"image\":{\"@id\":\"https:\\\/\\\/www.solino.gr\\\/de\\\/#\\\/schema\\\/logo\\\/image\\\/\"},\"sameAs\":[\"https:\\\/\\\/www.facebook.com\\\/coffeepartnerforyourbusiness\",\"https:\\\/\\\/www.instagram.com\\\/the_complete_coffeepartner\\\/\",\"https:\\\/\\\/www.linkedin.com\\\/company\\\/5267982\\\/admin\\\/\",\"https:\\\/\\\/www.pinterest.de\\\/tcharpantidis\\\/\",\"https:\\\/\\\/www.youtube.com\\\/channel\\\/UCQxbxyAKpQX142Zlz0VBNww\"],\"email\":\"info@solino.gr\",\"telephone\":\"+30 210 4173201\",\"legalName\":\"SOLINO IKE\",\"vatID\":\"EL802133107\",\"taxID\":\"EL802133107\",\"numberOfEmployees\":{\"@type\":\"QuantitativeValue\",\"minValue\":\"1\",\"maxValue\":\"10\"}}]}<\/script>\n<meta property=\"product:brand\" content=\"JURA\" \/>\n<meta property=\"product:price:amount\" content=\"15.99\" \/>\n<meta property=\"product:price:currency\" content=\"EUR\" \/>\n<meta property=\"og:availability\" content=\"instock\" \/>\n<meta property=\"product:availability\" content=\"instock\" \/>\n<meta property=\"product:retailer_item_id\" content=\"JUZ24232\" \/>\n<meta property=\"product:condition\" content=\"new\" \/>\n<!-- \/ Yoast SEO Premium plugin. -->","yoast_head_json":{"title":"CLARIS Smart+ Filterpatrone - 24232","description":"Der Barista empfiehlt, Porzellantassen stets vorzuw\u00e4rmen. Grund: Flie\u00dft der frisch zubereitete Kaffee in eine kalte Tasse, entzieht dies dem Getr\u00e4nk sofort bis zu 10 Grad W\u00e4rme.","robots":{"index":"index","follow":"follow","max-snippet":"max-snippet:-1","max-image-preview":"max-image-preview:large","max-video-preview":"max-video-preview:-1"},"canonical":"https:\/\/www.solino.gr\/de\/shop\/clarissmartplus-24232\/","og_locale":"de_DE","og_type":"article","og_title":"CLARIS Smart+ Filterpatrone - 24232","og_description":"Reinigung, Pflege und Schutz in einem","og_url":"https:\/\/www.solino.gr\/de\/shop\/clarissmartplus-24232\/","og_site_name":"Solino","article_publisher":"https:\/\/www.facebook.com\/coffeepartnerforyourbusiness","article_modified_time":"2025-12-02T09:57:36+00:00","og_image":[{"width":1000,"height":751,"url":"https:\/\/www.solino.gr\/wp-content\/uploads\/2022\/10\/claris_smart_plus_overview.jpg","type":"image\/jpeg"}],"twitter_card":"summary_large_image","twitter_misc":{"Preis":"15,99&euro;","Verf\u00fcgbarkeit":"Auf Lager"},"schema":{"@context":"https:\/\/schema.org","@graph":[{"@type":"WebPage","@id":"https:\/\/www.solino.gr\/de\/shop\/clarissmartplus-24232\/","url":"https:\/\/www.solino.gr\/de\/shop\/clarissmartplus-24232\/","name":"CLARIS Smart+ Filterpatrone - 24232","isPartOf":{"@id":"https:\/\/www.solino.gr\/de\/#website"},"primaryImageOfPage":{"@id":"https:\/\/www.solino.gr\/de\/shop\/clarissmartplus-24232\/#primaryimage"},"image":{"@id":"https:\/\/www.solino.gr\/de\/shop\/clarissmartplus-24232\/#primaryimage"},"thumbnailUrl":"https:\/\/www.solino.gr\/wp-content\/uploads\/2022\/10\/claris_smart_plus_overview.jpg","datePublished":"2022-10-15T21:03:30+00:00","dateModified":"2025-12-02T09:57:36+00:00","description":"Der Barista empfiehlt, Porzellantassen stets vorzuw\u00e4rmen. Grund: Flie\u00dft der frisch zubereitete Kaffee in eine kalte Tasse, entzieht dies dem Getr\u00e4nk sofort bis zu 10 Grad W\u00e4rme.","breadcrumb":{"@id":"https:\/\/www.solino.gr\/de\/shop\/clarissmartplus-24232\/#breadcrumb"},"inLanguage":"de","potentialAction":[{"@type":"ReadAction","target":["https:\/\/www.solino.gr\/de\/shop\/clarissmartplus-24232\/"]}]},{"@type":"ImageObject","inLanguage":"de","@id":"https:\/\/www.solino.gr\/de\/shop\/clarissmartplus-24232\/#primaryimage","url":"https:\/\/www.solino.gr\/wp-content\/uploads\/2022\/10\/claris_smart_plus_overview.jpg","contentUrl":"https:\/\/www.solino.gr\/wp-content\/uploads\/2022\/10\/claris_smart_plus_overview.jpg","width":1000,"height":751,"caption":"ClarisSmartPlus-24232"},{"@type":"BreadcrumbList","@id":"https:\/\/www.solino.gr\/de\/shop\/clarissmartplus-24232\/#breadcrumb","itemListElement":[{"@type":"ListItem","position":1,"name":"Home","item":"https:\/\/www.solino.gr\/de\/"},{"@type":"ListItem","position":2,"name":"Unsere Produkte","item":"https:\/\/www.solino.gr\/de\/shop\/"},{"@type":"ListItem","position":3,"name":"CLARIS Smart+ Filterpatrone &#8211; 24232"}]},{"@type":"WebSite","@id":"https:\/\/www.solino.gr\/de\/#website","url":"https:\/\/www.solino.gr\/de\/","name":"Solino","description":"\u039f\u03b9 \u0395\u03c0\u03b1\u03b3\u03b3\u03b5\u03bb\u03bc\u03b1\u03c4\u03b9\u03ba\u03ad\u03c2 \u039b\u03cd\u03c3\u03b5\u03b9\u03c2 \u03c3\u03c4\u03b9\u03c2 \u039c\u03b7\u03c7\u03b1\u03bd\u03ad\u03c2 \u039a\u03b1\u03c6\u03ad &amp; \u0395\u03c3\u03c0\u03c1\u03ad\u03c3\u03bf","publisher":{"@id":"https:\/\/www.solino.gr\/de\/#organization"},"potentialAction":[{"@type":"SearchAction","target":{"@type":"EntryPoint","urlTemplate":"https:\/\/www.solino.gr\/de\/?s={search_term_string}"},"query-input":{"@type":"PropertyValueSpecification","valueRequired":true,"valueName":"search_term_string"}}],"inLanguage":"de"},{"@type":"Organization","@id":"https:\/\/www.solino.gr\/de\/#organization","name":"Solino","url":"https:\/\/www.solino.gr\/de\/","logo":{"@type":"ImageObject","inLanguage":"de","@id":"https:\/\/www.solino.gr\/de\/#\/schema\/logo\/image\/","url":"https:\/\/www.solino.gr\/wp-content\/uploads\/2021\/04\/Solino-Weis-.jpg","contentUrl":"https:\/\/www.solino.gr\/wp-content\/uploads\/2021\/04\/Solino-Weis-.jpg","width":1156,"height":429,"caption":"Solino"},"image":{"@id":"https:\/\/www.solino.gr\/de\/#\/schema\/logo\/image\/"},"sameAs":["https:\/\/www.facebook.com\/coffeepartnerforyourbusiness","https:\/\/www.instagram.com\/the_complete_coffeepartner\/","https:\/\/www.linkedin.com\/company\/5267982\/admin\/","https:\/\/www.pinterest.de\/tcharpantidis\/","https:\/\/www.youtube.com\/channel\/UCQxbxyAKpQX142Zlz0VBNww"],"email":"info@solino.gr","telephone":"+30 210 4173201","legalName":"SOLINO IKE","vatID":"EL802133107","taxID":"EL802133107","numberOfEmployees":{"@type":"QuantitativeValue","minValue":"1","maxValue":"10"}}]},"product_brand":"JURA","product_price_amount":"15.99","product_price_currency":"EUR","og_availability":"instock","product_availability":"instock","product_retailer_item_id":"JUZ24232","product_condition":"new"},"brands":[{"id":11833,"name":"JURA","slug":"jura"}],"_links":{"self":[{"href":"https:\/\/www.solino.gr\/de\/wp-json\/wp\/v2\/product\/34237","targetHints":{"allow":["GET"]}}],"collection":[{"href":"https:\/\/www.solino.gr\/de\/wp-json\/wp\/v2\/product"}],"about":[{"href":"https:\/\/www.solino.gr\/de\/wp-json\/wp\/v2\/types\/product"}],"replies":[{"embeddable":true,"href":"https:\/\/www.solino.gr\/de\/wp-json\/wp\/v2\/comments?post=34237"}],"version-history":[{"count":1,"href":"https:\/\/www.solino.gr\/de\/wp-json\/wp\/v2\/product\/34237\/revisions"}],"predecessor-version":[{"id":66919,"href":"https:\/\/www.solino.gr\/de\/wp-json\/wp\/v2\/product\/34237\/revisions\/66919"}],"wp:featuredmedia":[{"embeddable":true,"href":"https:\/\/www.solino.gr\/de\/wp-json\/wp\/v2\/media\/34252"}],"wp:attachment":[{"href":"https:\/\/www.solino.gr\/de\/wp-json\/wp\/v2\/media?parent=34237"}],"wp:term":[{"taxonomy":"pwb-brand","embeddable":true,"href":"https:\/\/www.solino.gr\/de\/wp-json\/wp\/v2\/pwb-brand?post=34237"},{"taxonomy":"product_brand","embeddable":true,"href":"https:\/\/www.solino.gr\/de\/wp-json\/wp\/v2\/product_brand?post=34237"},{"taxonomy":"product_cat","embeddable":true,"href":"https:\/\/www.solino.gr\/de\/wp-json\/wp\/v2\/product_cat?post=34237"},{"taxonomy":"product_tag","embeddable":true,"href":"https:\/\/www.solino.gr\/de\/wp-json\/wp\/v2\/product_tag?post=34237"}],"curies":[{"name":"wp","href":"https:\/\/api.w.org\/{rel}","templated":true}]}}