{"id":30000,"date":"2022-06-07T12:50:51","date_gmt":"2022-06-07T09:50:51","guid":{"rendered":"https:\/\/www.solino.gr\/?post_type=product&#038;p=30000"},"modified":"2026-02-10T16:24:29","modified_gmt":"2026-02-10T14:24:29","slug":"eureka-mignon-zero-55-16cr-grey","status":"publish","type":"product","link":"https:\/\/www.solino.gr\/de\/shop\/eureka-mignon-zero-55-16cr-grey\/","title":{"rendered":"EUREKA &#8211; MIGNON ZERO 55 16CR GREY"},"content":{"rendered":"<div class=\"wpb-content-wrapper\"><p>[vc_row][vc_column width=&#8221;1\/6&#8243;][\/vc_column][vc_column width=&#8221;2\/3&#8243;][vc_row_inner][vc_column_inner width=&#8221;1\/2&#8243;][vc_column_text]<\/p>\n<div class=\"div-medio-width-texto txt-descrip-izquierda\" style=\"text-align: center;\">\n<h3 class=\"scheda_title\">Silent Technologie<\/h3>\n<div class=\"scheda_s_title\">Leises Mahlen \u00fcberall egal ob Coffee Shop oder Zuhause<\/div>\n<div><\/div>\n<div>\n<p>Die exklusive Anti-Vibrations L\u00f6sung reduziert das Mahlger\u00e4usch um ca. 20 dB im Vergleich zu den herk\u00f6mmlichen M\u00fchlen und ebnet den Weg f\u00fcr eine neue Art des Kaffeemahlens: pr\u00e4zise und leise.<\/p>\n<\/div>\n<\/div>\n<p>[\/vc_column_text][\/vc_column_inner][vc_column_inner width=&#8221;1\/2&#8243;][vc_column_text]<\/p>\n<div class=\"div-medio-width-texto txt-descrip-izquierda\" style=\"text-align: center;\">\n<h3 class=\"scheda_title\">ACE System<\/h3>\n<div class=\"scheda_s_title\">\n<div class=\"scheda_s_title\">Anti-Klumpen und -elektrostatische Aufladung System<\/div>\n<div><\/div>\n<div>\n<p>Entwickelt, um die Bildung von Kl\u00fcmpchen zu verhindern und der elektrostatischen Aufladungn des gemahlenen Kaffees entgegen zu wirken, ist das ACE-System der gemeinsame Nenner aller Eureka Kaffeem\u00fchlen. Durch seine regulierende Wirkung \u00fcber den Kaffeeauslauf gew\u00e4hrleistet das ACE-System eine unvergleichliche Sauberkeit und Dosierkonstanz.<\/p>\n<\/div>\n<\/div>\n<\/div>\n<p>[\/vc_column_text][\/vc_column_inner][\/vc_row_inner][vc_separator][vc_row_inner][vc_column_inner width=&#8221;1\/2&#8243;][vc_column_text]<\/p>\n<div class=\"div-medio-width-texto txt-descrip-izquierda\" style=\"text-align: center;\">\n<h3 class=\"scheda_title\">Espresso &amp; Brew<\/h3>\n<div class=\"scheda_s_title\">Spezielles Mahlscheibendesign, das sowohl f\u00fcr Espresso als auch f\u00fcr jeden Typ von Filterkaffee geeignet ist.<\/div>\n<div><\/div>\n<div>\n<p>Das von unseren Ingenieuren konzipierte Mahlscheibendesign bietet eine Mahltechnik, die sowohl f\u00fcr die Zubereitung von Espresso als auch f\u00fcr alle Filterkaffeesorten geeignet ist.<\/p>\n<div id=\"gtx-trans\">\n<div class=\"gtx-trans-icon\"><\/div>\n<\/div>\n<\/div>\n<\/div>\n<p>[\/vc_column_text][\/vc_column_inner][vc_column_inner width=&#8221;1\/2&#8243;][vc_column_text]<\/p>\n<div class=\"div-medio-width-texto txt-descrip-izquierda\" style=\"text-align: center;\">\n<div class=\"div_cat_title\">\n<h3 class=\"scheda_title\">Mikrometrische und stufenlose Mahlgradeinstellung (Eureka patentiert)<\/h3>\n<div class=\"scheda_s_title\">Dieses System (Eureka patentiert) gew\u00e4hrleistet eine unvergleichliche Genauigkeit und spart beide Zeit und Kaffee.<\/div>\n<div><\/div>\n<div>\n<p>Unser mikrometrisches und stufenlose System ist das einzige, dass auf der Bewegung der\u00a0<strong>unteren Mahlscheiben<\/strong>\u00a0basiert. Es gew\u00e4hrleistet eine unvergleichliche Mahlleistung und erm\u00f6glicht die Durchf\u00fchrung von Wartungsarbeiten, ohne Verlust der Mahlgradeinstellung.<\/p>\n<\/div>\n<\/div>\n<\/div>\n<p>[\/vc_column_text][\/vc_column_inner][\/vc_row_inner][vc_separator][vc_row_inner][vc_column_inner width=&#8221;1\/2&#8243;][vc_column_text]<\/p>\n<div class=\"div-medio-width-texto txt-descrip-izquierda\" style=\"text-align: center;\">\n<h3 class=\"scheda_title\">&#8220;High-Speed&#8221; Wartung<\/h3>\n<div class=\"scheda_s_title\">Einfache und schnelle Wartung<\/div>\n<div><\/div>\n<div>\n<p>Der typische mechanische Aufbau unseres Mahlscheibentr\u00e4gers, der mit nur 9 Schrauben demontiert werden kann, erm\u00f6glicht einen schnellen Ersatz und Reinigung der Mahlscheiben sowie eine Zeit- und Kaffeeersparnis.<\/p>\n<\/div>\n<\/div>\n<p>[\/vc_column_text][\/vc_column_inner][vc_column_inner width=&#8221;1\/2&#8243;][vc_column_text]<\/p>\n<h3 class=\"scheda_title\" style=\"text-align: center;\">Easy Setting System<\/h3>\n<div class=\"scheda_s_title\" style=\"text-align: center;\">Die Genauigkeit des Geschmacks.<\/div>\n<div style=\"text-align: center;\"><\/div>\n<div>\n<p style=\"text-align: center;\">Dieses System erleichtert die Einstellung des Mahlgrades, indem es die unterschiedlichen Kaffeesorten zeigt: von T\u00fcrkisch bis Mokka, von Drip bis French Press. Die mit diesem System ausgestatteten Eureka Kaffeem\u00fchlen sind einfach und schnell einzustellen.<\/p>\n<\/div>\n<p>[\/vc_column_text][\/vc_column_inner][\/vc_row_inner][vc_separator border_width=&#8221;10&#8243;][\/vc_column][vc_column width=&#8221;1\/6&#8243;][\/vc_column][\/vc_row][vc_row][vc_column width=&#8221;1\/6&#8243;][\/vc_column][vc_column width=&#8221;2\/3&#8243;][vc_row_inner][vc_column_inner width=&#8221;1\/5&#8243;][vc_column_text]<\/p>\n<div class=\"item\">\n<div class=\"item\">\n<h3 class=\"head\" style=\"text-align: center;\">BURRS<\/h3>\n<div class=\"head\" style=\"text-align: center;\">Type: Flat<\/div>\n<div class=\"values\" style=\"text-align: center;\">Diameter: 55 mm<\/div>\n<div class=\"values\" style=\"text-align: center;\">Material: Hardened steel<\/div>\n<\/div>\n<\/div>\n<p>[\/vc_column_text][\/vc_column_inner][vc_column_inner width=&#8221;1\/5&#8243;][vc_column_text]<\/p>\n<div class=\"item\">\n<div class=\"item\">\n<h3 class=\"head\" style=\"text-align: center;\">DISPENSING SYSTEM<\/h3>\n<div class=\"values\" style=\"text-align: center;\">Display: NO<\/div>\n<div class=\"values\" style=\"text-align: center;\">Dose counter: NO<\/div>\n<\/div>\n<\/div>\n<p>[\/vc_column_text][\/vc_column_inner][vc_column_inner width=&#8221;1\/5&#8243;][vc_column_text]<\/p>\n<h3 class=\"head\" style=\"text-align: center;\">ENGINE<\/h3>\n<div class=\"values\" style=\"text-align: center;\">Traction: Direct<\/div>\n<div class=\"values\" style=\"text-align: center;\">Rpm: 1350<\/div>\n<div class=\"values\" style=\"text-align: center;\">Power absorbed: 310 watt<\/div>\n<div class=\"values\" style=\"text-align: center;\">Feeding: Single phase<\/div>\n<p>[\/vc_column_text][\/vc_column_inner][vc_column_inner width=&#8221;1\/5&#8243;][vc_column_text]<\/p>\n<div class=\"item\">\n<div class=\"item\">\n<h3 class=\"head\" style=\"text-align: center;\">VARIOUS<\/h3>\n<div class=\"values\" style=\"text-align: center;\">Available versions: Manual<\/div>\n<div class=\"values\" style=\"text-align: center;\">Stepless micrometric adjustment: Yes<\/div>\n<div class=\"values\" style=\"text-align: center;\">Bean hopper capacity: 45 gr<\/div>\n<div class=\"values\" style=\"text-align: center;\">Productivity (g\/s): 1,2 &#8211; 1,8 Espresso<br \/>\n1,9 &#8211; 2,5 Brew<\/div>\n<\/div>\n<\/div>\n<p>[\/vc_column_text][\/vc_column_inner][vc_column_inner width=&#8221;1\/5&#8243;][vc_column_text]<\/p>\n<h3 class=\"head\" style=\"text-align: center;\">DIMENSIONS<\/h3>\n<div class=\"values\" style=\"text-align: center;\">Height: 345 mm<\/div>\n<div class=\"values\" style=\"text-align: center;\">Width: 120 mm<\/div>\n<div class=\"values\" style=\"text-align: center;\">Depth: 140 mm<\/div>\n<div class=\"values\" style=\"text-align: center;\">Weight: 5,6 kg<\/div>\n<p>[\/vc_column_text][\/vc_column_inner][\/vc_row_inner][vc_separator border_width=&#8221;10&#8243;][vc_row_inner][vc_column_inner width=&#8221;1\/2&#8243;][vc_video link=&#8221;https:\/\/youtu.be\/L4YkmZu3HuA&#8221;][\/vc_column_inner][vc_column_inner width=&#8221;1\/2&#8243;][vc_video link=&#8221;https:\/\/youtu.be\/hI0v3J7GJuE&#8221;][\/vc_column_inner][\/vc_row_inner][vc_row_inner][vc_column_inner][vc_video link=&#8221;https:\/\/youtu.be\/bd6BnVkipUw&#8221;][\/vc_column_inner][\/vc_row_inner][\/vc_column][vc_column width=&#8221;1\/6&#8243;][\/vc_column][\/vc_row]<\/p>\n<\/div>","protected":false},"excerpt":{"rendered":"<ul>\n<li>ACE System<\/li>\n<li>Stepless Micrometric Regulation System (patented by Eureka)<\/li>\n<li>&#8220;High Speed&#8221; Maintenance<\/li>\n<li>Silent Technology<\/li>\n<li>Espresso &amp; Brew<\/li>\n<li>Mignon Single Dose Blow Up Cleaning included<\/li>\n<li>Dosing Cup (45 g) included<\/li>\n<li>Mignon Single Dose Hopper (45 g) included<\/li>\n<li>Adjustable All-in-One fork<\/li>\n<li>ON\/OFF side activation<\/li>\n<li>Extra-Comfort knob<\/li>\n<\/ul>\n<h1 style=\"text-align: left;\">\u00a0 \u00a0<img decoding=\"async\" class=\"alignnone size-full wp-image-15322\" src=\"https:\/\/www.solino.gr\/wp-content\/uploads\/2021\/03\/CE.png\" alt=\"\" width=\"36\" height=\"50\" \/><img decoding=\"async\" class=\"alignnone size-full wp-image-15319\" src=\"https:\/\/www.solino.gr\/wp-content\/uploads\/2021\/03\/CSA.png\" alt=\"\" width=\"42\" height=\"50\" \/><img decoding=\"async\" class=\"alignnone size-full wp-image-15316\" src=\"https:\/\/www.solino.gr\/wp-content\/uploads\/2021\/03\/CSASanitation.png\" alt=\"\" width=\"48\" height=\"50\" \/><img loading=\"lazy\" decoding=\"async\" class=\"alignnone size-full wp-image-15313\" src=\"https:\/\/www.solino.gr\/wp-content\/uploads\/2021\/03\/EAC.png\" alt=\"\" width=\"36\" height=\"50\" \/><\/h1>\n","protected":false},"featured_media":30003,"comment_status":"open","ping_status":"closed","template":"","meta":{"inline_featured_image":false},"pwb-brand":[11839],"product_brand":[],"product_cat":[416,648],"product_tag":[11759],"class_list":{"0":"post-30000","1":"product","2":"type-product","3":"status-publish","4":"has-post-thumbnail","6":"pwb-brand-eureka","7":"product_cat-on-demand-grinders-de","8":"product_cat-kaffeemuehlen-de","9":"product_tag-kaffeemuehle","11":"first","12":"instock","13":"sale","14":"taxable","15":"shipping-taxable","16":"purchasable","17":"product-type-simple"},"group_of_quantity":0,"min_quantity":0,"max_quantity":"","exclude_order_quantity_value_rules":"no","exclude_category_quantity_rules":"no","combine_variations":"no","yoast_head":"<!-- This site is optimized with the Yoast SEO Premium plugin v27.4 (Yoast SEO v27.4) - https:\/\/yoast.com\/product\/yoast-seo-premium-wordpress\/ -->\n<title>EUREKA - MIGNON ZERO 55 16CR GREY - Solino<\/title>\n<meta name=\"robots\" content=\"index, follow, max-snippet:-1, max-image-preview:large, max-video-preview:-1\" \/>\n<link rel=\"canonical\" href=\"https:\/\/www.solino.gr\/de\/shop\/eureka-mignon-zero-55-16cr-grey\/\" \/>\n<meta property=\"og:locale\" content=\"de_DE\" \/>\n<meta property=\"og:type\" content=\"article\" \/>\n<meta property=\"og:title\" content=\"EUREKA - MIGNON ZERO 55 16CR GREY\" \/>\n<meta property=\"og:description\" content=\"ACE System  Stepless Micrometric Regulation System (patented by Eureka)  &quot;High Speed&quot; Maintenance  Silent Technology  Espresso &amp; Brew  Mignon Single Dose Blow Up Cleaning included  Dosing Cup (45 g) included  Mignon Single Dose Hopper (45 g) included  Adjustable All-in-One fork  ON\/OFF side activation  Extra-Comfort knob  \u00a0 \u00a0\" \/>\n<meta property=\"og:url\" content=\"https:\/\/www.solino.gr\/de\/shop\/eureka-mignon-zero-55-16cr-grey\/\" \/>\n<meta property=\"og:site_name\" content=\"Solino\" \/>\n<meta property=\"article:publisher\" content=\"https:\/\/www.facebook.com\/coffeepartnerforyourbusiness\" \/>\n<meta property=\"article:modified_time\" content=\"2026-02-10T14:24:29+00:00\" \/>\n<meta property=\"og:image\" content=\"https:\/\/www.solino.gr\/wp-content\/uploads\/2022\/06\/EUREKA-MIGNON-ZERO-55-16CR-GREY.png\" \/>\n\t<meta property=\"og:image:width\" content=\"675\" \/>\n\t<meta property=\"og:image:height\" content=\"450\" \/>\n\t<meta property=\"og:image:type\" content=\"image\/png\" \/>\n<meta name=\"twitter:card\" content=\"summary_large_image\" \/>\n<meta name=\"twitter:label1\" content=\"Preis\" \/>\n\t<meta name=\"twitter:data1\" content=\"359,00&euro;\" \/>\n\t<meta name=\"twitter:label2\" content=\"Verf\u00fcgbarkeit\" \/>\n\t<meta name=\"twitter:data2\" content=\"Auf Lager\" \/>\n<script type=\"application\/ld+json\" class=\"yoast-schema-graph\">{\"@context\":\"https:\\\/\\\/schema.org\",\"@graph\":[{\"@type\":\"WebPage\",\"@id\":\"https:\\\/\\\/www.solino.gr\\\/de\\\/shop\\\/eureka-mignon-zero-55-16cr-grey\\\/\",\"url\":\"https:\\\/\\\/www.solino.gr\\\/de\\\/shop\\\/eureka-mignon-zero-55-16cr-grey\\\/\",\"name\":\"EUREKA - MIGNON ZERO 55 16CR GREY - Solino\",\"isPartOf\":{\"@id\":\"https:\\\/\\\/www.solino.gr\\\/de\\\/#website\"},\"primaryImageOfPage\":{\"@id\":\"https:\\\/\\\/www.solino.gr\\\/de\\\/shop\\\/eureka-mignon-zero-55-16cr-grey\\\/#primaryimage\"},\"image\":{\"@id\":\"https:\\\/\\\/www.solino.gr\\\/de\\\/shop\\\/eureka-mignon-zero-55-16cr-grey\\\/#primaryimage\"},\"thumbnailUrl\":\"https:\\\/\\\/www.solino.gr\\\/wp-content\\\/uploads\\\/2022\\\/06\\\/EUREKA-MIGNON-ZERO-55-16CR-GREY.png\",\"datePublished\":\"2022-06-07T09:50:51+00:00\",\"dateModified\":\"2026-02-10T14:24:29+00:00\",\"breadcrumb\":{\"@id\":\"https:\\\/\\\/www.solino.gr\\\/de\\\/shop\\\/eureka-mignon-zero-55-16cr-grey\\\/#breadcrumb\"},\"inLanguage\":\"de\",\"potentialAction\":[{\"@type\":\"ReadAction\",\"target\":[\"https:\\\/\\\/www.solino.gr\\\/de\\\/shop\\\/eureka-mignon-zero-55-16cr-grey\\\/\"]}]},{\"@type\":\"ImageObject\",\"inLanguage\":\"de\",\"@id\":\"https:\\\/\\\/www.solino.gr\\\/de\\\/shop\\\/eureka-mignon-zero-55-16cr-grey\\\/#primaryimage\",\"url\":\"https:\\\/\\\/www.solino.gr\\\/wp-content\\\/uploads\\\/2022\\\/06\\\/EUREKA-MIGNON-ZERO-55-16CR-GREY.png\",\"contentUrl\":\"https:\\\/\\\/www.solino.gr\\\/wp-content\\\/uploads\\\/2022\\\/06\\\/EUREKA-MIGNON-ZERO-55-16CR-GREY.png\",\"width\":675,\"height\":450},{\"@type\":\"BreadcrumbList\",\"@id\":\"https:\\\/\\\/www.solino.gr\\\/de\\\/shop\\\/eureka-mignon-zero-55-16cr-grey\\\/#breadcrumb\",\"itemListElement\":[{\"@type\":\"ListItem\",\"position\":1,\"name\":\"Home\",\"item\":\"https:\\\/\\\/www.solino.gr\\\/de\\\/\"},{\"@type\":\"ListItem\",\"position\":2,\"name\":\"Unsere Produkte\",\"item\":\"https:\\\/\\\/www.solino.gr\\\/de\\\/shop\\\/\"},{\"@type\":\"ListItem\",\"position\":3,\"name\":\"EUREKA &#8211; MIGNON ZERO 55 16CR GREY\"}]},{\"@type\":\"WebSite\",\"@id\":\"https:\\\/\\\/www.solino.gr\\\/de\\\/#website\",\"url\":\"https:\\\/\\\/www.solino.gr\\\/de\\\/\",\"name\":\"Solino\",\"description\":\"\u039f\u03b9 \u0395\u03c0\u03b1\u03b3\u03b3\u03b5\u03bb\u03bc\u03b1\u03c4\u03b9\u03ba\u03ad\u03c2 \u039b\u03cd\u03c3\u03b5\u03b9\u03c2 \u03c3\u03c4\u03b9\u03c2 \u039c\u03b7\u03c7\u03b1\u03bd\u03ad\u03c2 \u039a\u03b1\u03c6\u03ad &amp; \u0395\u03c3\u03c0\u03c1\u03ad\u03c3\u03bf\",\"publisher\":{\"@id\":\"https:\\\/\\\/www.solino.gr\\\/de\\\/#organization\"},\"potentialAction\":[{\"@type\":\"SearchAction\",\"target\":{\"@type\":\"EntryPoint\",\"urlTemplate\":\"https:\\\/\\\/www.solino.gr\\\/de\\\/?s={search_term_string}\"},\"query-input\":{\"@type\":\"PropertyValueSpecification\",\"valueRequired\":true,\"valueName\":\"search_term_string\"}}],\"inLanguage\":\"de\"},{\"@type\":\"Organization\",\"@id\":\"https:\\\/\\\/www.solino.gr\\\/de\\\/#organization\",\"name\":\"Solino\",\"url\":\"https:\\\/\\\/www.solino.gr\\\/de\\\/\",\"logo\":{\"@type\":\"ImageObject\",\"inLanguage\":\"de\",\"@id\":\"https:\\\/\\\/www.solino.gr\\\/de\\\/#\\\/schema\\\/logo\\\/image\\\/\",\"url\":\"https:\\\/\\\/www.solino.gr\\\/wp-content\\\/uploads\\\/2021\\\/04\\\/Solino-Weis-.jpg\",\"contentUrl\":\"https:\\\/\\\/www.solino.gr\\\/wp-content\\\/uploads\\\/2021\\\/04\\\/Solino-Weis-.jpg\",\"width\":1156,\"height\":429,\"caption\":\"Solino\"},\"image\":{\"@id\":\"https:\\\/\\\/www.solino.gr\\\/de\\\/#\\\/schema\\\/logo\\\/image\\\/\"},\"sameAs\":[\"https:\\\/\\\/www.facebook.com\\\/coffeepartnerforyourbusiness\",\"https:\\\/\\\/www.instagram.com\\\/the_complete_coffeepartner\\\/\",\"https:\\\/\\\/www.linkedin.com\\\/company\\\/5267982\\\/admin\\\/\",\"https:\\\/\\\/www.pinterest.de\\\/tcharpantidis\\\/\",\"https:\\\/\\\/www.youtube.com\\\/channel\\\/UCQxbxyAKpQX142Zlz0VBNww\"],\"email\":\"info@solino.gr\",\"telephone\":\"+30 210 4173201\",\"legalName\":\"SOLINO IKE\",\"vatID\":\"EL802133107\",\"taxID\":\"EL802133107\",\"numberOfEmployees\":{\"@type\":\"QuantitativeValue\",\"minValue\":\"1\",\"maxValue\":\"10\"}}]}<\/script>\n<meta property=\"product:brand\" content=\"EUREKA\" \/>\n<meta property=\"product:price:amount\" content=\"359.00\" \/>\n<meta property=\"product:price:currency\" content=\"EUR\" \/>\n<meta property=\"og:availability\" content=\"instock\" \/>\n<meta property=\"product:availability\" content=\"instock\" \/>\n<meta property=\"product:retailer_item_id\" content=\"EUREMZ55M23MSIJ00000055\" \/>\n<meta property=\"product:condition\" content=\"new\" \/>\n<!-- \/ Yoast SEO Premium plugin. -->","yoast_head_json":{"title":"EUREKA - MIGNON ZERO 55 16CR GREY - Solino","robots":{"index":"index","follow":"follow","max-snippet":"max-snippet:-1","max-image-preview":"max-image-preview:large","max-video-preview":"max-video-preview:-1"},"canonical":"https:\/\/www.solino.gr\/de\/shop\/eureka-mignon-zero-55-16cr-grey\/","og_locale":"de_DE","og_type":"article","og_title":"EUREKA - MIGNON ZERO 55 16CR GREY","og_description":"ACE System  Stepless Micrometric Regulation System (patented by Eureka)  \"High Speed\" Maintenance  Silent Technology  Espresso &amp; Brew  Mignon Single Dose Blow Up Cleaning included  Dosing Cup (45 g) included  Mignon Single Dose Hopper (45 g) included  Adjustable All-in-One fork  ON\/OFF side activation  Extra-Comfort knob  \u00a0 \u00a0","og_url":"https:\/\/www.solino.gr\/de\/shop\/eureka-mignon-zero-55-16cr-grey\/","og_site_name":"Solino","article_publisher":"https:\/\/www.facebook.com\/coffeepartnerforyourbusiness","article_modified_time":"2026-02-10T14:24:29+00:00","og_image":[{"width":675,"height":450,"url":"https:\/\/www.solino.gr\/wp-content\/uploads\/2022\/06\/EUREKA-MIGNON-ZERO-55-16CR-GREY.png","type":"image\/png"}],"twitter_card":"summary_large_image","twitter_misc":{"Preis":"359,00&euro;","Verf\u00fcgbarkeit":"Auf Lager"},"schema":{"@context":"https:\/\/schema.org","@graph":[{"@type":"WebPage","@id":"https:\/\/www.solino.gr\/de\/shop\/eureka-mignon-zero-55-16cr-grey\/","url":"https:\/\/www.solino.gr\/de\/shop\/eureka-mignon-zero-55-16cr-grey\/","name":"EUREKA - MIGNON ZERO 55 16CR GREY - Solino","isPartOf":{"@id":"https:\/\/www.solino.gr\/de\/#website"},"primaryImageOfPage":{"@id":"https:\/\/www.solino.gr\/de\/shop\/eureka-mignon-zero-55-16cr-grey\/#primaryimage"},"image":{"@id":"https:\/\/www.solino.gr\/de\/shop\/eureka-mignon-zero-55-16cr-grey\/#primaryimage"},"thumbnailUrl":"https:\/\/www.solino.gr\/wp-content\/uploads\/2022\/06\/EUREKA-MIGNON-ZERO-55-16CR-GREY.png","datePublished":"2022-06-07T09:50:51+00:00","dateModified":"2026-02-10T14:24:29+00:00","breadcrumb":{"@id":"https:\/\/www.solino.gr\/de\/shop\/eureka-mignon-zero-55-16cr-grey\/#breadcrumb"},"inLanguage":"de","potentialAction":[{"@type":"ReadAction","target":["https:\/\/www.solino.gr\/de\/shop\/eureka-mignon-zero-55-16cr-grey\/"]}]},{"@type":"ImageObject","inLanguage":"de","@id":"https:\/\/www.solino.gr\/de\/shop\/eureka-mignon-zero-55-16cr-grey\/#primaryimage","url":"https:\/\/www.solino.gr\/wp-content\/uploads\/2022\/06\/EUREKA-MIGNON-ZERO-55-16CR-GREY.png","contentUrl":"https:\/\/www.solino.gr\/wp-content\/uploads\/2022\/06\/EUREKA-MIGNON-ZERO-55-16CR-GREY.png","width":675,"height":450},{"@type":"BreadcrumbList","@id":"https:\/\/www.solino.gr\/de\/shop\/eureka-mignon-zero-55-16cr-grey\/#breadcrumb","itemListElement":[{"@type":"ListItem","position":1,"name":"Home","item":"https:\/\/www.solino.gr\/de\/"},{"@type":"ListItem","position":2,"name":"Unsere Produkte","item":"https:\/\/www.solino.gr\/de\/shop\/"},{"@type":"ListItem","position":3,"name":"EUREKA &#8211; MIGNON ZERO 55 16CR GREY"}]},{"@type":"WebSite","@id":"https:\/\/www.solino.gr\/de\/#website","url":"https:\/\/www.solino.gr\/de\/","name":"Solino","description":"\u039f\u03b9 \u0395\u03c0\u03b1\u03b3\u03b3\u03b5\u03bb\u03bc\u03b1\u03c4\u03b9\u03ba\u03ad\u03c2 \u039b\u03cd\u03c3\u03b5\u03b9\u03c2 \u03c3\u03c4\u03b9\u03c2 \u039c\u03b7\u03c7\u03b1\u03bd\u03ad\u03c2 \u039a\u03b1\u03c6\u03ad &amp; \u0395\u03c3\u03c0\u03c1\u03ad\u03c3\u03bf","publisher":{"@id":"https:\/\/www.solino.gr\/de\/#organization"},"potentialAction":[{"@type":"SearchAction","target":{"@type":"EntryPoint","urlTemplate":"https:\/\/www.solino.gr\/de\/?s={search_term_string}"},"query-input":{"@type":"PropertyValueSpecification","valueRequired":true,"valueName":"search_term_string"}}],"inLanguage":"de"},{"@type":"Organization","@id":"https:\/\/www.solino.gr\/de\/#organization","name":"Solino","url":"https:\/\/www.solino.gr\/de\/","logo":{"@type":"ImageObject","inLanguage":"de","@id":"https:\/\/www.solino.gr\/de\/#\/schema\/logo\/image\/","url":"https:\/\/www.solino.gr\/wp-content\/uploads\/2021\/04\/Solino-Weis-.jpg","contentUrl":"https:\/\/www.solino.gr\/wp-content\/uploads\/2021\/04\/Solino-Weis-.jpg","width":1156,"height":429,"caption":"Solino"},"image":{"@id":"https:\/\/www.solino.gr\/de\/#\/schema\/logo\/image\/"},"sameAs":["https:\/\/www.facebook.com\/coffeepartnerforyourbusiness","https:\/\/www.instagram.com\/the_complete_coffeepartner\/","https:\/\/www.linkedin.com\/company\/5267982\/admin\/","https:\/\/www.pinterest.de\/tcharpantidis\/","https:\/\/www.youtube.com\/channel\/UCQxbxyAKpQX142Zlz0VBNww"],"email":"info@solino.gr","telephone":"+30 210 4173201","legalName":"SOLINO IKE","vatID":"EL802133107","taxID":"EL802133107","numberOfEmployees":{"@type":"QuantitativeValue","minValue":"1","maxValue":"10"}}]},"product_brand":"EUREKA","product_price_amount":"359.00","product_price_currency":"EUR","og_availability":"instock","product_availability":"instock","product_retailer_item_id":"EUREMZ55M23MSIJ00000055","product_condition":"new"},"brands":[{"id":11839,"name":"EUREKA","slug":"eureka"}],"_links":{"self":[{"href":"https:\/\/www.solino.gr\/de\/wp-json\/wp\/v2\/product\/30000","targetHints":{"allow":["GET"]}}],"collection":[{"href":"https:\/\/www.solino.gr\/de\/wp-json\/wp\/v2\/product"}],"about":[{"href":"https:\/\/www.solino.gr\/de\/wp-json\/wp\/v2\/types\/product"}],"replies":[{"embeddable":true,"href":"https:\/\/www.solino.gr\/de\/wp-json\/wp\/v2\/comments?post=30000"}],"version-history":[{"count":1,"href":"https:\/\/www.solino.gr\/de\/wp-json\/wp\/v2\/product\/30000\/revisions"}],"predecessor-version":[{"id":65806,"href":"https:\/\/www.solino.gr\/de\/wp-json\/wp\/v2\/product\/30000\/revisions\/65806"}],"wp:featuredmedia":[{"embeddable":true,"href":"https:\/\/www.solino.gr\/de\/wp-json\/wp\/v2\/media\/30003"}],"wp:attachment":[{"href":"https:\/\/www.solino.gr\/de\/wp-json\/wp\/v2\/media?parent=30000"}],"wp:term":[{"taxonomy":"pwb-brand","embeddable":true,"href":"https:\/\/www.solino.gr\/de\/wp-json\/wp\/v2\/pwb-brand?post=30000"},{"taxonomy":"product_brand","embeddable":true,"href":"https:\/\/www.solino.gr\/de\/wp-json\/wp\/v2\/product_brand?post=30000"},{"taxonomy":"product_cat","embeddable":true,"href":"https:\/\/www.solino.gr\/de\/wp-json\/wp\/v2\/product_cat?post=30000"},{"taxonomy":"product_tag","embeddable":true,"href":"https:\/\/www.solino.gr\/de\/wp-json\/wp\/v2\/product_tag?post=30000"}],"curies":[{"name":"wp","href":"https:\/\/api.w.org\/{rel}","templated":true}]}}