{"id":23388,"date":"2021-09-20T13:11:41","date_gmt":"2021-09-20T10:11:41","guid":{"rendered":"https:\/\/www.solino.gr\/?post_type=product&#038;p=23388"},"modified":"2026-02-18T12:32:31","modified_gmt":"2026-02-18T10:32:31","slug":"jura-e4-piano-black-ea-15435-kaffeevollautomat","status":"publish","type":"product","link":"https:\/\/www.solino.gr\/de\/shop\/jura-e4-piano-black-ea-15435-kaffeevollautomat\/","title":{"rendered":"Jura E4 Piano Black EA 15435  Kaffeevollautomat"},"content":{"rendered":"<div class=\"wpb-content-wrapper\"><p>[vc_row][vc_column width=&#8221;1\/6&#8243;][\/vc_column][vc_column width=&#8221;2\/3&#8243;][vc_column_text]<\/p>\n<div class=\"mod_pagetitle page-inner load-hidden\" data-init=\"pagetitle\" data-animate=\"basic\" data-sr-id=\"2\">\n<div class=\"block-title\">\n<h2 class=\"title\" style=\"text-align: center;\"><span style=\"color: #9a7348;\">E4<\/span><\/h2>\n<div class=\"mod_pagetitle page-inner load-hidden\" data-init=\"pagetitle\" data-animate=\"basic\" data-sr-id=\"2\">\n<div class=\"block-title\">\n<div class=\"page-subtitle\" style=\"text-align: center;\">\n<div class=\"mod_pagetitle page-inner load-hidden\" data-init=\"pagetitle\" data-animate=\"basic\" data-sr-id=\"2\">\n<div class=\"block-title\">\n<div class=\"page-subtitle\"><strong>Des Kaffees reine Natur<\/strong><\/div>\n<div class=\"page-info\">\n<p>Hier ist er, der ideale Full-Size-Vollautomat f\u00fcr alle, die sich ganz aufs Wesentliche konzentrieren wollen: perfekten Kaffeegenuss.<\/p>\n<\/div>\n<\/div>\n<\/div>\n<div class=\"description\">\n<div id=\"pagelayout_0_pagetype_0_pagecontent_0_panExpandable\" class=\"block-expandable state-expanded\" data-init=\"expandable\" data-expandable-options=\"{&quot;modal&quot;:true}\">\n<div class=\"content\" data-expandable=\"content\">\n<p>Bei Schwarzkaffee-Spezialit\u00e4ten spielt die E4 ihre St\u00e4rken voll aus. Der Professional Aroma Grinder, die 8. Br\u00fcheinheiten-Generation und der 3D-Br\u00fchprozess sorgen f\u00fcr ein vollmundiges Aroma. Nat\u00fcrlich immer frisch gemahlen, nicht gekapselt. Zur Wahl stehen drei Intensit\u00e4ten. Das intuitive Symboldisplay f\u00fchrt mit nur einem Knopfdruck direkt zum Ziel. Die Hei\u00dfwasserzubereitung rundet die Funktionen ab.<\/p>\n<p>Essenziell wie in den Eigenschaften pr\u00e4sentiert sich die E4 auch im Design. In h\u00f6chster Pr\u00e4zision verarbeitet, unterstreicht die reduzierte Formensprache die Premium-Qualit\u00e4t.<\/p>\n<\/div>\n<\/div>\n<\/div>\n<\/div>\n<\/div>\n<\/div>\n<\/div>\n<\/div>\n<p>[\/vc_column_text][\/vc_column][vc_column width=&#8221;1\/6&#8243;][\/vc_column][\/vc_row][vc_row][vc_column width=&#8221;3\/12&#8243;][\/vc_column][vc_column width=&#8221;6\/12&#8243;][vc_gallery interval=&#8221;0&#8243; images=&#8221;23406,23405,23404,23403,23402,23401,23400,23399,23398,23397,23396,23395&#8243; img_size=&#8221;full&#8221;][\/vc_column][vc_column width=&#8221;3\/12&#8243;][\/vc_column][\/vc_row][vc_row][vc_column width=&#8221;1\/12&#8243;][\/vc_column][vc_column width=&#8221;5\/12&#8243;][vc_column_text]<\/p>\n<h3 id=\"pagelayout_0_pagetype_0_pagecontent_0_tabcontent_0_repTabContentBlock_conContentBlock_0_genTitle_0\" class=\"title\">Einfachste Bedienung<\/h3>\n<p>So maximal der Geschmack, so minimal die Komplexit\u00e4t. Der Weg zum Hochgenuss f\u00fchrt \u00fcber nur einen einzigen Tastendruck. Vorwahlfunktionen f\u00fcr pers\u00f6nliche Aroma-Pr\u00e4ferenzen machen\u2019s m\u00f6glich. Einfacher geht\u2019s nicht.[\/vc_column_text][\/vc_column][vc_column width=&#8221;5\/12&#8243;][vc_single_image image=&#8221;23391&#8243; img_size=&#8221;full&#8221; alignment=&#8221;center&#8221;][\/vc_column][vc_column width=&#8221;1\/12&#8243;][\/vc_column][\/vc_row][vc_row][vc_column width=&#8221;1\/12&#8243;][\/vc_column][vc_column width=&#8221;5\/12&#8243;][vc_single_image image=&#8221;23392&#8243; img_size=&#8221;full&#8221; alignment=&#8221;center&#8221;][\/vc_column][vc_column width=&#8221;5\/12&#8243;][vc_column_text]<\/p>\n<h3 id=\"pagelayout_0_pagetype_0_pagecontent_0_tabcontent_0_repTabContentBlock_conContentBlock_1_genTitle_1\" class=\"title\">Frisch gemahlen, nicht gekapselt<\/h3>\n<p>12,2%* mehr Aroma sowie eine gleichbleibend hohe Qualit\u00e4t des Mahlguts \u00fcber die gesamte Lebensdauer zeichnen den Professional Aroma Grinder aus. In Kombination mit der Br\u00fcheinheit der 8. Generation und dem 3D-Br\u00fchprozess, gelangt stets des Kaffees reine Natur in die Tasse. Doppelprodukte bereitet die E4 in zwei Zyklen zu. Das bedeutet ein Maximum an Aroma, da f\u00fcr beide Tassen das gesamte Spektrum der variablen Br\u00fcheinheit von 5 bis 16 Gramm Kaffeepulver zur Verf\u00fcgung steht.<\/p>\n<p><em>*) Professional Aroma Grinder im Vergleich zu herk\u00f6mmlichen Mahlwerken<\/em>[\/vc_column_text][\/vc_column][vc_column width=&#8221;1\/12&#8243;][\/vc_column][\/vc_row][vc_row][vc_column width=&#8221;1\/12&#8243;][\/vc_column][vc_column width=&#8221;5\/12&#8243;][vc_column_text]<\/p>\n<h3 id=\"pagelayout_0_pagetype_0_pagecontent_0_tabcontent_0_repTabContentBlock_conContentBlock_2_genTitle_2\" class=\"title\">Hei\u00dfwasser im Nu<\/h3>\n<p>Wenn\u2019s zur Abwechslung mal Tee sein darf, kein Problem. Bequem l\u00e4sst sich \u00fcber einen Drehschalter die Hei\u00dfwasserzubereitung starten, und in k\u00fcrzester Zeit flie\u00dfen bis zu 3 dl in die Tasse.[\/vc_column_text][\/vc_column][vc_column width=&#8221;5\/12&#8243;][vc_single_image image=&#8221;23393&#8243; img_size=&#8221;full&#8221; alignment=&#8221;center&#8221;][\/vc_column][vc_column width=&#8221;1\/12&#8243;][\/vc_column][\/vc_row][vc_row][vc_column width=&#8221;1\/12&#8243;][\/vc_column][vc_column width=&#8221;5\/12&#8243;][vc_single_image image=&#8221;23394&#8243; img_size=&#8221;full&#8221; alignment=&#8221;center&#8221;][\/vc_column][vc_column width=&#8221;5\/12&#8243;][vc_column_text]<\/p>\n<h3 id=\"pagelayout_0_pagetype_0_pagecontent_0_tabcontent_0_repTabContentBlock_conContentBlock_3_genTitle_3\" class=\"title\">Harmonisch im Design<\/h3>\n<p>Die E4 pr\u00e4sentiert sich im charakteristischen Design der JURA-Vollautomaten. Es ist gepr\u00e4gt von straffen Fl\u00e4chen und klaren Linien. In h\u00f6chster Pr\u00e4zision verarbeitet, unterstreicht die reduzierte Formensprache die Premium-Qualit\u00e4t dieses Vollautomaten. Purismus findet auch in der Farbwahl Ausdruck. W\u00e4hrend der gesamte K\u00f6rper in zur\u00fcckhaltendem Piano Black gehalten ist, setzen verchromte Highlights Akzente und inszenieren das perfekte Kaffeeresultat.[\/vc_column_text][\/vc_column][vc_column width=&#8221;1\/12&#8243;][\/vc_column][\/vc_row]<\/p>\n<\/div>","protected":false},"excerpt":{"rendered":"<p>Maximaler Geschmack, minimale Komplexit\u00e4t. Durch Vorwahlfunktionen kann der Benutzer seine pers\u00f6nlichen Aromavorlieben definieren und mit nur einem Knopfdruck die perfekte Tasse Kaffee zubereiten. Einfacher geht es nicht.<\/p>\n","protected":false},"featured_media":23407,"comment_status":"open","ping_status":"closed","template":"","meta":{"inline_featured_image":false},"pwb-brand":[11833],"product_brand":[],"product_cat":[461,101],"product_tag":[11306,13754],"class_list":{"0":"post-23388","1":"product","2":"type-product","3":"status-publish","4":"has-post-thumbnail","6":"pwb-brand-jura","7":"product_cat-espressomaschinen","8":"product_cat-kaffeevollautomaten","9":"product_tag-kaffeevollautomat","10":"product_tag---espresso","12":"first","13":"outofstock","14":"taxable","15":"shipping-taxable","16":"purchasable","17":"product-type-simple"},"group_of_quantity":0,"min_quantity":0,"max_quantity":"","exclude_order_quantity_value_rules":"no","exclude_category_quantity_rules":"no","combine_variations":"no","yoast_head":"<!-- This site is optimized with the Yoast SEO Premium plugin v27.3 (Yoast SEO v27.3) - https:\/\/yoast.com\/product\/yoast-seo-premium-wordpress\/ -->\n<title>Jura E4 Piano Black EA 15435 Kaffeevollautomat - Solino<\/title>\n<meta name=\"description\" content=\"Des Kaffees reine NaturHier ist er, der ideale Full-Size-Vollautomat f\u00fcr alle, die sich ganz aufs Wesentliche konzentrieren wollen: perfekten Kaffeegenuss.\" \/>\n<meta name=\"robots\" content=\"index, follow, max-snippet:-1, max-image-preview:large, max-video-preview:-1\" \/>\n<link rel=\"canonical\" href=\"https:\/\/www.solino.gr\/de\/shop\/jura-e4-piano-black-ea-15435-kaffeevollautomat\/\" \/>\n<meta property=\"og:locale\" content=\"de_DE\" \/>\n<meta property=\"og:type\" content=\"article\" \/>\n<meta property=\"og:title\" content=\"Jura E4 Piano Black EA 15435 Kaffeevollautomat\" \/>\n<meta property=\"og:description\" content=\"Maximaler Geschmack, minimale Komplexit\u00e4t. Durch Vorwahlfunktionen kann der Benutzer seine pers\u00f6nlichen Aromavorlieben definieren und mit nur einem Knopfdruck die perfekte Tasse Kaffee zubereiten. Einfacher geht es nicht.\" \/>\n<meta property=\"og:url\" content=\"https:\/\/www.solino.gr\/de\/shop\/jura-e4-piano-black-ea-15435-kaffeevollautomat\/\" \/>\n<meta property=\"og:site_name\" content=\"Solino\" \/>\n<meta property=\"article:publisher\" content=\"https:\/\/www.facebook.com\/coffeepartnerforyourbusiness\" \/>\n<meta property=\"article:modified_time\" content=\"2026-02-18T10:32:31+00:00\" \/>\n<meta property=\"og:image\" content=\"https:\/\/www.solino.gr\/wp-content\/uploads\/2021\/09\/e4_ea_pianoblack_image1.jpg\" \/>\n\t<meta property=\"og:image:width\" content=\"1620\" \/>\n\t<meta property=\"og:image:height\" content=\"1080\" \/>\n\t<meta property=\"og:image:type\" content=\"image\/jpeg\" \/>\n<meta name=\"twitter:card\" content=\"summary_large_image\" \/>\n<meta name=\"twitter:label1\" content=\"Preis\" \/>\n\t<meta name=\"twitter:data1\" content=\"849,00&euro;\" \/>\n\t<meta name=\"twitter:label2\" content=\"Verf\u00fcgbarkeit\" \/>\n\t<meta name=\"twitter:data2\" content=\"ausverkauft\" \/>\n<script type=\"application\/ld+json\" class=\"yoast-schema-graph\">{\"@context\":\"https:\\\/\\\/schema.org\",\"@graph\":[{\"@type\":\"WebPage\",\"@id\":\"https:\\\/\\\/www.solino.gr\\\/de\\\/shop\\\/jura-e4-piano-black-ea-15435-kaffeevollautomat\\\/\",\"url\":\"https:\\\/\\\/www.solino.gr\\\/de\\\/shop\\\/jura-e4-piano-black-ea-15435-kaffeevollautomat\\\/\",\"name\":\"Jura E4 Piano Black EA 15435 Kaffeevollautomat - Solino\",\"isPartOf\":{\"@id\":\"https:\\\/\\\/www.solino.gr\\\/de\\\/#website\"},\"primaryImageOfPage\":{\"@id\":\"https:\\\/\\\/www.solino.gr\\\/de\\\/shop\\\/jura-e4-piano-black-ea-15435-kaffeevollautomat\\\/#primaryimage\"},\"image\":{\"@id\":\"https:\\\/\\\/www.solino.gr\\\/de\\\/shop\\\/jura-e4-piano-black-ea-15435-kaffeevollautomat\\\/#primaryimage\"},\"thumbnailUrl\":\"https:\\\/\\\/www.solino.gr\\\/wp-content\\\/uploads\\\/2021\\\/09\\\/e4_ea_pianoblack_image1.jpg\",\"datePublished\":\"2021-09-20T10:11:41+00:00\",\"dateModified\":\"2026-02-18T10:32:31+00:00\",\"description\":\"Des Kaffees reine NaturHier ist er, der ideale Full-Size-Vollautomat f\u00fcr alle, die sich ganz aufs Wesentliche konzentrieren wollen: perfekten Kaffeegenuss.\",\"breadcrumb\":{\"@id\":\"https:\\\/\\\/www.solino.gr\\\/de\\\/shop\\\/jura-e4-piano-black-ea-15435-kaffeevollautomat\\\/#breadcrumb\"},\"inLanguage\":\"de\",\"potentialAction\":[{\"@type\":\"ReadAction\",\"target\":[\"https:\\\/\\\/www.solino.gr\\\/de\\\/shop\\\/jura-e4-piano-black-ea-15435-kaffeevollautomat\\\/\"]}]},{\"@type\":\"ImageObject\",\"inLanguage\":\"de\",\"@id\":\"https:\\\/\\\/www.solino.gr\\\/de\\\/shop\\\/jura-e4-piano-black-ea-15435-kaffeevollautomat\\\/#primaryimage\",\"url\":\"https:\\\/\\\/www.solino.gr\\\/wp-content\\\/uploads\\\/2021\\\/09\\\/e4_ea_pianoblack_image1.jpg\",\"contentUrl\":\"https:\\\/\\\/www.solino.gr\\\/wp-content\\\/uploads\\\/2021\\\/09\\\/e4_ea_pianoblack_image1.jpg\",\"width\":1620,\"height\":1080,\"caption\":\"Jura E4 Piano Black EA 15435\"},{\"@type\":\"BreadcrumbList\",\"@id\":\"https:\\\/\\\/www.solino.gr\\\/de\\\/shop\\\/jura-e4-piano-black-ea-15435-kaffeevollautomat\\\/#breadcrumb\",\"itemListElement\":[{\"@type\":\"ListItem\",\"position\":1,\"name\":\"Home\",\"item\":\"https:\\\/\\\/www.solino.gr\\\/de\\\/\"},{\"@type\":\"ListItem\",\"position\":2,\"name\":\"Unsere Produkte\",\"item\":\"https:\\\/\\\/www.solino.gr\\\/de\\\/shop\\\/\"},{\"@type\":\"ListItem\",\"position\":3,\"name\":\"Jura E4 Piano Black EA 15435 Kaffeevollautomat\"}]},{\"@type\":\"WebSite\",\"@id\":\"https:\\\/\\\/www.solino.gr\\\/de\\\/#website\",\"url\":\"https:\\\/\\\/www.solino.gr\\\/de\\\/\",\"name\":\"Solino\",\"description\":\"\u039f\u03b9 \u0395\u03c0\u03b1\u03b3\u03b3\u03b5\u03bb\u03bc\u03b1\u03c4\u03b9\u03ba\u03ad\u03c2 \u039b\u03cd\u03c3\u03b5\u03b9\u03c2 \u03c3\u03c4\u03b9\u03c2 \u039c\u03b7\u03c7\u03b1\u03bd\u03ad\u03c2 \u039a\u03b1\u03c6\u03ad &amp; \u0395\u03c3\u03c0\u03c1\u03ad\u03c3\u03bf\",\"publisher\":{\"@id\":\"https:\\\/\\\/www.solino.gr\\\/de\\\/#organization\"},\"potentialAction\":[{\"@type\":\"SearchAction\",\"target\":{\"@type\":\"EntryPoint\",\"urlTemplate\":\"https:\\\/\\\/www.solino.gr\\\/de\\\/?s={search_term_string}\"},\"query-input\":{\"@type\":\"PropertyValueSpecification\",\"valueRequired\":true,\"valueName\":\"search_term_string\"}}],\"inLanguage\":\"de\"},{\"@type\":\"Organization\",\"@id\":\"https:\\\/\\\/www.solino.gr\\\/de\\\/#organization\",\"name\":\"Solino\",\"url\":\"https:\\\/\\\/www.solino.gr\\\/de\\\/\",\"logo\":{\"@type\":\"ImageObject\",\"inLanguage\":\"de\",\"@id\":\"https:\\\/\\\/www.solino.gr\\\/de\\\/#\\\/schema\\\/logo\\\/image\\\/\",\"url\":\"https:\\\/\\\/www.solino.gr\\\/wp-content\\\/uploads\\\/2021\\\/04\\\/Solino-Weis-.jpg\",\"contentUrl\":\"https:\\\/\\\/www.solino.gr\\\/wp-content\\\/uploads\\\/2021\\\/04\\\/Solino-Weis-.jpg\",\"width\":1156,\"height\":429,\"caption\":\"Solino\"},\"image\":{\"@id\":\"https:\\\/\\\/www.solino.gr\\\/de\\\/#\\\/schema\\\/logo\\\/image\\\/\"},\"sameAs\":[\"https:\\\/\\\/www.facebook.com\\\/coffeepartnerforyourbusiness\",\"https:\\\/\\\/www.instagram.com\\\/the_complete_coffeepartner\\\/\",\"https:\\\/\\\/www.linkedin.com\\\/company\\\/5267982\\\/admin\\\/\",\"https:\\\/\\\/www.pinterest.de\\\/tcharpantidis\\\/\",\"https:\\\/\\\/www.youtube.com\\\/channel\\\/UCQxbxyAKpQX142Zlz0VBNww\"],\"email\":\"info@solino.gr\",\"telephone\":\"+30 210 4173201\",\"legalName\":\"SOLINO IKE\",\"vatID\":\"EL802133107\",\"taxID\":\"EL802133107\",\"numberOfEmployees\":{\"@type\":\"QuantitativeValue\",\"minValue\":\"1\",\"maxValue\":\"10\"}}]}<\/script>\n<meta property=\"product:brand\" content=\"JURA\" \/>\n<meta property=\"product:price:amount\" content=\"849.00\" \/>\n<meta property=\"product:price:currency\" content=\"EUR\" \/>\n<meta property=\"og:availability\" content=\"out of stock\" \/>\n<meta property=\"product:availability\" content=\"out of stock\" \/>\n<meta property=\"product:retailer_item_id\" content=\"JUM15435\" \/>\n<meta property=\"product:condition\" content=\"new\" \/>\n<!-- \/ Yoast SEO Premium plugin. -->","yoast_head_json":{"title":"Jura E4 Piano Black EA 15435 Kaffeevollautomat - Solino","description":"Des Kaffees reine NaturHier ist er, der ideale Full-Size-Vollautomat f\u00fcr alle, die sich ganz aufs Wesentliche konzentrieren wollen: perfekten Kaffeegenuss.","robots":{"index":"index","follow":"follow","max-snippet":"max-snippet:-1","max-image-preview":"max-image-preview:large","max-video-preview":"max-video-preview:-1"},"canonical":"https:\/\/www.solino.gr\/de\/shop\/jura-e4-piano-black-ea-15435-kaffeevollautomat\/","og_locale":"de_DE","og_type":"article","og_title":"Jura E4 Piano Black EA 15435 Kaffeevollautomat","og_description":"Maximaler Geschmack, minimale Komplexit\u00e4t. Durch Vorwahlfunktionen kann der Benutzer seine pers\u00f6nlichen Aromavorlieben definieren und mit nur einem Knopfdruck die perfekte Tasse Kaffee zubereiten. Einfacher geht es nicht.","og_url":"https:\/\/www.solino.gr\/de\/shop\/jura-e4-piano-black-ea-15435-kaffeevollautomat\/","og_site_name":"Solino","article_publisher":"https:\/\/www.facebook.com\/coffeepartnerforyourbusiness","article_modified_time":"2026-02-18T10:32:31+00:00","og_image":[{"width":1620,"height":1080,"url":"https:\/\/www.solino.gr\/wp-content\/uploads\/2021\/09\/e4_ea_pianoblack_image1.jpg","type":"image\/jpeg"}],"twitter_card":"summary_large_image","twitter_misc":{"Preis":"849,00&euro;","Verf\u00fcgbarkeit":"ausverkauft"},"schema":{"@context":"https:\/\/schema.org","@graph":[{"@type":"WebPage","@id":"https:\/\/www.solino.gr\/de\/shop\/jura-e4-piano-black-ea-15435-kaffeevollautomat\/","url":"https:\/\/www.solino.gr\/de\/shop\/jura-e4-piano-black-ea-15435-kaffeevollautomat\/","name":"Jura E4 Piano Black EA 15435 Kaffeevollautomat - Solino","isPartOf":{"@id":"https:\/\/www.solino.gr\/de\/#website"},"primaryImageOfPage":{"@id":"https:\/\/www.solino.gr\/de\/shop\/jura-e4-piano-black-ea-15435-kaffeevollautomat\/#primaryimage"},"image":{"@id":"https:\/\/www.solino.gr\/de\/shop\/jura-e4-piano-black-ea-15435-kaffeevollautomat\/#primaryimage"},"thumbnailUrl":"https:\/\/www.solino.gr\/wp-content\/uploads\/2021\/09\/e4_ea_pianoblack_image1.jpg","datePublished":"2021-09-20T10:11:41+00:00","dateModified":"2026-02-18T10:32:31+00:00","description":"Des Kaffees reine NaturHier ist er, der ideale Full-Size-Vollautomat f\u00fcr alle, die sich ganz aufs Wesentliche konzentrieren wollen: perfekten Kaffeegenuss.","breadcrumb":{"@id":"https:\/\/www.solino.gr\/de\/shop\/jura-e4-piano-black-ea-15435-kaffeevollautomat\/#breadcrumb"},"inLanguage":"de","potentialAction":[{"@type":"ReadAction","target":["https:\/\/www.solino.gr\/de\/shop\/jura-e4-piano-black-ea-15435-kaffeevollautomat\/"]}]},{"@type":"ImageObject","inLanguage":"de","@id":"https:\/\/www.solino.gr\/de\/shop\/jura-e4-piano-black-ea-15435-kaffeevollautomat\/#primaryimage","url":"https:\/\/www.solino.gr\/wp-content\/uploads\/2021\/09\/e4_ea_pianoblack_image1.jpg","contentUrl":"https:\/\/www.solino.gr\/wp-content\/uploads\/2021\/09\/e4_ea_pianoblack_image1.jpg","width":1620,"height":1080,"caption":"Jura E4 Piano Black EA 15435"},{"@type":"BreadcrumbList","@id":"https:\/\/www.solino.gr\/de\/shop\/jura-e4-piano-black-ea-15435-kaffeevollautomat\/#breadcrumb","itemListElement":[{"@type":"ListItem","position":1,"name":"Home","item":"https:\/\/www.solino.gr\/de\/"},{"@type":"ListItem","position":2,"name":"Unsere Produkte","item":"https:\/\/www.solino.gr\/de\/shop\/"},{"@type":"ListItem","position":3,"name":"Jura E4 Piano Black EA 15435 Kaffeevollautomat"}]},{"@type":"WebSite","@id":"https:\/\/www.solino.gr\/de\/#website","url":"https:\/\/www.solino.gr\/de\/","name":"Solino","description":"\u039f\u03b9 \u0395\u03c0\u03b1\u03b3\u03b3\u03b5\u03bb\u03bc\u03b1\u03c4\u03b9\u03ba\u03ad\u03c2 \u039b\u03cd\u03c3\u03b5\u03b9\u03c2 \u03c3\u03c4\u03b9\u03c2 \u039c\u03b7\u03c7\u03b1\u03bd\u03ad\u03c2 \u039a\u03b1\u03c6\u03ad &amp; \u0395\u03c3\u03c0\u03c1\u03ad\u03c3\u03bf","publisher":{"@id":"https:\/\/www.solino.gr\/de\/#organization"},"potentialAction":[{"@type":"SearchAction","target":{"@type":"EntryPoint","urlTemplate":"https:\/\/www.solino.gr\/de\/?s={search_term_string}"},"query-input":{"@type":"PropertyValueSpecification","valueRequired":true,"valueName":"search_term_string"}}],"inLanguage":"de"},{"@type":"Organization","@id":"https:\/\/www.solino.gr\/de\/#organization","name":"Solino","url":"https:\/\/www.solino.gr\/de\/","logo":{"@type":"ImageObject","inLanguage":"de","@id":"https:\/\/www.solino.gr\/de\/#\/schema\/logo\/image\/","url":"https:\/\/www.solino.gr\/wp-content\/uploads\/2021\/04\/Solino-Weis-.jpg","contentUrl":"https:\/\/www.solino.gr\/wp-content\/uploads\/2021\/04\/Solino-Weis-.jpg","width":1156,"height":429,"caption":"Solino"},"image":{"@id":"https:\/\/www.solino.gr\/de\/#\/schema\/logo\/image\/"},"sameAs":["https:\/\/www.facebook.com\/coffeepartnerforyourbusiness","https:\/\/www.instagram.com\/the_complete_coffeepartner\/","https:\/\/www.linkedin.com\/company\/5267982\/admin\/","https:\/\/www.pinterest.de\/tcharpantidis\/","https:\/\/www.youtube.com\/channel\/UCQxbxyAKpQX142Zlz0VBNww"],"email":"info@solino.gr","telephone":"+30 210 4173201","legalName":"SOLINO IKE","vatID":"EL802133107","taxID":"EL802133107","numberOfEmployees":{"@type":"QuantitativeValue","minValue":"1","maxValue":"10"}}]},"product_brand":"JURA","product_price_amount":"849.00","product_price_currency":"EUR","og_availability":"out of stock","product_availability":"out of stock","product_retailer_item_id":"JUM15435","product_condition":"new"},"brands":[{"id":11833,"name":"JURA","slug":"jura"}],"_links":{"self":[{"href":"https:\/\/www.solino.gr\/de\/wp-json\/wp\/v2\/product\/23388","targetHints":{"allow":["GET"]}}],"collection":[{"href":"https:\/\/www.solino.gr\/de\/wp-json\/wp\/v2\/product"}],"about":[{"href":"https:\/\/www.solino.gr\/de\/wp-json\/wp\/v2\/types\/product"}],"replies":[{"embeddable":true,"href":"https:\/\/www.solino.gr\/de\/wp-json\/wp\/v2\/comments?post=23388"}],"version-history":[{"count":1,"href":"https:\/\/www.solino.gr\/de\/wp-json\/wp\/v2\/product\/23388\/revisions"}],"predecessor-version":[{"id":60455,"href":"https:\/\/www.solino.gr\/de\/wp-json\/wp\/v2\/product\/23388\/revisions\/60455"}],"wp:featuredmedia":[{"embeddable":true,"href":"https:\/\/www.solino.gr\/de\/wp-json\/wp\/v2\/media\/23407"}],"wp:attachment":[{"href":"https:\/\/www.solino.gr\/de\/wp-json\/wp\/v2\/media?parent=23388"}],"wp:term":[{"taxonomy":"pwb-brand","embeddable":true,"href":"https:\/\/www.solino.gr\/de\/wp-json\/wp\/v2\/pwb-brand?post=23388"},{"taxonomy":"product_brand","embeddable":true,"href":"https:\/\/www.solino.gr\/de\/wp-json\/wp\/v2\/product_brand?post=23388"},{"taxonomy":"product_cat","embeddable":true,"href":"https:\/\/www.solino.gr\/de\/wp-json\/wp\/v2\/product_cat?post=23388"},{"taxonomy":"product_tag","embeddable":true,"href":"https:\/\/www.solino.gr\/de\/wp-json\/wp\/v2\/product_tag?post=23388"}],"curies":[{"name":"wp","href":"https:\/\/api.w.org\/{rel}","templated":true}]}}