{"id":10295,"date":"2020-12-07T19:41:44","date_gmt":"2020-12-07T17:41:44","guid":{"rendered":"https:\/\/www.solino.gr\/wordpress\/?post_type=product&#038;p=10295"},"modified":"2025-10-25T12:43:40","modified_gmt":"2025-10-25T09:43:40","slug":"piacetto-supremo-espresso-coffee-beans-6x1kg-bags","status":"publish","type":"product","link":"https:\/\/www.solino.gr\/de\/shop\/piacetto-supremo-espresso-coffee-beans-6x1kg-bags\/","title":{"rendered":"Piacetto Supremo Espresso Coffee Beans (6x1kg Bags)"},"content":{"rendered":"<div class=\"wpb-content-wrapper\"><p>[vc_row][vc_column width=&#8221;2\/12&#8243;][\/vc_column][vc_column width=&#8221;8\/12&#8243;][vc_column_text]Piacetto Supremo is an exclusive delicacy from carefully selected Arabica and Robusta beans from in South America and Asia.<\/p>\n<p>The flavour journey from Piacetto Supremo Espresso to Caffe Crema is like the journey from the metropolitan city of Milan to the romantic city of Florence. Milan, like the espresso blend, is progressive and bold; a statement for the palate, while Florence, like the Arabica, is delicate and aromatic, with many hidden notes to discover. Both cities have a strong history and passion for producing great coffee.<\/p>\n<p>An exceptional coffee that is rich, mellow and aromatic with a roasted taste.[\/vc_column_text][\/vc_column][vc_column width=&#8221;2\/12&#8243;][\/vc_column][\/vc_row][vc_row][vc_column width=&#8221;1\/6&#8243;][\/vc_column][vc_column width=&#8221;1\/6&#8243;][\/vc_column][vc_column width=&#8221;2\/6&#8243;][vc_column_text]<\/p>\n<h2 style=\"text-align: center;\">NUTRITION<\/h2>\n<p>[\/vc_column_text][\/vc_column][vc_column width=&#8221;1\/6&#8243;][\/vc_column][vc_column width=&#8221;1\/6&#8243;][\/vc_column][\/vc_row][vc_row][vc_column width=&#8221;1\/6&#8243;][\/vc_column][vc_column width=&#8221;1\/6&#8243;][\/vc_column][vc_column width=&#8221;1\/6&#8243;][vc_column_text]<strong>Ingredients<\/strong><\/p>\n<p><strong>Dosage<\/strong><\/p>\n<p><strong>Energy [kcal]<\/strong><\/p>\n<p><strong>Energy [kJ]<\/strong><\/p>\n<p><strong>Fat<\/strong><br \/>\n\u2014 thereof sat. fatty acids<\/p>\n<p><strong>Carbohydrates<\/strong><br \/>\n\u2014 thereof sugar<\/p>\n<p><strong>Protein<\/strong><\/p>\n<p><strong>Salt<\/strong>[\/vc_column_text][\/vc_column][vc_column width=&#8221;1\/6&#8243;][vc_column_text]<\/p>\n<p style=\"text-align: right;\">100% roasted whole coffee beans<\/p>\n<p style=\"text-align: right;\"><span class=\"right\">7,5g per 50ml<\/span><\/p>\n<p style=\"text-align: right;\"><span class=\"right\">2<\/span><\/p>\n<p style=\"text-align: right;\"><span class=\"right\">7<\/span><\/p>\n<p style=\"text-align: right;\"><span class=\"right\">&lt; 0.1g<\/span><br \/>\n<span class=\"right\">&lt; 0.1g<\/span><\/p>\n<p style=\"text-align: right;\"><span class=\"right\">&lt; 0.1g<\/span><br \/>\n<span class=\"right\">&lt; 0.1g<\/span><\/p>\n<p style=\"text-align: right;\"><span class=\"right\">0.2g<\/span><\/p>\n<p style=\"text-align: right;\"><span class=\"right\">&lt; 0.01g<\/span><\/p>\n<p>[\/vc_column_text][\/vc_column][vc_column width=&#8221;1\/6&#8243;][\/vc_column][vc_column width=&#8221;1\/6&#8243;][\/vc_column][\/vc_row]<\/p>\n<\/div>","protected":false},"excerpt":{"rendered":"<p>Ganze Bohne, 1.000g<br \/>\nTrommelr\u00f6stung<br \/>\nF\u00fcr Espresso und Caff\u00e8-Spezialit\u00e4ten<\/p>\n","protected":false},"featured_media":46524,"comment_status":"open","ping_status":"closed","template":"","meta":{"inline_featured_image":false},"pwb-brand":[],"product_brand":[],"product_cat":[192,210],"product_tag":[],"class_list":{"0":"post-10295","1":"product","2":"type-product","3":"status-publish","4":"has-post-thumbnail","6":"product_cat-ganze-bohnen","7":"product_cat-piacetto","9":"first","10":"instock","11":"sale","12":"taxable","13":"shipping-taxable","14":"purchasable","15":"product-type-simple"},"group_of_quantity":0,"min_quantity":0,"max_quantity":"","exclude_order_quantity_value_rules":"no","exclude_category_quantity_rules":"no","combine_variations":"no","yoast_head":"<!-- This site is optimized with the Yoast SEO Premium plugin v27.4 (Yoast SEO v27.4) - https:\/\/yoast.com\/product\/yoast-seo-premium-wordpress\/ -->\n<title>Piacetto Supremo Espresso Coffee Beans (6x1kg Bags) - Solino<\/title>\n<meta name=\"robots\" content=\"index, follow, max-snippet:-1, max-image-preview:large, max-video-preview:-1\" \/>\n<link rel=\"canonical\" href=\"https:\/\/www.solino.gr\/de\/shop\/piacetto-supremo-espresso-coffee-beans-6x1kg-bags\/\" \/>\n<meta property=\"og:locale\" content=\"de_DE\" \/>\n<meta property=\"og:type\" content=\"article\" \/>\n<meta property=\"og:title\" content=\"Piacetto Supremo Espresso Coffee Beans (6x1kg Bags)\" \/>\n<meta property=\"og:description\" content=\"Ganze Bohne, 1.000g Trommelr\u00f6stung F\u00fcr Espresso und Caff\u00e8-Spezialit\u00e4ten\" \/>\n<meta property=\"og:url\" content=\"https:\/\/www.solino.gr\/de\/shop\/piacetto-supremo-espresso-coffee-beans-6x1kg-bags\/\" \/>\n<meta property=\"og:site_name\" content=\"Solino\" \/>\n<meta property=\"article:publisher\" content=\"https:\/\/www.facebook.com\/coffeepartnerforyourbusiness\" \/>\n<meta property=\"article:modified_time\" content=\"2025-10-25T09:43:40+00:00\" \/>\n<meta property=\"og:image\" content=\"https:\/\/www.solino.gr\/wp-content\/uploads\/2020\/12\/Piacetto_Supremo_Espresso_6x1kg.png\" \/>\n\t<meta property=\"og:image:width\" content=\"458\" \/>\n\t<meta property=\"og:image:height\" content=\"526\" \/>\n\t<meta property=\"og:image:type\" content=\"image\/png\" \/>\n<meta name=\"twitter:card\" content=\"summary_large_image\" \/>\n<meta name=\"twitter:label1\" content=\"Preis\" \/>\n\t<meta name=\"twitter:data1\" content=\"232,00&euro;\" \/>\n\t<meta name=\"twitter:label2\" content=\"Verf\u00fcgbarkeit\" \/>\n\t<meta name=\"twitter:data2\" content=\"Auf Lager\" \/>\n<script type=\"application\/ld+json\" class=\"yoast-schema-graph\">{\"@context\":\"https:\\\/\\\/schema.org\",\"@graph\":[{\"@type\":\"WebPage\",\"@id\":\"https:\\\/\\\/www.solino.gr\\\/de\\\/shop\\\/piacetto-supremo-espresso-coffee-beans-6x1kg-bags\\\/\",\"url\":\"https:\\\/\\\/www.solino.gr\\\/de\\\/shop\\\/piacetto-supremo-espresso-coffee-beans-6x1kg-bags\\\/\",\"name\":\"Piacetto Supremo Espresso Coffee Beans (6x1kg Bags) - Solino\",\"isPartOf\":{\"@id\":\"https:\\\/\\\/www.solino.gr\\\/de\\\/#website\"},\"primaryImageOfPage\":{\"@id\":\"https:\\\/\\\/www.solino.gr\\\/de\\\/shop\\\/piacetto-supremo-espresso-coffee-beans-6x1kg-bags\\\/#primaryimage\"},\"image\":{\"@id\":\"https:\\\/\\\/www.solino.gr\\\/de\\\/shop\\\/piacetto-supremo-espresso-coffee-beans-6x1kg-bags\\\/#primaryimage\"},\"thumbnailUrl\":\"https:\\\/\\\/www.solino.gr\\\/wp-content\\\/uploads\\\/2020\\\/12\\\/Piacetto_Supremo_Espresso_6x1kg.png\",\"datePublished\":\"2020-12-07T17:41:44+00:00\",\"dateModified\":\"2025-10-25T09:43:40+00:00\",\"breadcrumb\":{\"@id\":\"https:\\\/\\\/www.solino.gr\\\/de\\\/shop\\\/piacetto-supremo-espresso-coffee-beans-6x1kg-bags\\\/#breadcrumb\"},\"inLanguage\":\"de\",\"potentialAction\":[{\"@type\":\"ReadAction\",\"target\":[\"https:\\\/\\\/www.solino.gr\\\/de\\\/shop\\\/piacetto-supremo-espresso-coffee-beans-6x1kg-bags\\\/\"]}]},{\"@type\":\"ImageObject\",\"inLanguage\":\"de\",\"@id\":\"https:\\\/\\\/www.solino.gr\\\/de\\\/shop\\\/piacetto-supremo-espresso-coffee-beans-6x1kg-bags\\\/#primaryimage\",\"url\":\"https:\\\/\\\/www.solino.gr\\\/wp-content\\\/uploads\\\/2020\\\/12\\\/Piacetto_Supremo_Espresso_6x1kg.png\",\"contentUrl\":\"https:\\\/\\\/www.solino.gr\\\/wp-content\\\/uploads\\\/2020\\\/12\\\/Piacetto_Supremo_Espresso_6x1kg.png\",\"width\":458,\"height\":526},{\"@type\":\"BreadcrumbList\",\"@id\":\"https:\\\/\\\/www.solino.gr\\\/de\\\/shop\\\/piacetto-supremo-espresso-coffee-beans-6x1kg-bags\\\/#breadcrumb\",\"itemListElement\":[{\"@type\":\"ListItem\",\"position\":1,\"name\":\"Home\",\"item\":\"https:\\\/\\\/www.solino.gr\\\/de\\\/\"},{\"@type\":\"ListItem\",\"position\":2,\"name\":\"Unsere Produkte\",\"item\":\"https:\\\/\\\/www.solino.gr\\\/de\\\/shop\\\/\"},{\"@type\":\"ListItem\",\"position\":3,\"name\":\"Piacetto Supremo Espresso Coffee Beans (6x1kg Bags)\"}]},{\"@type\":\"WebSite\",\"@id\":\"https:\\\/\\\/www.solino.gr\\\/de\\\/#website\",\"url\":\"https:\\\/\\\/www.solino.gr\\\/de\\\/\",\"name\":\"Solino\",\"description\":\"\u039f\u03b9 \u0395\u03c0\u03b1\u03b3\u03b3\u03b5\u03bb\u03bc\u03b1\u03c4\u03b9\u03ba\u03ad\u03c2 \u039b\u03cd\u03c3\u03b5\u03b9\u03c2 \u03c3\u03c4\u03b9\u03c2 \u039c\u03b7\u03c7\u03b1\u03bd\u03ad\u03c2 \u039a\u03b1\u03c6\u03ad &amp; \u0395\u03c3\u03c0\u03c1\u03ad\u03c3\u03bf\",\"publisher\":{\"@id\":\"https:\\\/\\\/www.solino.gr\\\/de\\\/#organization\"},\"potentialAction\":[{\"@type\":\"SearchAction\",\"target\":{\"@type\":\"EntryPoint\",\"urlTemplate\":\"https:\\\/\\\/www.solino.gr\\\/de\\\/?s={search_term_string}\"},\"query-input\":{\"@type\":\"PropertyValueSpecification\",\"valueRequired\":true,\"valueName\":\"search_term_string\"}}],\"inLanguage\":\"de\"},{\"@type\":\"Organization\",\"@id\":\"https:\\\/\\\/www.solino.gr\\\/de\\\/#organization\",\"name\":\"Solino\",\"url\":\"https:\\\/\\\/www.solino.gr\\\/de\\\/\",\"logo\":{\"@type\":\"ImageObject\",\"inLanguage\":\"de\",\"@id\":\"https:\\\/\\\/www.solino.gr\\\/de\\\/#\\\/schema\\\/logo\\\/image\\\/\",\"url\":\"https:\\\/\\\/www.solino.gr\\\/wp-content\\\/uploads\\\/2021\\\/04\\\/Solino-Weis-.jpg\",\"contentUrl\":\"https:\\\/\\\/www.solino.gr\\\/wp-content\\\/uploads\\\/2021\\\/04\\\/Solino-Weis-.jpg\",\"width\":1156,\"height\":429,\"caption\":\"Solino\"},\"image\":{\"@id\":\"https:\\\/\\\/www.solino.gr\\\/de\\\/#\\\/schema\\\/logo\\\/image\\\/\"},\"sameAs\":[\"https:\\\/\\\/www.facebook.com\\\/coffeepartnerforyourbusiness\",\"https:\\\/\\\/www.instagram.com\\\/the_complete_coffeepartner\\\/\",\"https:\\\/\\\/www.linkedin.com\\\/company\\\/5267982\\\/admin\\\/\",\"https:\\\/\\\/www.pinterest.de\\\/tcharpantidis\\\/\",\"https:\\\/\\\/www.youtube.com\\\/channel\\\/UCQxbxyAKpQX142Zlz0VBNww\"],\"email\":\"info@solino.gr\",\"telephone\":\"+30 210 4173201\",\"legalName\":\"SOLINO IKE\",\"vatID\":\"EL802133107\",\"taxID\":\"EL802133107\",\"numberOfEmployees\":{\"@type\":\"QuantitativeValue\",\"minValue\":\"1\",\"maxValue\":\"10\"}}]}<\/script>\n<meta property=\"product:price:amount\" content=\"232.00\" \/>\n<meta property=\"product:price:currency\" content=\"EUR\" \/>\n<meta property=\"og:availability\" content=\"instock\" \/>\n<meta property=\"product:availability\" content=\"instock\" \/>\n<meta property=\"product:retailer_item_id\" content=\"PIACC90733\" \/>\n<meta property=\"product:condition\" content=\"new\" \/>\n<!-- \/ Yoast SEO Premium plugin. -->","yoast_head_json":{"title":"Piacetto Supremo Espresso Coffee Beans (6x1kg Bags) - Solino","robots":{"index":"index","follow":"follow","max-snippet":"max-snippet:-1","max-image-preview":"max-image-preview:large","max-video-preview":"max-video-preview:-1"},"canonical":"https:\/\/www.solino.gr\/de\/shop\/piacetto-supremo-espresso-coffee-beans-6x1kg-bags\/","og_locale":"de_DE","og_type":"article","og_title":"Piacetto Supremo Espresso Coffee Beans (6x1kg Bags)","og_description":"Ganze Bohne, 1.000g Trommelr\u00f6stung F\u00fcr Espresso und Caff\u00e8-Spezialit\u00e4ten","og_url":"https:\/\/www.solino.gr\/de\/shop\/piacetto-supremo-espresso-coffee-beans-6x1kg-bags\/","og_site_name":"Solino","article_publisher":"https:\/\/www.facebook.com\/coffeepartnerforyourbusiness","article_modified_time":"2025-10-25T09:43:40+00:00","og_image":[{"width":458,"height":526,"url":"https:\/\/www.solino.gr\/wp-content\/uploads\/2020\/12\/Piacetto_Supremo_Espresso_6x1kg.png","type":"image\/png"}],"twitter_card":"summary_large_image","twitter_misc":{"Preis":"232,00&euro;","Verf\u00fcgbarkeit":"Auf Lager"},"schema":{"@context":"https:\/\/schema.org","@graph":[{"@type":"WebPage","@id":"https:\/\/www.solino.gr\/de\/shop\/piacetto-supremo-espresso-coffee-beans-6x1kg-bags\/","url":"https:\/\/www.solino.gr\/de\/shop\/piacetto-supremo-espresso-coffee-beans-6x1kg-bags\/","name":"Piacetto Supremo Espresso Coffee Beans (6x1kg Bags) - Solino","isPartOf":{"@id":"https:\/\/www.solino.gr\/de\/#website"},"primaryImageOfPage":{"@id":"https:\/\/www.solino.gr\/de\/shop\/piacetto-supremo-espresso-coffee-beans-6x1kg-bags\/#primaryimage"},"image":{"@id":"https:\/\/www.solino.gr\/de\/shop\/piacetto-supremo-espresso-coffee-beans-6x1kg-bags\/#primaryimage"},"thumbnailUrl":"https:\/\/www.solino.gr\/wp-content\/uploads\/2020\/12\/Piacetto_Supremo_Espresso_6x1kg.png","datePublished":"2020-12-07T17:41:44+00:00","dateModified":"2025-10-25T09:43:40+00:00","breadcrumb":{"@id":"https:\/\/www.solino.gr\/de\/shop\/piacetto-supremo-espresso-coffee-beans-6x1kg-bags\/#breadcrumb"},"inLanguage":"de","potentialAction":[{"@type":"ReadAction","target":["https:\/\/www.solino.gr\/de\/shop\/piacetto-supremo-espresso-coffee-beans-6x1kg-bags\/"]}]},{"@type":"ImageObject","inLanguage":"de","@id":"https:\/\/www.solino.gr\/de\/shop\/piacetto-supremo-espresso-coffee-beans-6x1kg-bags\/#primaryimage","url":"https:\/\/www.solino.gr\/wp-content\/uploads\/2020\/12\/Piacetto_Supremo_Espresso_6x1kg.png","contentUrl":"https:\/\/www.solino.gr\/wp-content\/uploads\/2020\/12\/Piacetto_Supremo_Espresso_6x1kg.png","width":458,"height":526},{"@type":"BreadcrumbList","@id":"https:\/\/www.solino.gr\/de\/shop\/piacetto-supremo-espresso-coffee-beans-6x1kg-bags\/#breadcrumb","itemListElement":[{"@type":"ListItem","position":1,"name":"Home","item":"https:\/\/www.solino.gr\/de\/"},{"@type":"ListItem","position":2,"name":"Unsere Produkte","item":"https:\/\/www.solino.gr\/de\/shop\/"},{"@type":"ListItem","position":3,"name":"Piacetto Supremo Espresso Coffee Beans (6x1kg Bags)"}]},{"@type":"WebSite","@id":"https:\/\/www.solino.gr\/de\/#website","url":"https:\/\/www.solino.gr\/de\/","name":"Solino","description":"\u039f\u03b9 \u0395\u03c0\u03b1\u03b3\u03b3\u03b5\u03bb\u03bc\u03b1\u03c4\u03b9\u03ba\u03ad\u03c2 \u039b\u03cd\u03c3\u03b5\u03b9\u03c2 \u03c3\u03c4\u03b9\u03c2 \u039c\u03b7\u03c7\u03b1\u03bd\u03ad\u03c2 \u039a\u03b1\u03c6\u03ad &amp; \u0395\u03c3\u03c0\u03c1\u03ad\u03c3\u03bf","publisher":{"@id":"https:\/\/www.solino.gr\/de\/#organization"},"potentialAction":[{"@type":"SearchAction","target":{"@type":"EntryPoint","urlTemplate":"https:\/\/www.solino.gr\/de\/?s={search_term_string}"},"query-input":{"@type":"PropertyValueSpecification","valueRequired":true,"valueName":"search_term_string"}}],"inLanguage":"de"},{"@type":"Organization","@id":"https:\/\/www.solino.gr\/de\/#organization","name":"Solino","url":"https:\/\/www.solino.gr\/de\/","logo":{"@type":"ImageObject","inLanguage":"de","@id":"https:\/\/www.solino.gr\/de\/#\/schema\/logo\/image\/","url":"https:\/\/www.solino.gr\/wp-content\/uploads\/2021\/04\/Solino-Weis-.jpg","contentUrl":"https:\/\/www.solino.gr\/wp-content\/uploads\/2021\/04\/Solino-Weis-.jpg","width":1156,"height":429,"caption":"Solino"},"image":{"@id":"https:\/\/www.solino.gr\/de\/#\/schema\/logo\/image\/"},"sameAs":["https:\/\/www.facebook.com\/coffeepartnerforyourbusiness","https:\/\/www.instagram.com\/the_complete_coffeepartner\/","https:\/\/www.linkedin.com\/company\/5267982\/admin\/","https:\/\/www.pinterest.de\/tcharpantidis\/","https:\/\/www.youtube.com\/channel\/UCQxbxyAKpQX142Zlz0VBNww"],"email":"info@solino.gr","telephone":"+30 210 4173201","legalName":"SOLINO IKE","vatID":"EL802133107","taxID":"EL802133107","numberOfEmployees":{"@type":"QuantitativeValue","minValue":"1","maxValue":"10"}}]},"product_price_amount":"232.00","product_price_currency":"EUR","og_availability":"instock","product_availability":"instock","product_retailer_item_id":"PIACC90733","product_condition":"new"},"brands":[],"_links":{"self":[{"href":"https:\/\/www.solino.gr\/de\/wp-json\/wp\/v2\/product\/10295","targetHints":{"allow":["GET"]}}],"collection":[{"href":"https:\/\/www.solino.gr\/de\/wp-json\/wp\/v2\/product"}],"about":[{"href":"https:\/\/www.solino.gr\/de\/wp-json\/wp\/v2\/types\/product"}],"replies":[{"embeddable":true,"href":"https:\/\/www.solino.gr\/de\/wp-json\/wp\/v2\/comments?post=10295"}],"version-history":[{"count":0,"href":"https:\/\/www.solino.gr\/de\/wp-json\/wp\/v2\/product\/10295\/revisions"}],"wp:featuredmedia":[{"embeddable":true,"href":"https:\/\/www.solino.gr\/de\/wp-json\/wp\/v2\/media\/46524"}],"wp:attachment":[{"href":"https:\/\/www.solino.gr\/de\/wp-json\/wp\/v2\/media?parent=10295"}],"wp:term":[{"taxonomy":"pwb-brand","embeddable":true,"href":"https:\/\/www.solino.gr\/de\/wp-json\/wp\/v2\/pwb-brand?post=10295"},{"taxonomy":"product_brand","embeddable":true,"href":"https:\/\/www.solino.gr\/de\/wp-json\/wp\/v2\/product_brand?post=10295"},{"taxonomy":"product_cat","embeddable":true,"href":"https:\/\/www.solino.gr\/de\/wp-json\/wp\/v2\/product_cat?post=10295"},{"taxonomy":"product_tag","embeddable":true,"href":"https:\/\/www.solino.gr\/de\/wp-json\/wp\/v2\/product_tag?post=10295"}],"curies":[{"name":"wp","href":"https:\/\/api.w.org\/{rel}","templated":true}]}}