{"id":8961,"date":"2020-11-24T17:54:38","date_gmt":"2020-11-24T15:54:38","guid":{"rendered":"https:\/\/www.solino.gr\/wordpress\/?page_id=8961"},"modified":"2020-12-10T11:34:19","modified_gmt":"2020-12-10T09:34:19","slug":"franke-kuehleinheiten","status":"publish","type":"page","link":"https:\/\/www.solino.gr\/de\/franke-kuehleinheiten\/","title":{"rendered":"Franke kuehleinheiten"},"content":{"rendered":"<div class=\"wpb-content-wrapper\"><p>[vc_row][vc_column width=&#8221;1\/6&#8243;][\/vc_column][vc_column width=&#8221;4\/6&#8243;][vc_single_image image=&#8221;7205&#8243; img_size=&#8221;medium&#8221; alignment=&#8221;right&#8221;][\/vc_column][vc_column width=&#8221;1\/6&#8243;][\/vc_column][\/vc_row][vc_row][vc_column][vc_single_image image=&#8221;8976&#8243; img_size=&#8221;full&#8221; alignment=&#8221;center&#8221;][\/vc_column][\/vc_row][vc_row][vc_column width=&#8221;1\/12&#8243;][\/vc_column][vc_column width=&#8221;10\/12&#8243;][vc_column_text]<\/p>\n<h1 style=\"text-align: center;\">Mehr als nur cool: Franke K\u00fchleinheiten<\/h1>\n<div class=\"lead\">\n<p style=\"text-align: center;\">Luftiger Milchschaum oder warme Milch f\u00fcr trendige Kaffeekreationen gelingen Ihnen perfekt, wenn die Milch vor dem Erhitzen oder Aufsch\u00e4umen konstant k\u00fchl und frisch gehalten wird.<\/p>\n<\/div>\n<p>[\/vc_column_text][\/vc_column][vc_column width=&#8221;1\/12&#8243;][\/vc_column][\/vc_row][vc_row][vc_column][vc_separator][\/vc_column][\/vc_row][vc_row][vc_column width=&#8221;1\/12&#8243;][\/vc_column][vc_column width=&#8221;10\/12&#8243;][vc_column_text]<\/p>\n<h2 style=\"text-align: center;\">Wundervoll flexibel<\/h2>\n<p style=\"text-align: center;\">Unsere K\u00fchleinheiten sind mit allen Franke Kaffeemaschinen kombinierbar. In ihrem Design passen sie optisch perfekt zu Ihrer Kaffeemaschine und sorgen, neben k\u00f6stlichem Milchschaum, auch f\u00fcr einen \u00e4sthetischen Hochgenuss.<\/p>\n<p>[\/vc_column_text][\/vc_column][vc_column width=&#8221;1\/12&#8243;][\/vc_column][\/vc_row][vc_row][vc_column width=&#8221;1\/12&#8243;][\/vc_column][vc_column width=&#8221;5\/12&#8243;][vc_single_image image=&#8221;8980&#8243; img_size=&#8221;full&#8221; alignment=&#8221;center&#8221;][\/vc_column][vc_column width=&#8221;5\/12&#8243;][vc_column_text css=&#8221;.vc_custom_1607592628354{margin-top: 50px !important;}&#8221;]<\/p>\n<h3>KE200 \u2013 Der Kompakte<\/h3>\n<p>Unser 4-Liter-K\u00fchlschrank ist die perfekte L\u00f6sung f\u00fcr den kleinen bis mittleren Kapazit\u00e4tsbedarf. Das K\u00fchlmodul ist abschliessbar und l\u00e4sst sich schnell und einfach manuell reinigen.[\/vc_column_text][vc_btn title=&#8221;KE200 im Detail&#8221; shape=&#8221;square&#8221; color=&#8221;pink&#8221; align=&#8221;left&#8221;][\/vc_column][vc_column width=&#8221;1\/12&#8243;][\/vc_column][\/vc_row][vc_row][vc_column width=&#8221;1\/12&#8243;][\/vc_column][vc_column width=&#8221;5\/12&#8243;][vc_column_text css=&#8221;.vc_custom_1607592661707{margin-top: 50px !important;}&#8221;]<\/p>\n<h3>Chill &amp; Cup \u2013 Der Platzsparer<\/h3>\n<p>Der Chill &amp; Cup ist ein ideales Duo aus einem abschliessbareren 5-Liter-K\u00fchlschrank mit einem Tassenw\u00e4rmer f\u00fcr bis zu 80 Tassen.[\/vc_column_text][vc_btn title=&#8221;Chill &amp; Cup im Detail&#8221; shape=&#8221;square&#8221; color=&#8221;pink&#8221; align=&#8221;left&#8221;][\/vc_column][vc_column width=&#8221;5\/12&#8243;][vc_single_image image=&#8221;8983&#8243; img_size=&#8221;full&#8221; alignment=&#8221;center&#8221;][\/vc_column][vc_column width=&#8221;1\/12&#8243;][\/vc_column][\/vc_row][vc_row][vc_column width=&#8221;1\/12&#8243;][\/vc_column][vc_column width=&#8221;5\/12&#8243;][vc_single_image image=&#8221;8986&#8243; img_size=&#8221;full&#8221; alignment=&#8221;center&#8221;][\/vc_column][vc_column width=&#8221;5\/12&#8243;][vc_column_text]<\/p>\n<h3>Unterstellk\u00fchleinheit (UKE) \u2013 Das Raumwunder<\/h3>\n<p>Immer wenn wenig Platz zur Verf\u00fcgung steht, ist das Franke 5-Liter-K\u00fchlmodul eine gute Wahl. Der abschliessbare K\u00fchlschrank eignet sich ideal als Maschinensockel f\u00fcr den Einsatz auf der Theke in der Systemgastronomie oder im Convenience-Bereich.[\/vc_column_text][vc_btn title=&#8221;UKE im Detail&#8221; shape=&#8221;square&#8221; color=&#8221;pink&#8221; align=&#8221;left&#8221;][\/vc_column][vc_column width=&#8221;1\/12&#8243;][\/vc_column][\/vc_row][vc_row][vc_column width=&#8221;1\/12&#8243;][\/vc_column][vc_column width=&#8221;5\/12&#8243;][vc_column_text css=&#8221;.vc_custom_1607592753784{margin-top: 50px !important;}&#8221;]<\/p>\n<h3>Milch unter Theke (UT 320) \u2013 Der Volumensieger<\/h3>\n<p>Um einem gr\u00f6sseren Milchverbrauch gerecht zu werden, bieten wir Ihnen diese grossz\u00fcgige K\u00fchleinheit mit einer Kapazit\u00e4t von 12 Litern an. Sie kann direkt unter der Kaffeemaschine in der Theke montiert werden.[\/vc_column_text][vc_btn title=&#8221;UT 320 im Detail&#8221; shape=&#8221;square&#8221; color=&#8221;pink&#8221; align=&#8221;left&#8221;][\/vc_column][vc_column width=&#8221;5\/12&#8243;][vc_single_image image=&#8221;8992&#8243; img_size=&#8221;full&#8221; alignment=&#8221;center&#8221;][\/vc_column][vc_column width=&#8221;1\/12&#8243;][\/vc_column][\/vc_row][vc_row][vc_column][vc_single_image image=&#8221;8445&#8243; img_size=&#8221;full&#8221; alignment=&#8221;center&#8221;][\/vc_column][\/vc_row]<\/p>\n<\/div>","protected":false},"excerpt":{"rendered":"<p>[vc_row][vc_column width=&#8221;1\/6&#8243;][\/vc_column][vc_column width=&#8221;4\/6&#8243;][vc_single_image image=&#8221;7205&#8243; img_size=&#8221;medium&#8221; alignment=&#8221;right&#8221;][\/vc_column][vc_column width=&#8221;1\/6&#8243;][\/vc_column][\/vc_row][vc_row][vc_column][vc_single_image image=&#8221;8976&#8243; img_size=&#8221;full&#8221; alignment=&#8221;center&#8221;][\/vc_column][\/vc_row][vc_row][vc_column width=&#8221;1\/12&#8243;][\/vc_column][vc_column width=&#8221;10\/12&#8243;][vc_column_text] Mehr als nur cool: Franke K\u00fchleinheiten Luftiger Milchschaum oder warme Milch f\u00fcr trendige Kaffeekreationen gelingen Ihnen perfekt, wenn die Milch vor dem Erhitzen oder Aufsch\u00e4umen konstant k\u00fchl und frisch gehalten wird. [\/vc_column_text][\/vc_column][vc_column width=&#8221;1\/12&#8243;][\/vc_column][\/vc_row][vc_row][vc_column][vc_separator][\/vc_column][\/vc_row][vc_row][vc_column width=&#8221;1\/12&#8243;][\/vc_column][vc_column width=&#8221;10\/12&#8243;][vc_column_text] Wundervoll flexibel Unsere K\u00fchleinheiten sind mit allen Franke [&hellip;]<\/p>\n","protected":false},"author":1,"featured_media":0,"parent":0,"menu_order":0,"comment_status":"closed","ping_status":"open","template":"","meta":{"inline_featured_image":false,"footnotes":""},"class_list":["post-8961","page","type-page","status-publish","hentry"],"yoast_head":"<!-- This site is optimized with the Yoast SEO Premium plugin v27.4 (Yoast SEO v27.4) - https:\/\/yoast.com\/product\/yoast-seo-premium-wordpress\/ -->\n<title>Franke kuehleinheiten - Solino<\/title>\n<meta name=\"robots\" content=\"index, follow, max-snippet:-1, max-image-preview:large, max-video-preview:-1\" \/>\n<link rel=\"canonical\" href=\"https:\/\/www.solino.gr\/de\/franke-kuehleinheiten\/\" \/>\n<meta property=\"og:locale\" content=\"de_DE\" \/>\n<meta property=\"og:type\" content=\"article\" \/>\n<meta property=\"og:title\" content=\"Franke kuehleinheiten\" \/>\n<meta property=\"og:description\" content=\"Mehr als nur cool: Franke K\u00fchleinheiten Luftiger Milchschaum oder warme Milch f\u00fcr trendige Kaffeekreationen gelingen Ihnen perfekt, wenn die Milch vor dem\" \/>\n<meta property=\"og:url\" content=\"https:\/\/www.solino.gr\/de\/franke-kuehleinheiten\/\" \/>\n<meta property=\"og:site_name\" content=\"Solino\" \/>\n<meta property=\"article:publisher\" content=\"https:\/\/www.facebook.com\/coffeepartnerforyourbusiness\" \/>\n<meta property=\"article:modified_time\" content=\"2020-12-10T09:34:19+00:00\" \/>\n<meta name=\"twitter:card\" content=\"summary_large_image\" \/>\n<meta name=\"twitter:label1\" content=\"Gesch\u00e4tzte Lesezeit\" \/>\n\t<meta name=\"twitter:data1\" content=\"3\u00a0Minuten\" \/>\n<script type=\"application\/ld+json\" class=\"yoast-schema-graph\">{\"@context\":\"https:\\\/\\\/schema.org\",\"@graph\":[{\"@type\":\"WebPage\",\"@id\":\"https:\\\/\\\/www.solino.gr\\\/de\\\/franke-kuehleinheiten\\\/\",\"url\":\"https:\\\/\\\/www.solino.gr\\\/de\\\/franke-kuehleinheiten\\\/\",\"name\":\"Franke kuehleinheiten - Solino\",\"isPartOf\":{\"@id\":\"https:\\\/\\\/www.solino.gr\\\/de\\\/#website\"},\"datePublished\":\"2020-11-24T15:54:38+00:00\",\"dateModified\":\"2020-12-10T09:34:19+00:00\",\"breadcrumb\":{\"@id\":\"https:\\\/\\\/www.solino.gr\\\/de\\\/franke-kuehleinheiten\\\/#breadcrumb\"},\"inLanguage\":\"de\",\"potentialAction\":[{\"@type\":\"ReadAction\",\"target\":[\"https:\\\/\\\/www.solino.gr\\\/de\\\/franke-kuehleinheiten\\\/\"]}]},{\"@type\":\"BreadcrumbList\",\"@id\":\"https:\\\/\\\/www.solino.gr\\\/de\\\/franke-kuehleinheiten\\\/#breadcrumb\",\"itemListElement\":[{\"@type\":\"ListItem\",\"position\":1,\"name\":\"Home\",\"item\":\"https:\\\/\\\/www.solino.gr\\\/de\\\/\"},{\"@type\":\"ListItem\",\"position\":2,\"name\":\"Franke kuehleinheiten\"}]},{\"@type\":\"WebSite\",\"@id\":\"https:\\\/\\\/www.solino.gr\\\/de\\\/#website\",\"url\":\"https:\\\/\\\/www.solino.gr\\\/de\\\/\",\"name\":\"Solino\",\"description\":\"\u039f\u03b9 \u0395\u03c0\u03b1\u03b3\u03b3\u03b5\u03bb\u03bc\u03b1\u03c4\u03b9\u03ba\u03ad\u03c2 \u039b\u03cd\u03c3\u03b5\u03b9\u03c2 \u03c3\u03c4\u03b9\u03c2 \u039c\u03b7\u03c7\u03b1\u03bd\u03ad\u03c2 \u039a\u03b1\u03c6\u03ad &amp; \u0395\u03c3\u03c0\u03c1\u03ad\u03c3\u03bf\",\"publisher\":{\"@id\":\"https:\\\/\\\/www.solino.gr\\\/de\\\/#organization\"},\"potentialAction\":[{\"@type\":\"SearchAction\",\"target\":{\"@type\":\"EntryPoint\",\"urlTemplate\":\"https:\\\/\\\/www.solino.gr\\\/de\\\/?s={search_term_string}\"},\"query-input\":{\"@type\":\"PropertyValueSpecification\",\"valueRequired\":true,\"valueName\":\"search_term_string\"}}],\"inLanguage\":\"de\"},{\"@type\":\"Organization\",\"@id\":\"https:\\\/\\\/www.solino.gr\\\/de\\\/#organization\",\"name\":\"Solino\",\"url\":\"https:\\\/\\\/www.solino.gr\\\/de\\\/\",\"logo\":{\"@type\":\"ImageObject\",\"inLanguage\":\"de\",\"@id\":\"https:\\\/\\\/www.solino.gr\\\/de\\\/#\\\/schema\\\/logo\\\/image\\\/\",\"url\":\"https:\\\/\\\/www.solino.gr\\\/wp-content\\\/uploads\\\/2021\\\/04\\\/Solino-Weis-.jpg\",\"contentUrl\":\"https:\\\/\\\/www.solino.gr\\\/wp-content\\\/uploads\\\/2021\\\/04\\\/Solino-Weis-.jpg\",\"width\":1156,\"height\":429,\"caption\":\"Solino\"},\"image\":{\"@id\":\"https:\\\/\\\/www.solino.gr\\\/de\\\/#\\\/schema\\\/logo\\\/image\\\/\"},\"sameAs\":[\"https:\\\/\\\/www.facebook.com\\\/coffeepartnerforyourbusiness\",\"https:\\\/\\\/www.instagram.com\\\/the_complete_coffeepartner\\\/\",\"https:\\\/\\\/www.linkedin.com\\\/company\\\/5267982\\\/admin\\\/\",\"https:\\\/\\\/www.pinterest.de\\\/tcharpantidis\\\/\",\"https:\\\/\\\/www.youtube.com\\\/channel\\\/UCQxbxyAKpQX142Zlz0VBNww\"],\"email\":\"info@solino.gr\",\"telephone\":\"+30 210 4173201\",\"legalName\":\"SOLINO IKE\",\"vatID\":\"EL802133107\",\"taxID\":\"EL802133107\",\"numberOfEmployees\":{\"@type\":\"QuantitativeValue\",\"minValue\":\"1\",\"maxValue\":\"10\"}}]}<\/script>\n<!-- \/ Yoast SEO Premium plugin. -->","yoast_head_json":{"title":"Franke kuehleinheiten - Solino","robots":{"index":"index","follow":"follow","max-snippet":"max-snippet:-1","max-image-preview":"max-image-preview:large","max-video-preview":"max-video-preview:-1"},"canonical":"https:\/\/www.solino.gr\/de\/franke-kuehleinheiten\/","og_locale":"de_DE","og_type":"article","og_title":"Franke kuehleinheiten","og_description":"Mehr als nur cool: Franke K\u00fchleinheiten Luftiger Milchschaum oder warme Milch f\u00fcr trendige Kaffeekreationen gelingen Ihnen perfekt, wenn die Milch vor dem","og_url":"https:\/\/www.solino.gr\/de\/franke-kuehleinheiten\/","og_site_name":"Solino","article_publisher":"https:\/\/www.facebook.com\/coffeepartnerforyourbusiness","article_modified_time":"2020-12-10T09:34:19+00:00","twitter_card":"summary_large_image","twitter_misc":{"Gesch\u00e4tzte Lesezeit":"3\u00a0Minuten"},"schema":{"@context":"https:\/\/schema.org","@graph":[{"@type":"WebPage","@id":"https:\/\/www.solino.gr\/de\/franke-kuehleinheiten\/","url":"https:\/\/www.solino.gr\/de\/franke-kuehleinheiten\/","name":"Franke kuehleinheiten - Solino","isPartOf":{"@id":"https:\/\/www.solino.gr\/de\/#website"},"datePublished":"2020-11-24T15:54:38+00:00","dateModified":"2020-12-10T09:34:19+00:00","breadcrumb":{"@id":"https:\/\/www.solino.gr\/de\/franke-kuehleinheiten\/#breadcrumb"},"inLanguage":"de","potentialAction":[{"@type":"ReadAction","target":["https:\/\/www.solino.gr\/de\/franke-kuehleinheiten\/"]}]},{"@type":"BreadcrumbList","@id":"https:\/\/www.solino.gr\/de\/franke-kuehleinheiten\/#breadcrumb","itemListElement":[{"@type":"ListItem","position":1,"name":"Home","item":"https:\/\/www.solino.gr\/de\/"},{"@type":"ListItem","position":2,"name":"Franke kuehleinheiten"}]},{"@type":"WebSite","@id":"https:\/\/www.solino.gr\/de\/#website","url":"https:\/\/www.solino.gr\/de\/","name":"Solino","description":"\u039f\u03b9 \u0395\u03c0\u03b1\u03b3\u03b3\u03b5\u03bb\u03bc\u03b1\u03c4\u03b9\u03ba\u03ad\u03c2 \u039b\u03cd\u03c3\u03b5\u03b9\u03c2 \u03c3\u03c4\u03b9\u03c2 \u039c\u03b7\u03c7\u03b1\u03bd\u03ad\u03c2 \u039a\u03b1\u03c6\u03ad &amp; \u0395\u03c3\u03c0\u03c1\u03ad\u03c3\u03bf","publisher":{"@id":"https:\/\/www.solino.gr\/de\/#organization"},"potentialAction":[{"@type":"SearchAction","target":{"@type":"EntryPoint","urlTemplate":"https:\/\/www.solino.gr\/de\/?s={search_term_string}"},"query-input":{"@type":"PropertyValueSpecification","valueRequired":true,"valueName":"search_term_string"}}],"inLanguage":"de"},{"@type":"Organization","@id":"https:\/\/www.solino.gr\/de\/#organization","name":"Solino","url":"https:\/\/www.solino.gr\/de\/","logo":{"@type":"ImageObject","inLanguage":"de","@id":"https:\/\/www.solino.gr\/de\/#\/schema\/logo\/image\/","url":"https:\/\/www.solino.gr\/wp-content\/uploads\/2021\/04\/Solino-Weis-.jpg","contentUrl":"https:\/\/www.solino.gr\/wp-content\/uploads\/2021\/04\/Solino-Weis-.jpg","width":1156,"height":429,"caption":"Solino"},"image":{"@id":"https:\/\/www.solino.gr\/de\/#\/schema\/logo\/image\/"},"sameAs":["https:\/\/www.facebook.com\/coffeepartnerforyourbusiness","https:\/\/www.instagram.com\/the_complete_coffeepartner\/","https:\/\/www.linkedin.com\/company\/5267982\/admin\/","https:\/\/www.pinterest.de\/tcharpantidis\/","https:\/\/www.youtube.com\/channel\/UCQxbxyAKpQX142Zlz0VBNww"],"email":"info@solino.gr","telephone":"+30 210 4173201","legalName":"SOLINO IKE","vatID":"EL802133107","taxID":"EL802133107","numberOfEmployees":{"@type":"QuantitativeValue","minValue":"1","maxValue":"10"}}]}},"_links":{"self":[{"href":"https:\/\/www.solino.gr\/de\/wp-json\/wp\/v2\/pages\/8961","targetHints":{"allow":["GET"]}}],"collection":[{"href":"https:\/\/www.solino.gr\/de\/wp-json\/wp\/v2\/pages"}],"about":[{"href":"https:\/\/www.solino.gr\/de\/wp-json\/wp\/v2\/types\/page"}],"author":[{"embeddable":true,"href":"https:\/\/www.solino.gr\/de\/wp-json\/wp\/v2\/users\/1"}],"replies":[{"embeddable":true,"href":"https:\/\/www.solino.gr\/de\/wp-json\/wp\/v2\/comments?post=8961"}],"version-history":[{"count":0,"href":"https:\/\/www.solino.gr\/de\/wp-json\/wp\/v2\/pages\/8961\/revisions"}],"wp:attachment":[{"href":"https:\/\/www.solino.gr\/de\/wp-json\/wp\/v2\/media?parent=8961"}],"curies":[{"name":"wp","href":"https:\/\/api.w.org\/{rel}","templated":true}]}}