{"id":8341,"date":"2020-11-22T13:45:25","date_gmt":"2020-11-22T11:45:25","guid":{"rendered":"https:\/\/www.solino.gr\/wordpress\/?page_id=8341"},"modified":"2020-12-09T14:25:54","modified_gmt":"2020-12-09T12:25:54","slug":"franke-a1000-vollautomatische-kaffeemaschine","status":"publish","type":"page","link":"https:\/\/www.solino.gr\/de\/franke-a1000-vollautomatische-kaffeemaschine\/","title":{"rendered":"Franke A1000 Vollautomatische Kaffeemaschine"},"content":{"rendered":"<div class=\"wpb-content-wrapper\"><p>[vc_row][vc_column width=&#8221;1\/6&#8243;][\/vc_column][vc_column width=&#8221;4\/6&#8243;][vc_single_image image=&#8221;7205&#8243; img_size=&#8221;medium&#8221; alignment=&#8221;right&#8221;][\/vc_column][vc_column width=&#8221;1\/6&#8243;][\/vc_column][\/vc_row][vc_row][vc_column width=&#8221;1\/12&#8243;][\/vc_column][vc_column width=&#8221;10\/12&#8243;][vc_gallery interval=&#8221;3&#8243; images=&#8221;8360,8357,8354,8351,8348&#8243; img_size=&#8221;1320&#215;587&#8243; onclick=&#8221;&#8221;][\/vc_column][vc_column width=&#8221;1\/12&#8243;][\/vc_column][\/vc_row][vc_row][vc_column width=&#8221;3\/12&#8243;][\/vc_column][vc_column width=&#8221;6\/12&#8243;][vc_column_text]<\/p>\n<h1 style=\"text-align: center;\">A1000 \u2013 Die neue Genuss-Dimension<\/h1>\n<div class=\"lead\">\n<p style=\"text-align: center;\">Wir haben unser umfassendes Know-how, unsere Erfahrung, unseren Innovationsgeist und die Leidenschaft unserer Techniker vereint und daraus die wegweisende A1000 entwickelt. Sie wurde geschaffen f\u00fcr die pers\u00f6nlichen Momente des Genusses. Denn die A1000 erf\u00fcllt alle noch so individuellen W\u00fcnsche an Lieblings-Kaffees. Mit der A1000 wird Kaffee zu Ihrem ganz pers\u00f6nlichen Lebensstil. Herzlich willkommen in der neuen Genuss-Dimension.<\/p>\n<\/div>\n<p>[\/vc_column_text][\/vc_column][vc_column width=&#8221;3\/12&#8243;][\/vc_column][\/vc_row][vc_row][vc_column][vc_separator][\/vc_column][\/vc_row][vc_row][vc_column width=&#8221;3\/12&#8243;][\/vc_column][vc_column width=&#8221;6\/12&#8243;][vc_column_text]<\/p>\n<h2 style=\"text-align: center;\">Einzigartig \u2013 auch in der Vielfalt<\/h2>\n<p style=\"text-align: center;\">Die A1000 produziert auch grosse Mengen von verschiedensten Getr\u00e4nken in konstanter H\u00f6chstqualit\u00e4t. Von aromatischen Kaffees in allen Varianten \u00fcber verf\u00fchrerische Schokoladen-Kreationen bis zu kreativen Kaffee-Schoko-Mischgetr\u00e4nken. Die optionale Flavor Station f\u00fcr die Verfeinerung der Getr\u00e4nke mit bis zu 6 Aromen ist ideal f\u00fcr fruchtige Milchmixgetr\u00e4nke und geniale Eigenkreationen.<\/p>\n<p>[\/vc_column_text][\/vc_column][vc_column width=&#8221;3\/12&#8243;][\/vc_column][\/vc_row][vc_row][vc_column width=&#8221;1\/6&#8243;][\/vc_column][vc_column width=&#8221;4\/6&#8243;][vc_images_carousel images=&#8221;7574,7571,7568,7565,7550,7547,7562,7559,7556,7553,7544,7541,7538&#8243; img_size=&#8221;medium&#8221; onclick=&#8221;link_no&#8221; slides_per_view=&#8221;5&#8243; wrap=&#8221;yes&#8221;][vc_column_text]<\/p>\n<h2 style=\"text-align: center;\">NEU: Spezialgetr\u00e4nkestation<\/h2>\n<p style=\"text-align: center;\">Maximale Auswahl. Maximale Flexibilit\u00e4t. Minimaler Aufwand.<\/p>\n<p>[\/vc_column_text][vc_btn title=&#8221;MEHR ERFAHREN&#8221; shape=&#8221;square&#8221; color=&#8221;pink&#8221; align=&#8221;center&#8221;][\/vc_column][vc_column width=&#8221;1\/6&#8243;][\/vc_column][\/vc_row][vc_row][vc_column][vc_separator][\/vc_column][\/vc_row][vc_row][vc_column width=&#8221;1\/6&#8243;][\/vc_column][vc_column width=&#8221;4\/6&#8243;][vc_column_text]<\/p>\n<h4 style=\"text-align: center;\">M\u00f6chten Sie Ihren n\u00e4chsten Moment zusammen mit uns gestalten?<\/h4>\n<p>[\/vc_column_text][vc_btn title=&#8221;NEHMEN SIE KONTAKT MIT UNS AUF&#8221; shape=&#8221;square&#8221; color=&#8221;pink&#8221; align=&#8221;center&#8221;][\/vc_column][vc_column width=&#8221;1\/6&#8243;][\/vc_column][\/vc_row][vc_row][vc_column][vc_separator][\/vc_column][\/vc_row][vc_row][vc_column width=&#8221;3\/12&#8243;][\/vc_column][vc_column width=&#8221;6\/12&#8243;][vc_column_text]<\/p>\n<h2 style=\"text-align: center;\">A1000: 5-mal einzigartig<\/h2>\n<p style=\"text-align: center;\">Die A1000 begeistert mit absoluter Individualit\u00e4t f\u00fcr h\u00f6chsten Genuss. Und mit f\u00fcnf starken Argumenten, die alle einzigartig sind:<\/p>\n<p style=\"text-align: center;\">Noch mehr Kaffee-Genuss \u2013 neu mit 6 Flavors | iQFlow\u2122 | FoamMaster\u2122\u00a0f\u00fcr traumhaften Milchschaum | CleanMaster serienm\u00e4ssig | Multimedia-Touchscreen<\/p>\n<p>[\/vc_column_text][\/vc_column][vc_column width=&#8221;3\/12&#8243;][\/vc_column][\/vc_row][vc_row][vc_column][vc_video link=&#8221;https:\/\/youtu.be\/j1iJodwZvu4&#8243; align=&#8221;center&#8221;][\/vc_column][\/vc_row][vc_row][vc_column][vc_column_text]<\/p>\n<h2 style=\"text-align: center;\">Entdecken Sie die Vorz\u00fcge der A1000<\/h2>\n<p>[\/vc_column_text][\/vc_column][\/vc_row][vc_row][vc_column width=&#8221;1\/12&#8243;][\/vc_column][vc_column width=&#8221;5\/12&#8243;][vc_single_image image=&#8221;8373&#8243; img_size=&#8221;full&#8221;][\/vc_column][vc_column width=&#8221;5\/12&#8243;][vc_column_text]<\/p>\n<h3>Immer und \u00fcberall: Ihr Lieblings-Kaffee<\/h3>\n<p>Dieses gen\u00fcssliche Versprechen gilt f\u00fcr Jung und Alt, f\u00fcr Frau und Mann, f\u00fcr Stadt und Land \u2013 und ganz besonders f\u00fcr Sie.<\/p>\n<ul class=\"list list--bullets\">\n<li>Die A1000 steckt voller raffinierter Innovationen, damit jeder Gast garantiert immer und \u00fcberall seinen Lieblings-Kaffee geniessen kann.<\/li>\n<li>Die herausragende Intelligenz steckt im Herzen der A1000. Mit ihrem hochwertigen Design sieht sie zudem atemberaubend gut aus.<\/li>\n<li>Die A1000 von Franke erf\u00fcllt jeden individuellen Kaffee-Wunsch immer und \u00fcberall perfekt.<\/li>\n<\/ul>\n<p>[\/vc_column_text][\/vc_column][vc_column width=&#8221;1\/12&#8243;][\/vc_column][\/vc_row][vc_row][vc_column width=&#8221;1\/12&#8243;][\/vc_column][vc_column width=&#8221;5\/12&#8243;][vc_column_text css=&#8221;.vc_custom_1607507187268{margin-top: 50px !important;}&#8221;]<\/p>\n<h3>Wegweisende iQFlow\u2122 Technologie<\/h3>\n<p>Bisher wurde die Extraktionsqualit\u00e4t haupts\u00e4chlich \u00fcber die Feinheit des Mahlgrads gesteuert. Mit iQFlow\u2122\u00a0haben wir eine intelligente Technologie entwickelt, die Ihnen ganz neue M\u00f6glichkeiten der Geschmacksextraktion und Produktkonsistenz er\u00f6ffnet.<\/p>\n<ul class=\"list list--bullets\">\n<li>Entlocken Sie den Kaffeebohnen noch mehr Geschmack<\/li>\n<li>Definieren Sie Ihre individuellen Extraktionsprofile<\/li>\n<li>Sichern Sie unschlagbare Konsistenz, Tasse f\u00fcr Tasse, Tag f\u00fcr Tag und in jeder Filiale<\/li>\n<\/ul>\n<p>[\/vc_column_text][vc_btn title=&#8221;WEITERE INFORMATIONEN ZU IQFLOW\u2122&#8221; shape=&#8221;square&#8221; color=&#8221;pink&#8221; align=&#8221;left&#8221;][\/vc_column][vc_column width=&#8221;5\/12&#8243;][vc_single_image image=&#8221;8376&#8243; img_size=&#8221;full&#8221;][\/vc_column][vc_column width=&#8221;1\/12&#8243;][\/vc_column][\/vc_row][vc_row][vc_column width=&#8221;1\/12&#8243;][\/vc_column][vc_column width=&#8221;5\/12&#8243;][vc_single_image image=&#8221;8380&#8243; img_size=&#8221;full&#8221; css=&#8221;.vc_custom_1605976254080{margin-top: 50px !important;}&#8221;][\/vc_column][vc_column width=&#8221;5\/12&#8243;][vc_column_text]<\/p>\n<h3>FoamMaster\u2122: Traumhafte Milchschaumqualit\u00e4t<\/h3>\n<p>Der serienm\u00e4ssige FoamMaster<sup>TM<\/sup>\u00a0garantiert jederzeit perfekten Milchschaum, von dem alle begeistert schw\u00e4rmen.<\/p>\n<ul class=\"list list--bullets\">\n<li><b>Unschlagbare Milchschaumqualit\u00e4t:<\/b>\u00a0In Konsistenz und Dichte variierbar, kunstvolle Schichtung m\u00f6glich<\/li>\n<li><b>Bemerkenswerte Konsistenz:<\/b>\u00a0Auch bei hohen Ausgabemengen und h\u00f6chsten Anspr\u00fcchen<\/li>\n<li><b>Unbegrenzte Kreativit\u00e4t:<\/b>\u00a0Kombination der Getr\u00e4nke mit kaltem oder warmem Milchschaum bzw. kalter oder warmer Milch<\/li>\n<li><b>2 Milchsorten, 2 parallele K\u00fchlkreisl\u00e4ufe:<\/b>\u00a0Ideal f\u00fcr verschiedene Milchsorten oder Milchalternativen<\/li>\n<\/ul>\n<p>[\/vc_column_text][vc_btn title=&#8221;SEE FOAMMASTER\u2122 IN ACTION&#8221; shape=&#8221;square&#8221; color=&#8221;pink&#8221; align=&#8221;left&#8221;][\/vc_column][vc_column width=&#8221;1\/12&#8243;][\/vc_column][\/vc_row][vc_row][vc_column width=&#8221;1\/12&#8243;][\/vc_column][vc_column width=&#8221;5\/12&#8243;][vc_column_text]<\/p>\n<h3>Iced Coffee Module: Neue M\u00f6glichkeiten dank gr\u00f6sserer Auswahl<\/h3>\n<p>Frankes neues Iced Coffee Module erweitert das saisonale Angebot an Getr\u00e4nken in Top-Qualit\u00e4t um erfrischenden, frisch gebr\u00fchten Eiskaffee. Serviert schwarz oder kombiniert mit Milch, Milchschaum oder Sirupen geniessen Ihre Kunden den vollen Geschmack von frisch gebr\u00fchtem, aktiv gek\u00fchltem Kaffee. Das ist Kaffeekompetenz vom Feinsten!<\/p>\n<ul class=\"list list--bullets\">\n<li><b>Getr\u00e4nkevielfalt in Topqualit\u00e4t:\u00a0<\/b>Der Kaffee wird heiss gebr\u00fcht und nach dem Br\u00fchprozess aktiv heruntergek\u00fchlt bevor er in die Tasse fliesst.<\/li>\n<li><b>Modularit\u00e4t und Flexibilit\u00e4t:\u00a0<\/b>Das Iced Coffee Module (IC) ist als Option f\u00fcr die Kaffeemaschinen A600-A1000 und S700 sowie SB1200 erh\u00e4ltlich. Das Iced Coffee Module (IC) ist nicht nachr\u00fcstbar.<\/li>\n<li><b>Tophygiene und vollautomatische Reinigung:\u00a0<\/b>Das Iced Coffee Module (IC) wird automatisch mit dem bereits bestehenden Kaffeemaschinen-Reinigungsprozess gereinigt.<\/li>\n<\/ul>\n<p>[\/vc_column_text][vc_btn title=&#8221;ERFAHREN SIE MEHR IN DER PRODUKTBROSCH\u00dcRE&#8221; shape=&#8221;square&#8221; color=&#8221;pink&#8221; align=&#8221;left&#8221;][\/vc_column][vc_column width=&#8221;5\/12&#8243;][vc_single_image image=&#8221;8384&#8243; img_size=&#8221;full&#8221; css=&#8221;.vc_custom_1605976330692{margin-top: 50px !important;}&#8221;][\/vc_column][vc_column width=&#8221;1\/12&#8243;][\/vc_column][\/vc_row][vc_row][vc_column width=&#8221;1\/12&#8243;][\/vc_column][vc_column width=&#8221;5\/12&#8243;][vc_single_image image=&#8221;8387&#8243; img_size=&#8221;full&#8221;][\/vc_column][vc_column width=&#8221;5\/12&#8243;][vc_column_text]<\/p>\n<h3>Grosses Kino auf der Benutzeroberfl\u00e4che<\/h3>\n<p>Die Benutzeroberfl\u00e4che ist multimedia-f\u00e4hig mit praktisch unbegrenzten M\u00f6glichkeiten, inkl. Video in H\u00f6chstqualit\u00e4t mit Super-Klang.<\/p>\n<ul class=\"list list--bullets\">\n<li><b>Faszination f\u00fcr Ihre G\u00e4ste:<\/b>\u00a0Selbstbedienung mit attraktivem Getr\u00e4nkemen\u00fc, inkl. Wahl von Tassengr\u00f6sse und Flavor<\/li>\n<li><b>Effizienz f\u00fcr Ihren Service:<\/b>\u00a0Erfassung von grossen Bestellungen in nur einem Arbeitsschritt. Damit Vermeidung von Fehlern und maximale Ausnutzung der Maschinenkapazit\u00e4t<\/li>\n<li><b>Mehr Informationen f\u00fcr Ihre Kunden:\u00a0<\/b>Einfache Darstellung von N\u00e4hrwert- und Allergikangaben pro Getr\u00e4nk<\/li>\n<li><b>Mehrverk\u00e4ufe f\u00fcr Sie:\u00a0<\/b>Schnelles, individuelles Konfigurieren des Getr\u00e4nkemen\u00fcs. Mit Videos und Werbung f\u00fcr zus\u00e4tzliche Kaufanreize<\/li>\n<\/ul>\n<p>[\/vc_column_text][\/vc_column][vc_column width=&#8221;1\/12&#8243;][\/vc_column][\/vc_row][vc_row][vc_column width=&#8221;1\/12&#8243;][\/vc_column][vc_column width=&#8221;5\/12&#8243;][vc_column_text css=&#8221;.vc_custom_1607507287565{margin-top: 200px !important;}&#8221;]<\/p>\n<h3>Digital Services &#8211; \u00dcbernehmen Sie die Kontrolle \u00fcber Ihren Kaffee<\/h3>\n<p>Verbessern Sie die Kaffeequalit\u00e4t. Steigern Sie den Gewinn. Erleben Sie Service neu. Nutzen Sie Franke Digital Services, um die Kontrolle \u00fcber Ihr Kaffeegesch\u00e4ft zu \u00fcbernehmen.[\/vc_column_text][vc_btn title=&#8221;MEHR ERFAHREN&#8221; shape=&#8221;square&#8221; color=&#8221;pink&#8221; align=&#8221;left&#8221;][\/vc_column][vc_column width=&#8221;5\/12&#8243;][vc_single_image image=&#8221;7816&#8243; img_size=&#8221;full&#8221; css=&#8221;.vc_custom_1605976448176{margin-top: 50px !important;}&#8221;][\/vc_column][vc_column width=&#8221;1\/12&#8243;][\/vc_column][\/vc_row][vc_row][vc_column width=&#8221;1\/12&#8243;][\/vc_column][vc_column width=&#8221;5\/12&#8243;][vc_single_image image=&#8221;8401&#8243; img_size=&#8221;full&#8221;][\/vc_column][vc_column width=&#8221;5\/12&#8243;][vc_column_text css=&#8221;.vc_custom_1607507323379{margin-top: 50px !important;}&#8221;]<\/p>\n<h3>Mehr Flexibilit\u00e4t<\/h3>\n<p>Die A1000 bietet noch mehr Spielraum f\u00fcr Ihre individuelle Konfiguration. Eine dritte Kaffeem\u00fchle f\u00fcr Ihre Bohnen-Spezialmischung? Eine Flavor Station oder ein Tassenw\u00e4rmer dazu? Die A1000 l\u00e4sst sich Schritt f\u00fcr Schritt erweitern.[\/vc_column_text][vc_btn title=&#8221;ENTDECKEN SIE DIE FRANKE ZUSTELLGER\u00c4TE&#8221; shape=&#8221;square&#8221; color=&#8221;pink&#8221; align=&#8221;left&#8221;][\/vc_column][vc_column width=&#8221;1\/12&#8243;][\/vc_column][\/vc_row][vc_row][vc_column width=&#8221;1\/12&#8243;][\/vc_column][vc_column width=&#8221;10\/12&#8243;][vc_gallery interval=&#8221;3&#8243; images=&#8221;8440,8437,8434,8431,8428,8425,8422,8419,8407,8410,8413,8416&#8243; img_size=&#8221;1320&#215;587&#8243; onclick=&#8221;&#8221;][\/vc_column][vc_column width=&#8221;1\/12&#8243;][\/vc_column][\/vc_row][vc_row][vc_column][vc_single_image image=&#8221;8445&#8243; img_size=&#8221;full&#8221;][\/vc_column][\/vc_row][vc_row][vc_column width=&#8221;1\/12&#8243;][\/vc_column][vc_column width=&#8221;5\/12&#8243;][vc_single_image image=&#8221;8451&#8243; img_size=&#8221;full&#8221; alignment=&#8221;center&#8221;][vc_column_text css=&#8221;.vc_custom_1605977748439{margin-top: -250px !important;}&#8221;]<\/p>\n<h2 style=\"text-align: center;\"><span style=\"color: #ffffff;\">Try out the Franke A1000 in your own setting<\/span><\/h2>\n<p>[\/vc_column_text][vc_btn title=&#8221;MEHR ERFAHREN&#8221; shape=&#8221;square&#8221; color=&#8221;pink&#8221; align=&#8221;center&#8221;][\/vc_column][vc_column width=&#8221;5\/12&#8243;][vc_single_image image=&#8221;8448&#8243; img_size=&#8221;full&#8221; alignment=&#8221;center&#8221;][vc_column_text css=&#8221;.vc_custom_1605978484919{margin-top: -250px !important;}&#8221;]<\/p>\n<h2 style=\"text-align: center;\"><span style=\"color: #ffffff;\">A1000 Cleaning tutorials<\/span><\/h2>\n<p>[\/vc_column_text][vc_btn title=&#8221;MEHR ERFAHREN&#8221; shape=&#8221;square&#8221; color=&#8221;pink&#8221; align=&#8221;center&#8221; css=&#8221;.vc_custom_1607507897592{margin-top: 100px !important;}&#8221;][\/vc_column][vc_column width=&#8221;1\/12&#8243;][\/vc_column][\/vc_row][vc_row css=&#8221;.vc_custom_1605978305549{margin-top: 200px !important;}&#8221;][vc_column width=&#8221;1\/3&#8243;][vc_single_image image=&#8221;7622&#8243; img_size=&#8221;full&#8221; alignment=&#8221;center&#8221;][vc_column_text css=&#8221;.vc_custom_1605978763595{margin-top: -200px !important;}&#8221;]<\/p>\n<h2 style=\"text-align: center;\"><span style=\"color: #ffffff;\">A600: All you need for perfect coffee<\/span><\/h2>\n<p>[\/vc_column_text][vc_btn title=&#8221;MEHR ERFAHREN&#8221; shape=&#8221;square&#8221; color=&#8221;pink&#8221; align=&#8221;center&#8221; css=&#8221;.vc_custom_1607507905559{margin-top: 20px !important;}&#8221;][\/vc_column][vc_column width=&#8221;1\/3&#8243;][vc_single_image image=&#8221;7625&#8243; img_size=&#8221;full&#8221; alignment=&#8221;center&#8221;][vc_column_text css=&#8221;.vc_custom_1605978879571{margin-top: -250px !important;}&#8221;]<\/p>\n<h2 style=\"text-align: center;\"><span style=\"color: #ffffff;\">A800: Limitless Inspiration and variety<\/span><\/h2>\n<p>[\/vc_column_text][vc_btn title=&#8221;MEHR ERFAHREN&#8221; shape=&#8221;square&#8221; color=&#8221;pink&#8221; align=&#8221;center&#8221;][\/vc_column][vc_column width=&#8221;1\/3&#8243;][vc_single_image image=&#8221;7613&#8243; img_size=&#8221;full&#8221; alignment=&#8221;center&#8221;][vc_column_text css=&#8221;.vc_custom_1605978670424{margin-top: -250px !important;}&#8221;]<\/p>\n<h2 style=\"text-align: center;\"><span style=\"color: #ffffff;\">FoamMaster 850: Variety becomes perfection<\/span><\/h2>\n<p>[\/vc_column_text][vc_btn title=&#8221;MEHR ERFAHREN&#8221; shape=&#8221;square&#8221; color=&#8221;pink&#8221; align=&#8221;center&#8221;][\/vc_column][\/vc_row]<\/p>\n<\/div>","protected":false},"excerpt":{"rendered":"<p>[vc_row][vc_column width=&#8221;1\/6&#8243;][\/vc_column][vc_column width=&#8221;4\/6&#8243;][vc_single_image image=&#8221;7205&#8243; img_size=&#8221;medium&#8221; alignment=&#8221;right&#8221;][\/vc_column][vc_column width=&#8221;1\/6&#8243;][\/vc_column][\/vc_row][vc_row][vc_column width=&#8221;1\/12&#8243;][\/vc_column][vc_column width=&#8221;10\/12&#8243;][vc_gallery interval=&#8221;3&#8243; images=&#8221;8360,8357,8354,8351,8348&#8243; img_size=&#8221;1320&#215;587&#8243; onclick=&#8221;&#8221;][\/vc_column][vc_column width=&#8221;1\/12&#8243;][\/vc_column][\/vc_row][vc_row][vc_column width=&#8221;3\/12&#8243;][\/vc_column][vc_column width=&#8221;6\/12&#8243;][vc_column_text] A1000 \u2013 Die neue Genuss-Dimension Wir haben unser umfassendes Know-how, unsere Erfahrung, unseren Innovationsgeist und die Leidenschaft unserer Techniker vereint und daraus die wegweisende A1000 entwickelt. Sie wurde geschaffen f\u00fcr die pers\u00f6nlichen Momente des Genusses. Denn die A1000 erf\u00fcllt [&hellip;]<\/p>\n","protected":false},"author":1,"featured_media":0,"parent":0,"menu_order":0,"comment_status":"closed","ping_status":"open","template":"","meta":{"inline_featured_image":false,"footnotes":""},"class_list":["post-8341","page","type-page","status-publish","hentry"],"yoast_head":"<!-- This site is optimized with the Yoast SEO Premium plugin v27.4 (Yoast SEO v27.4) - https:\/\/yoast.com\/product\/yoast-seo-premium-wordpress\/ -->\n<title>Franke A1000 Vollautomatische Kaffeemaschine - Solino<\/title>\n<meta name=\"robots\" content=\"index, follow, max-snippet:-1, max-image-preview:large, max-video-preview:-1\" \/>\n<link rel=\"canonical\" href=\"https:\/\/www.solino.gr\/de\/franke-a1000-vollautomatische-kaffeemaschine\/\" \/>\n<meta property=\"og:locale\" content=\"de_DE\" \/>\n<meta property=\"og:type\" content=\"article\" \/>\n<meta property=\"og:title\" content=\"Franke A1000 Vollautomatische Kaffeemaschine\" \/>\n<meta property=\"og:description\" content=\"A1000 \u2013 Die neue Genuss-Dimension Wir haben unser umfassendes Know-how, unsere Erfahrung, unseren Innovationsgeist und die Leidenschaft unserer Techniker\" \/>\n<meta property=\"og:url\" content=\"https:\/\/www.solino.gr\/de\/franke-a1000-vollautomatische-kaffeemaschine\/\" \/>\n<meta property=\"og:site_name\" content=\"Solino\" \/>\n<meta property=\"article:publisher\" content=\"https:\/\/www.facebook.com\/coffeepartnerforyourbusiness\" \/>\n<meta property=\"article:modified_time\" content=\"2020-12-09T12:25:54+00:00\" \/>\n<meta name=\"twitter:card\" content=\"summary_large_image\" \/>\n<meta name=\"twitter:label1\" content=\"Gesch\u00e4tzte Lesezeit\" \/>\n\t<meta name=\"twitter:data1\" content=\"8\u00a0Minuten\" \/>\n<script type=\"application\/ld+json\" class=\"yoast-schema-graph\">{\"@context\":\"https:\\\/\\\/schema.org\",\"@graph\":[{\"@type\":\"WebPage\",\"@id\":\"https:\\\/\\\/www.solino.gr\\\/de\\\/franke-a1000-vollautomatische-kaffeemaschine\\\/\",\"url\":\"https:\\\/\\\/www.solino.gr\\\/de\\\/franke-a1000-vollautomatische-kaffeemaschine\\\/\",\"name\":\"Franke A1000 Vollautomatische Kaffeemaschine - Solino\",\"isPartOf\":{\"@id\":\"https:\\\/\\\/www.solino.gr\\\/de\\\/#website\"},\"datePublished\":\"2020-11-22T11:45:25+00:00\",\"dateModified\":\"2020-12-09T12:25:54+00:00\",\"breadcrumb\":{\"@id\":\"https:\\\/\\\/www.solino.gr\\\/de\\\/franke-a1000-vollautomatische-kaffeemaschine\\\/#breadcrumb\"},\"inLanguage\":\"de\",\"potentialAction\":[{\"@type\":\"ReadAction\",\"target\":[\"https:\\\/\\\/www.solino.gr\\\/de\\\/franke-a1000-vollautomatische-kaffeemaschine\\\/\"]}]},{\"@type\":\"BreadcrumbList\",\"@id\":\"https:\\\/\\\/www.solino.gr\\\/de\\\/franke-a1000-vollautomatische-kaffeemaschine\\\/#breadcrumb\",\"itemListElement\":[{\"@type\":\"ListItem\",\"position\":1,\"name\":\"Home\",\"item\":\"https:\\\/\\\/www.solino.gr\\\/de\\\/\"},{\"@type\":\"ListItem\",\"position\":2,\"name\":\"Franke A1000 Vollautomatische Kaffeemaschine\"}]},{\"@type\":\"WebSite\",\"@id\":\"https:\\\/\\\/www.solino.gr\\\/de\\\/#website\",\"url\":\"https:\\\/\\\/www.solino.gr\\\/de\\\/\",\"name\":\"Solino\",\"description\":\"\u039f\u03b9 \u0395\u03c0\u03b1\u03b3\u03b3\u03b5\u03bb\u03bc\u03b1\u03c4\u03b9\u03ba\u03ad\u03c2 \u039b\u03cd\u03c3\u03b5\u03b9\u03c2 \u03c3\u03c4\u03b9\u03c2 \u039c\u03b7\u03c7\u03b1\u03bd\u03ad\u03c2 \u039a\u03b1\u03c6\u03ad &amp; \u0395\u03c3\u03c0\u03c1\u03ad\u03c3\u03bf\",\"publisher\":{\"@id\":\"https:\\\/\\\/www.solino.gr\\\/de\\\/#organization\"},\"potentialAction\":[{\"@type\":\"SearchAction\",\"target\":{\"@type\":\"EntryPoint\",\"urlTemplate\":\"https:\\\/\\\/www.solino.gr\\\/de\\\/?s={search_term_string}\"},\"query-input\":{\"@type\":\"PropertyValueSpecification\",\"valueRequired\":true,\"valueName\":\"search_term_string\"}}],\"inLanguage\":\"de\"},{\"@type\":\"Organization\",\"@id\":\"https:\\\/\\\/www.solino.gr\\\/de\\\/#organization\",\"name\":\"Solino\",\"url\":\"https:\\\/\\\/www.solino.gr\\\/de\\\/\",\"logo\":{\"@type\":\"ImageObject\",\"inLanguage\":\"de\",\"@id\":\"https:\\\/\\\/www.solino.gr\\\/de\\\/#\\\/schema\\\/logo\\\/image\\\/\",\"url\":\"https:\\\/\\\/www.solino.gr\\\/wp-content\\\/uploads\\\/2021\\\/04\\\/Solino-Weis-.jpg\",\"contentUrl\":\"https:\\\/\\\/www.solino.gr\\\/wp-content\\\/uploads\\\/2021\\\/04\\\/Solino-Weis-.jpg\",\"width\":1156,\"height\":429,\"caption\":\"Solino\"},\"image\":{\"@id\":\"https:\\\/\\\/www.solino.gr\\\/de\\\/#\\\/schema\\\/logo\\\/image\\\/\"},\"sameAs\":[\"https:\\\/\\\/www.facebook.com\\\/coffeepartnerforyourbusiness\",\"https:\\\/\\\/www.instagram.com\\\/the_complete_coffeepartner\\\/\",\"https:\\\/\\\/www.linkedin.com\\\/company\\\/5267982\\\/admin\\\/\",\"https:\\\/\\\/www.pinterest.de\\\/tcharpantidis\\\/\",\"https:\\\/\\\/www.youtube.com\\\/channel\\\/UCQxbxyAKpQX142Zlz0VBNww\"],\"email\":\"info@solino.gr\",\"telephone\":\"+30 210 4173201\",\"legalName\":\"SOLINO IKE\",\"vatID\":\"EL802133107\",\"taxID\":\"EL802133107\",\"numberOfEmployees\":{\"@type\":\"QuantitativeValue\",\"minValue\":\"1\",\"maxValue\":\"10\"}}]}<\/script>\n<!-- \/ Yoast SEO Premium plugin. -->","yoast_head_json":{"title":"Franke A1000 Vollautomatische Kaffeemaschine - Solino","robots":{"index":"index","follow":"follow","max-snippet":"max-snippet:-1","max-image-preview":"max-image-preview:large","max-video-preview":"max-video-preview:-1"},"canonical":"https:\/\/www.solino.gr\/de\/franke-a1000-vollautomatische-kaffeemaschine\/","og_locale":"de_DE","og_type":"article","og_title":"Franke A1000 Vollautomatische Kaffeemaschine","og_description":"A1000 \u2013 Die neue Genuss-Dimension Wir haben unser umfassendes Know-how, unsere Erfahrung, unseren Innovationsgeist und die Leidenschaft unserer Techniker","og_url":"https:\/\/www.solino.gr\/de\/franke-a1000-vollautomatische-kaffeemaschine\/","og_site_name":"Solino","article_publisher":"https:\/\/www.facebook.com\/coffeepartnerforyourbusiness","article_modified_time":"2020-12-09T12:25:54+00:00","twitter_card":"summary_large_image","twitter_misc":{"Gesch\u00e4tzte Lesezeit":"8\u00a0Minuten"},"schema":{"@context":"https:\/\/schema.org","@graph":[{"@type":"WebPage","@id":"https:\/\/www.solino.gr\/de\/franke-a1000-vollautomatische-kaffeemaschine\/","url":"https:\/\/www.solino.gr\/de\/franke-a1000-vollautomatische-kaffeemaschine\/","name":"Franke A1000 Vollautomatische Kaffeemaschine - Solino","isPartOf":{"@id":"https:\/\/www.solino.gr\/de\/#website"},"datePublished":"2020-11-22T11:45:25+00:00","dateModified":"2020-12-09T12:25:54+00:00","breadcrumb":{"@id":"https:\/\/www.solino.gr\/de\/franke-a1000-vollautomatische-kaffeemaschine\/#breadcrumb"},"inLanguage":"de","potentialAction":[{"@type":"ReadAction","target":["https:\/\/www.solino.gr\/de\/franke-a1000-vollautomatische-kaffeemaschine\/"]}]},{"@type":"BreadcrumbList","@id":"https:\/\/www.solino.gr\/de\/franke-a1000-vollautomatische-kaffeemaschine\/#breadcrumb","itemListElement":[{"@type":"ListItem","position":1,"name":"Home","item":"https:\/\/www.solino.gr\/de\/"},{"@type":"ListItem","position":2,"name":"Franke A1000 Vollautomatische Kaffeemaschine"}]},{"@type":"WebSite","@id":"https:\/\/www.solino.gr\/de\/#website","url":"https:\/\/www.solino.gr\/de\/","name":"Solino","description":"\u039f\u03b9 \u0395\u03c0\u03b1\u03b3\u03b3\u03b5\u03bb\u03bc\u03b1\u03c4\u03b9\u03ba\u03ad\u03c2 \u039b\u03cd\u03c3\u03b5\u03b9\u03c2 \u03c3\u03c4\u03b9\u03c2 \u039c\u03b7\u03c7\u03b1\u03bd\u03ad\u03c2 \u039a\u03b1\u03c6\u03ad &amp; \u0395\u03c3\u03c0\u03c1\u03ad\u03c3\u03bf","publisher":{"@id":"https:\/\/www.solino.gr\/de\/#organization"},"potentialAction":[{"@type":"SearchAction","target":{"@type":"EntryPoint","urlTemplate":"https:\/\/www.solino.gr\/de\/?s={search_term_string}"},"query-input":{"@type":"PropertyValueSpecification","valueRequired":true,"valueName":"search_term_string"}}],"inLanguage":"de"},{"@type":"Organization","@id":"https:\/\/www.solino.gr\/de\/#organization","name":"Solino","url":"https:\/\/www.solino.gr\/de\/","logo":{"@type":"ImageObject","inLanguage":"de","@id":"https:\/\/www.solino.gr\/de\/#\/schema\/logo\/image\/","url":"https:\/\/www.solino.gr\/wp-content\/uploads\/2021\/04\/Solino-Weis-.jpg","contentUrl":"https:\/\/www.solino.gr\/wp-content\/uploads\/2021\/04\/Solino-Weis-.jpg","width":1156,"height":429,"caption":"Solino"},"image":{"@id":"https:\/\/www.solino.gr\/de\/#\/schema\/logo\/image\/"},"sameAs":["https:\/\/www.facebook.com\/coffeepartnerforyourbusiness","https:\/\/www.instagram.com\/the_complete_coffeepartner\/","https:\/\/www.linkedin.com\/company\/5267982\/admin\/","https:\/\/www.pinterest.de\/tcharpantidis\/","https:\/\/www.youtube.com\/channel\/UCQxbxyAKpQX142Zlz0VBNww"],"email":"info@solino.gr","telephone":"+30 210 4173201","legalName":"SOLINO IKE","vatID":"EL802133107","taxID":"EL802133107","numberOfEmployees":{"@type":"QuantitativeValue","minValue":"1","maxValue":"10"}}]}},"_links":{"self":[{"href":"https:\/\/www.solino.gr\/de\/wp-json\/wp\/v2\/pages\/8341","targetHints":{"allow":["GET"]}}],"collection":[{"href":"https:\/\/www.solino.gr\/de\/wp-json\/wp\/v2\/pages"}],"about":[{"href":"https:\/\/www.solino.gr\/de\/wp-json\/wp\/v2\/types\/page"}],"author":[{"embeddable":true,"href":"https:\/\/www.solino.gr\/de\/wp-json\/wp\/v2\/users\/1"}],"replies":[{"embeddable":true,"href":"https:\/\/www.solino.gr\/de\/wp-json\/wp\/v2\/comments?post=8341"}],"version-history":[{"count":0,"href":"https:\/\/www.solino.gr\/de\/wp-json\/wp\/v2\/pages\/8341\/revisions"}],"wp:attachment":[{"href":"https:\/\/www.solino.gr\/de\/wp-json\/wp\/v2\/media?parent=8341"}],"curies":[{"name":"wp","href":"https:\/\/api.w.org\/{rel}","templated":true}]}}