{"id":22265,"date":"2021-06-21T17:48:17","date_gmt":"2021-06-21T14:48:17","guid":{"rendered":"https:\/\/www.solino.gr\/?page_id=22265"},"modified":"2021-06-22T11:06:15","modified_gmt":"2021-06-22T08:06:15","slug":"kaffeegeschirr","status":"publish","type":"page","link":"https:\/\/www.solino.gr\/de\/kaffeegeschirr\/","title":{"rendered":"KAFFEEGESCHIRR"},"content":{"rendered":"<div class=\"wpb-content-wrapper\"><p>[vc_row][vc_column width=&#8221;1\/12&#8243;][\/vc_column][vc_column width=&#8221;10\/12&#8243;][vc_column_text]<\/p>\n<h4 style=\"text-align: center;\"><span style=\"color: #9a7348;\">KAFFEEGESCHIRR: ALLE TASSEN IM SCHRANK<\/span><\/h4>\n<p>[\/vc_column_text][\/vc_column][vc_column width=&#8221;1\/12&#8243;][\/vc_column][\/vc_row][vc_row][vc_column width=&#8221;1\/12&#8243;][\/vc_column][vc_column width=&#8221;5\/12&#8243;][vc_column_text]<\/p>\n<h3>TASSEN UND BECHER: GESCHIRR IM B\u00dcRO<\/h3>\n<p>Tassen, Teller und Gl\u00e4ser in B\u00fcros m\u00fcssen hohen Anforderungen gerecht werden: Sie sollen pflegeleicht, stabil und langlebig sein. Schlie\u00dflich sind sie tagt\u00e4glich thermischen und mechanischen Beanspruchungen ausgesetzt, gehen durch zahlreiche H\u00e4nde, stehen mal im Geschirrsp\u00fcler, mal im K\u00fchlschrank, mal in der Mikrowelle.<\/p>\n<p>Und bei all der Dauerbelastung sollen sie auch noch gut aussehen \u2013 f\u00fcr Tee genauso wie f\u00fcr Kaffee. Wie findet man da ein Geschirr, das passt \u2013 zu den Kollegen, in den Schrank und zueinander?[\/vc_column_text][\/vc_column][vc_column width=&#8221;5\/12&#8243;][vc_column_text]<\/p>\n<h3>KAFFEEGESCHIRR: WUNDERBAR STAPELBAR<\/h3>\n<p>Moderne B\u00fcros m\u00fcssen inzwischen einiges k\u00f6nnen. Sie werden immer funktionaler, weitl\u00e4ufiger und repr\u00e4sentativer. Doch schaut man sich einmal in ihren weniger \u00f6ffentlichen Bereichen um, so k\u00f6nnte man den Eindruck bekommen, Gemeinschaftsr\u00e4ume und K\u00fcchen werden in der Planung oftmals vernachl\u00e4ssigt. Nicht selten wundert man sich, auf welch kleinem Raum Kaffeemaschinen, Mikrowellen und im besten Fall noch ein Stehtisch zusammengepfercht werden. Kurz: Die K\u00fcchen der zeitgem\u00e4\u00dfen Arbeitstempel leiden unter Platzmangel, Gem\u00fctlichkeit und smarten L\u00f6sungen. Das sollte sich \u00e4ndern![\/vc_column_text][\/vc_column][vc_column width=&#8221;1\/12&#8243;][\/vc_column][\/vc_row][vc_row][vc_column width=&#8221;1\/12&#8243;][\/vc_column][vc_column width=&#8221;3\/12&#8243;][vc_single_image image=&#8221;22193&#8243; img_size=&#8221;full&#8221; alignment=&#8221;center&#8221;][\/vc_column][vc_column width=&#8221;3\/12&#8243;][vc_single_image image=&#8221;22270&#8243; img_size=&#8221;full&#8221; alignment=&#8221;center&#8221;][\/vc_column][vc_column width=&#8221;3\/12&#8243;][vc_single_image image=&#8221;22273&#8243; img_size=&#8221;full&#8221; alignment=&#8221;center&#8221;][\/vc_column][vc_column width=&#8221;1\/12&#8243;][\/vc_column][\/vc_row][vc_row][vc_column width=&#8221;1\/12&#8243;][\/vc_column][vc_column width=&#8221;10\/12&#8243;][vc_column_text]<\/p>\n<h3>ORDNUNG IM K\u00dcCHENSCHRANK<\/h3>\n<p>Machen Sie sich bei der Neuanschaffung von K\u00fcchen-Equipment also am besten im Vorfeld Gedanken, wie Sie f\u00fcr Funktionalit\u00e4t, Ordnung und Struktur sorgen. Hier ein paar Tipps: Um so viel Geschirr wie m\u00f6glich auf engstem Raum unterzubringen, sollten Tassen, Teller und Co. stapelbar sein. Spezielle R\u00e4nder und Aussparungen in den Gef\u00e4ssen sorgen f\u00fcr eine stabile Lagerung und verhindern, dass einem beim \u00d6ffnen des K\u00fcchenschranks schief stehende Tassent\u00fcrme entgegenkommen. Viele Porzellan-Hersteller bieten praktisches und dennoch elegantes Stapelgeschirr an.<\/p>\n<h3>TASSEN UND TELLER: MODERN MODULAR<\/h3>\n<p>Der Trend bei Porzellan geht hin zu extrem flachen Tellern und Tassen ohne Henkel. Das ist vielleicht nicht jedermanns Sache. Platzsparend ist es aber auf alle F\u00e4lle. Es handelt sich dabei meist um multifunktionales Geschirr, bei denen gleiche Teile f\u00fcr ganz unterschiedliche Zwecke eingesetzt werden k\u00f6nnen. Der Vorteil: Sie haben weniger Teile im Schrank, sind aber f\u00fcr jede Gelegenheit ger\u00fcstet. Auch modulare Service k\u00f6nnen die Antwort auf Geschirrchaos sein. Bei ihnen lassen sich etwa die Deckel von Tassen und Tellern gleichsam als Untersetzer oder \u00fcbereinandergelegte Teller als Vorratsbeh\u00e4lter benutzen.<\/p>\n<h3>KAFFEETASSE: EINE F\u00dcR ALLE<\/h3>\n<p>Der eine mag Kaffee, der andere lieber Tee oder hei\u00dfe Schokolade. Wieder andere legen Wert auf ein M\u00fcsli am Morgen. Die Geschm\u00e4cker der Kollegen sind unterschiedlich \u2013 und so unterschiedlich auch die Anspr\u00fcche an die K\u00fcchenausstattung. Will man allen gerecht werden, wird es aufwendig. Schlie\u00dflich gibt es f\u00fcr jedes Getr\u00e4nk und jede Speise das passende Gef\u00e4ss. Leichter wird die Entscheidung, wenn Ihre Wahl auf Universalbecher f\u00e4llt. Diese finden nicht nur f\u00fcr diverse Getr\u00e4nkesorten Verwendung, sondern auch f\u00fcr Desserts, M\u00fcsli oder Salate \u2013 und machen immer eine gute Figur. \u00c4hnliches gilt f\u00fcr Untertassen. Auch die gibt es in Universalformaten, die sich f\u00fcr jede Tassengr\u00f6\u00dfe eignen.<\/p>\n<h3>ABTROPFRINNE: WASSER MARSCH!<\/h3>\n<p>Kaum etwas macht mehr Arbeit im B\u00fcro, als die Reinigung von K\u00fcchenger\u00e4ten und die Sicherstellung von sauberem Geschirr. Wer hier die Verantwortung f\u00fcr reibungslose Abl\u00e4ufe hat, der hat wortw\u00f6rtlich alle H\u00e4nde voll zu tun. Ein paar einfache Design-Kniffe machend das Handling mit gro\u00dfen Geschirrmengen etwas leichter. Achten Sie bei Tassen und Bechern beispielsweise auf Abtropfrinnen in den B\u00f6den. Die verhindern, dass sich Wasser darin sammelt und die Tassen nach dem Sp\u00fclgang aufwendig abgetrocknet werden m\u00fcssen. Bei der Anschaffung von Kannen sollten sie hingegen auf das Gegenteil achten, n\u00e4mlich dass sie tropfsicher sind. Ihre Kollegen werden es Ihnen danken.[\/vc_column_text][\/vc_column][vc_column width=&#8221;1\/12&#8243;][\/vc_column][\/vc_row][vc_row][vc_column width=&#8221;1\/12&#8243;][\/vc_column][vc_column width=&#8221;10\/12&#8243;]<div class=\"woocommerce columns-3 \"><\/div>[\/vc_column][vc_column width=&#8221;1\/12&#8243;][\/vc_column][\/vc_row][vc_row][vc_column width=&#8221;1\/12&#8243;][\/vc_column][vc_column width=&#8221;10\/12&#8243;][vc_column_text]<\/p>\n<h3>DESIGN: ERSTER SCHLUCK, ERSTER EINDRUCK<\/h3>\n<p>Kaffeetrinken ist ja l\u00e4ngst zu einem Status-Thema geworden. Viele Unternehmen setzen daher bereits auf hochwertige Kaffeemaschinen. Exzellenter Kaffee soll nicht nur die Mitarbeiter zufrieden machen, sondern auch bei Besuchern und Kunden einen bleibenden Eindruck hinterlassen. Und tats\u00e4chlich, die Au\u00dfenwahrnehmung von Unternehmen wird durch guten Kaffee und eine hochwertige Maschine beeinflusst. Vergessen Sie hier\u00fcber nicht seine Pr\u00e4sentation. Selbst wenn G\u00e4sten der Blick in die Tee- und Kaffeek\u00fcche verwehrt bleibt, Geschirr l\u00e4sst sich kaum verstecken. Es steht immer auch in \u00f6ffentlichen Zonen. Optisch ansprechend und nach anerkannten Stilregeln arrangiert, tr\u00e4gt es entscheidend zum Gesamtbild eines B\u00fcroraumes bei.<\/p>\n<h3>MATERIAL: MIT ALLEN SINNEN GENIESSE<\/h3>\n<p>Hier geht es also um weit mehr, als um Details. Geschirr erf\u00fcllt \u00e4sthetische und repr\u00e4sentative Funktionen. \u00dcberlegen Sie nur einmal, wer alles damit in Kontakt kommt. Achten Sie bei der Wahl von Tassen, Tellern und Co. folglich auf ein ansprechendes Design, auf hochwertiges Material und eine komfortable Handhabung. Gr\u00fcnde daf\u00fcr gibt es einige: Eine durchdachte Gestaltung sieht nicht nur gut aus. Ein wohlgeformter Griff einer Tasse oder Kanne liegt auch ergonomisch in der Hand. Und sogar der Geschmack von Espresso, Latte Macchiato, Cappuccino, Trinkschokolade oder Tee wird von der Form des Tassenrands ma\u00dfgeblich beeinflusst.<\/p>\n<h3>LIEBLINGSBECHER: ES MUSS NICHT IMMER WEISS SEI<\/h3>\n<p>Selbstverst\u00e4ndlich trinkt aber auch das Auge mit, wenn es um Hei\u00dfgetr\u00e4nke geht. Sie stehen nunmal f\u00fcr die Momente am Tag, an denen wir uns etwas Besonderes g\u00f6nnen m\u00f6chten. W\u00e4hrend man zu Hause meist seine Lieblingstasse parat hat, wird es im B\u00fcro kaum gelingen, allen Mitarbeitern das pers\u00f6nliche Wunschobjekt zur Verf\u00fcgung zu stellen. Eines aber sollte man bedenken: Wo viele Mitarbeiter sind, stehen auch meist eine Menge Tassen herum. Gerade in Meetings fragt man sich am Ende oft, wem eigentlich welches Getr\u00e4nk zuzuordnen ist. Hier lohnt es sich \u00fcber ein Geschirr mit unterschiedlichen Farben oder Mustern nachzudenken. Dann ist die Verwechslungsgefahr nicht mehr ganz so gro\u00df.<\/p>\n<h3>UNTERNEHMEN SAUBERKEIT: UNTERTASSEN<\/h3>\n<p>Apropos Untertassen. Der ein oder andere Kollege verzichtet ja ganz gerne darauf. Eigentlich ein absolutes No-Go, soll sie doch das Beschmutzen des Tisches oder der Unterlage verhindern. Die Folge: Kaffee-, Tee- oder Kakao-R\u00e4nder, wo immer die Tasse abgestellt wurde. Wem es nicht gelingt, die Untertassen-\u00dcbelt\u00e4ter ausfindig zu machen und sie zu deren Verwendung zu bewegen, der k\u00f6nnte es mit Untersetzern versuchen, die jedem Platz zugeteilt werden. Die gibt es in reizvollen Material- und Dekor-Ausf\u00fchrungen, was mit Sicherheit f\u00fcr ein sauberes B\u00fcro ohne unsch\u00f6ne Kaffeeringe sorgt.<\/p>\n<h3>TEETASSEN: GUT GEDECKELT<\/h3>\n<p>Wer den Teetrinkern unter seinen Kollegen und G\u00e4sten etwas Besonderes bieten m\u00f6chte, der greift zu Tee-Sets, bei denen Tasse, K\u00e4nnchen und zus\u00e4tzliches Equipment aufeinander abgestimmt sind und immer einen aufger\u00e4umten und harmonischen Eindruck vermitteln. Gerade Teetrinker werden eine hochwertige Tasse sch\u00e4tzen. Eine ordentliche Materialst\u00e4rke beziehungsweise eine doppelwandige Gestaltung h\u00e4lt den Tee l\u00e4nger warm und sorgt so f\u00fcr anhaltenden Genuss. Eine zweite Wand verhindert zudem verbrannte Finger. Und auch ein Deckel f\u00fcr die Tasse kann hier einiges bewirken. Bei einigen Ausf\u00fchrungen dient er zudem als Ablagesch\u00e4lchen f\u00fcr den Teebeutel.[\/vc_column_text][\/vc_column][vc_column width=&#8221;1\/12&#8243;][\/vc_column][\/vc_row][vc_row][vc_column width=&#8221;1\/12&#8243;][\/vc_column][vc_column width=&#8221;10\/12&#8243;]<div class=\"woocommerce columns-3 \"><\/div>[\/vc_column][vc_column width=&#8221;1\/12&#8243;][\/vc_column][\/vc_row]<\/p>\n<\/div>","protected":false},"excerpt":{"rendered":"<p>[vc_row][vc_column width=&#8221;1\/12&#8243;][\/vc_column][vc_column width=&#8221;10\/12&#8243;][vc_column_text] KAFFEEGESCHIRR: ALLE TASSEN IM SCHRANK [\/vc_column_text][\/vc_column][vc_column width=&#8221;1\/12&#8243;][\/vc_column][\/vc_row][vc_row][vc_column width=&#8221;1\/12&#8243;][\/vc_column][vc_column width=&#8221;5\/12&#8243;][vc_column_text] TASSEN UND BECHER: GESCHIRR IM B\u00dcRO Tassen, Teller und Gl\u00e4ser in B\u00fcros m\u00fcssen hohen Anforderungen gerecht werden: Sie sollen pflegeleicht, stabil und langlebig sein. Schlie\u00dflich sind sie tagt\u00e4glich thermischen und mechanischen Beanspruchungen ausgesetzt, gehen durch zahlreiche H\u00e4nde, stehen mal im Geschirrsp\u00fcler, mal im [&hellip;]<\/p>\n","protected":false},"author":1,"featured_media":0,"parent":0,"menu_order":0,"comment_status":"closed","ping_status":"open","template":"","meta":{"inline_featured_image":false,"footnotes":""},"class_list":["post-22265","page","type-page","status-publish","hentry"],"yoast_head":"<!-- This site is optimized with the Yoast SEO Premium plugin v27.4 (Yoast SEO v27.4) - https:\/\/yoast.com\/product\/yoast-seo-premium-wordpress\/ -->\n<title>KAFFEEGESCHIRR - Solino<\/title>\n<meta name=\"robots\" content=\"index, follow, max-snippet:-1, max-image-preview:large, max-video-preview:-1\" \/>\n<link rel=\"canonical\" href=\"https:\/\/www.solino.gr\/de\/kaffeegeschirr\/\" \/>\n<meta property=\"og:locale\" content=\"de_DE\" \/>\n<meta property=\"og:type\" content=\"article\" \/>\n<meta property=\"og:title\" content=\"KAFFEEGESCHIRR\" \/>\n<meta property=\"og:description\" content=\"KAFFEEGESCHIRR: ALLE TASSEN IM SCHRANK TASSEN UND BECHER: GESCHIRR IM B\u00dcRO Tassen, Teller und Gl\u00e4ser in B\u00fcros m\u00fcssen hohen Anforderungen gerecht werden:\" \/>\n<meta property=\"og:url\" content=\"https:\/\/www.solino.gr\/de\/kaffeegeschirr\/\" \/>\n<meta property=\"og:site_name\" content=\"Solino\" \/>\n<meta property=\"article:publisher\" content=\"https:\/\/www.facebook.com\/coffeepartnerforyourbusiness\" \/>\n<meta property=\"article:modified_time\" content=\"2021-06-22T08:06:15+00:00\" \/>\n<meta name=\"twitter:card\" content=\"summary_large_image\" \/>\n<meta name=\"twitter:label1\" content=\"Gesch\u00e4tzte Lesezeit\" \/>\n\t<meta name=\"twitter:data1\" content=\"5\u00a0Minuten\" \/>\n<script type=\"application\/ld+json\" class=\"yoast-schema-graph\">{\"@context\":\"https:\\\/\\\/schema.org\",\"@graph\":[{\"@type\":\"WebPage\",\"@id\":\"https:\\\/\\\/www.solino.gr\\\/de\\\/kaffeegeschirr\\\/\",\"url\":\"https:\\\/\\\/www.solino.gr\\\/de\\\/kaffeegeschirr\\\/\",\"name\":\"KAFFEEGESCHIRR - Solino\",\"isPartOf\":{\"@id\":\"https:\\\/\\\/www.solino.gr\\\/de\\\/#website\"},\"datePublished\":\"2021-06-21T14:48:17+00:00\",\"dateModified\":\"2021-06-22T08:06:15+00:00\",\"breadcrumb\":{\"@id\":\"https:\\\/\\\/www.solino.gr\\\/de\\\/kaffeegeschirr\\\/#breadcrumb\"},\"inLanguage\":\"de\",\"potentialAction\":[{\"@type\":\"ReadAction\",\"target\":[\"https:\\\/\\\/www.solino.gr\\\/de\\\/kaffeegeschirr\\\/\"]}]},{\"@type\":\"BreadcrumbList\",\"@id\":\"https:\\\/\\\/www.solino.gr\\\/de\\\/kaffeegeschirr\\\/#breadcrumb\",\"itemListElement\":[{\"@type\":\"ListItem\",\"position\":1,\"name\":\"Home\",\"item\":\"https:\\\/\\\/www.solino.gr\\\/de\\\/\"},{\"@type\":\"ListItem\",\"position\":2,\"name\":\"KAFFEEGESCHIRR\"}]},{\"@type\":\"WebSite\",\"@id\":\"https:\\\/\\\/www.solino.gr\\\/de\\\/#website\",\"url\":\"https:\\\/\\\/www.solino.gr\\\/de\\\/\",\"name\":\"Solino\",\"description\":\"\u039f\u03b9 \u0395\u03c0\u03b1\u03b3\u03b3\u03b5\u03bb\u03bc\u03b1\u03c4\u03b9\u03ba\u03ad\u03c2 \u039b\u03cd\u03c3\u03b5\u03b9\u03c2 \u03c3\u03c4\u03b9\u03c2 \u039c\u03b7\u03c7\u03b1\u03bd\u03ad\u03c2 \u039a\u03b1\u03c6\u03ad &amp; \u0395\u03c3\u03c0\u03c1\u03ad\u03c3\u03bf\",\"publisher\":{\"@id\":\"https:\\\/\\\/www.solino.gr\\\/de\\\/#organization\"},\"potentialAction\":[{\"@type\":\"SearchAction\",\"target\":{\"@type\":\"EntryPoint\",\"urlTemplate\":\"https:\\\/\\\/www.solino.gr\\\/de\\\/?s={search_term_string}\"},\"query-input\":{\"@type\":\"PropertyValueSpecification\",\"valueRequired\":true,\"valueName\":\"search_term_string\"}}],\"inLanguage\":\"de\"},{\"@type\":\"Organization\",\"@id\":\"https:\\\/\\\/www.solino.gr\\\/de\\\/#organization\",\"name\":\"Solino\",\"url\":\"https:\\\/\\\/www.solino.gr\\\/de\\\/\",\"logo\":{\"@type\":\"ImageObject\",\"inLanguage\":\"de\",\"@id\":\"https:\\\/\\\/www.solino.gr\\\/de\\\/#\\\/schema\\\/logo\\\/image\\\/\",\"url\":\"https:\\\/\\\/www.solino.gr\\\/wp-content\\\/uploads\\\/2021\\\/04\\\/Solino-Weis-.jpg\",\"contentUrl\":\"https:\\\/\\\/www.solino.gr\\\/wp-content\\\/uploads\\\/2021\\\/04\\\/Solino-Weis-.jpg\",\"width\":1156,\"height\":429,\"caption\":\"Solino\"},\"image\":{\"@id\":\"https:\\\/\\\/www.solino.gr\\\/de\\\/#\\\/schema\\\/logo\\\/image\\\/\"},\"sameAs\":[\"https:\\\/\\\/www.facebook.com\\\/coffeepartnerforyourbusiness\",\"https:\\\/\\\/www.instagram.com\\\/the_complete_coffeepartner\\\/\",\"https:\\\/\\\/www.linkedin.com\\\/company\\\/5267982\\\/admin\\\/\",\"https:\\\/\\\/www.pinterest.de\\\/tcharpantidis\\\/\",\"https:\\\/\\\/www.youtube.com\\\/channel\\\/UCQxbxyAKpQX142Zlz0VBNww\"],\"email\":\"info@solino.gr\",\"telephone\":\"+30 210 4173201\",\"legalName\":\"SOLINO IKE\",\"vatID\":\"EL802133107\",\"taxID\":\"EL802133107\",\"numberOfEmployees\":{\"@type\":\"QuantitativeValue\",\"minValue\":\"1\",\"maxValue\":\"10\"}}]}<\/script>\n<!-- \/ Yoast SEO Premium plugin. -->","yoast_head_json":{"title":"KAFFEEGESCHIRR - Solino","robots":{"index":"index","follow":"follow","max-snippet":"max-snippet:-1","max-image-preview":"max-image-preview:large","max-video-preview":"max-video-preview:-1"},"canonical":"https:\/\/www.solino.gr\/de\/kaffeegeschirr\/","og_locale":"de_DE","og_type":"article","og_title":"KAFFEEGESCHIRR","og_description":"KAFFEEGESCHIRR: ALLE TASSEN IM SCHRANK TASSEN UND BECHER: GESCHIRR IM B\u00dcRO Tassen, Teller und Gl\u00e4ser in B\u00fcros m\u00fcssen hohen Anforderungen gerecht werden:","og_url":"https:\/\/www.solino.gr\/de\/kaffeegeschirr\/","og_site_name":"Solino","article_publisher":"https:\/\/www.facebook.com\/coffeepartnerforyourbusiness","article_modified_time":"2021-06-22T08:06:15+00:00","twitter_card":"summary_large_image","twitter_misc":{"Gesch\u00e4tzte Lesezeit":"5\u00a0Minuten"},"schema":{"@context":"https:\/\/schema.org","@graph":[{"@type":"WebPage","@id":"https:\/\/www.solino.gr\/de\/kaffeegeschirr\/","url":"https:\/\/www.solino.gr\/de\/kaffeegeschirr\/","name":"KAFFEEGESCHIRR - Solino","isPartOf":{"@id":"https:\/\/www.solino.gr\/de\/#website"},"datePublished":"2021-06-21T14:48:17+00:00","dateModified":"2021-06-22T08:06:15+00:00","breadcrumb":{"@id":"https:\/\/www.solino.gr\/de\/kaffeegeschirr\/#breadcrumb"},"inLanguage":"de","potentialAction":[{"@type":"ReadAction","target":["https:\/\/www.solino.gr\/de\/kaffeegeschirr\/"]}]},{"@type":"BreadcrumbList","@id":"https:\/\/www.solino.gr\/de\/kaffeegeschirr\/#breadcrumb","itemListElement":[{"@type":"ListItem","position":1,"name":"Home","item":"https:\/\/www.solino.gr\/de\/"},{"@type":"ListItem","position":2,"name":"KAFFEEGESCHIRR"}]},{"@type":"WebSite","@id":"https:\/\/www.solino.gr\/de\/#website","url":"https:\/\/www.solino.gr\/de\/","name":"Solino","description":"\u039f\u03b9 \u0395\u03c0\u03b1\u03b3\u03b3\u03b5\u03bb\u03bc\u03b1\u03c4\u03b9\u03ba\u03ad\u03c2 \u039b\u03cd\u03c3\u03b5\u03b9\u03c2 \u03c3\u03c4\u03b9\u03c2 \u039c\u03b7\u03c7\u03b1\u03bd\u03ad\u03c2 \u039a\u03b1\u03c6\u03ad &amp; \u0395\u03c3\u03c0\u03c1\u03ad\u03c3\u03bf","publisher":{"@id":"https:\/\/www.solino.gr\/de\/#organization"},"potentialAction":[{"@type":"SearchAction","target":{"@type":"EntryPoint","urlTemplate":"https:\/\/www.solino.gr\/de\/?s={search_term_string}"},"query-input":{"@type":"PropertyValueSpecification","valueRequired":true,"valueName":"search_term_string"}}],"inLanguage":"de"},{"@type":"Organization","@id":"https:\/\/www.solino.gr\/de\/#organization","name":"Solino","url":"https:\/\/www.solino.gr\/de\/","logo":{"@type":"ImageObject","inLanguage":"de","@id":"https:\/\/www.solino.gr\/de\/#\/schema\/logo\/image\/","url":"https:\/\/www.solino.gr\/wp-content\/uploads\/2021\/04\/Solino-Weis-.jpg","contentUrl":"https:\/\/www.solino.gr\/wp-content\/uploads\/2021\/04\/Solino-Weis-.jpg","width":1156,"height":429,"caption":"Solino"},"image":{"@id":"https:\/\/www.solino.gr\/de\/#\/schema\/logo\/image\/"},"sameAs":["https:\/\/www.facebook.com\/coffeepartnerforyourbusiness","https:\/\/www.instagram.com\/the_complete_coffeepartner\/","https:\/\/www.linkedin.com\/company\/5267982\/admin\/","https:\/\/www.pinterest.de\/tcharpantidis\/","https:\/\/www.youtube.com\/channel\/UCQxbxyAKpQX142Zlz0VBNww"],"email":"info@solino.gr","telephone":"+30 210 4173201","legalName":"SOLINO IKE","vatID":"EL802133107","taxID":"EL802133107","numberOfEmployees":{"@type":"QuantitativeValue","minValue":"1","maxValue":"10"}}]}},"_links":{"self":[{"href":"https:\/\/www.solino.gr\/de\/wp-json\/wp\/v2\/pages\/22265","targetHints":{"allow":["GET"]}}],"collection":[{"href":"https:\/\/www.solino.gr\/de\/wp-json\/wp\/v2\/pages"}],"about":[{"href":"https:\/\/www.solino.gr\/de\/wp-json\/wp\/v2\/types\/page"}],"author":[{"embeddable":true,"href":"https:\/\/www.solino.gr\/de\/wp-json\/wp\/v2\/users\/1"}],"replies":[{"embeddable":true,"href":"https:\/\/www.solino.gr\/de\/wp-json\/wp\/v2\/comments?post=22265"}],"version-history":[{"count":0,"href":"https:\/\/www.solino.gr\/de\/wp-json\/wp\/v2\/pages\/22265\/revisions"}],"wp:attachment":[{"href":"https:\/\/www.solino.gr\/de\/wp-json\/wp\/v2\/media?parent=22265"}],"curies":[{"name":"wp","href":"https:\/\/api.w.org\/{rel}","templated":true}]}}